{"id":6524,"date":"2025-05-19T08:11:53","date_gmt":"2025-05-19T08:11:53","guid":{"rendered":"https:\/\/stem-eshop.gr\/product\/%cf%80%cf%89%cf%82-%ce%bb%ce%b5%ce%b9%cf%84%ce%bf%cf%85%cf%81%ce%b3%ce%b5%ce%af-%cf%84%ce%bf-%ce%b8%ce%b5%cf%81%ce%bc%ce%bf%ce%ba%ce%ae%cf%80%ce%b9%ce%bf\/"},"modified":"2025-05-22T21:13:29","modified_gmt":"2025-05-22T18:13:29","slug":"%cf%80%cf%89%cf%82-%ce%bb%ce%b5%ce%b9%cf%84%ce%bf%cf%85%cf%81%ce%b3%ce%b5%ce%af-%cf%84%ce%bf-%ce%b8%ce%b5%cf%81%ce%bc%ce%bf%ce%ba%ce%ae%cf%80%ce%b9%ce%bf","status":"publish","type":"product","link":"https:\/\/stem-eshop.gr\/sl\/izdelek\/%cf%80%cf%89%cf%82-%ce%bb%ce%b5%ce%b9%cf%84%ce%bf%cf%85%cf%81%ce%b3%ce%b5%ce%af-%cf%84%ce%bf-%ce%b8%ce%b5%cf%81%ce%bc%ce%bf%ce%ba%ce%ae%cf%80%ce%b9%ce%bf\/","title":{"rendered":"Kako deluje rastlinjak?"},"content":{"rendered":"<p>Ko kon\u010dajo s poskusi, si lahko otroci snamejo klobuke in primejo za barvice, da okrasijo svoje lastne nalepke!<\/p>\n<p>Poleg tega bodo mladi u\u010denci prejeli barvno knji\u017eico z:<\/p>\n<p>Kratka zgodovina kmetijstva, polna zanimivih dejstev<\/p>\n<p>Prakti\u010dni STEM poskusi z lastnimi semeni koruze in fi\u017eola<\/p>\n<p>Teorija fotosinteze in rastlinjakov, enostavna za razumevanje<\/p>\n<p>Kviz za preverjanje znanja osnovnih konceptov STEM<\/p>\n<p>Enostavna navodila za gradnjo<\/p>\n<p>Natisljive skine za vadbo oblikovalskih ve\u0161\u010din<\/p>\n<p>Potrebujete navdih? Uporabite na\u0161o interaktivno 3D aplikacijo na svojem ra\u010dunalniku in zgradite svoj rastlinjak v virtualni resni\u010dnosti!<\/p>\n<p>Enginove izobra\u017eevalne igra\u010de STEAM so celovita u\u010dna orodja STEAM, zasnovana tako, da mlade u\u010dence pripravijo na vse\u017eivljenjsko znanstveno odkrivanje. Za ve\u010d informacij o na\u0161em izobra\u017eevalnem sistemu kliknite tukaj.<\/p>\n<p>Varnost in skladnost izdelkov<\/p>\n<p>Ta izdelek je skladen z veljavnimi varnostnimi standardi in predpisi za otro\u0161ke izdelke.<\/p>","protected":false},"excerpt":{"rendered":"<p>Mladi botaniki vzgojijo lastne rastline iz semen v popolnoma funkcionalnem rastlinjaku, ki ga sami zgradijo s tem interaktivnim kompletom STEAM! Vodeni poskusi bodo malim kmetom pokazali, kako pogoji, kot so svetloba, temperatura in vla\u017enost, vplivajo na njihove pridelke.<\/p>","protected":false},"featured_media":5341,"comment_status":"open","ping_status":"closed","template":"","meta":{"site-sidebar-layout":"default","site-content-layout":"","ast-site-content-layout":"default","site-content-style":"default","site-sidebar-style":"default","ast-global-header-display":"","ast-banner-title-visibility":"","ast-main-header-display":"","ast-hfb-above-header-display":"","ast-hfb-below-header-display":"","ast-hfb-mobile-header-display":"","site-post-title":"","ast-breadcrumbs-content":"","ast-featured-img":"","footer-sml-layout":"","ast-disable-related-posts":"","theme-transparent-header-meta":"default","adv-header-id-meta":"","stick-header-meta":"","header-above-stick-meta":"","header-main-stick-meta":"","header-below-stick-meta":"","astra-migrate-meta-layouts":"set","ast-page-background-enabled":"default","ast-page-background-meta":{"desktop":{"background-color":"var(--ast-global-color-5)","background-image":"","background-repeat":"repeat","background-position":"center center","background-size":"auto","background-attachment":"scroll","background-type":"","background-media":"","overlay-type":"","overlay-color":"","overlay-opacity":"","overlay-gradient":""},"tablet":{"background-color":"","background-image":"","background-repeat":"repeat","background-position":"center center","background-size":"auto","background-attachment":"scroll","background-type":"","background-media":"","overlay-type":"","overlay-color":"","overlay-opacity":"","overlay-gradient":""},"mobile":{"background-color":"","background-image":"","background-repeat":"repeat","background-position":"center center","background-size":"auto","background-attachment":"scroll","background-type":"","background-media":"","overlay-type":"","overlay-color":"","overlay-opacity":"","overlay-gradient":""}},"ast-content-background-meta":{"desktop":{"background-color":"var(--ast-global-color-4)","background-image":"","background-repeat":"repeat","background-position":"center center","background-size":"auto","background-attachment":"scroll","background-type":"","background-media":"","overlay-type":"","overlay-color":"","overlay-opacity":"","overlay-gradient":""},"tablet":{"background-color":"var(--ast-global-color-4)","background-image":"","background-repeat":"repeat","background-position":"center center","background-size":"auto","background-attachment":"scroll","background-type":"","background-media":"","overlay-type":"","overlay-color":"","overlay-opacity":"","overlay-gradient":""},"mobile":{"background-color":"var(--ast-global-color-4)","background-image":"","background-repeat":"repeat","background-position":"center center","background-size":"auto","background-attachment":"scroll","background-type":"","background-media":"","overlay-type":"","overlay-color":"","overlay-opacity":"","overlay-gradient":""}}},"product_brand":[95],"product_cat":[44,39,38,56,35,30,54,58],"product_tag":[],"class_list":{"0":"post-6524","1":"product","2":"type-product","3":"status-publish","4":"has-post-thumbnail","6":"product_brand-engino","7":"product_cat-44","8":"product_cat-39","9":"product_cat-38","10":"product_cat-56","11":"product_cat--10-12-","12":"product_cat--6-9-","13":"product_cat-54","14":"product_cat-58","15":"desktop-align-left","16":"tablet-align-left","17":"mobile-align-left","19":"first","20":"instock","21":"taxable","22":"shipping-taxable","23":"purchasable","24":"product-type-simple"},"_links":{"self":[{"href":"https:\/\/stem-eshop.gr\/sl\/wp-json\/wp\/v2\/product\/6524","targetHints":{"allow":["GET"]}}],"collection":[{"href":"https:\/\/stem-eshop.gr\/sl\/wp-json\/wp\/v2\/product"}],"about":[{"href":"https:\/\/stem-eshop.gr\/sl\/wp-json\/wp\/v2\/types\/product"}],"replies":[{"embeddable":true,"href":"https:\/\/stem-eshop.gr\/sl\/wp-json\/wp\/v2\/comments?post=6524"}],"wp:featuredmedia":[{"embeddable":true,"href":"https:\/\/stem-eshop.gr\/sl\/wp-json\/wp\/v2\/media\/5341"}],"wp:attachment":[{"href":"https:\/\/stem-eshop.gr\/sl\/wp-json\/wp\/v2\/media?parent=6524"}],"wp:term":[{"taxonomy":"product_brand","embeddable":true,"href":"https:\/\/stem-eshop.gr\/sl\/wp-json\/wp\/v2\/product_brand?post=6524"},{"taxonomy":"product_cat","embeddable":true,"href":"https:\/\/stem-eshop.gr\/sl\/wp-json\/wp\/v2\/product_cat?post=6524"},{"taxonomy":"product_tag","embeddable":true,"href":"https:\/\/stem-eshop.gr\/sl\/wp-json\/wp\/v2\/product_tag?post=6524"}],"curies":[{"name":"wp","href":"https:\/\/api.w.org\/{rel}","templated":true}]}}