{"id":6523,"date":"2025-05-19T08:11:51","date_gmt":"2025-05-19T08:11:51","guid":{"rendered":"https:\/\/stem-eshop.gr\/product\/inventor-motorized-%ce%b1%ce%b3%cf%89%ce%bd%ce%b9%cf%83%cf%84%ce%b9%ce%ba%cf%8c-%ce%b1%cf%85%cf%84%ce%bf%ce%ba%ce%af%ce%bd%ce%b7%cf%84%ce%bf-%ce%bc%ce%b5-10-%ce%bc%ce%bf%ce%bd%cf%84%ce%ad%ce%bb\/"},"modified":"2025-05-22T21:13:27","modified_gmt":"2025-05-22T18:13:27","slug":"inventor-motorized-%ce%b1%ce%b3%cf%89%ce%bd%ce%b9%cf%83%cf%84%ce%b9%ce%ba%cf%8c-%ce%b1%cf%85%cf%84%ce%bf%ce%ba%ce%af%ce%bd%ce%b7%cf%84%ce%bf-%ce%bc%ce%b5-10-%ce%bc%ce%bf%ce%bd%cf%84%ce%ad%ce%bb","status":"publish","type":"product","link":"https:\/\/stem-eshop.gr\/sl\/izdelek\/inventor-motorized-%ce%b1%ce%b3%cf%89%ce%bd%ce%b9%cf%83%cf%84%ce%b9%ce%ba%cf%8c-%ce%b1%cf%85%cf%84%ce%bf%ce%ba%ce%af%ce%bd%ce%b7%cf%84%ce%bf-%ce%bc%ce%b5-10-%ce%bc%ce%bf%ce%bd%cf%84%ce%ad%ce%bb\/","title":{"rendered":"IZUMITELJ MOTORIZIRANI &quot;dirkalnik&quot; z 10 bonusnimi modeli"},"content":{"rendered":"<p>Ti deli vklju\u010dujejo visoko natan\u010dna kolesa, mehanizme in ukrivljene povr\u0161ine z zasko\u010dnim prileganjem.<\/p>\n<p>Ta komplet predstavlja izziv za otroke z dodatkom motorja z reduktorjem.<\/p>\n<p>Primerno za \u0161olanje na domu<\/p>\n<p>3D-graditelj<\/p>","protected":false},"excerpt":{"rendered":"<p>Nova serija INVENTOR ima tematski pristop z ve\u010d mo\u017enostmi ustvarjanja modelov, vklju\u010dno z impresivnim glavnim modelom. Sistemu ENGINO\u00ae je bila dodana nova knji\u017enica komponent, za katere je v postopku pridobitve patenta, kar izbolj\u0161uje tako estetiko kot tehni\u010dne lastnosti.\u00a0<\/p>","protected":false},"featured_media":5330,"comment_status":"open","ping_status":"closed","template":"","meta":{"site-sidebar-layout":"default","site-content-layout":"","ast-site-content-layout":"default","site-content-style":"default","site-sidebar-style":"default","ast-global-header-display":"","ast-banner-title-visibility":"","ast-main-header-display":"","ast-hfb-above-header-display":"","ast-hfb-below-header-display":"","ast-hfb-mobile-header-display":"","site-post-title":"","ast-breadcrumbs-content":"","ast-featured-img":"","footer-sml-layout":"","ast-disable-related-posts":"","theme-transparent-header-meta":"","adv-header-id-meta":"","stick-header-meta":"","header-above-stick-meta":"","header-main-stick-meta":"","header-below-stick-meta":"","astra-migrate-meta-layouts":"default","ast-page-background-enabled":"default","ast-page-background-meta":{"desktop":{"background-color":"var(--ast-global-color-5)","background-image":"","background-repeat":"repeat","background-position":"center center","background-size":"auto","background-attachment":"scroll","background-type":"","background-media":"","overlay-type":"","overlay-color":"","overlay-opacity":"","overlay-gradient":""},"tablet":{"background-color":"","background-image":"","background-repeat":"repeat","background-position":"center center","background-size":"auto","background-attachment":"scroll","background-type":"","background-media":"","overlay-type":"","overlay-color":"","overlay-opacity":"","overlay-gradient":""},"mobile":{"background-color":"","background-image":"","background-repeat":"repeat","background-position":"center center","background-size":"auto","background-attachment":"scroll","background-type":"","background-media":"","overlay-type":"","overlay-color":"","overlay-opacity":"","overlay-gradient":""}},"ast-content-background-meta":{"desktop":{"background-color":"var(--ast-global-color-4)","background-image":"","background-repeat":"repeat","background-position":"center center","background-size":"auto","background-attachment":"scroll","background-type":"","background-media":"","overlay-type":"","overlay-color":"","overlay-opacity":"","overlay-gradient":""},"tablet":{"background-color":"var(--ast-global-color-4)","background-image":"","background-repeat":"repeat","background-position":"center center","background-size":"auto","background-attachment":"scroll","background-type":"","background-media":"","overlay-type":"","overlay-color":"","overlay-opacity":"","overlay-gradient":""},"mobile":{"background-color":"var(--ast-global-color-4)","background-image":"","background-repeat":"repeat","background-position":"center center","background-size":"auto","background-attachment":"scroll","background-type":"","background-media":"","overlay-type":"","overlay-color":"","overlay-opacity":"","overlay-gradient":""}}},"product_brand":[95],"product_cat":[39,38,29,56,32,57,35,40,30,59,58],"product_tag":[],"class_list":{"0":"post-6523","1":"product","2":"type-product","3":"status-publish","4":"has-post-thumbnail","6":"product_brand-engino","7":"product_cat-39","8":"product_cat-38","9":"product_cat-29","10":"product_cat-56","11":"product_cat-32","12":"product_cat-57","13":"product_cat--10-12-","14":"product_cat--12-","15":"product_cat--6-9-","16":"product_cat-59","17":"product_cat-58","18":"desktop-align-left","19":"tablet-align-left","20":"mobile-align-left","22":"first","23":"instock","24":"taxable","25":"shipping-taxable","26":"purchasable","27":"product-type-simple"},"_links":{"self":[{"href":"https:\/\/stem-eshop.gr\/sl\/wp-json\/wp\/v2\/product\/6523","targetHints":{"allow":["GET"]}}],"collection":[{"href":"https:\/\/stem-eshop.gr\/sl\/wp-json\/wp\/v2\/product"}],"about":[{"href":"https:\/\/stem-eshop.gr\/sl\/wp-json\/wp\/v2\/types\/product"}],"replies":[{"embeddable":true,"href":"https:\/\/stem-eshop.gr\/sl\/wp-json\/wp\/v2\/comments?post=6523"}],"wp:featuredmedia":[{"embeddable":true,"href":"https:\/\/stem-eshop.gr\/sl\/wp-json\/wp\/v2\/media\/5330"}],"wp:attachment":[{"href":"https:\/\/stem-eshop.gr\/sl\/wp-json\/wp\/v2\/media?parent=6523"}],"wp:term":[{"taxonomy":"product_brand","embeddable":true,"href":"https:\/\/stem-eshop.gr\/sl\/wp-json\/wp\/v2\/product_brand?post=6523"},{"taxonomy":"product_cat","embeddable":true,"href":"https:\/\/stem-eshop.gr\/sl\/wp-json\/wp\/v2\/product_cat?post=6523"},{"taxonomy":"product_tag","embeddable":true,"href":"https:\/\/stem-eshop.gr\/sl\/wp-json\/wp\/v2\/product_tag?post=6523"}],"curies":[{"name":"wp","href":"https:\/\/api.w.org\/{rel}","templated":true}]}}