{"id":6520,"date":"2025-05-19T08:11:46","date_gmt":"2025-05-19T08:11:46","guid":{"rendered":"https:\/\/stem-eshop.gr\/product\/ngs-%ce%bc%ce%bf%ce%bd%cf%84%ce%ad%ce%bb%ce%bf-dna\/"},"modified":"2025-10-21T10:58:04","modified_gmt":"2025-10-21T07:58:04","slug":"ngs-%ce%bc%ce%bf%ce%bd%cf%84%ce%ad%ce%bb%ce%bf-dna","status":"publish","type":"product","link":"https:\/\/stem-eshop.gr\/sl\/izdelek\/ngs-%ce%bc%ce%bf%ce%bd%cf%84%ce%ad%ce%bb%ce%bf-dna\/","title":{"rendered":"Model DNK NGS"},"content":{"rendered":"<p>Predstavljajte si jo kot lestev, ki je zavita v spiralno obliko. Ta lestev ima dve strani in &quot;pre\u010dke&quot;. Stranice lestve so narejene iz sladkorja in fosfatov, &quot;pre\u010dke&quot; pa so narejene iz parov majhnih ko\u0161\u010dkov, imenovanih podstavki.<\/p>\n<p>Obstajajo \u0161tiri vrste baz:<\/p>\n<ol>\n<li>Adenin (A),<\/li>\n<li>Timin (T),<\/li>\n<li>Citozin (C),<\/li>\n<li>Gvanin (G).<\/li>\n<\/ol>\n<p>Adenin se vedno ve\u017ee na timin (AT), citozin pa na gvanin (CG).<\/p>\n<p>DNK je kot koda, ki na\u0161im telesom pove, kaj naj storijo. Predstavljajte si DNK kot \u00bbna\u010drt\u00ab, ki celicam pove, kako naj tvorijo beljakovine, ki so \u00bbgradniki\u00ab na\u0161ih teles.<\/p>\n<p>DNK je pomemben, ker vsebuje vse informacije o tem, kdo smo! Nadzoruje na\u0161 razvoj, na\u0161 videz in celo nekatere na\u0161e sposobnosti.<\/p><\/p>","protected":false},"excerpt":{"rendered":"<p>Raziskovanje DNK za otroke je mogo\u010de opraviti s preprostimi primeri in slikami, da lahko bolje razumejo njeno strukturo in delovanje.<\/p>\n<p>DNK je kot velik \u00bbvodnik\u00ab ali \u00bbknjiga\u00ab znotraj celic, ki na\u0161emu telesu pove, kako naj deluje.<\/p>\n<p>Vsebuje vse informacije, ki jih potrebujemo o tem, kako bomo videti in kako bodo na\u0161i organi delovali.<\/p>","protected":false},"featured_media":4465,"comment_status":"open","ping_status":"closed","template":"","meta":{"site-sidebar-layout":"default","site-content-layout":"","ast-site-content-layout":"default","site-content-style":"default","site-sidebar-style":"default","ast-global-header-display":"","ast-banner-title-visibility":"","ast-main-header-display":"","ast-hfb-above-header-display":"","ast-hfb-below-header-display":"","ast-hfb-mobile-header-display":"","site-post-title":"","ast-breadcrumbs-content":"","ast-featured-img":"","footer-sml-layout":"","ast-disable-related-posts":"","theme-transparent-header-meta":"","adv-header-id-meta":"","stick-header-meta":"","header-above-stick-meta":"","header-main-stick-meta":"","header-below-stick-meta":"","astra-migrate-meta-layouts":"default","ast-page-background-enabled":"default","ast-page-background-meta":{"desktop":{"background-color":"var(--ast-global-color-5)","background-image":"","background-repeat":"repeat","background-position":"center center","background-size":"auto","background-attachment":"scroll","background-type":"","background-media":"","overlay-type":"","overlay-color":"","overlay-opacity":"","overlay-gradient":""},"tablet":{"background-color":"","background-image":"","background-repeat":"repeat","background-position":"center center","background-size":"auto","background-attachment":"scroll","background-type":"","background-media":"","overlay-type":"","overlay-color":"","overlay-opacity":"","overlay-gradient":""},"mobile":{"background-color":"","background-image":"","background-repeat":"repeat","background-position":"center center","background-size":"auto","background-attachment":"scroll","background-type":"","background-media":"","overlay-type":"","overlay-color":"","overlay-opacity":"","overlay-gradient":""}},"ast-content-background-meta":{"desktop":{"background-color":"var(--ast-global-color-4)","background-image":"","background-repeat":"repeat","background-position":"center center","background-size":"auto","background-attachment":"scroll","background-type":"","background-media":"","overlay-type":"","overlay-color":"","overlay-opacity":"","overlay-gradient":""},"tablet":{"background-color":"var(--ast-global-color-4)","background-image":"","background-repeat":"repeat","background-position":"center center","background-size":"auto","background-attachment":"scroll","background-type":"","background-media":"","overlay-type":"","overlay-color":"","overlay-opacity":"","overlay-gradient":""},"mobile":{"background-color":"var(--ast-global-color-4)","background-image":"","background-repeat":"repeat","background-position":"center center","background-size":"auto","background-attachment":"scroll","background-type":"","background-media":"","overlay-type":"","overlay-color":"","overlay-opacity":"","overlay-gradient":""}}},"product_brand":[107],"product_cat":[53,43,44,39,38,56,35,30,51],"product_tag":[],"class_list":{"0":"post-6520","1":"product","2":"type-product","3":"status-publish","4":"has-post-thumbnail","6":"product_brand-ngs","7":"product_cat-53","8":"product_cat-43","9":"product_cat-44","10":"product_cat-39","11":"product_cat-38","12":"product_cat-56","13":"product_cat--10-12-","14":"product_cat--6-9-","15":"product_cat-51","16":"desktop-align-left","17":"tablet-align-left","18":"mobile-align-left","20":"first","21":"instock","22":"taxable","23":"shipping-taxable","24":"purchasable","25":"product-type-simple"},"_links":{"self":[{"href":"https:\/\/stem-eshop.gr\/sl\/wp-json\/wp\/v2\/product\/6520","targetHints":{"allow":["GET"]}}],"collection":[{"href":"https:\/\/stem-eshop.gr\/sl\/wp-json\/wp\/v2\/product"}],"about":[{"href":"https:\/\/stem-eshop.gr\/sl\/wp-json\/wp\/v2\/types\/product"}],"replies":[{"embeddable":true,"href":"https:\/\/stem-eshop.gr\/sl\/wp-json\/wp\/v2\/comments?post=6520"}],"wp:featuredmedia":[{"embeddable":true,"href":"https:\/\/stem-eshop.gr\/sl\/wp-json\/wp\/v2\/media\/4465"}],"wp:attachment":[{"href":"https:\/\/stem-eshop.gr\/sl\/wp-json\/wp\/v2\/media?parent=6520"}],"wp:term":[{"taxonomy":"product_brand","embeddable":true,"href":"https:\/\/stem-eshop.gr\/sl\/wp-json\/wp\/v2\/product_brand?post=6520"},{"taxonomy":"product_cat","embeddable":true,"href":"https:\/\/stem-eshop.gr\/sl\/wp-json\/wp\/v2\/product_cat?post=6520"},{"taxonomy":"product_tag","embeddable":true,"href":"https:\/\/stem-eshop.gr\/sl\/wp-json\/wp\/v2\/product_tag?post=6520"}],"curies":[{"name":"wp","href":"https:\/\/api.w.org\/{rel}","templated":true}]}}