{"id":6519,"date":"2025-05-19T08:11:44","date_gmt":"2025-05-19T08:11:44","guid":{"rendered":"https:\/\/stem-eshop.gr\/product\/ngs-%ce%b5%ce%ba%ce%ba%cf%81%ce%b5%ce%bc%ce%ad%cf%82-%cf%84%ce%bf%cf%85-%ce%bd%ce%b5%cf%8d%cf%84%cf%89%ce%bd%ce%b1\/"},"modified":"2025-10-07T18:57:07","modified_gmt":"2025-10-07T15:57:07","slug":"ngs-%ce%b5%ce%ba%ce%ba%cf%81%ce%b5%ce%bc%ce%ad%cf%82-%cf%84%ce%bf%cf%85-%ce%bd%ce%b5%cf%8d%cf%84%cf%89%ce%bd%ce%b1","status":"publish","type":"product","link":"https:\/\/stem-eshop.gr\/sl\/izdelek\/ngs-%ce%b5%ce%ba%ce%ba%cf%81%ce%b5%ce%bc%ce%ad%cf%82-%cf%84%ce%bf%cf%85-%ce%bd%ce%b5%cf%8d%cf%84%cf%89%ce%bd%ce%b1\/","title":{"rendered":"NGS Newtonovo nihalo"},"content":{"rendered":"<p>Ko se ena ali ve\u010d krogel dvigne z ene strani in spusti, tr\u010dijo v preostale mirujo\u010de krogle. Gibalna koli\u010dina prve krogle se prenese skozi srednje krogle in izstopi iz zadnje.<\/p>\n<p>Kineti\u010dna energija, ki jo pridobi prva krogla, se prenese na ostale brez izgub, vsaj idealno. Ko zadene zadnjo kroglo, se premakne navzgor in se vrne z ustrezno energijo in zagonom, kar ustvari kro\u017eno gibanje.<\/p>","protected":false},"excerpt":{"rendered":"<p>Newtonovo nihalo, znano tudi kot Newtonova zibelka, je priljubljeno izobra\u017eevalno orodje, ki ponazarja na\u010dela ohranitve gibalne koli\u010dine in energije. Sestavljeno je iz vrste enakih kovinskih krogel, ki so obe\u0161ene na enakih razdaljah druga od druge z nitmi ali \u017eicami in tako ustvarjajo nihalo.<\/p>","protected":false},"featured_media":4462,"comment_status":"open","ping_status":"closed","template":"","meta":{"site-sidebar-layout":"default","site-content-layout":"","ast-site-content-layout":"default","site-content-style":"default","site-sidebar-style":"default","ast-global-header-display":"","ast-banner-title-visibility":"","ast-main-header-display":"","ast-hfb-above-header-display":"","ast-hfb-below-header-display":"","ast-hfb-mobile-header-display":"","site-post-title":"","ast-breadcrumbs-content":"","ast-featured-img":"","footer-sml-layout":"","ast-disable-related-posts":"","theme-transparent-header-meta":"","adv-header-id-meta":"","stick-header-meta":"","header-above-stick-meta":"","header-main-stick-meta":"","header-below-stick-meta":"","astra-migrate-meta-layouts":"default","ast-page-background-enabled":"default","ast-page-background-meta":{"desktop":{"background-color":"var(--ast-global-color-5)","background-image":"","background-repeat":"repeat","background-position":"center center","background-size":"auto","background-attachment":"scroll","background-type":"","background-media":"","overlay-type":"","overlay-color":"","overlay-opacity":"","overlay-gradient":""},"tablet":{"background-color":"","background-image":"","background-repeat":"repeat","background-position":"center center","background-size":"auto","background-attachment":"scroll","background-type":"","background-media":"","overlay-type":"","overlay-color":"","overlay-opacity":"","overlay-gradient":""},"mobile":{"background-color":"","background-image":"","background-repeat":"repeat","background-position":"center center","background-size":"auto","background-attachment":"scroll","background-type":"","background-media":"","overlay-type":"","overlay-color":"","overlay-opacity":"","overlay-gradient":""}},"ast-content-background-meta":{"desktop":{"background-color":"var(--ast-global-color-4)","background-image":"","background-repeat":"repeat","background-position":"center center","background-size":"auto","background-attachment":"scroll","background-type":"","background-media":"","overlay-type":"","overlay-color":"","overlay-opacity":"","overlay-gradient":""},"tablet":{"background-color":"var(--ast-global-color-4)","background-image":"","background-repeat":"repeat","background-position":"center center","background-size":"auto","background-attachment":"scroll","background-type":"","background-media":"","overlay-type":"","overlay-color":"","overlay-opacity":"","overlay-gradient":""},"mobile":{"background-color":"var(--ast-global-color-4)","background-image":"","background-repeat":"repeat","background-position":"center center","background-size":"auto","background-attachment":"scroll","background-type":"","background-media":"","overlay-type":"","overlay-color":"","overlay-opacity":"","overlay-gradient":""}}},"product_brand":[107],"product_cat":[44,39,52,38,56,32,35,40,30,59,58],"product_tag":[],"class_list":{"0":"post-6519","1":"product","2":"type-product","3":"status-publish","4":"has-post-thumbnail","6":"product_brand-ngs","7":"product_cat-44","8":"product_cat-39","9":"product_cat-52","10":"product_cat-38","11":"product_cat-56","12":"product_cat-32","13":"product_cat--10-12-","14":"product_cat--12-","15":"product_cat--6-9-","16":"product_cat-59","17":"product_cat-58","18":"desktop-align-left","19":"tablet-align-left","20":"mobile-align-left","22":"first","23":"instock","24":"taxable","25":"shipping-taxable","26":"purchasable","27":"product-type-simple"},"_links":{"self":[{"href":"https:\/\/stem-eshop.gr\/sl\/wp-json\/wp\/v2\/product\/6519","targetHints":{"allow":["GET"]}}],"collection":[{"href":"https:\/\/stem-eshop.gr\/sl\/wp-json\/wp\/v2\/product"}],"about":[{"href":"https:\/\/stem-eshop.gr\/sl\/wp-json\/wp\/v2\/types\/product"}],"replies":[{"embeddable":true,"href":"https:\/\/stem-eshop.gr\/sl\/wp-json\/wp\/v2\/comments?post=6519"}],"wp:featuredmedia":[{"embeddable":true,"href":"https:\/\/stem-eshop.gr\/sl\/wp-json\/wp\/v2\/media\/4462"}],"wp:attachment":[{"href":"https:\/\/stem-eshop.gr\/sl\/wp-json\/wp\/v2\/media?parent=6519"}],"wp:term":[{"taxonomy":"product_brand","embeddable":true,"href":"https:\/\/stem-eshop.gr\/sl\/wp-json\/wp\/v2\/product_brand?post=6519"},{"taxonomy":"product_cat","embeddable":true,"href":"https:\/\/stem-eshop.gr\/sl\/wp-json\/wp\/v2\/product_cat?post=6519"},{"taxonomy":"product_tag","embeddable":true,"href":"https:\/\/stem-eshop.gr\/sl\/wp-json\/wp\/v2\/product_tag?post=6519"}],"curies":[{"name":"wp","href":"https:\/\/api.w.org\/{rel}","templated":true}]}}