{"id":6497,"date":"2025-05-23T13:18:22","date_gmt":"2025-05-23T10:18:22","guid":{"rendered":"https:\/\/stem-eshop.gr\/?post_type=product&#038;p=6497"},"modified":"2025-11-19T11:06:40","modified_gmt":"2025-11-19T08:06:40","slug":"lego-technic-color-sensor","status":"publish","type":"product","link":"https:\/\/stem-eshop.gr\/sl\/izdelek\/lego-technic-color-sensor\/","title":{"rendered":"Senzor barv LEGO\u00ae Technic\u2122"},"content":{"rendered":"<p class=\"MsoNormal\" style=\"text-align: justify\">Zna\u010dilnosti:<\/p>\n<p class=\"MsoNormal\" style=\"text-align: justify\">\u0391\u03bd\u03af\u03c7\u03bd\u03b5\u03c5\u03c3\u03b7 \u03a7\u03c1\u03c9\u03bc\u03ac\u03c4\u03c9\u03bd: \u039c\u03c0\u03bf\u03c1\u03b5\u03af \u03bd\u03b1 \u03b1\u03bd\u03b1\u03b3\u03bd\u03c9\u03c1\u03af\u03c3\u03b5\u03b9 \u03ba\u03b1\u03b9 \u03bd\u03b1 \u03b4\u03b9\u03b1\u03ba\u03c1\u03af\u03bd\u03b5\u03b9 \u03bc\u03b5\u03c4\u03b1\u03be\u03cd \u03bf\u03ba\u03c4\u03ce \u03b4\u03b9\u03b1\u03c6\u03bf\u03c1\u03b5\u03c4\u03b9\u03ba\u03ce\u03bd \u03c7\u03c1\u03c9\u03bc\u03ac\u03c4\u03c9\u03bd (\u03bc\u03b1\u03cd\u03c1\u03bf, \u03bc\u03c0\u03bb\u03b5, \u03c0\u03c1\u03ac\u03c3\u03b9\u03bd\u03bf, \u03ba\u03af\u03c4\u03c1\u03b9\u03bd\u03bf, \u03ba\u03cc\u03ba\u03ba\u03b9\u03bd\u03bf, \u03ac\u03c3\u03c0\u03c1\u03bf, \u03ba\u03b1\u03c6\u03ad, \u03ba\u03b1\u03b9 \u03c1\u03bf\u03b6).<\/p>\n<p class=\"MsoNormal\" style=\"text-align: justify\">\u0391\u03bd\u03af\u03c7\u03bd\u03b5\u03c5\u03c3\u03b7 \u03a6\u03c9\u03c4\u03b5\u03b9\u03bd\u03cc\u03c4\u03b7\u03c4\u03b1\u03c2: \u039c\u03b5\u03c4\u03c1\u03ac \u03c4\u03b7\u03bd \u03ad\u03bd\u03c4\u03b1\u03c3\u03b7 \u03c4\u03bf\u03c5 \u03c6\u03c9\u03c4\u03cc\u03c2, \u03b5\u03c0\u03b9\u03c4\u03c1\u03ad\u03c0\u03bf\u03bd\u03c4\u03b1\u03c2 \u03c4\u03b7\u03bd \u03b1\u03bd\u03af\u03c7\u03bd\u03b5\u03c5\u03c3\u03b7 \u03b1\u03bb\u03bb\u03b1\u03b3\u03ce\u03bd \u03c6\u03c9\u03c4\u03b5\u03b9\u03bd\u03cc\u03c4\u03b7\u03c4\u03b1\u03c2 \u03ba\u03b1\u03b9 \u03c4\u03b7\u03bd \u03c0\u03c1\u03bf\u03c3\u03b1\u03c1\u03bc\u03bf\u03b3\u03ae \u03c3\u03b5 \u03b4\u03b9\u03b1\u03c6\u03bf\u03c1\u03b5\u03c4\u03b9\u03ba\u03ac \u03b5\u03c0\u03af\u03c0\u03b5\u03b4\u03b1 \u03c6\u03c9\u03c4\u03b9\u03c3\u03bc\u03bf\u03cd.<\/p>\n<p class=\"MsoNormal\" style=\"text-align: justify\">Zdru\u017eljivost: Brezhibno deluje z velikim vozli\u0161\u010dem LEGO\u00ae Technic\u2122 in drugimi sistemi SPIKE\u2122 Prime, kar omogo\u010da enostavno integracijo v sestavne dele.<\/p>\n<p class=\"MsoNormal\" style=\"text-align: justify\">\u03a0\u03c1\u03bf\u03b3\u03c1\u03b1\u03bc\u03bc\u03b1\u03c4\u03b9\u03c3\u03bc\u03cc\u03c2: \u03a5\u03c0\u03bf\u03c3\u03c4\u03b7\u03c1\u03af\u03b6\u03b5\u03b9 \u03c0\u03c1\u03bf\u03b3\u03c1\u03b1\u03bc\u03bc\u03b1\u03c4\u03b9\u03c3\u03bc\u03cc \u03bc\u03ad\u03c3\u03c9 \u03c4\u03bf\u03c5 \u03c0\u03b5\u03c1\u03b9\u03b2\u03ac\u03bb\u03bb\u03bf\u03bd\u03c4\u03bf\u03c2 LEGO\u00ae Education SPIKE\u2122 Prime, \u03c0\u03bf\u03c5 \u03b2\u03b1\u03c3\u03af\u03b6\u03b5\u03c4\u03b1\u03b9 \u03c3\u03c4\u03bf Scratch \u03ba\u03b1\u03b9 \u03c4\u03b7\u03bd Python.<\/p>\n<p class=\"MsoNormal\" style=\"text-align: justify\">","protected":false},"excerpt":{"rendered":"<p class=\"MsoNormal\" style=\"text-align: justify\">\u03a4\u03bf LEGO\u00ae Technic\u2122 Color Sensor \u03b5\u03af\u03bd\u03b1\u03b9 \u03ad\u03bd\u03b1\u03c2 \u03b1\u03b9\u03c3\u03b8\u03b7\u03c4\u03ae\u03c1\u03b1\u03c2 \u03c7\u03c1\u03ce\u03bc\u03b1\u03c4\u03bf\u03c2 \u03c3\u03c7\u03b5\u03b4\u03b9\u03b1\u03c3\u03bc\u03ad\u03bd\u03bf\u03c2 \u03b3\u03b9\u03b1 \u03c7\u03c1\u03ae\u03c3\u03b7 \u03bc\u03b5 \u03c4\u03bf LEGO\u00ae Education SPIKE\u2122 Prime \u03ba\u03b1\u03b9 \u03ac\u03bb\u03bb\u03b1 \u03c3\u03b5\u03c4 LEGO\u00ae Technic. \u039f \u03b1\u03b9\u03c3\u03b8\u03b7\u03c4\u03ae\u03c1\u03b1\u03c2 \u03b1\u03c5\u03c4\u03cc\u03c2 \u03b5\u03c0\u03b9\u03c4\u03c1\u03ad\u03c0\u03b5\u03b9 \u03c4\u03b7\u03bd \u03b1\u03bd\u03b1\u03b3\u03bd\u03ce\u03c1\u03b9\u03c3\u03b7 \u03c7\u03c1\u03c9\u03bc\u03ac\u03c4\u03c9\u03bd \u03ba\u03b1\u03b9 \u03c4\u03b7\u03bd \u03b1\u03bd\u03af\u03c7\u03bd\u03b5\u03c5\u03c3\u03b7 \u03c6\u03c9\u03c4\u03b5\u03b9\u03bd\u03cc\u03c4\u03b7\u03c4\u03b1\u03c2, \u03c0\u03c1\u03bf\u03c3\u03b8\u03ad\u03c4\u03bf\u03bd\u03c4\u03b1\u03c2 \u03b5\u03c5\u03c6\u03c5\u0390\u03b1 \u03ba\u03b1\u03b9 \u03b4\u03c5\u03bd\u03b1\u03c4\u03cc\u03c4\u03b7\u03c4\u03b5\u03c2 \u03b1\u03bb\u03bb\u03b7\u03bb\u03b5\u03c0\u03af\u03b4\u03c1\u03b1\u03c3\u03b7\u03c2 \u03c3\u03c4\u03b9\u03c2 \u03ba\u03b1\u03c4\u03b1\u03c3\u03ba\u03b5\u03c5\u03ad\u03c2 \u03ba\u03b1\u03b9 \u03c4\u03b1 \u03c1\u03bf\u03bc\u03c0\u03bf\u03c4\u03b9\u03ba\u03ac \u03ad\u03c1\u03b3\u03b1.<\/p>","protected":false},"featured_media":4323,"comment_status":"open","ping_status":"closed","template":"","meta":{"site-sidebar-layout":"default","site-content-layout":"","ast-site-content-layout":"default","site-content-style":"default","site-sidebar-style":"default","ast-global-header-display":"","ast-banner-title-visibility":"","ast-main-header-display":"","ast-hfb-above-header-display":"","ast-hfb-below-header-display":"","ast-hfb-mobile-header-display":"","site-post-title":"","ast-breadcrumbs-content":"","ast-featured-img":"","footer-sml-layout":"","ast-disable-related-posts":"","theme-transparent-header-meta":"default","adv-header-id-meta":"","stick-header-meta":"","header-above-stick-meta":"","header-main-stick-meta":"","header-below-stick-meta":"","astra-migrate-meta-layouts":"set","ast-page-background-enabled":"default","ast-page-background-meta":{"desktop":{"background-color":"var(--ast-global-color-5)","background-image":"","background-repeat":"repeat","background-position":"center center","background-size":"auto","background-attachment":"scroll","background-type":"","background-media":"","overlay-type":"","overlay-color":"","overlay-opacity":"","overlay-gradient":""},"tablet":{"background-color":"","background-image":"","background-repeat":"repeat","background-position":"center center","background-size":"auto","background-attachment":"scroll","background-type":"","background-media":"","overlay-type":"","overlay-color":"","overlay-opacity":"","overlay-gradient":""},"mobile":{"background-color":"","background-image":"","background-repeat":"repeat","background-position":"center center","background-size":"auto","background-attachment":"scroll","background-type":"","background-media":"","overlay-type":"","overlay-color":"","overlay-opacity":"","overlay-gradient":""}},"ast-content-background-meta":{"desktop":{"background-color":"var(--ast-global-color-4)","background-image":"","background-repeat":"repeat","background-position":"center center","background-size":"auto","background-attachment":"scroll","background-type":"","background-media":"","overlay-type":"","overlay-color":"","overlay-opacity":"","overlay-gradient":""},"tablet":{"background-color":"var(--ast-global-color-4)","background-image":"","background-repeat":"repeat","background-position":"center center","background-size":"auto","background-attachment":"scroll","background-type":"","background-media":"","overlay-type":"","overlay-color":"","overlay-opacity":"","overlay-gradient":""},"mobile":{"background-color":"var(--ast-global-color-4)","background-image":"","background-repeat":"repeat","background-position":"center center","background-size":"auto","background-attachment":"scroll","background-type":"","background-media":"","overlay-type":"","overlay-color":"","overlay-opacity":"","overlay-gradient":""}}},"product_brand":[105],"product_cat":[52,29,56,57,35,40,34,28,59,58],"product_tag":[],"class_list":{"0":"post-6497","1":"product","2":"type-product","3":"status-publish","4":"has-post-thumbnail","6":"product_brand-lego","7":"product_cat-52","8":"product_cat-29","9":"product_cat-56","10":"product_cat-57","11":"product_cat--10-12-","12":"product_cat--12-","13":"product_cat-34","14":"product_cat-28","15":"product_cat-59","16":"product_cat-58","17":"desktop-align-left","18":"tablet-align-left","19":"mobile-align-left","21":"first","22":"instock","23":"taxable","24":"shipping-taxable","25":"purchasable","26":"product-type-simple"},"_links":{"self":[{"href":"https:\/\/stem-eshop.gr\/sl\/wp-json\/wp\/v2\/product\/6497","targetHints":{"allow":["GET"]}}],"collection":[{"href":"https:\/\/stem-eshop.gr\/sl\/wp-json\/wp\/v2\/product"}],"about":[{"href":"https:\/\/stem-eshop.gr\/sl\/wp-json\/wp\/v2\/types\/product"}],"replies":[{"embeddable":true,"href":"https:\/\/stem-eshop.gr\/sl\/wp-json\/wp\/v2\/comments?post=6497"}],"wp:featuredmedia":[{"embeddable":true,"href":"https:\/\/stem-eshop.gr\/sl\/wp-json\/wp\/v2\/media\/4323"}],"wp:attachment":[{"href":"https:\/\/stem-eshop.gr\/sl\/wp-json\/wp\/v2\/media?parent=6497"}],"wp:term":[{"taxonomy":"product_brand","embeddable":true,"href":"https:\/\/stem-eshop.gr\/sl\/wp-json\/wp\/v2\/product_brand?post=6497"},{"taxonomy":"product_cat","embeddable":true,"href":"https:\/\/stem-eshop.gr\/sl\/wp-json\/wp\/v2\/product_cat?post=6497"},{"taxonomy":"product_tag","embeddable":true,"href":"https:\/\/stem-eshop.gr\/sl\/wp-json\/wp\/v2\/product_tag?post=6497"}],"curies":[{"name":"wp","href":"https:\/\/api.w.org\/{rel}","templated":true}]}}