{"id":6446,"date":"2025-05-19T07:52:15","date_gmt":"2025-05-19T07:52:15","guid":{"rendered":"https:\/\/stem-eshop.gr\/product\/4m-toys-%ce%b5%cf%80%ce%b9%cf%83%cf%84%ce%ae%ce%bc%ce%b7-%ce%ba%ce%b1%cf%84%ce%b1%cf%83%ce%ba%ce%b5%cf%85%ce%b7-%ce%bc%ce%b1%ce%b3%ce%bd%ce%b7%cf%84%ce%b9%ce%ba%ce%b7-%cf%80%cf%85%ce%be%ce%b9\/"},"modified":"2025-05-22T21:13:31","modified_gmt":"2025-05-22T18:13:31","slug":"4m-toys-%ce%b5%cf%80%ce%b9%cf%83%cf%84%ce%ae%ce%bc%ce%b7-%ce%ba%ce%b1%cf%84%ce%b1%cf%83%ce%ba%ce%b5%cf%85%ce%b7-%ce%bc%ce%b1%ce%b3%ce%bd%ce%b7%cf%84%ce%b9%ce%ba%ce%b7-%cf%80%cf%85%ce%be%ce%b9","status":"publish","type":"product","link":"https:\/\/stem-eshop.gr\/sl\/izdelek\/4m-toys-%ce%b5%cf%80%ce%b9%cf%83%cf%84%ce%ae%ce%bc%ce%b7-%ce%ba%ce%b1%cf%84%ce%b1%cf%83%ce%ba%ce%b5%cf%85%ce%b7-%ce%bc%ce%b1%ce%b3%ce%bd%ce%b7%cf%84%ce%b9%ce%ba%ce%b7-%cf%80%cf%85%ce%be%ce%b9\/","title":{"rendered":"4M Toys \u2013 Znanost: IZDELAVA VELIKANSKIH MAGNETNIH \u0160KATLI"},"content":{"rendered":"<p style=\"margin:0px 0px 10px;padding:0px;font-family:'Open Sans', sans-serif;font-size:15px;line-height:1.3;letter-spacing:0.7px;background-color:#ffffff\">NA\u010cIN DELOVANJA:<br \/>\u039f\u03b9 \u03b4\u03cd\u03bf \u03bc\u03b1\u03b3\u03bd\u03ae\u03c4\u03b5\u03c2 \u03c4\u03bf\u03c5 \u03b2\u03c1\u03b1\u03c7\u03af\u03bf\u03bd\u03b1 \u03ad\u03c7\u03bf\u03c5\u03bd \u03b4\u03cd\u03bf \u03c3\u03b7\u03bc\u03b5\u03af\u03b1 \u03cc\u03c0\u03bf\u03c5 \u03b7 \u03bc\u03b1\u03b3\u03bd\u03b7\u03c4\u03b9\u03ba\u03ae \u03b4\u03cd\u03bd\u03b1\u03bc\u03b7 \u03b5\u03af\u03bd\u03b1\u03b9 \u03b9\u03c3\u03c7\u03c5\u03c1\u03cc\u03c4\u03b5\u03c1\u03b7. \u0391\u03c5\u03c4\u03ac \u03c4\u03b1 \u03bc\u03ad\u03c1\u03b7 \u03bf\u03bd\u03bf\u03bc\u03ac\u03b6\u03bf\u03bd\u03c4\u03b1\u03b9 \u03c0\u03cc\u03bb\u03bf\u03b9. \u0397 \u0393\u03b7 \u03b5\u03bd\u03b5\u03c1\u03b3\u03b5\u03af \u03c3\u03b1\u03bd \u03bc\u03b1\u03b3\u03bd\u03ae\u03c4\u03b7\u03c2, \u03b5\u03c0\u03af\u03c3\u03b7\u03c2. \u0395\u03af\u03bd\u03b1\u03b9 \u03c3\u03b1\u03bd \u03bd\u03b1 \u03c5\u03c0\u03ae\u03c1\u03c7\u03b5 \u03ad\u03bd\u03b1\u03c2 \u03b3\u03b9\u03b3\u03ac\u03bd\u03c4\u03b9\u03bf\u03c2 \u03bc\u03b1\u03b3\u03bd\u03ae\u03c4\u03b7\u03c2 \u03c1\u03ac\u03b2\u03b4\u03c9\u03bd \u03c3\u03c4\u03bf \u03ba\u03ad\u03bd\u03c4\u03c1\u03bf \u03c4\u03b7\u03c2 \u0393\u03b7\u03c2, \u03bc\u03b5 \u03b4\u03cd\u03bf \u03bc\u03b1\u03b3\u03bd\u03b7\u03c4\u03b9\u03ba\u03bf\u03cd\u03c2 \u03c0\u03cc\u03bb\u03bf\u03c5\u03c2 \u03ba\u03bf\u03bd\u03c4\u03ac \u03c3\u03c4\u03bf\u03bd \u03b3\u03b5\u03c9\u03b3\u03c1\u03b1\u03c6\u03b9\u03ba\u03cc \u03b2\u03cc\u03c1\u03b5\u03b9\u03bf \u03ba\u03b1\u03b9 \u03bd\u03cc\u03c4\u03b9\u03bf \u03c0\u03cc\u03bb\u03bf \u03c4\u03b7\u03c2 \u0393\u03b7\u03c2. \u039f\u03b9 \u03ba\u03cc\u03ba\u03ba\u03b9\u03bd\u03bf\u03b9 \u03c0\u03cc\u03bb\u03bf\u03b9 \u03c4\u03c9\u03bd \u03bc\u03b1\u03b3\u03bd\u03b7\u03c4\u03ce\u03bd \u03ad\u03bb\u03ba\u03bf\u03bd\u03c4\u03b1\u03b9 \u03b1\u03c0\u03cc \u03c4\u03bf\u03bd \u03bc\u03b1\u03b3\u03bd\u03b7\u03c4\u03b9\u03ba\u03cc \u03c0\u03cc\u03bb\u03bf \u03c4\u03b7\u03c2 \u0393\u03b7\u03c2, \u03bf \u03bf\u03c0\u03bf\u03af\u03bf\u03c2 \u03b2\u03c1\u03af\u03c3\u03ba\u03b5\u03c4\u03b1\u03b9 \u03ba\u03bf\u03bd\u03c4\u03ac \u03c3\u03c4\u03bf \u03b2\u03cc\u03c1\u03b5\u03b9\u03bf \u03b3\u03b5\u03c9\u03b3\u03c1\u03b1\u03c6\u03b9\u03ba\u03cc \u03c0\u03cc\u03bb\u03bf. \u0391\u03c5\u03c4\u03bf\u03af \u03bf\u03b9 \u03ba\u03cc\u03ba\u03ba\u03b9\u03bd\u03bf\u03b9 \u03c0\u03cc\u03bb\u03bf\u03b9 \u03bf\u03bd\u03bf\u03bc\u03ac\u03b6\u03bf\u03bd\u03c4\u03b1\u03b9 \u03b2\u03cc\u03c1\u03b5\u03b9\u03bf\u03b9 \u03c0\u03cc\u03bb\u03bf\u03b9 \u03b5\u03c0\u03b5\u03b9\u03b4\u03ae \u03b4\u03b5\u03af\u03c7\u03bd\u03bf\u03c5\u03bd \u03b2\u03cc\u03c1\u03b5\u03b9\u03b1. \u039f\u03b9 \u03b3\u03b1\u03bb\u03ac\u03b6\u03b9\u03bf\u03b9 \u03c0\u03cc\u03bb\u03bf\u03b9 \u03ad\u03bb\u03ba\u03bf\u03bd\u03c4\u03b1\u03b9 \u03b1\u03c0\u03cc \u03c4\u03bf\u03bd \u03bd\u03cc\u03c4\u03b9\u03bf \u03bc\u03b1\u03b3\u03bd\u03b7\u03c4\u03b9\u03ba\u03cc \u03c0\u03cc\u03bb\u03bf \u03c4\u03b7\u03c2 \u0393\u03b7\u03c2 \u03ba\u03b1\u03b9 \u03ad\u03c4\u03c3\u03b9 \u03bf\u03bd\u03bf\u03bc\u03ac\u03b6\u03bf\u03bd\u03c4\u03b1\u03b9 \u03bd\u03cc\u03c4\u03b9\u03bf\u03b9 \u03c0\u03cc\u03bb\u03bf\u03b9. \u039f \u03b2\u03c1\u03b1\u03c7\u03af\u03bf\u03bd\u03b1\u03c2 \u03c4\u03b7\u03c2 \u03c0\u03c5\u03be\u03af\u03b4\u03b1\u03c2 \u03c0\u03ac\u03bd\u03c4\u03b1 \u03c0\u03b5\u03c1\u03b9\u03c3\u03c4\u03c1\u03ad\u03c6\u03b5\u03c4\u03b1\u03b9 \u03ad\u03c4\u03c3\u03b9 \u03ce\u03c3\u03c4\u03b5 \u03bd\u03b1 \u03b4\u03b5\u03af\u03c7\u03bd\u03b5\u03b9 \u03c3\u03c4\u03bf\u03c5\u03c2 \u03c0\u03cc\u03bb\u03bf\u03c5\u03c2. \u039f\u03b9 \u03c0\u03b5\u03c1\u03b9\u03c3\u03c3\u03cc\u03c4\u03b5\u03c1\u03b5\u03c2 \u03c0\u03c5\u03be\u03af\u03b4\u03b5\u03c2 \u03bb\u03b5\u03b9\u03c4\u03bf\u03c5\u03c1\u03b3\u03bf\u03cd\u03bd \u03cc\u03c0\u03c9\u03c2 \u03b7 \u039c\u03b1\u03b3\u03bd\u03b7\u03c4\u03b9\u03ba\u03ae \u03a0\u03c5\u03be\u03af\u03b4\u03b1 \u0393\u03af\u03b3\u03b1\u03c2. \u0397 \u03b2\u03b5\u03bb\u03cc\u03bd\u03b1 \u03c4\u03b7\u03c2 \u03c0\u03c5\u03be\u03af\u03b4\u03b1\u03c2 \u03bc\u03b1\u03b3\u03bd\u03b7\u03c4\u03af\u03b6\u03b5\u03c4\u03b1\u03b9 \u03ba\u03b1\u03b9 \u03c3\u03c4\u03b1 \u03b4\u03cd\u03bf \u03ac\u03ba\u03c1\u03b1 \u03ba\u03b1\u03b9 \u03c5\u03c0\u03bf\u03b4\u03b5\u03b9\u03ba\u03bd\u03cd\u03b5\u03b9 \u03c4\u03b7\u03bd \u03ba\u03b1\u03c4\u03b5\u03cd\u03b8\u03c5\u03bd\u03c3\u03b7 \u03cc\u03c4\u03b1\u03bd \u03c0\u03c1\u03bf\u03c3\u03b5\u03bb\u03ba\u03c5\u03c3\u03c4\u03b5\u03af \u03b1\u03c0\u03cc \u03c4\u03b7 \u03bc\u03b1\u03b3\u03bd\u03b7\u03c4\u03b9\u03ba\u03ae \u03b4\u03cd\u03bd\u03b1\u03bc\u03b7 \u03c4\u03b7\u03c2 \u0393\u03b7\u03c2.<\/p>\n<p style=\"margin:0px 0px 10px;padding:0px;font-family:'Open Sans', sans-serif;font-size:15px;line-height:1.3;letter-spacing:0.7px;background-color:#ffffff\">Navodila so prilo\u017eena v gr\u0161\u010dini.<\/p>\n<p style=\"margin:0px 0px 10px;padding:0px;font-family:'Open Sans', sans-serif;font-size:15px;line-height:1.3;letter-spacing:0.7px;background-color:#ffffff\">\u0394\u03b9\u03b1\u03c3\u03c4\u03ac\u03c3\u03b5\u03b9\u03c2: 17 x 22 x 6\u03b5\u03ba.<\/p>\n<p style=\"margin:0px 0px 10px;padding:0px;font-family:'Open Sans', sans-serif;font-size:15px;line-height:1.3;letter-spacing:0.7px;background-color:#ffffff\">6\/\u03a5\u03a0. \u2013 36\/\u039a\u0399\u0392.<\/p>","protected":false},"excerpt":{"rendered":"<p><span style=\"font-family:'Open Sans', sans-serif;font-size:15px;letter-spacing:0.7px;background-color:#ffffff\">\u0391\u03bd\u03b1\u03ba\u03b1\u03bb\u03cd\u03c8\u03c4\u03b5 \u03c4\u03b7 \u03bc\u03b1\u03b3\u03bd\u03b7\u03c4\u03b9\u03ba\u03ae \u03b4\u03cd\u03bd\u03b1\u03bc\u03b7 \u03c4\u03b7\u03c2 \u0393\u03b7\u03c2! \u0395\u03bd\u03c4\u03c5\u03c0\u03c9\u03c3\u03b9\u03ac\u03c3\u03c4\u03b5 \u03c4\u03bf\u03c5\u03c2 \u03c6\u03af\u03bb\u03bf\u03c5\u03c2 \u03c3\u03b1\u03c2 \u03bc\u03b5 \u03b1\u03c5\u03c4\u03ae \u03c4\u03b7\u03bd \u03c4\u03b5\u03c1\u03ac\u03c3\u03c4\u03b9\u03b1 \u03c0\u03c5\u03be\u03af\u03b4\u03b1, \u03c0\u03bf\u03c5 \u03ad\u03c7\u03b5\u03b9 \u03c0\u03bb\u03ac\u03c4\u03bf\u03c2 30 \u03b5\u03ba. \u03cc\u03c4\u03b1\u03bd \u03c4\u03b7\u03bd \u03ba\u03b1\u03c4\u03b1\u03c3\u03ba\u03b5\u03c5\u03ac\u03c3\u03b5\u03c4\u03b5. \u0395\u03af\u03bd\u03b1\u03b9 \u03b9\u03b4\u03b1\u03bd\u03b9\u03ba\u03ae \u03b3\u03b9\u03b1 \u03b5\u03c0\u03b9\u03c3\u03c4\u03b7\u03bc\u03bf\u03bd\u03b9\u03ba\u03ad\u03c2 \u03b5\u03c1\u03b3\u03b1\u03c3\u03af\u03b5\u03c2 \u03c3\u03c4\u03bf \u03c3\u03c7\u03bf\u03bb\u03b5\u03af\u03bf!<\/span><\/p>","protected":false},"featured_media":4254,"comment_status":"open","ping_status":"closed","template":"","meta":{"site-sidebar-layout":"default","site-content-layout":"","ast-site-content-layout":"default","site-content-style":"default","site-sidebar-style":"default","ast-global-header-display":"","ast-banner-title-visibility":"","ast-main-header-display":"","ast-hfb-above-header-display":"","ast-hfb-below-header-display":"","ast-hfb-mobile-header-display":"","site-post-title":"","ast-breadcrumbs-content":"","ast-featured-img":"","footer-sml-layout":"","ast-disable-related-posts":"","theme-transparent-header-meta":"","adv-header-id-meta":"","stick-header-meta":"","header-above-stick-meta":"","header-main-stick-meta":"","header-below-stick-meta":"","astra-migrate-meta-layouts":"default","ast-page-background-enabled":"default","ast-page-background-meta":{"desktop":{"background-color":"var(--ast-global-color-5)","background-image":"","background-repeat":"repeat","background-position":"center center","background-size":"auto","background-attachment":"scroll","background-type":"","background-media":"","overlay-type":"","overlay-color":"","overlay-opacity":"","overlay-gradient":""},"tablet":{"background-color":"","background-image":"","background-repeat":"repeat","background-position":"center center","background-size":"auto","background-attachment":"scroll","background-type":"","background-media":"","overlay-type":"","overlay-color":"","overlay-opacity":"","overlay-gradient":""},"mobile":{"background-color":"","background-image":"","background-repeat":"repeat","background-position":"center center","background-size":"auto","background-attachment":"scroll","background-type":"","background-media":"","overlay-type":"","overlay-color":"","overlay-opacity":"","overlay-gradient":""}},"ast-content-background-meta":{"desktop":{"background-color":"var(--ast-global-color-4)","background-image":"","background-repeat":"repeat","background-position":"center center","background-size":"auto","background-attachment":"scroll","background-type":"","background-media":"","overlay-type":"","overlay-color":"","overlay-opacity":"","overlay-gradient":""},"tablet":{"background-color":"var(--ast-global-color-4)","background-image":"","background-repeat":"repeat","background-position":"center center","background-size":"auto","background-attachment":"scroll","background-type":"","background-media":"","overlay-type":"","overlay-color":"","overlay-opacity":"","overlay-gradient":""},"mobile":{"background-color":"var(--ast-global-color-4)","background-image":"","background-repeat":"repeat","background-position":"center center","background-size":"auto","background-attachment":"scroll","background-type":"","background-media":"","overlay-type":"","overlay-color":"","overlay-opacity":"","overlay-gradient":""}}},"product_brand":[96],"product_cat":[43,39,52,38,29,30,26,58],"product_tag":[],"class_list":{"0":"post-6446","1":"product","2":"type-product","3":"status-publish","4":"has-post-thumbnail","6":"product_brand-4m","7":"product_cat-43","8":"product_cat-39","9":"product_cat-52","10":"product_cat-38","11":"product_cat-29","12":"product_cat--6-9-","13":"product_cat-26","14":"product_cat-58","15":"desktop-align-left","16":"tablet-align-left","17":"mobile-align-left","19":"first","20":"instock","21":"taxable","22":"shipping-taxable","23":"purchasable","24":"product-type-simple"},"_links":{"self":[{"href":"https:\/\/stem-eshop.gr\/sl\/wp-json\/wp\/v2\/product\/6446","targetHints":{"allow":["GET"]}}],"collection":[{"href":"https:\/\/stem-eshop.gr\/sl\/wp-json\/wp\/v2\/product"}],"about":[{"href":"https:\/\/stem-eshop.gr\/sl\/wp-json\/wp\/v2\/types\/product"}],"replies":[{"embeddable":true,"href":"https:\/\/stem-eshop.gr\/sl\/wp-json\/wp\/v2\/comments?post=6446"}],"wp:featuredmedia":[{"embeddable":true,"href":"https:\/\/stem-eshop.gr\/sl\/wp-json\/wp\/v2\/media\/4254"}],"wp:attachment":[{"href":"https:\/\/stem-eshop.gr\/sl\/wp-json\/wp\/v2\/media?parent=6446"}],"wp:term":[{"taxonomy":"product_brand","embeddable":true,"href":"https:\/\/stem-eshop.gr\/sl\/wp-json\/wp\/v2\/product_brand?post=6446"},{"taxonomy":"product_cat","embeddable":true,"href":"https:\/\/stem-eshop.gr\/sl\/wp-json\/wp\/v2\/product_cat?post=6446"},{"taxonomy":"product_tag","embeddable":true,"href":"https:\/\/stem-eshop.gr\/sl\/wp-json\/wp\/v2\/product_tag?post=6446"}],"curies":[{"name":"wp","href":"https:\/\/api.w.org\/{rel}","templated":true}]}}