{"id":6361,"date":"2025-05-19T07:29:55","date_gmt":"2025-05-19T07:29:55","guid":{"rendered":"https:\/\/stem-eshop.gr\/product\/gigo-the-big-engineering-makerspace\/"},"modified":"2025-05-22T21:13:18","modified_gmt":"2025-05-22T18:13:18","slug":"gigo-the-big-engineering-makerspace","status":"publish","type":"product","link":"https:\/\/stem-eshop.gr\/sl\/izdelek\/gigo-the-big-engineering-makerspace\/","title":{"rendered":"Gigo Veliki in\u017eenirski ustvarjalni prostor"},"content":{"rendered":"<p>Odkrijte zakone narave s stroji na kopnem, vodi in v zraku.<\/p>\n<p>Vodni modeli: reaktivni \u010doln, podmornica, katamaran in \u010doln.<\/p>\n<p>Modeli za kopenske modele: dirkalni, tricikel, sistem samodejnega zaviranja, sistem samodejnega vzmetenja in \u017eerjav.<\/p>\n<p>Zra\u010dni modeli: helikopter, jadralno letalo, mlin na veter in padajo\u010di list.<\/p>\n<p>In\u017eenirski modeli: \u017eerjav, vrtljiva miza, hidravli\u010dna roka, \u0161karjasto dvigalo in orodje za razdaljo.<\/p>\n<p>Modeli optike: stabilizator kamere, stojalo, selfie palica in mikroskop za pametni telefon.<\/p>\n<p>Razi\u0161\u010dite pomorska vozila, podmornice, vzgon, vetrno energijo, vrtenje, zobnike, pretvorbo energije, te\u017ei\u0161\u010de, ravnote\u017eje, pnevmatiko, hidravliko, statiko, optiko in \u0161e veliko ve\u010d.<\/p>\n<p>Vklju\u010duje rezervoarje za vodo, rezervoar in vgrajeno zra\u010dno \u010drpalko, bate na stisnjen zrak, prestavne ventile, cevi, strukturne napere, osi, zobnike, kolesa, jermene in drugo.<\/p>\n<p>Navodila za sestavljanje 22 modelov.<\/p>\n<\/p>\n<p dir=\"ltr\" style=\"text-align:center\"><span xml:lang=\"el\" lang=\"el\">Ro\u010dno<\/span><\/p>\n<p dir=\"ltr\"><span xml:lang=\"el\" lang=\"el\"><a href=\"https:\/\/issuu.com\/gigotoys\/docs\/_7438r-en\" rel=\"noopener\"><img decoding=\"async\" src=\"https:\/\/stem-eshop.gr\/img\/cms\/manual.png\" alt=\"\" width=\"40\" height=\"31\" style=\"margin-left:auto;margin-right:auto\" \/><\/a><\/span><\/p>","protected":false},"excerpt":{"rendered":"<div class=\"woocommerce-product-details__short-description\">\n<p>Odkrijte zakone narave s stroji na kopnem, v vodi in v zraku!<\/p>\n<p>S to izobra\u017eevalno igro razi\u0161\u010dite morska vozila, podmornice, vzgon, vetrno energijo, vrtenje, zobnike, pretvorbo energije, te\u017ei\u0161\u010de, ravnote\u017eje, pnevmatiko, hidravliko, statiko, optiko in \u0161e veliko ve\u010d.<\/p>\n<\/div>","protected":false},"featured_media":4052,"comment_status":"open","ping_status":"closed","template":"","meta":{"site-sidebar-layout":"default","site-content-layout":"","ast-site-content-layout":"default","site-content-style":"default","site-sidebar-style":"default","ast-global-header-display":"","ast-banner-title-visibility":"","ast-main-header-display":"","ast-hfb-above-header-display":"","ast-hfb-below-header-display":"","ast-hfb-mobile-header-display":"","site-post-title":"","ast-breadcrumbs-content":"","ast-featured-img":"","footer-sml-layout":"","ast-disable-related-posts":"","theme-transparent-header-meta":"","adv-header-id-meta":"","stick-header-meta":"","header-above-stick-meta":"","header-main-stick-meta":"","header-below-stick-meta":"","astra-migrate-meta-layouts":"default","ast-page-background-enabled":"default","ast-page-background-meta":{"desktop":{"background-color":"var(--ast-global-color-5)","background-image":"","background-repeat":"repeat","background-position":"center center","background-size":"auto","background-attachment":"scroll","background-type":"","background-media":"","overlay-type":"","overlay-color":"","overlay-opacity":"","overlay-gradient":""},"tablet":{"background-color":"","background-image":"","background-repeat":"repeat","background-position":"center center","background-size":"auto","background-attachment":"scroll","background-type":"","background-media":"","overlay-type":"","overlay-color":"","overlay-opacity":"","overlay-gradient":""},"mobile":{"background-color":"","background-image":"","background-repeat":"repeat","background-position":"center center","background-size":"auto","background-attachment":"scroll","background-type":"","background-media":"","overlay-type":"","overlay-color":"","overlay-opacity":"","overlay-gradient":""}},"ast-content-background-meta":{"desktop":{"background-color":"var(--ast-global-color-4)","background-image":"","background-repeat":"repeat","background-position":"center center","background-size":"auto","background-attachment":"scroll","background-type":"","background-media":"","overlay-type":"","overlay-color":"","overlay-opacity":"","overlay-gradient":""},"tablet":{"background-color":"var(--ast-global-color-4)","background-image":"","background-repeat":"repeat","background-position":"center center","background-size":"auto","background-attachment":"scroll","background-type":"","background-media":"","overlay-type":"","overlay-color":"","overlay-opacity":"","overlay-gradient":""},"mobile":{"background-color":"var(--ast-global-color-4)","background-image":"","background-repeat":"repeat","background-position":"center center","background-size":"auto","background-attachment":"scroll","background-type":"","background-media":"","overlay-type":"","overlay-color":"","overlay-opacity":"","overlay-gradient":""}}},"product_brand":[104],"product_cat":[38,29,56,32,57,35,30,59],"product_tag":[],"class_list":{"0":"post-6361","1":"product","2":"type-product","3":"status-publish","4":"has-post-thumbnail","6":"product_brand-gigo","7":"product_cat-38","8":"product_cat-29","9":"product_cat-56","10":"product_cat-32","11":"product_cat-57","12":"product_cat--10-12-","13":"product_cat--6-9-","14":"product_cat-59","15":"desktop-align-left","16":"tablet-align-left","17":"mobile-align-left","19":"first","20":"instock","21":"taxable","22":"shipping-taxable","23":"purchasable","24":"product-type-simple"},"_links":{"self":[{"href":"https:\/\/stem-eshop.gr\/sl\/wp-json\/wp\/v2\/product\/6361","targetHints":{"allow":["GET"]}}],"collection":[{"href":"https:\/\/stem-eshop.gr\/sl\/wp-json\/wp\/v2\/product"}],"about":[{"href":"https:\/\/stem-eshop.gr\/sl\/wp-json\/wp\/v2\/types\/product"}],"replies":[{"embeddable":true,"href":"https:\/\/stem-eshop.gr\/sl\/wp-json\/wp\/v2\/comments?post=6361"}],"wp:featuredmedia":[{"embeddable":true,"href":"https:\/\/stem-eshop.gr\/sl\/wp-json\/wp\/v2\/media\/4052"}],"wp:attachment":[{"href":"https:\/\/stem-eshop.gr\/sl\/wp-json\/wp\/v2\/media?parent=6361"}],"wp:term":[{"taxonomy":"product_brand","embeddable":true,"href":"https:\/\/stem-eshop.gr\/sl\/wp-json\/wp\/v2\/product_brand?post=6361"},{"taxonomy":"product_cat","embeddable":true,"href":"https:\/\/stem-eshop.gr\/sl\/wp-json\/wp\/v2\/product_cat?post=6361"},{"taxonomy":"product_tag","embeddable":true,"href":"https:\/\/stem-eshop.gr\/sl\/wp-json\/wp\/v2\/product_tag?post=6361"}],"curies":[{"name":"wp","href":"https:\/\/api.w.org\/{rel}","templated":true}]}}