{"id":6358,"date":"2025-05-19T07:29:52","date_gmt":"2025-05-19T07:29:52","guid":{"rendered":"https:\/\/stem-eshop.gr\/product\/%ce%be%cf%85%ce%bb%ce%b9%ce%bd%ce%bf-%cf%80%ce%b1%ce%b9%cf%87%ce%bd%ce%b9%ce%b4%ce%b9-%cf%83%cf%84%ce%bf%ce%b9%ce%b2%ce%b1%ce%be%ce%b7%cf%83-%cf%83%ce%ba%ce%b9%cf%89%ce%bd\/"},"modified":"2025-10-23T12:51:54","modified_gmt":"2025-10-23T09:51:54","slug":"%ce%be%cf%85%ce%bb%ce%b9%ce%bd%ce%bf-%cf%80%ce%b1%ce%b9%cf%87%ce%bd%ce%b9%ce%b4%ce%b9-%cf%83%cf%84%ce%bf%ce%b9%ce%b2%ce%b1%ce%be%ce%b7%cf%83-%cf%83%ce%ba%ce%b9%cf%89%ce%bd","status":"publish","type":"product","link":"https:\/\/stem-eshop.gr\/sl\/izdelek\/%ce%be%cf%85%ce%bb%ce%b9%ce%bd%ce%bf-%cf%80%ce%b1%ce%b9%cf%87%ce%bd%ce%b9%ce%b4%ce%b9-%cf%83%cf%84%ce%bf%ce%b9%ce%b2%ce%b1%ce%be%ce%b7%cf%83-%cf%83%ce%ba%ce%b9%cf%89%ce%bd\/","title":{"rendered":"IGRA ZLAGANJA LESENIH SEN"},"content":{"rendered":"<p style=\"margin: 0px 0px 10px;padding: 0px;font-family: 'Open Sans', sans-serif;font-size: 15px;line-height: 1.3;letter-spacing: 0.7px;background-color: #ffffff\">Igra je sestavljena iz pisanih in razli\u010dnih oblik, ki so nalo\u017eene druga na drugo na podlagi slik, upodobljenih na straneh knjige. Otrok posku\u0161a ustvariti obliko, upodobljeno na vsaki strani. Stopnja te\u017eavnosti se razlikuje, saj je na nekaterih straneh upodobljena le senca oblik, na drugih pa so upodobljene v barvah. Z izbiro pravilnih oblik vsaki\u010d otrok predstavlja obliko, ki jo vidi, ali pa lahko ustvari svojo lastno obliko na podlagi svoje domi\u0161ljije.<\/p>\n<p style=\"margin: 0px 0px 10px;padding: 0px;font-family: 'Open Sans', sans-serif;font-size: 15px;line-height: 1.3;letter-spacing: 0.7px;background-color: #ffffff\">Na ta na\u010din otrok na zabaven na\u010din razvija osnovne matemati\u010dne spretnosti, spoznava koncept zaporedja in odnosa predmetov. Prav tako vadi svoj vizualni spomin in sposobnosti re\u0161evanja problemov v kombinaciji s kriti\u010dnim mi\u0161ljenjem.<\/p>\n<p style=\"margin: 0px 0px 10px;padding: 0px;font-family: 'Open Sans', sans-serif;font-size: 15px;line-height: 1.3;letter-spacing: 0.7px;background-color: #ffffff\">Nenazadnje se spodbuja razvoj fine motorike ter logi\u010dnega in strate\u0161kega mi\u0161ljenja. Njegova pozornost je usmerjena k dolo\u010denemu cilju, ki s pravilno taktiko dose\u017ee uspe\u0161en rezultat, in sicer k ustvarjanju risbe na podlagi slik.<\/p>","protected":false},"excerpt":{"rendered":"<p><span style=\"font-family: 'Open Sans', sans-serif;font-size: 15px;letter-spacing: 0.7px;background-color: #ffffff\">Lesena igra\u010da za zlaganje senc je sestavljena iz 12 pisanih lesenih kosov razli\u010dnih oblik in dizajnov, lesene podlage in ilustrirane knji\u017eice z navodili. Majhni otroci se u\u010dijo oblik, barv ter razvijajo sposobnosti re\u0161evanja problemov in logi\u010dno razmi\u0161ljanje.<\/span><\/p>","protected":false},"featured_media":4031,"comment_status":"open","ping_status":"closed","template":"","meta":{"site-sidebar-layout":"default","site-content-layout":"","ast-site-content-layout":"default","site-content-style":"default","site-sidebar-style":"default","ast-global-header-display":"","ast-banner-title-visibility":"","ast-main-header-display":"","ast-hfb-above-header-display":"","ast-hfb-below-header-display":"","ast-hfb-mobile-header-display":"","site-post-title":"","ast-breadcrumbs-content":"","ast-featured-img":"","footer-sml-layout":"","ast-disable-related-posts":"","theme-transparent-header-meta":"default","adv-header-id-meta":"","stick-header-meta":"","header-above-stick-meta":"","header-main-stick-meta":"","header-below-stick-meta":"","astra-migrate-meta-layouts":"set","ast-page-background-enabled":"default","ast-page-background-meta":{"desktop":{"background-color":"var(--ast-global-color-5)","background-image":"","background-repeat":"repeat","background-position":"center center","background-size":"auto","background-attachment":"scroll","background-type":"","background-media":"","overlay-type":"","overlay-color":"","overlay-opacity":"","overlay-gradient":""},"tablet":{"background-color":"","background-image":"","background-repeat":"repeat","background-position":"center center","background-size":"auto","background-attachment":"scroll","background-type":"","background-media":"","overlay-type":"","overlay-color":"","overlay-opacity":"","overlay-gradient":""},"mobile":{"background-color":"","background-image":"","background-repeat":"repeat","background-position":"center center","background-size":"auto","background-attachment":"scroll","background-type":"","background-media":"","overlay-type":"","overlay-color":"","overlay-opacity":"","overlay-gradient":""}},"ast-content-background-meta":{"desktop":{"background-color":"var(--ast-global-color-4)","background-image":"","background-repeat":"repeat","background-position":"center center","background-size":"auto","background-attachment":"scroll","background-type":"","background-media":"","overlay-type":"","overlay-color":"","overlay-opacity":"","overlay-gradient":""},"tablet":{"background-color":"var(--ast-global-color-4)","background-image":"","background-repeat":"repeat","background-position":"center center","background-size":"auto","background-attachment":"scroll","background-type":"","background-media":"","overlay-type":"","overlay-color":"","overlay-opacity":"","overlay-gradient":""},"mobile":{"background-color":"var(--ast-global-color-4)","background-image":"","background-repeat":"repeat","background-position":"center center","background-size":"auto","background-attachment":"scroll","background-type":"","background-media":"","overlay-type":"","overlay-color":"","overlay-opacity":"","overlay-gradient":""}}},"product_brand":[],"product_cat":[126,43,39,50,29,37,30,26],"product_tag":[],"class_list":{"0":"post-6358","1":"product","2":"type-product","3":"status-publish","4":"has-post-thumbnail","6":"product_cat-126","7":"product_cat-43","8":"product_cat-39","9":"product_cat-50","10":"product_cat-29","11":"product_cat-37","12":"product_cat--6-9-","13":"product_cat-26","14":"desktop-align-left","15":"tablet-align-left","16":"mobile-align-left","18":"first","19":"instock","20":"taxable","21":"shipping-taxable","22":"purchasable","23":"product-type-simple"},"_links":{"self":[{"href":"https:\/\/stem-eshop.gr\/sl\/wp-json\/wp\/v2\/product\/6358","targetHints":{"allow":["GET"]}}],"collection":[{"href":"https:\/\/stem-eshop.gr\/sl\/wp-json\/wp\/v2\/product"}],"about":[{"href":"https:\/\/stem-eshop.gr\/sl\/wp-json\/wp\/v2\/types\/product"}],"replies":[{"embeddable":true,"href":"https:\/\/stem-eshop.gr\/sl\/wp-json\/wp\/v2\/comments?post=6358"}],"wp:featuredmedia":[{"embeddable":true,"href":"https:\/\/stem-eshop.gr\/sl\/wp-json\/wp\/v2\/media\/4031"}],"wp:attachment":[{"href":"https:\/\/stem-eshop.gr\/sl\/wp-json\/wp\/v2\/media?parent=6358"}],"wp:term":[{"taxonomy":"product_brand","embeddable":true,"href":"https:\/\/stem-eshop.gr\/sl\/wp-json\/wp\/v2\/product_brand?post=6358"},{"taxonomy":"product_cat","embeddable":true,"href":"https:\/\/stem-eshop.gr\/sl\/wp-json\/wp\/v2\/product_cat?post=6358"},{"taxonomy":"product_tag","embeddable":true,"href":"https:\/\/stem-eshop.gr\/sl\/wp-json\/wp\/v2\/product_tag?post=6358"}],"curies":[{"name":"wp","href":"https:\/\/api.w.org\/{rel}","templated":true}]}}