{"id":6356,"date":"2025-05-19T07:29:50","date_gmt":"2025-05-19T07:29:50","guid":{"rendered":"https:\/\/stem-eshop.gr\/product\/50-50-games-%ce%be%cf%85%ce%bb%ce%b9%ce%bd%ce%bf%cf%83-%ce%bc%ce%b1%ce%b3%ce%bd%ce%b7%cf%84%ce%b9%ce%ba%ce%bf%cf%83-%cf%80%ce%b9%ce%bd%ce%b1%ce%ba%ce%b1%cf%83-%cf%83%ce%b7%ce%bc%ce%b5%cf%81%ce%b1\/"},"modified":"2026-03-17T14:11:43","modified_gmt":"2026-03-17T11:11:43","slug":"50-50-games-%ce%be%cf%85%ce%bb%ce%b9%ce%bd%ce%bf%cf%83-%ce%bc%ce%b1%ce%b3%ce%bd%ce%b7%cf%84%ce%b9%ce%ba%ce%bf%cf%83-%cf%80%ce%b9%ce%bd%ce%b1%ce%ba%ce%b1%cf%83-%cf%83%ce%b7%ce%bc%ce%b5%cf%81%ce%b1","status":"publish","type":"product","link":"https:\/\/stem-eshop.gr\/sl\/izdelek\/50-50-games-%ce%be%cf%85%ce%bb%ce%b9%ce%bd%ce%bf%cf%83-%ce%bc%ce%b1%ce%b3%ce%bd%ce%b7%cf%84%ce%b9%ce%ba%ce%bf%cf%83-%cf%80%ce%b9%ce%bd%ce%b1%ce%ba%ce%b1%cf%83-%cf%83%ce%b7%ce%bc%ce%b5%cf%81%ce%b1\/","title":{"rendered":"Igre 50\/50: LESENA MAGNETNA TABLICA DANES JE IN BELA TABLICA"},"content":{"rendered":"<p><span style=\"font-family: 'Open Sans', sans-serif;font-size: 15px;letter-spacing: 0.7px;background-color: #ffffff\">Idealno za otroke, da se seznanijo <\/span><span style=\"line-height: inherit;font-family: 'Open Sans', sans-serif;font-size: 15px;letter-spacing: 0.7px;background-color: #ffffff\">koledarsko razmerje<\/span><span style=\"font-family: 'Open Sans', sans-serif;font-size: 15px;letter-spacing: 0.7px;background-color: #ffffff\">\u00a0od\u00a0<\/span><span style=\"line-height: inherit;font-family: 'Open Sans', sans-serif;font-size: 15px;letter-spacing: 0.7px;background-color: #ffffff\">letni \u010dasi\u00a0<\/span><span style=\"font-family: 'Open Sans', sans-serif;font-size: 15px;letter-spacing: 0.7px;background-color: #ffffff\">in od\u00a0<\/span><span style=\"line-height: inherit;font-family: 'Open Sans', sans-serif;font-size: 15px;letter-spacing: 0.7px;background-color: #ffffff\">mesecev\u00a0<\/span><span style=\"font-family: 'Open Sans', sans-serif;font-size: 15px;letter-spacing: 0.7px;background-color: #ffffff\">in prepoznati\u00a0<\/span><span style=\"line-height: inherit;font-family: 'Open Sans', sans-serif;font-size: 15px;letter-spacing: 0.7px;background-color: #ffffff\">sezonske spremembe vremena<\/span><span style=\"font-family: 'Open Sans', sans-serif;font-size: 15px;letter-spacing: 0.7px;background-color: #ffffff\">\u00a0ki se pojavljajo med letom, kot tudi posebne zna\u010dilnosti vsakega letnega \u010dasa, ki so povezane z naravo in vremenskimi razmerami. Poleg tega razlikovati trajanje \u010dasovnih intervalov in se seznaniti z\u00a0<\/span><span style=\"line-height: inherit;font-family: 'Open Sans', sans-serif;font-size: 15px;letter-spacing: 0.7px;background-color: #ffffff\">koncept \u010dasa<\/span><span style=\"font-family: 'Open Sans', sans-serif;font-size: 15px;letter-spacing: 0.7px;background-color: #ffffff\">, ta\u00a0<\/span><span style=\"line-height: inherit;font-family: 'Open Sans', sans-serif;font-size: 15px;letter-spacing: 0.7px;background-color: #ffffff\">kro\u017enost\u00a0<\/span><span style=\"font-family: 'Open Sans', sans-serif;font-size: 15px;letter-spacing: 0.7px;background-color: #ffffff\">njegov in njihov\u00a0<\/span><span style=\"line-height: inherit;font-family: 'Open Sans', sans-serif;font-size: 15px;letter-spacing: 0.7px;background-color: #ffffff\">na\u010dini merjenja<\/span><span style=\"font-family: 'Open Sans', sans-serif;font-size: 15px;letter-spacing: 0.7px;background-color: #ffffff\"> od.<\/span><\/p>\n<p style=\"margin: 0px 0px 10px;padding: 0px;font-family: 'Open Sans', sans-serif;font-size: 15px;line-height: 1.3;letter-spacing: 0.7px;background-color: #ffffff\"><span style=\"line-height: inherit\">Vsebina:<\/span><\/p>\n<p style=\"margin: 0px 0px 10px;padding: 0px;font-family: 'Open Sans', sans-serif;font-size: 15px;line-height: 1.3;letter-spacing: 0.7px;background-color: #ffffff\">1 lesena magnetna in bela tabla,<\/p>\n<p style=\"margin: 0px 0px 10px;padding: 0px;font-family: 'Open Sans', sans-serif;font-size: 15px;line-height: 1.3;letter-spacing: 0.7px;background-color: #ffffff\">6 magnetov z vremenskimi pojavi,<\/p>\n<p style=\"margin: 0px 0px 10px;padding: 0px;font-family: 'Open Sans', sans-serif;font-size: 15px;line-height: 1.3;letter-spacing: 0.7px;background-color: #ffffff\">4 magneti z letnimi \u010dasi,<\/p>\n<p style=\"margin: 0px 0px 10px;padding: 0px;font-family: 'Open Sans', sans-serif;font-size: 15px;line-height: 1.3;letter-spacing: 0.7px;background-color: #ffffff\">12 magnetov s \u0161tevilkami,<\/p>\n<p style=\"margin: 0px 0px 10px;padding: 0px;font-family: 'Open Sans', sans-serif;font-size: 15px;line-height: 1.3;letter-spacing: 0.7px;background-color: #ffffff\">12 magnetov z meseci,<\/p>\n<p>&nbsp;<\/p>\n<p style=\"margin: 0px 0px 10px;padding: 0px;font-family: 'Open Sans', sans-serif;font-size: 15px;line-height: 1.3;letter-spacing: 0.7px;background-color: #ffffff\">7 magnetov z dnevi v tednu<\/p>","protected":false},"excerpt":{"rendered":"<p><span style=\"font-family: 'Open Sans', sans-serif;font-size: 15px;letter-spacing: 0.7px;background-color: #ffffff\">Posebej zasnovano izobra\u017eevalno orodje, ki otrokom omogo\u010da razumevanje\u00a0<\/span><span style=\"line-height: inherit;font-family: 'Open Sans', sans-serif;font-size: 15px;letter-spacing: 0.7px;background-color: #ffffff\">koncept programa<\/span><span style=\"font-family: 'Open Sans', sans-serif;font-size: 15px;letter-spacing: 0.7px;background-color: #ffffff\">\u00a0in njegov\u00a0<\/span><span style=\"line-height: inherit;font-family: 'Open Sans', sans-serif;font-size: 15px;letter-spacing: 0.7px;background-color: #ffffff\">\u010dasovno obdobje<\/span><span style=\"font-family: 'Open Sans', sans-serif;font-size: 15px;letter-spacing: 0.7px;background-color: #ffffff\">\u00a0v vsakdanjem \u017eivljenju.\u00a0<\/span><\/p>","protected":false},"featured_media":4027,"comment_status":"open","ping_status":"closed","template":"","meta":{"site-sidebar-layout":"default","site-content-layout":"","ast-site-content-layout":"default","site-content-style":"default","site-sidebar-style":"default","ast-global-header-display":"","ast-banner-title-visibility":"","ast-main-header-display":"","ast-hfb-above-header-display":"","ast-hfb-below-header-display":"","ast-hfb-mobile-header-display":"","site-post-title":"","ast-breadcrumbs-content":"","ast-featured-img":"","footer-sml-layout":"","ast-disable-related-posts":"","theme-transparent-header-meta":"default","adv-header-id-meta":"","stick-header-meta":"","header-above-stick-meta":"","header-main-stick-meta":"","header-below-stick-meta":"","astra-migrate-meta-layouts":"set","ast-page-background-enabled":"default","ast-page-background-meta":{"desktop":{"background-color":"var(--ast-global-color-5)","background-image":"","background-repeat":"repeat","background-position":"center center","background-size":"auto","background-attachment":"scroll","background-type":"","background-media":"","overlay-type":"","overlay-color":"","overlay-opacity":"","overlay-gradient":""},"tablet":{"background-color":"","background-image":"","background-repeat":"repeat","background-position":"center center","background-size":"auto","background-attachment":"scroll","background-type":"","background-media":"","overlay-type":"","overlay-color":"","overlay-opacity":"","overlay-gradient":""},"mobile":{"background-color":"","background-image":"","background-repeat":"repeat","background-position":"center center","background-size":"auto","background-attachment":"scroll","background-type":"","background-media":"","overlay-type":"","overlay-color":"","overlay-opacity":"","overlay-gradient":""}},"ast-content-background-meta":{"desktop":{"background-color":"var(--ast-global-color-4)","background-image":"","background-repeat":"repeat","background-position":"center center","background-size":"auto","background-attachment":"scroll","background-type":"","background-media":"","overlay-type":"","overlay-color":"","overlay-opacity":"","overlay-gradient":""},"tablet":{"background-color":"var(--ast-global-color-4)","background-image":"","background-repeat":"repeat","background-position":"center center","background-size":"auto","background-attachment":"scroll","background-type":"","background-media":"","overlay-type":"","overlay-color":"","overlay-opacity":"","overlay-gradient":""},"mobile":{"background-color":"var(--ast-global-color-4)","background-image":"","background-repeat":"repeat","background-position":"center center","background-size":"auto","background-attachment":"scroll","background-type":"","background-media":"","overlay-type":"","overlay-color":"","overlay-opacity":"","overlay-gradient":""}}},"product_brand":[97],"product_cat":[126,39,50,37,30,26],"product_tag":[],"class_list":{"0":"post-6356","1":"product","2":"type-product","3":"status-publish","4":"has-post-thumbnail","6":"product_brand-97","7":"product_cat-126","8":"product_cat-39","9":"product_cat-50","10":"product_cat-37","11":"product_cat--6-9-","12":"product_cat-26","13":"desktop-align-left","14":"tablet-align-left","15":"mobile-align-left","17":"first","18":"outofstock","19":"taxable","20":"shipping-taxable","21":"purchasable","22":"product-type-simple"},"_links":{"self":[{"href":"https:\/\/stem-eshop.gr\/sl\/wp-json\/wp\/v2\/product\/6356","targetHints":{"allow":["GET"]}}],"collection":[{"href":"https:\/\/stem-eshop.gr\/sl\/wp-json\/wp\/v2\/product"}],"about":[{"href":"https:\/\/stem-eshop.gr\/sl\/wp-json\/wp\/v2\/types\/product"}],"replies":[{"embeddable":true,"href":"https:\/\/stem-eshop.gr\/sl\/wp-json\/wp\/v2\/comments?post=6356"}],"wp:featuredmedia":[{"embeddable":true,"href":"https:\/\/stem-eshop.gr\/sl\/wp-json\/wp\/v2\/media\/4027"}],"wp:attachment":[{"href":"https:\/\/stem-eshop.gr\/sl\/wp-json\/wp\/v2\/media?parent=6356"}],"wp:term":[{"taxonomy":"product_brand","embeddable":true,"href":"https:\/\/stem-eshop.gr\/sl\/wp-json\/wp\/v2\/product_brand?post=6356"},{"taxonomy":"product_cat","embeddable":true,"href":"https:\/\/stem-eshop.gr\/sl\/wp-json\/wp\/v2\/product_cat?post=6356"},{"taxonomy":"product_tag","embeddable":true,"href":"https:\/\/stem-eshop.gr\/sl\/wp-json\/wp\/v2\/product_tag?post=6356"}],"curies":[{"name":"wp","href":"https:\/\/api.w.org\/{rel}","templated":true}]}}