{"id":6354,"date":"2025-05-19T07:29:47","date_gmt":"2025-05-19T07:29:47","guid":{"rendered":"https:\/\/stem-eshop.gr\/product\/%ce%bc%ce%b1%ce%b8%ce%b1%ce%af%ce%bd%ce%bf%ce%bd%cf%84%ce%b1%cf%82-%ce%b3%ce%b9%ce%b1-%cf%84%ce%b1-%ce%bf%cf%87%ce%ae%ce%bc%ce%b1%cf%84%ce%b1\/"},"modified":"2025-05-22T21:13:28","modified_gmt":"2025-05-22T18:13:28","slug":"%ce%bc%ce%b1%ce%b8%ce%b1%ce%af%ce%bd%ce%bf%ce%bd%cf%84%ce%b1%cf%82-%ce%b3%ce%b9%ce%b1-%cf%84%ce%b1-%ce%bf%cf%87%ce%ae%ce%bc%ce%b1%cf%84%ce%b1","status":"publish","type":"product","link":"https:\/\/stem-eshop.gr\/sl\/izdelek\/%ce%bc%ce%b1%ce%b8%ce%b1%ce%af%ce%bd%ce%bf%ce%bd%cf%84%ce%b1%cf%82-%ce%b3%ce%b9%ce%b1-%cf%84%ce%b1-%ce%bf%cf%87%ce%ae%ce%bc%ce%b1%cf%84%ce%b1\/","title":{"rendered":"U\u010denje o vozilih"},"content":{"rendered":"<p>Izdelki so pozicionirani kot knjige-igra\u010de, pri \u010demer je \u0161katla zdru\u017eena s knjigo in skupaj zapakirana s plasti\u010dno folijo.<\/p>\n<p>Pred\u0161olski otroci se lahko s pomo\u010djo odrasle osebe med sestavljanjem modela po navodilih korak za korakom nau\u010dijo zanimivih dejstev o vsaki temi. Sledijo dodatne dejavnosti, kot so barvanje slik, povezovanje pik in sledenje \u0161tevilk ali \u010drk abecede.<\/p>\n<p>Vklju\u010dene so dodatne dejavnosti, ki otrokom pomagajo pri u\u010denju oblik, barv in matematike! Te knjige imajo brezpla\u010dno aplikacijo za obogateno resni\u010dnost (AR), zaradi katere je vsebina veliko bolj privla\u010dna in zabavna!<\/p>","protected":false},"excerpt":{"rendered":"<p>Nova serija z naslovom STEAM LABS JUNIOR\u2122 je bila razvita za pred\u0161olske otroke, tako de\u010dke kot deklice.<\/p>\n<p>Cilj je otroke nau\u010diti osnovnih ve\u0161\u010din.<\/p>\n<p>Serija zajema 4 razli\u010dne teme, ki so privla\u010dne za otroke te starosti.<\/p>","protected":false},"featured_media":4015,"comment_status":"open","ping_status":"closed","template":"","meta":{"site-sidebar-layout":"default","site-content-layout":"","ast-site-content-layout":"default","site-content-style":"default","site-sidebar-style":"default","ast-global-header-display":"","ast-banner-title-visibility":"","ast-main-header-display":"","ast-hfb-above-header-display":"","ast-hfb-below-header-display":"","ast-hfb-mobile-header-display":"","site-post-title":"","ast-breadcrumbs-content":"","ast-featured-img":"","footer-sml-layout":"","ast-disable-related-posts":"","theme-transparent-header-meta":"default","adv-header-id-meta":"","stick-header-meta":"","header-above-stick-meta":"","header-main-stick-meta":"","header-below-stick-meta":"","astra-migrate-meta-layouts":"set","ast-page-background-enabled":"default","ast-page-background-meta":{"desktop":{"background-color":"var(--ast-global-color-5)","background-image":"","background-repeat":"repeat","background-position":"center center","background-size":"auto","background-attachment":"scroll","background-type":"","background-media":"","overlay-type":"","overlay-color":"","overlay-opacity":"","overlay-gradient":""},"tablet":{"background-color":"","background-image":"","background-repeat":"repeat","background-position":"center center","background-size":"auto","background-attachment":"scroll","background-type":"","background-media":"","overlay-type":"","overlay-color":"","overlay-opacity":"","overlay-gradient":""},"mobile":{"background-color":"","background-image":"","background-repeat":"repeat","background-position":"center center","background-size":"auto","background-attachment":"scroll","background-type":"","background-media":"","overlay-type":"","overlay-color":"","overlay-opacity":"","overlay-gradient":""}},"ast-content-background-meta":{"desktop":{"background-color":"var(--ast-global-color-4)","background-image":"","background-repeat":"repeat","background-position":"center center","background-size":"auto","background-attachment":"scroll","background-type":"","background-media":"","overlay-type":"","overlay-color":"","overlay-opacity":"","overlay-gradient":""},"tablet":{"background-color":"var(--ast-global-color-4)","background-image":"","background-repeat":"repeat","background-position":"center center","background-size":"auto","background-attachment":"scroll","background-type":"","background-media":"","overlay-type":"","overlay-color":"","overlay-opacity":"","overlay-gradient":""},"mobile":{"background-color":"var(--ast-global-color-4)","background-image":"","background-repeat":"repeat","background-position":"center center","background-size":"auto","background-attachment":"scroll","background-type":"","background-media":"","overlay-type":"","overlay-color":"","overlay-opacity":"","overlay-gradient":""}}},"product_brand":[95],"product_cat":[126,43,44,39,38,26,58],"product_tag":[],"class_list":{"0":"post-6354","1":"product","2":"type-product","3":"status-publish","4":"has-post-thumbnail","6":"product_brand-engino","7":"product_cat-126","8":"product_cat-43","9":"product_cat-44","10":"product_cat-39","11":"product_cat-38","12":"product_cat-26","13":"product_cat-58","14":"desktop-align-left","15":"tablet-align-left","16":"mobile-align-left","18":"first","19":"instock","20":"taxable","21":"shipping-taxable","22":"purchasable","23":"product-type-simple"},"_links":{"self":[{"href":"https:\/\/stem-eshop.gr\/sl\/wp-json\/wp\/v2\/product\/6354","targetHints":{"allow":["GET"]}}],"collection":[{"href":"https:\/\/stem-eshop.gr\/sl\/wp-json\/wp\/v2\/product"}],"about":[{"href":"https:\/\/stem-eshop.gr\/sl\/wp-json\/wp\/v2\/types\/product"}],"replies":[{"embeddable":true,"href":"https:\/\/stem-eshop.gr\/sl\/wp-json\/wp\/v2\/comments?post=6354"}],"wp:featuredmedia":[{"embeddable":true,"href":"https:\/\/stem-eshop.gr\/sl\/wp-json\/wp\/v2\/media\/4015"}],"wp:attachment":[{"href":"https:\/\/stem-eshop.gr\/sl\/wp-json\/wp\/v2\/media?parent=6354"}],"wp:term":[{"taxonomy":"product_brand","embeddable":true,"href":"https:\/\/stem-eshop.gr\/sl\/wp-json\/wp\/v2\/product_brand?post=6354"},{"taxonomy":"product_cat","embeddable":true,"href":"https:\/\/stem-eshop.gr\/sl\/wp-json\/wp\/v2\/product_cat?post=6354"},{"taxonomy":"product_tag","embeddable":true,"href":"https:\/\/stem-eshop.gr\/sl\/wp-json\/wp\/v2\/product_tag?post=6354"}],"curies":[{"name":"wp","href":"https:\/\/api.w.org\/{rel}","templated":true}]}}