{"id":6350,"date":"2025-05-19T07:29:42","date_gmt":"2025-05-19T07:29:42","guid":{"rendered":"https:\/\/stem-eshop.gr\/product\/baby-qboidz-%cf%84%ce%b1-%cf%80%cf%81%cf%8e%cf%84%ce%b1-%ce%bc%ce%bf%cf%85-%ce%b2%ce%ae%ce%bc%ce%b1%cf%84%ce%b1-%ce%bc%ce%b9%ce%ba%cf%81%cf%8c-%cf%83%ce%b5%cf%84\/"},"modified":"2025-12-04T12:32:01","modified_gmt":"2025-12-04T09:32:01","slug":"baby-qboidz-%cf%84%ce%b1-%cf%80%cf%81%cf%8e%cf%84%ce%b1-%ce%bc%ce%bf%cf%85-%ce%b2%ce%ae%ce%bc%ce%b1%cf%84%ce%b1-%ce%bc%ce%b9%ce%ba%cf%81%cf%8c-%cf%83%ce%b5%cf%84","status":"publish","type":"product","link":"https:\/\/stem-eshop.gr\/sl\/izdelek\/baby-qboidz-%cf%84%ce%b1-%cf%80%cf%81%cf%8e%cf%84%ce%b1-%ce%bc%ce%bf%cf%85-%ce%b2%ce%ae%ce%bc%ce%b1%cf%84%ce%b1-%ce%bc%ce%b9%ce%ba%cf%81%cf%8c-%cf%83%ce%b5%cf%84\/","title":{"rendered":"Baby Qboidz \u2013 Moji prvi koraki \u2013 Majhen komplet"},"content":{"rendered":"<p>Prva dimenzija otrokom omogo\u010da zlaganje kock drug na drugega, tako kot pri navadnih kockah, druga dimenzija pa jim omogo\u010da povezovanje kosov drugega ob drugem. Ko otroci rastejo in razvijajo svoje spretnosti in prostorsko zaznavanje, lahko te kose kombinirajo z drugimi kosi v knji\u017enici Qboidz in pridobivajo spretnosti vi\u0161jega reda v tretji in \u010detrti dimenziji.<\/p>\n<p>Primerno za \u0161olanje na domu<\/p>\n<p>3D-graditelj<\/p>","protected":false},"excerpt":{"rendered":"<p>Ve\u010dji in bolj zajetni deli sistema, ki so varni in enostavni za sestavljanje za mlaj\u0161e otroke, so name\u0161\u010deni v trpe\u017enih plasti\u010dnih posodah, ki omogo\u010dajo ponovno uporabo in prakti\u010dno shranjevanje. Tudi z najpreprostej\u0161imi deli serija Baby Qboidz\u2122 omogo\u010da razvoj dveh osnovnih prvih ravni konstrukcije.\u00a0<\/p>","protected":false},"featured_media":3980,"comment_status":"open","ping_status":"closed","template":"","meta":{"site-sidebar-layout":"default","site-content-layout":"","ast-site-content-layout":"default","site-content-style":"default","site-sidebar-style":"default","ast-global-header-display":"","ast-banner-title-visibility":"","ast-main-header-display":"","ast-hfb-above-header-display":"","ast-hfb-below-header-display":"","ast-hfb-mobile-header-display":"","site-post-title":"","ast-breadcrumbs-content":"","ast-featured-img":"","footer-sml-layout":"","ast-disable-related-posts":"","theme-transparent-header-meta":"","adv-header-id-meta":"","stick-header-meta":"","header-above-stick-meta":"","header-main-stick-meta":"","header-below-stick-meta":"","astra-migrate-meta-layouts":"default","ast-page-background-enabled":"default","ast-page-background-meta":{"desktop":{"background-color":"var(--ast-global-color-5)","background-image":"","background-repeat":"repeat","background-position":"center center","background-size":"auto","background-attachment":"scroll","background-type":"","background-media":"","overlay-type":"","overlay-color":"","overlay-opacity":"","overlay-gradient":""},"tablet":{"background-color":"","background-image":"","background-repeat":"repeat","background-position":"center center","background-size":"auto","background-attachment":"scroll","background-type":"","background-media":"","overlay-type":"","overlay-color":"","overlay-opacity":"","overlay-gradient":""},"mobile":{"background-color":"","background-image":"","background-repeat":"repeat","background-position":"center center","background-size":"auto","background-attachment":"scroll","background-type":"","background-media":"","overlay-type":"","overlay-color":"","overlay-opacity":"","overlay-gradient":""}},"ast-content-background-meta":{"desktop":{"background-color":"var(--ast-global-color-4)","background-image":"","background-repeat":"repeat","background-position":"center center","background-size":"auto","background-attachment":"scroll","background-type":"","background-media":"","overlay-type":"","overlay-color":"","overlay-opacity":"","overlay-gradient":""},"tablet":{"background-color":"var(--ast-global-color-4)","background-image":"","background-repeat":"repeat","background-position":"center center","background-size":"auto","background-attachment":"scroll","background-type":"","background-media":"","overlay-type":"","overlay-color":"","overlay-opacity":"","overlay-gradient":""},"mobile":{"background-color":"var(--ast-global-color-4)","background-image":"","background-repeat":"repeat","background-position":"center center","background-size":"auto","background-attachment":"scroll","background-type":"","background-media":"","overlay-type":"","overlay-color":"","overlay-opacity":"","overlay-gradient":""}}},"product_brand":[95],"product_cat":[126,43,38,29,37,26],"product_tag":[],"class_list":{"0":"post-6350","1":"product","2":"type-product","3":"status-publish","4":"has-post-thumbnail","6":"product_brand-engino","7":"product_cat-126","8":"product_cat-43","9":"product_cat-38","10":"product_cat-29","11":"product_cat-37","12":"product_cat-26","13":"desktop-align-left","14":"tablet-align-left","15":"mobile-align-left","17":"first","18":"instock","19":"taxable","20":"shipping-taxable","21":"purchasable","22":"product-type-simple"},"_links":{"self":[{"href":"https:\/\/stem-eshop.gr\/sl\/wp-json\/wp\/v2\/product\/6350","targetHints":{"allow":["GET"]}}],"collection":[{"href":"https:\/\/stem-eshop.gr\/sl\/wp-json\/wp\/v2\/product"}],"about":[{"href":"https:\/\/stem-eshop.gr\/sl\/wp-json\/wp\/v2\/types\/product"}],"replies":[{"embeddable":true,"href":"https:\/\/stem-eshop.gr\/sl\/wp-json\/wp\/v2\/comments?post=6350"}],"wp:featuredmedia":[{"embeddable":true,"href":"https:\/\/stem-eshop.gr\/sl\/wp-json\/wp\/v2\/media\/3980"}],"wp:attachment":[{"href":"https:\/\/stem-eshop.gr\/sl\/wp-json\/wp\/v2\/media?parent=6350"}],"wp:term":[{"taxonomy":"product_brand","embeddable":true,"href":"https:\/\/stem-eshop.gr\/sl\/wp-json\/wp\/v2\/product_brand?post=6350"},{"taxonomy":"product_cat","embeddable":true,"href":"https:\/\/stem-eshop.gr\/sl\/wp-json\/wp\/v2\/product_cat?post=6350"},{"taxonomy":"product_tag","embeddable":true,"href":"https:\/\/stem-eshop.gr\/sl\/wp-json\/wp\/v2\/product_tag?post=6350"}],"curies":[{"name":"wp","href":"https:\/\/api.w.org\/{rel}","templated":true}]}}