{"id":6346,"date":"2025-05-19T07:29:36","date_gmt":"2025-05-19T07:29:36","guid":{"rendered":"https:\/\/stem-eshop.gr\/product\/%ce%b5%ce%ba%cf%80%ce%b1%ce%b9%ce%b4%ce%b5%cf%85%cf%84%ce%b9%ce%ba%cf%8c-%cf%80%ce%b1%ce%b9%cf%87%ce%bd%ce%af%ce%b4%ce%b9-%cf%80%cf%81%cf%8c%ce%bb%ce%b7%cf%88%ce%b7-%cf%84%ce%b7%cf%82-%cf%80%ce%b1\/"},"modified":"2025-11-19T11:12:25","modified_gmt":"2025-11-19T08:12:25","slug":"%ce%b5%ce%ba%cf%80%ce%b1%ce%b9%ce%b4%ce%b5%cf%85%cf%84%ce%b9%ce%ba%cf%8c-%cf%80%ce%b1%ce%b9%cf%87%ce%bd%ce%af%ce%b4%ce%b9-%cf%80%cf%81%cf%8c%ce%bb%ce%b7%cf%88%ce%b7-%cf%84%ce%b7%cf%82-%cf%80%ce%b1","status":"publish","type":"product","link":"https:\/\/stem-eshop.gr\/sl\/izdelek\/%ce%b5%ce%ba%cf%80%ce%b1%ce%b9%ce%b4%ce%b5%cf%85%cf%84%ce%b9%ce%ba%cf%8c-%cf%80%ce%b1%ce%b9%cf%87%ce%bd%ce%af%ce%b4%ce%b9-%cf%80%cf%81%cf%8c%ce%bb%ce%b7%cf%88%ce%b7-%cf%84%ce%b7%cf%82-%cf%80%ce%b1\/","title":{"rendered":"Izobra\u017eevalna igra - Prepre\u010devanje nadlegovanja, ustrahovanja"},"content":{"rendered":"<\/p>\n<p class=\"MsoNormal\">Sestavljena je iz kart in dejavnosti, ki prikazujejo situacije ustrahovanja ali pozitivno socialno vedenje. Otroci morajo prepoznati negativna in pozitivna dejanja, razpravljati o tem, kako se po\u010dutijo liki na karticah, in predlagati re\u0161itve za obvladovanje situacij ustrahovanja. Igra spodbuja empatijo, sodelovanje in obvladovanje konfliktov.<\/p>\n<p class=\"MsoNormal\">Vklju\u010duje 5 kompletov kartic z zaporedji dogodkov. Namenjene so u\u010denju otrok, kako prepre\u010diti ustrahovanje, \u0161e preden se zgodi, in jim omogo\u010dajo strategije za spopadanje z nadlegovanjem.<\/p>\n<\/p>\n<p class=\"MsoNormal\">Ta igra je primerna za pred\u0161olske in \u0161olske otroke ter jo lahko uporabljajo u\u010ditelji in star\u0161i za spodbujanje varnega in zdravega \u0161olskega okolja, kjer sta spo\u0161tovanje in solidarnost glavni vrednoti.<\/p><\/p>","protected":false},"excerpt":{"rendered":"<p>Izobra\u017eevalna igra \u00bbPrepre\u010devanje nadlegovanja in ustrahovanja\u00ab podjetja AKROS Educational je zasnovana tako, da otrokom pomaga razumeti, kaj sta nadlegovanje in ustrahovanje, ter se nau\u010diti, kako ju prepre\u010diti in se z njo spopasti. Igra ponuja varno in interaktivno metodo, s katero otroci prepoznajo vedenja, povezana z ustrahovanjem, in se nau\u010dijo, kako se ustrezno odzvati.<\/p>","protected":false},"featured_media":3957,"comment_status":"open","ping_status":"closed","template":"","meta":{"site-sidebar-layout":"default","site-content-layout":"","ast-site-content-layout":"default","site-content-style":"default","site-sidebar-style":"default","ast-global-header-display":"","ast-banner-title-visibility":"","ast-main-header-display":"","ast-hfb-above-header-display":"","ast-hfb-below-header-display":"","ast-hfb-mobile-header-display":"","site-post-title":"","ast-breadcrumbs-content":"","ast-featured-img":"","footer-sml-layout":"","ast-disable-related-posts":"","theme-transparent-header-meta":"","adv-header-id-meta":"","stick-header-meta":"","header-above-stick-meta":"","header-main-stick-meta":"","header-below-stick-meta":"","astra-migrate-meta-layouts":"default","ast-page-background-enabled":"default","ast-page-background-meta":{"desktop":{"background-color":"var(--ast-global-color-5)","background-image":"","background-repeat":"repeat","background-position":"center center","background-size":"auto","background-attachment":"scroll","background-type":"","background-media":"","overlay-type":"","overlay-color":"","overlay-opacity":"","overlay-gradient":""},"tablet":{"background-color":"","background-image":"","background-repeat":"repeat","background-position":"center center","background-size":"auto","background-attachment":"scroll","background-type":"","background-media":"","overlay-type":"","overlay-color":"","overlay-opacity":"","overlay-gradient":""},"mobile":{"background-color":"","background-image":"","background-repeat":"repeat","background-position":"center center","background-size":"auto","background-attachment":"scroll","background-type":"","background-media":"","overlay-type":"","overlay-color":"","overlay-opacity":"","overlay-gradient":""}},"ast-content-background-meta":{"desktop":{"background-color":"var(--ast-global-color-4)","background-image":"","background-repeat":"repeat","background-position":"center center","background-size":"auto","background-attachment":"scroll","background-type":"","background-media":"","overlay-type":"","overlay-color":"","overlay-opacity":"","overlay-gradient":""},"tablet":{"background-color":"var(--ast-global-color-4)","background-image":"","background-repeat":"repeat","background-position":"center center","background-size":"auto","background-attachment":"scroll","background-type":"","background-media":"","overlay-type":"","overlay-color":"","overlay-opacity":"","overlay-gradient":""},"mobile":{"background-color":"var(--ast-global-color-4)","background-image":"","background-repeat":"repeat","background-position":"center center","background-size":"auto","background-attachment":"scroll","background-type":"","background-media":"","overlay-type":"","overlay-color":"","overlay-opacity":"","overlay-gradient":""}}},"product_brand":[98],"product_cat":[42,44,38,56,30,26,48],"product_tag":[],"class_list":{"0":"post-6346","1":"product","2":"type-product","3":"status-publish","4":"has-post-thumbnail","6":"product_brand-akros","7":"product_cat-42","8":"product_cat-44","9":"product_cat-38","10":"product_cat-56","11":"product_cat--6-9-","12":"product_cat-26","13":"product_cat-48","14":"desktop-align-left","15":"tablet-align-left","16":"mobile-align-left","18":"first","19":"instock","20":"taxable","21":"shipping-taxable","22":"purchasable","23":"product-type-simple"},"_links":{"self":[{"href":"https:\/\/stem-eshop.gr\/sl\/wp-json\/wp\/v2\/product\/6346","targetHints":{"allow":["GET"]}}],"collection":[{"href":"https:\/\/stem-eshop.gr\/sl\/wp-json\/wp\/v2\/product"}],"about":[{"href":"https:\/\/stem-eshop.gr\/sl\/wp-json\/wp\/v2\/types\/product"}],"replies":[{"embeddable":true,"href":"https:\/\/stem-eshop.gr\/sl\/wp-json\/wp\/v2\/comments?post=6346"}],"wp:featuredmedia":[{"embeddable":true,"href":"https:\/\/stem-eshop.gr\/sl\/wp-json\/wp\/v2\/media\/3957"}],"wp:attachment":[{"href":"https:\/\/stem-eshop.gr\/sl\/wp-json\/wp\/v2\/media?parent=6346"}],"wp:term":[{"taxonomy":"product_brand","embeddable":true,"href":"https:\/\/stem-eshop.gr\/sl\/wp-json\/wp\/v2\/product_brand?post=6346"},{"taxonomy":"product_cat","embeddable":true,"href":"https:\/\/stem-eshop.gr\/sl\/wp-json\/wp\/v2\/product_cat?post=6346"},{"taxonomy":"product_tag","embeddable":true,"href":"https:\/\/stem-eshop.gr\/sl\/wp-json\/wp\/v2\/product_tag?post=6346"}],"curies":[{"name":"wp","href":"https:\/\/api.w.org\/{rel}","templated":true}]}}