{"id":6316,"date":"2025-05-19T07:28:42","date_gmt":"2025-05-19T07:28:42","guid":{"rendered":"https:\/\/stem-eshop.gr\/product\/%ce%be%cf%8d%ce%bb%ce%b9%ce%bd%ce%b1-%ce%b5%ce%ba%cf%80%ce%b1%ce%b9%ce%b4%ce%b5%cf%85%cf%84%ce%b9%ce%ba%ce%ac-%cf%80%ce%b1%ce%b9%cf%87%ce%bd%ce%af%ce%b4%ce%b9%ce%b1-%ce%bc%ce%bf%ce%bd%cf%84%ce%b5\/"},"modified":"2026-04-16T15:01:05","modified_gmt":"2026-04-16T12:01:05","slug":"%ce%be%cf%8d%ce%bb%ce%b9%ce%bd%ce%b1-%ce%b5%ce%ba%cf%80%ce%b1%ce%b9%ce%b4%ce%b5%cf%85%cf%84%ce%b9%ce%ba%ce%ac-%cf%80%ce%b1%ce%b9%cf%87%ce%bd%ce%af%ce%b4%ce%b9%ce%b1-%ce%bc%ce%bf%ce%bd%cf%84%ce%b5","status":"publish","type":"product","link":"https:\/\/stem-eshop.gr\/sl\/izdelek\/%ce%be%cf%8d%ce%bb%ce%b9%ce%bd%ce%b1-%ce%b5%ce%ba%cf%80%ce%b1%ce%b9%ce%b4%ce%b5%cf%85%cf%84%ce%b9%ce%ba%ce%ac-%cf%80%ce%b1%ce%b9%cf%87%ce%bd%ce%af%ce%b4%ce%b9%ce%b1-%ce%bc%ce%bf%ce%bd%cf%84%ce%b5\/","title":{"rendered":"Lesene Montessori izobra\u017eevalne igra\u010de za intelektualni razvoj"},"content":{"rendered":"<p>Te igre ponujajo ve\u010ddimenzionalne izku\u0161nje, ki pri otrocih izbolj\u0161ujejo razli\u010dne spretnosti, kot so:<\/p>\n<p>Senzori\u010dni razvoj: Otroci uporabljajo svoja \u010dutila za odkrivanje lastnosti materialov, kot so tekstura, te\u017ea in oblika, kar jim pomaga razvijati senzori\u010dno zaznavanje.<\/p>\n<p>Kognitivni razvoj: Z dejavnostmi, kot so prepoznavanje oblik, barv in vzorcev, se otroci u\u010dijo razumeti svet okoli sebe in razvijajo logi\u010dno mi\u0161ljenje.<\/p>\n<p>Fine motori\u010dne sposobnosti: Igre, kot sta ribolov ali brcanje \u017eoge, pomagajo razvijati fine motori\u010dne sposobnosti, ki so bistvene za ve\u0161\u010dine, kot je pisanje.<\/p>\n<p>Re\u0161evanje problemov: Igre, ki vklju\u010dujejo gradnjo ali uganke, spodbujajo spretnosti re\u0161evanja problemov in kriti\u010dno mi\u0161ljenje.<\/p>\n<p>\u010custveni razvoj: Ko otroci dosegajo cilje skozi igro, razvijajo samozavest in neodvisnost.<\/p>\n<p>Lesene igra\u010de Montessori so izdelane iz naravnih materialov, zaradi \u010desar so varne in okolju prijazne. Idealne so za uporabo doma ali v izobra\u017eevalnih okoljih, saj otrokom ponujajo zabaven in pou\u010den na\u010din za razvoj njihovih spretnosti.<\/p>","protected":false},"excerpt":{"rendered":"<p>Lesene izobra\u017eevalne igra\u010de Montessori za intelektualni razvoj so zasnovane na podlagi na\u010del Montessori, ki se osredoto\u010dajo na otrokovo avtonomijo, raziskovanje in prakti\u010dno u\u010denje.<\/p>","protected":false},"featured_media":3804,"comment_status":"open","ping_status":"closed","template":"","meta":{"site-sidebar-layout":"default","site-content-layout":"","ast-site-content-layout":"default","site-content-style":"default","site-sidebar-style":"default","ast-global-header-display":"","ast-banner-title-visibility":"","ast-main-header-display":"","ast-hfb-above-header-display":"","ast-hfb-below-header-display":"","ast-hfb-mobile-header-display":"","site-post-title":"","ast-breadcrumbs-content":"","ast-featured-img":"","footer-sml-layout":"","ast-disable-related-posts":"","theme-transparent-header-meta":"","adv-header-id-meta":"","stick-header-meta":"","header-above-stick-meta":"","header-main-stick-meta":"","header-below-stick-meta":"","astra-migrate-meta-layouts":"default","ast-page-background-enabled":"default","ast-page-background-meta":{"desktop":{"background-color":"var(--ast-global-color-5)","background-image":"","background-repeat":"repeat","background-position":"center center","background-size":"auto","background-attachment":"scroll","background-type":"","background-media":"","overlay-type":"","overlay-color":"","overlay-opacity":"","overlay-gradient":""},"tablet":{"background-color":"","background-image":"","background-repeat":"repeat","background-position":"center center","background-size":"auto","background-attachment":"scroll","background-type":"","background-media":"","overlay-type":"","overlay-color":"","overlay-opacity":"","overlay-gradient":""},"mobile":{"background-color":"","background-image":"","background-repeat":"repeat","background-position":"center center","background-size":"auto","background-attachment":"scroll","background-type":"","background-media":"","overlay-type":"","overlay-color":"","overlay-opacity":"","overlay-gradient":""}},"ast-content-background-meta":{"desktop":{"background-color":"var(--ast-global-color-4)","background-image":"","background-repeat":"repeat","background-position":"center center","background-size":"auto","background-attachment":"scroll","background-type":"","background-media":"","overlay-type":"","overlay-color":"","overlay-opacity":"","overlay-gradient":""},"tablet":{"background-color":"var(--ast-global-color-4)","background-image":"","background-repeat":"repeat","background-position":"center center","background-size":"auto","background-attachment":"scroll","background-type":"","background-media":"","overlay-type":"","overlay-color":"","overlay-opacity":"","overlay-gradient":""},"mobile":{"background-color":"var(--ast-global-color-4)","background-image":"","background-repeat":"repeat","background-position":"center center","background-size":"auto","background-attachment":"scroll","background-type":"","background-media":"","overlay-type":"","overlay-color":"","overlay-opacity":"","overlay-gradient":""}}},"product_brand":[107],"product_cat":[43,39,50,56,47,37,30,55,26],"product_tag":[],"class_list":{"0":"post-6316","1":"product","2":"type-product","3":"status-publish","4":"has-post-thumbnail","6":"product_brand-ngs","7":"product_cat-43","8":"product_cat-39","9":"product_cat-50","10":"product_cat-56","11":"product_cat-47","12":"product_cat-37","13":"product_cat--6-9-","14":"product_cat-55","15":"product_cat-26","16":"desktop-align-left","17":"tablet-align-left","18":"mobile-align-left","20":"first","21":"instock","22":"taxable","23":"shipping-taxable","24":"purchasable","25":"product-type-simple"},"_links":{"self":[{"href":"https:\/\/stem-eshop.gr\/sl\/wp-json\/wp\/v2\/product\/6316","targetHints":{"allow":["GET"]}}],"collection":[{"href":"https:\/\/stem-eshop.gr\/sl\/wp-json\/wp\/v2\/product"}],"about":[{"href":"https:\/\/stem-eshop.gr\/sl\/wp-json\/wp\/v2\/types\/product"}],"replies":[{"embeddable":true,"href":"https:\/\/stem-eshop.gr\/sl\/wp-json\/wp\/v2\/comments?post=6316"}],"wp:featuredmedia":[{"embeddable":true,"href":"https:\/\/stem-eshop.gr\/sl\/wp-json\/wp\/v2\/media\/3804"}],"wp:attachment":[{"href":"https:\/\/stem-eshop.gr\/sl\/wp-json\/wp\/v2\/media?parent=6316"}],"wp:term":[{"taxonomy":"product_brand","embeddable":true,"href":"https:\/\/stem-eshop.gr\/sl\/wp-json\/wp\/v2\/product_brand?post=6316"},{"taxonomy":"product_cat","embeddable":true,"href":"https:\/\/stem-eshop.gr\/sl\/wp-json\/wp\/v2\/product_cat?post=6316"},{"taxonomy":"product_tag","embeddable":true,"href":"https:\/\/stem-eshop.gr\/sl\/wp-json\/wp\/v2\/product_tag?post=6316"}],"curies":[{"name":"wp","href":"https:\/\/api.w.org\/{rel}","templated":true}]}}