{"id":6301,"date":"2025-05-19T07:28:20","date_gmt":"2025-05-19T07:28:20","guid":{"rendered":"https:\/\/stem-eshop.gr\/product\/lego-education-my-xl-world\/"},"modified":"2025-10-23T11:13:45","modified_gmt":"2025-10-23T08:13:45","slug":"lego-education-my-xl-world","status":"publish","type":"product","link":"https:\/\/stem-eshop.gr\/sl\/izdelek\/lego-education-my-xl-world\/","title":{"rendered":"LEGO Education Moj XL svet"},"content":{"rendered":"<p><span style=\"color: #0d0d0d;font-family: 'ui-sans-serif', '-apple-system', 'system-ui', 'Segoe UI', Roboto, Ubuntu, Cantarell, 'Noto Sans', sans-serif, Helvetica, 'Apple Color Emoji', Arial, 'Segoe UI Emoji', 'Segoe UI Symbol';font-size: 16px;background-color: #ffffff\">LEGO\u00ae Education My XL World je komplet LEGO\u00ae kock in figur, ki vklju\u010duje materiale za gradnjo razli\u010dnih tematskih scenarijev, kot so hi\u0161e, \u0161ole, trgovine in drugi elementi vsakdanjega \u017eivljenja. Komplet vsebuje vodnike po dejavnostih in igralne scenarije, zasnovane za spodbujanje u\u010denja skozi raziskovanje in domi\u0161ljijo.<\/span><\/p>","protected":false},"excerpt":{"rendered":"<p><span style=\"color: #0d0d0d;font-family: 'ui-sans-serif', '-apple-system', 'system-ui', 'Segoe UI', Roboto, Ubuntu, Cantarell, 'Noto Sans', sans-serif, Helvetica, 'Apple Color Emoji', Arial, 'Segoe UI Emoji', 'Segoe UI Symbol';font-size: 16px;background-color: #ffffff\">LEGO\u00ae Education My XL World je izobra\u017eevalni pripomo\u010dek, katerega cilj je pomagati pred\u0161olskim otrokom razvijati njihove socialne ve\u0161\u010dine, razumevanje sveta okoli njih in sodelovanje. Skozi igro z LEGO\u00ae kockami lahko otroci raziskujejo razli\u010dne teme in situacije vsakdanjega \u017eivljenja, hkrati pa razvijajo svojo ustvarjalnost in osnovne spretnosti.<\/span><\/p>","protected":false},"featured_media":3723,"comment_status":"open","ping_status":"closed","template":"","meta":{"site-sidebar-layout":"default","site-content-layout":"","ast-site-content-layout":"default","site-content-style":"default","site-sidebar-style":"default","ast-global-header-display":"","ast-banner-title-visibility":"","ast-main-header-display":"","ast-hfb-above-header-display":"","ast-hfb-below-header-display":"","ast-hfb-mobile-header-display":"","site-post-title":"","ast-breadcrumbs-content":"","ast-featured-img":"","footer-sml-layout":"","ast-disable-related-posts":"","theme-transparent-header-meta":"default","adv-header-id-meta":"","stick-header-meta":"","header-above-stick-meta":"","header-main-stick-meta":"","header-below-stick-meta":"","astra-migrate-meta-layouts":"set","ast-page-background-enabled":"default","ast-page-background-meta":{"desktop":{"background-color":"var(--ast-global-color-5)","background-image":"","background-repeat":"repeat","background-position":"center center","background-size":"auto","background-attachment":"scroll","background-type":"","background-media":"","overlay-type":"","overlay-color":"","overlay-opacity":"","overlay-gradient":""},"tablet":{"background-color":"","background-image":"","background-repeat":"repeat","background-position":"center center","background-size":"auto","background-attachment":"scroll","background-type":"","background-media":"","overlay-type":"","overlay-color":"","overlay-opacity":"","overlay-gradient":""},"mobile":{"background-color":"","background-image":"","background-repeat":"repeat","background-position":"center center","background-size":"auto","background-attachment":"scroll","background-type":"","background-media":"","overlay-type":"","overlay-color":"","overlay-opacity":"","overlay-gradient":""}},"ast-content-background-meta":{"desktop":{"background-color":"var(--ast-global-color-4)","background-image":"","background-repeat":"repeat","background-position":"center center","background-size":"auto","background-attachment":"scroll","background-type":"","background-media":"","overlay-type":"","overlay-color":"","overlay-opacity":"","overlay-gradient":""},"tablet":{"background-color":"var(--ast-global-color-4)","background-image":"","background-repeat":"repeat","background-position":"center center","background-size":"auto","background-attachment":"scroll","background-type":"","background-media":"","overlay-type":"","overlay-color":"","overlay-opacity":"","overlay-gradient":""},"mobile":{"background-color":"var(--ast-global-color-4)","background-image":"","background-repeat":"repeat","background-position":"center center","background-size":"auto","background-attachment":"scroll","background-type":"","background-media":"","overlay-type":"","overlay-color":"","overlay-opacity":"","overlay-gradient":""}}},"product_brand":[105],"product_cat":[43,29,56,30,26,48,59],"product_tag":[],"class_list":{"0":"post-6301","1":"product","2":"type-product","3":"status-publish","4":"has-post-thumbnail","6":"product_brand-lego","7":"product_cat-43","8":"product_cat-29","9":"product_cat-56","10":"product_cat--6-9-","11":"product_cat-26","12":"product_cat-48","13":"product_cat-59","14":"desktop-align-left","15":"tablet-align-left","16":"mobile-align-left","18":"first","19":"instock","20":"taxable","21":"shipping-taxable","22":"purchasable","23":"product-type-simple"},"_links":{"self":[{"href":"https:\/\/stem-eshop.gr\/sl\/wp-json\/wp\/v2\/product\/6301","targetHints":{"allow":["GET"]}}],"collection":[{"href":"https:\/\/stem-eshop.gr\/sl\/wp-json\/wp\/v2\/product"}],"about":[{"href":"https:\/\/stem-eshop.gr\/sl\/wp-json\/wp\/v2\/types\/product"}],"replies":[{"embeddable":true,"href":"https:\/\/stem-eshop.gr\/sl\/wp-json\/wp\/v2\/comments?post=6301"}],"wp:featuredmedia":[{"embeddable":true,"href":"https:\/\/stem-eshop.gr\/sl\/wp-json\/wp\/v2\/media\/3723"}],"wp:attachment":[{"href":"https:\/\/stem-eshop.gr\/sl\/wp-json\/wp\/v2\/media?parent=6301"}],"wp:term":[{"taxonomy":"product_brand","embeddable":true,"href":"https:\/\/stem-eshop.gr\/sl\/wp-json\/wp\/v2\/product_brand?post=6301"},{"taxonomy":"product_cat","embeddable":true,"href":"https:\/\/stem-eshop.gr\/sl\/wp-json\/wp\/v2\/product_cat?post=6301"},{"taxonomy":"product_tag","embeddable":true,"href":"https:\/\/stem-eshop.gr\/sl\/wp-json\/wp\/v2\/product_tag?post=6301"}],"curies":[{"name":"wp","href":"https:\/\/api.w.org\/{rel}","templated":true}]}}