{"id":6291,"date":"2025-05-19T07:28:05","date_gmt":"2025-05-19T07:28:05","guid":{"rendered":"https:\/\/stem-eshop.gr\/product\/lego-education-storytales\/"},"modified":"2025-10-23T11:11:29","modified_gmt":"2025-10-23T08:11:29","slug":"lego-education-storytales","status":"publish","type":"product","link":"https:\/\/stem-eshop.gr\/sl\/izdelek\/lego-education-storytales\/","title":{"rendered":"LEGO\u00ae Education Pravljice"},"content":{"rendered":"<p>Pomagajte svojim otrokom ustvarjati in pripovedovati \u010dudovite zgodbe s temi neverjetnimi kockami, liki in karticami za ozadje. Ta privla\u010den in enostaven paket spodbuja ustvarjalnost, pripovedovanje zgodb in prepri\u010devanje domiselnih zgodb. LEGO Education StoryTales temelji na pravljici o kozli\u010dku Billyju Scruffu.<\/p>\n<p>Komplet vsebuje tri platforme, ki jih je mogo\u010de uporabiti s petimi dvostranskimi prizori. Te elemente je mogo\u010de uporabiti za pripovedovanje zgodbe od za\u010detka do konca, izbiro klju\u010dnih prizorov ali celo za vznemirljivo prosto pripovedovanje zgodb, v katerem si otroci lahko predstavljajo in uprizarjajo svoje zgodbe.<\/p>\n<p>Ta komplet je zasnovan za pou\u010devanje na\u010del pripovedovanja zgodb in pomo\u010d pri razvoju jezika. Uporablja se lahko na \u0161tevilnih podro\u010djih u\u010dnega na\u010drta. Komplet je zasnovan za najmanj \u0161tiri otroke in vsebuje vrsto dejavnosti, ki jih bodo navdihnile.<\/p>\n<p>Zna\u010dilnosti:<\/p>\n<p>Posebej zasnovano za pripovedovanje zgodb<\/p>\n<p>Vklju\u010duje 3 gradbene plo\u0161\u010de in 5 dvostranskih prizorov ter kocke<\/p>\n<p>Spodbuja socialno-\u010dustveni razvoj, otroci sodelujejo pri pripovedovanju in ponavljanju vsake zgodbe.<\/p>","protected":false},"excerpt":{"rendered":"<p>Pomagajte svojim otrokom ustvarjati in pripovedovati \u010dudovite zgodbe s temi neverjetnimi kockami, liki in karticami za ozadje. Ta privla\u010den in enostaven komplet spodbuja ustvarjalnost, pripovedovanje zgodb in prepri\u010devanje domiselnih zgodb. LEGO Education StoryTales temelji na pravljici o kozli\u010dku Billyju Scruffu. Komplet vsebuje tri platforme, ki jih je mogo\u010de uporabiti s petimi dvostranskimi prizori.<\/p>","protected":false},"featured_media":3605,"comment_status":"open","ping_status":"closed","template":"","meta":{"site-sidebar-layout":"default","site-content-layout":"","ast-site-content-layout":"default","site-content-style":"default","site-sidebar-style":"default","ast-global-header-display":"","ast-banner-title-visibility":"","ast-main-header-display":"","ast-hfb-above-header-display":"","ast-hfb-below-header-display":"","ast-hfb-mobile-header-display":"","site-post-title":"","ast-breadcrumbs-content":"","ast-featured-img":"","footer-sml-layout":"","ast-disable-related-posts":"","theme-transparent-header-meta":"default","adv-header-id-meta":"","stick-header-meta":"","header-above-stick-meta":"","header-main-stick-meta":"","header-below-stick-meta":"","astra-migrate-meta-layouts":"set","ast-page-background-enabled":"default","ast-page-background-meta":{"desktop":{"background-color":"var(--ast-global-color-5)","background-image":"","background-repeat":"repeat","background-position":"center center","background-size":"auto","background-attachment":"scroll","background-type":"","background-media":"","overlay-type":"","overlay-color":"","overlay-opacity":"","overlay-gradient":""},"tablet":{"background-color":"","background-image":"","background-repeat":"repeat","background-position":"center center","background-size":"auto","background-attachment":"scroll","background-type":"","background-media":"","overlay-type":"","overlay-color":"","overlay-opacity":"","overlay-gradient":""},"mobile":{"background-color":"","background-image":"","background-repeat":"repeat","background-position":"center center","background-size":"auto","background-attachment":"scroll","background-type":"","background-media":"","overlay-type":"","overlay-color":"","overlay-opacity":"","overlay-gradient":""}},"ast-content-background-meta":{"desktop":{"background-color":"var(--ast-global-color-4)","background-image":"","background-repeat":"repeat","background-position":"center center","background-size":"auto","background-attachment":"scroll","background-type":"","background-media":"","overlay-type":"","overlay-color":"","overlay-opacity":"","overlay-gradient":""},"tablet":{"background-color":"var(--ast-global-color-4)","background-image":"","background-repeat":"repeat","background-position":"center center","background-size":"auto","background-attachment":"scroll","background-type":"","background-media":"","overlay-type":"","overlay-color":"","overlay-opacity":"","overlay-gradient":""},"mobile":{"background-color":"var(--ast-global-color-4)","background-image":"","background-repeat":"repeat","background-position":"center center","background-size":"auto","background-attachment":"scroll","background-type":"","background-media":"","overlay-type":"","overlay-color":"","overlay-opacity":"","overlay-gradient":""}}},"product_brand":[105],"product_cat":[42,43,29,56,30,26],"product_tag":[],"class_list":{"0":"post-6291","1":"product","2":"type-product","3":"status-publish","4":"has-post-thumbnail","6":"product_brand-lego","7":"product_cat-42","8":"product_cat-43","9":"product_cat-29","10":"product_cat-56","11":"product_cat--6-9-","12":"product_cat-26","13":"desktop-align-left","14":"tablet-align-left","15":"mobile-align-left","17":"first","18":"instock","19":"taxable","20":"shipping-taxable","21":"purchasable","22":"product-type-simple"},"_links":{"self":[{"href":"https:\/\/stem-eshop.gr\/sl\/wp-json\/wp\/v2\/product\/6291","targetHints":{"allow":["GET"]}}],"collection":[{"href":"https:\/\/stem-eshop.gr\/sl\/wp-json\/wp\/v2\/product"}],"about":[{"href":"https:\/\/stem-eshop.gr\/sl\/wp-json\/wp\/v2\/types\/product"}],"replies":[{"embeddable":true,"href":"https:\/\/stem-eshop.gr\/sl\/wp-json\/wp\/v2\/comments?post=6291"}],"wp:featuredmedia":[{"embeddable":true,"href":"https:\/\/stem-eshop.gr\/sl\/wp-json\/wp\/v2\/media\/3605"}],"wp:attachment":[{"href":"https:\/\/stem-eshop.gr\/sl\/wp-json\/wp\/v2\/media?parent=6291"}],"wp:term":[{"taxonomy":"product_brand","embeddable":true,"href":"https:\/\/stem-eshop.gr\/sl\/wp-json\/wp\/v2\/product_brand?post=6291"},{"taxonomy":"product_cat","embeddable":true,"href":"https:\/\/stem-eshop.gr\/sl\/wp-json\/wp\/v2\/product_cat?post=6291"},{"taxonomy":"product_tag","embeddable":true,"href":"https:\/\/stem-eshop.gr\/sl\/wp-json\/wp\/v2\/product_tag?post=6291"}],"curies":[{"name":"wp","href":"https:\/\/api.w.org\/{rel}","templated":true}]}}