{"id":5798,"date":"2025-05-09T10:33:50","date_gmt":"2025-05-09T10:33:50","guid":{"rendered":"https:\/\/stem-eshop.gr\/?page_id=5798"},"modified":"2025-05-16T10:46:16","modified_gmt":"2025-05-16T10:46:16","slug":"%cf%84%cf%81%cf%8c%cf%80%ce%bf%ce%b9-%ce%b1%cf%80%ce%bf%cf%83%cf%84%ce%bf%ce%bb%ce%ae%cf%82","status":"publish","type":"page","link":"https:\/\/stem-eshop.gr\/sl\/%cf%84%cf%81%cf%8c%cf%80%ce%bf%ce%b9-%ce%b1%cf%80%ce%bf%cf%83%cf%84%ce%bf%ce%bb%ce%ae%cf%82\/","title":{"rendered":"Na\u010dini po\u0161iljanja"},"content":{"rendered":"<div data-elementor-type=\"wp-page\" data-elementor-id=\"5798\" class=\"elementor elementor-5798\" data-elementor-post-type=\"page\">\n\t\t\t\t<div class=\"elementor-element elementor-element-09d3dd8 e-flex e-con-boxed e-con e-parent\" data-id=\"09d3dd8\" data-element_type=\"container\" data-e-type=\"container\">\n\t\t\t\t\t<div class=\"e-con-inner\">\n\t\t\t\t<div class=\"elementor-element elementor-element-8b7be85 elementor-widget elementor-widget-text-editor\" data-id=\"8b7be85\" data-element_type=\"widget\" data-e-type=\"widget\" data-widget_type=\"text-editor.default\">\n\t\t\t\t<div class=\"elementor-widget-container\">\n\t\t\t\t\t\t\t\t\t<p style=\"font-weight: 400;\"><b><strong>Dostava izdelkov \u2013 na\u010dini dostave<\/strong><\/b><\/p><p style=\"font-weight: 400;\">Dobavni rok izbranih izdelkov je odvisen od razpolo\u017eljivosti naro\u010denih izdelkov in obmo\u010dja dostave, ki ste ga izbrali. V primeru pla\u010dila s kreditno kartico je ob prejemu naro\u010dila potrebna va\u0161a osebna prisotnost, pri kateri dostavljavcu poka\u017eete svojo identiteto.<\/p><p style=\"font-weight: 400;\">ALI\u00a0<a href=\"https:\/\/stem-eshop.gr\/sl\/\">stem-eshop.gr<\/a> ne odgovarja za morebitne zamude zaradi vi\u0161je sile ali dogodkov, na katere nima vpliva. Na primer, na\u0161e podjetje ne odgovarja za vzroke zamud pri dostavi zaradi zamud na carini, vmesnih obmo\u010djih natovarjanja in raztovarjanja, prepovedi plovbe, stavk prevoznih sredstev ali drugih vrst stavk, ki vplivajo na dostavo izdelkov v skladi\u0161\u010da na\u0161ega podjetja s strani na\u0161ih dobaviteljev itd.<\/p><p style=\"font-weight: 400;\">V primeru kakr\u0161ne koli zamude si bo na\u0161e podjetje po najbolj\u0161ih mo\u010deh prizadevalo, da vas kontaktira na podatke, ki ste jih posredovali, da vas obvestimo in se z vami dogovorimo o novi dostavi ali dostavi drugega izdelka. \u010ceprav na\u0161e podjetje sprejema vse mo\u017ene ukrepe, da se odzove na va\u0161o potrebo po informacijah v zvezi z morebitno nerazpolo\u017eljivostjo izdelka, obstaja mo\u017enost, da pride do nepri\u010dakovanega pomanjkanja ali nerazpolo\u017eljivosti izdelka pri na\u0161ih dobaviteljih tudi po potrditvi va\u0161ega naro\u010dila. V tem primeru si bo na\u0161e podjetje ponovno po najbolj\u0161ih mo\u010deh prizadevalo, da vas kontaktira na podatke, ki ste jih posredovali, da vas obvestimo o morebitni popolnosti in se z vami dogovorimo o novi dostavi ali dostavi drugega izdelka ali preklicu naro\u010dila brez kazni za obe strani in z brezobrestnim vra\u010dilom morebitnega pla\u010danega denarja v razumnem roku.<\/p><p style=\"font-weight: 400;\">Dostava izdelkov znotraj Gr\u010dije poteka prek kurirskih slu\u017eb ELTA in BOXNOW.<\/p>\t\t\t\t\t\t\t\t<\/div>\n\t\t\t\t<\/div>\n\t\t\t\t\t<\/div>\n\t\t\t\t<\/div>\n\t\t\t\t<\/div>","protected":false},"excerpt":{"rendered":"<p>\u03a0\u03b1\u03c1\u03ac\u03b4\u03bf\u03c3\u03b7 \u03a0\u03c1\u03bf\u03ca\u03cc\u03bd\u03c4\u03c9\u03bd \u2013 \u03a4\u03c1\u03cc\u03c0\u03bf\u03b9 \u0391\u03c0\u03bf\u03c3\u03c4\u03bf\u03bb\u03ae\u03c2 \u039f \u03c7\u03c1\u03cc\u03bd\u03bf\u03c2 \u03c0\u03b1\u03c1\u03ac\u03b4\u03bf\u03c3\u03b7\u03c2 \u03c4\u03c9\u03bd \u03c0\u03c1\u03bf\u03ca\u03cc\u03bd\u03c4\u03c9\u03bd \u03c0\u03bf\u03c5 \u03b5\u03c0\u03b9\u03bb\u03ad\u03be\u03b1\u03c4\u03b5, \u03b5\u03be\u03b1\u03c1\u03c4\u03ac\u03c4\u03b1\u03b9 \u03b1\u03c0\u03cc \u03c4\u03b7\u03bd \u03b4\u03b9\u03b1\u03b8\u03b5\u03c3\u03b9\u03bc\u03cc\u03c4\u03b7\u03c4\u03b1 \u03c4\u03c9\u03bd \u03c0\u03c1\u03bf\u03ca\u03cc\u03bd\u03c4\u03c9\u03bd \u03c0\u03bf\u03c5 \u03ad\u03c7\u03b5\u03c4\u03b5 [&hellip;]<\/p>\n","protected":false},"author":1,"featured_media":0,"parent":0,"menu_order":0,"comment_status":"closed","ping_status":"closed","template":"","meta":{"site-sidebar-layout":"no-sidebar","site-content-layout":"","ast-site-content-layout":"full-width-container","site-content-style":"default","site-sidebar-style":"default","ast-global-header-display":"","ast-banner-title-visibility":"","ast-main-header-display":"","ast-hfb-above-header-display":"","ast-hfb-below-header-display":"","ast-hfb-mobile-header-display":"","site-post-title":"disabled","ast-breadcrumbs-content":"","ast-featured-img":"disabled","footer-sml-layout":"","ast-disable-related-posts":"","theme-transparent-header-meta":"","adv-header-id-meta":"","stick-header-meta":"","header-above-stick-meta":"","header-main-stick-meta":"","header-below-stick-meta":"","astra-migrate-meta-layouts":"default","ast-page-background-enabled":"default","ast-page-background-meta":{"desktop":{"background-color":"var(--ast-global-color-5)","background-image":"","background-repeat":"repeat","background-position":"center center","background-size":"auto","background-attachment":"scroll","background-type":"","background-media":"","overlay-type":"","overlay-color":"","overlay-opacity":"","overlay-gradient":""},"tablet":{"background-color":"","background-image":"","background-repeat":"repeat","background-position":"center center","background-size":"auto","background-attachment":"scroll","background-type":"","background-media":"","overlay-type":"","overlay-color":"","overlay-opacity":"","overlay-gradient":""},"mobile":{"background-color":"","background-image":"","background-repeat":"repeat","background-position":"center center","background-size":"auto","background-attachment":"scroll","background-type":"","background-media":"","overlay-type":"","overlay-color":"","overlay-opacity":"","overlay-gradient":""}},"ast-content-background-meta":{"desktop":{"background-color":"var(--ast-global-color-4)","background-image":"","background-repeat":"repeat","background-position":"center center","background-size":"auto","background-attachment":"scroll","background-type":"","background-media":"","overlay-type":"","overlay-color":"","overlay-opacity":"","overlay-gradient":""},"tablet":{"background-color":"var(--ast-global-color-4)","background-image":"","background-repeat":"repeat","background-position":"center center","background-size":"auto","background-attachment":"scroll","background-type":"","background-media":"","overlay-type":"","overlay-color":"","overlay-opacity":"","overlay-gradient":""},"mobile":{"background-color":"var(--ast-global-color-4)","background-image":"","background-repeat":"repeat","background-position":"center center","background-size":"auto","background-attachment":"scroll","background-type":"","background-media":"","overlay-type":"","overlay-color":"","overlay-opacity":"","overlay-gradient":""}},"footnotes":""},"class_list":["post-5798","page","type-page","status-publish","hentry"],"_links":{"self":[{"href":"https:\/\/stem-eshop.gr\/sl\/wp-json\/wp\/v2\/pages\/5798","targetHints":{"allow":["GET"]}}],"collection":[{"href":"https:\/\/stem-eshop.gr\/sl\/wp-json\/wp\/v2\/pages"}],"about":[{"href":"https:\/\/stem-eshop.gr\/sl\/wp-json\/wp\/v2\/types\/page"}],"author":[{"embeddable":true,"href":"https:\/\/stem-eshop.gr\/sl\/wp-json\/wp\/v2\/users\/1"}],"replies":[{"embeddable":true,"href":"https:\/\/stem-eshop.gr\/sl\/wp-json\/wp\/v2\/comments?post=5798"}],"version-history":[{"count":10,"href":"https:\/\/stem-eshop.gr\/sl\/wp-json\/wp\/v2\/pages\/5798\/revisions"}],"predecessor-version":[{"id":5921,"href":"https:\/\/stem-eshop.gr\/sl\/wp-json\/wp\/v2\/pages\/5798\/revisions\/5921"}],"wp:attachment":[{"href":"https:\/\/stem-eshop.gr\/sl\/wp-json\/wp\/v2\/media?parent=5798"}],"curies":[{"name":"wp","href":"https:\/\/api.w.org\/{rel}","templated":true}]}}