{"id":8359,"date":"2025-05-23T13:31:48","date_gmt":"2025-05-23T10:31:48","guid":{"rendered":"https:\/\/stem-eshop.gr\/?post_type=product&#038;p=8359"},"modified":"2025-06-24T11:22:24","modified_gmt":"2025-06-24T08:22:24","slug":"30-models-motorized-set-multi-model-set","status":"publish","type":"product","link":"https:\/\/stem-eshop.gr\/sk\/produkt\/30-models-motorized-set-multi-model-set\/","title":{"rendered":"30 MODELOV MOTORIZOVANEJ S\u00daPRAVY - VIACMODELOV\u00c1 S\u00daPRAVA"},"content":{"rendered":"<p>Pou\u017e\u00edva sa klasick\u00fd kon\u0161truk\u010dn\u00fd syst\u00e9m, tak\u017ee s\u00fapravy s\u00fa vhodn\u00e9 pre 6-ro\u010dn\u00e9 deti a predstavuj\u00fa most medzi radmi Qboidz a Mechanics. Rozvoj kreativity je hlavn\u00fdm cie\u013eom tohto radu, ktor\u00fd za\u010d\u00edna od s\u00e1d s 10 modelmi a pokra\u010duje a\u017e po sady so 120 modelmi!<\/p>\n<p>V\u0161etky sady 30 a viac modelov obsahuj\u00fa nov\u00fd dvojr\u00fdchlostn\u00fd motor ENGINO\u00ae na kon\u0161trukcie aktivovan\u00e9 pohybom, od \u00e1ut po \u017eeriavy, dinosaury a helikopt\u00e9ry. Jedin\u00fdm obmedzen\u00edm je detsk\u00e1 fant\u00e1zia!<\/p>","protected":false},"excerpt":{"rendered":"<p>Nov\u00fd rad CREATIVE BUILDER - Multimodel je najnov\u0161\u00edm vylep\u0161en\u00edm \u00faspe\u0161n\u00e9ho radu INVENTOR 2017, ktor\u00fd predstavuje to najlep\u0161ie z ENGINO\u00ae: mo\u017enos\u0165 r\u00fdchlo a jednoducho postavi\u0165 \u010do najviac modelov!<\/p>","protected":false},"featured_media":8367,"comment_status":"open","ping_status":"closed","template":"","meta":{"site-sidebar-layout":"default","site-content-layout":"","ast-site-content-layout":"default","site-content-style":"default","site-sidebar-style":"default","ast-global-header-display":"","ast-banner-title-visibility":"","ast-main-header-display":"","ast-hfb-above-header-display":"","ast-hfb-below-header-display":"","ast-hfb-mobile-header-display":"","site-post-title":"","ast-breadcrumbs-content":"","ast-featured-img":"","footer-sml-layout":"","ast-disable-related-posts":"","theme-transparent-header-meta":"default","adv-header-id-meta":"","stick-header-meta":"","header-above-stick-meta":"","header-main-stick-meta":"","header-below-stick-meta":"","astra-migrate-meta-layouts":"set","ast-page-background-enabled":"default","ast-page-background-meta":{"desktop":{"background-color":"var(--ast-global-color-5)","background-image":"","background-repeat":"repeat","background-position":"center center","background-size":"auto","background-attachment":"scroll","background-type":"","background-media":"","overlay-type":"","overlay-color":"","overlay-opacity":"","overlay-gradient":""},"tablet":{"background-color":"","background-image":"","background-repeat":"repeat","background-position":"center center","background-size":"auto","background-attachment":"scroll","background-type":"","background-media":"","overlay-type":"","overlay-color":"","overlay-opacity":"","overlay-gradient":""},"mobile":{"background-color":"","background-image":"","background-repeat":"repeat","background-position":"center center","background-size":"auto","background-attachment":"scroll","background-type":"","background-media":"","overlay-type":"","overlay-color":"","overlay-opacity":"","overlay-gradient":""}},"ast-content-background-meta":{"desktop":{"background-color":"var(--ast-global-color-4)","background-image":"","background-repeat":"repeat","background-position":"center center","background-size":"auto","background-attachment":"scroll","background-type":"","background-media":"","overlay-type":"","overlay-color":"","overlay-opacity":"","overlay-gradient":""},"tablet":{"background-color":"var(--ast-global-color-4)","background-image":"","background-repeat":"repeat","background-position":"center center","background-size":"auto","background-attachment":"scroll","background-type":"","background-media":"","overlay-type":"","overlay-color":"","overlay-opacity":"","overlay-gradient":""},"mobile":{"background-color":"var(--ast-global-color-4)","background-image":"","background-repeat":"repeat","background-position":"center center","background-size":"auto","background-attachment":"scroll","background-type":"","background-media":"","overlay-type":"","overlay-color":"","overlay-opacity":"","overlay-gradient":""}}},"product_brand":[95],"product_cat":[43,52,29,32,57,35,30,34,59],"product_tag":[],"class_list":{"0":"post-8359","1":"product","2":"type-product","3":"status-publish","4":"has-post-thumbnail","6":"product_brand-engino","7":"product_cat-43","8":"product_cat-52","9":"product_cat-29","10":"product_cat-32","11":"product_cat-57","12":"product_cat--10-12-","13":"product_cat--6-9-","14":"product_cat-34","15":"product_cat-59","16":"desktop-align-left","17":"tablet-align-left","18":"mobile-align-left","20":"first","21":"instock","22":"taxable","23":"shipping-taxable","24":"purchasable","25":"product-type-simple"},"_links":{"self":[{"href":"https:\/\/stem-eshop.gr\/sk\/wp-json\/wp\/v2\/product\/8359","targetHints":{"allow":["GET"]}}],"collection":[{"href":"https:\/\/stem-eshop.gr\/sk\/wp-json\/wp\/v2\/product"}],"about":[{"href":"https:\/\/stem-eshop.gr\/sk\/wp-json\/wp\/v2\/types\/product"}],"replies":[{"embeddable":true,"href":"https:\/\/stem-eshop.gr\/sk\/wp-json\/wp\/v2\/comments?post=8359"}],"wp:featuredmedia":[{"embeddable":true,"href":"https:\/\/stem-eshop.gr\/sk\/wp-json\/wp\/v2\/media\/8367"}],"wp:attachment":[{"href":"https:\/\/stem-eshop.gr\/sk\/wp-json\/wp\/v2\/media?parent=8359"}],"wp:term":[{"taxonomy":"product_brand","embeddable":true,"href":"https:\/\/stem-eshop.gr\/sk\/wp-json\/wp\/v2\/product_brand?post=8359"},{"taxonomy":"product_cat","embeddable":true,"href":"https:\/\/stem-eshop.gr\/sk\/wp-json\/wp\/v2\/product_cat?post=8359"},{"taxonomy":"product_tag","embeddable":true,"href":"https:\/\/stem-eshop.gr\/sk\/wp-json\/wp\/v2\/product_tag?post=8359"}],"curies":[{"name":"wp","href":"https:\/\/api.w.org\/{rel}","templated":true}]}}