{"id":6859,"date":"2025-05-19T08:54:44","date_gmt":"2025-05-19T08:54:44","guid":{"rendered":"https:\/\/stem-eshop.gr\/product\/steam-%ce%ad%ce%bd%ce%b1-%cf%87%cf%81%ce%bf%ce%bd%ce%b9%ce%ba%cf%8c-%cf%84%ce%ad%cf%87%ce%bd%ce%b7%cf%82-%ce%b5%cf%80%ce%b9%cf%83%cf%84%ce%ae%ce%bc%ce%b7%cf%82-%ce%ba%ce%b1%ce%b9-%ce%b2%ce%b9%cf%89\/"},"modified":"2025-05-22T21:13:35","modified_gmt":"2025-05-22T18:13:35","slug":"steam-%ce%ad%ce%bd%ce%b1-%cf%87%cf%81%ce%bf%ce%bd%ce%b9%ce%ba%cf%8c-%cf%84%ce%ad%cf%87%ce%bd%ce%b7%cf%82-%ce%b5%cf%80%ce%b9%cf%83%cf%84%ce%ae%ce%bc%ce%b7%cf%82-%ce%ba%ce%b1%ce%b9-%ce%b2%ce%b9%cf%89","status":"publish","type":"product","link":"https:\/\/stem-eshop.gr\/sk\/produkt\/steam-%ce%ad%ce%bd%ce%b1-%cf%87%cf%81%ce%bf%ce%bd%ce%b9%ce%ba%cf%8c-%cf%84%ce%ad%cf%87%ce%bd%ce%b7%cf%82-%ce%b5%cf%80%ce%b9%cf%83%cf%84%ce%ae%ce%bc%ce%b7%cf%82-%ce%ba%ce%b1%ce%b9-%ce%b2%ce%b9%cf%89\/","title":{"rendered":"STEAM: Kronika umenia, vedy a z\u00e1\u017eitkov\u00e9ho u\u010denia v \u0161kole v 2 dejstv\u00e1ch"},"content":{"rendered":"<p><span style=\"color:#212529;font-family:'-apple-system', 'system-ui', BlinkMacSystemFont, 'Segoe UI', Roboto, 'Helvetica Neue', Arial, sans-serif;font-size:17px;background-color:#ffffff\">\u03a4\u03bf \u03b2\u03b9\u03b2\u03bb\u03af\u03bf \u03b1\u03c0\u03bf\u03c4\u03b5\u03bb\u03b5\u03af\u03c4\u03b1\u03b9 \u03b1\u03c0\u03cc \u03b4\u03cd\u03bf \u03bc\u03ad\u03c1\u03b7:<\/span><br style=\"color:#212529;font-family:'-apple-system', 'system-ui', BlinkMacSystemFont, 'Segoe UI', Roboto, 'Helvetica Neue', Arial, sans-serif;font-size:17px;background-color:#ffffff\" \/><span style=\"color:#212529;font-family:'-apple-system', 'system-ui', BlinkMacSystemFont, 'Segoe UI', Roboto, 'Helvetica Neue', Arial, sans-serif;font-size:17px;background-color:#ffffff\">\u03a3\u03c4\u03bf \u03c0\u03c1\u03ce\u03c4\u03bf \u03bc\u03ad\u03c1\u03bf\u03c2 \u03c5\u03c0\u03ac\u03c1\u03c7\u03b5\u03b9 \u03bc\u03b9\u03b1 \u03b1\u03bd\u03ac\u03bb\u03c5\u03c3\u03b7 \u03c4\u03c9\u03bd \u03b2\u03b1\u03c3\u03b9\u03ba\u03ce\u03bd \u03b1\u03c1\u03c7\u03ce\u03bd \u03c4\u03bf\u03c5 STEAM, \u03b4\u03af\u03bd\u03bf\u03bd\u03c4\u03b1\u03c2 \u03bc\u03b9\u03b1 \u03b5\u03c0\u03b9\u03c3\u03ba\u03cc\u03c0\u03b7\u03c3\u03b7 \u03c4\u03c9\u03bd \u03c3\u03c4\u03bf\u03b9\u03c7\u03b5\u03af\u03c9\u03bd \u03c0\u03bf\u03c5 \u03b2\u03bf\u03b7\u03b8\u03bf\u03cd\u03bd \u03c3\u03c4\u03b7 \u03b4\u03b9\u03b1\u03b4\u03b9\u03ba\u03b1\u03c3\u03af\u03b1 \u03c4\u03b7\u03c2 \u03b2\u03b9\u03c9\u03bc\u03b1\u03c4\u03b9\u03ba\u03ae\u03c2 \u03bc\u03ac\u03b8\u03b7\u03c3\u03b7\u03c2 \u03c3\u03c4\u03bf \u03c3\u03c7\u03bf\u03bb\u03b5\u03af\u03bf.<\/span><br style=\"color:#212529;font-family:'-apple-system', 'system-ui', BlinkMacSystemFont, 'Segoe UI', Roboto, 'Helvetica Neue', Arial, sans-serif;font-size:17px;background-color:#ffffff\" \/><span style=\"color:#212529;font-family:'-apple-system', 'system-ui', BlinkMacSystemFont, 'Segoe UI', Roboto, 'Helvetica Neue', Arial, sans-serif;font-size:17px;background-color:#ffffff\">\u03a3\u03c4\u03bf \u03b4\u03b5\u03cd\u03c4\u03b5\u03c1\u03bf \u03bc\u03ad\u03c1\u03bf\u03c2 \u03c5\u03c0\u03ac\u03c1\u03c7\u03bf\u03c5\u03bd \u03c4\u03b1 \u03c0\u03b1\u03c1\u03b1\u03b4\u03b5\u03af\u03b3\u03bc\u03b1\u03c4\u03b1 \u03c0\u03ad\u03bd\u03c4\u03b5 \u03c5\u03bb\u03bf\u03c0\u03bf\u03b9\u03b7\u03bc\u03ad\u03bd\u03c9\u03bd \u03ad\u03c1\u03b3\u03c9\u03bd STEAM \u03b3\u03b9\u03b1 \u03b4\u03b9\u03b1\u03c6\u03bf\u03c1\u03b5\u03c4\u03b9\u03ba\u03ad\u03c2 \u03c4\u03ac\u03be\u03b5\u03b9\u03c2 \u03c4\u03bf\u03c5 \u0394\u03b7\u03bc\u03bf\u03c4\u03b9\u03ba\u03bf\u03cd. \u03a3\u03b5 \u03cc\u03bb\u03b5\u03c2 \u03c4\u03b9\u03c2 \u03c0\u03b5\u03c1\u03b9\u03c0\u03c4\u03ce\u03c3\u03b5\u03b9\u03c2 \u03c4\u03b1 \u03ad\u03c1\u03b3\u03b1 \u03ba\u03b1\u03c4\u03b1\u03bb\u03ae\u03b3\u03bf\u03c5\u03bd \u03c3\u03c4\u03bf \u03b1\u03bd\u03ad\u03b2\u03b1\u03c3\u03bc\u03b1 \u03bc\u03b9\u03b1\u03c2 \u03b8\u03b5\u03b1\u03c4\u03c1\u03b9\u03ba\u03ae\u03c2 \u03c0\u03b1\u03c1\u03ac\u03c3\u03c4\u03b1\u03c3\u03b7\u03c2. <\/span><\/p>\n<p><span style=\"color:#212529;font-family:'-apple-system', 'system-ui', BlinkMacSystemFont, 'Segoe UI', Roboto, 'Helvetica Neue', Arial, sans-serif;font-size:17px;background-color:#ffffff\">\u03a3\u03c5\u03b3\u03b3\u03c1\u03b1\u03c6\u03b5\u03af\u03c2: \u039c\u03c0\u03bb\u03ac\u03ba\u03bf\u03c5 \u0398\u03b5\u03bf\u03b4\u03ce\u03c1\u03b1 <\/span><\/p>\n<p><span style=\"color:#212529;font-family:'-apple-system', 'system-ui', BlinkMacSystemFont, 'Segoe UI', Roboto, 'Helvetica Neue', Arial, sans-serif;font-size:17px;background-color:#ffffff\">\u0394\u03ad\u03c3\u03b9\u03bc\u03bf:<\/span><span style=\"font-weight:600;background-color:#ffffff;font-family:'-apple-system', 'system-ui', BlinkMacSystemFont, 'Segoe UI', Roboto, 'Helvetica Neue', Arial, sans-serif;font-size:1.067rem\">\u00a0<\/span><span style=\"background-color:#ffffff;font-family:'-apple-system', 'system-ui', BlinkMacSystemFont, 'Segoe UI', Roboto, 'Helvetica Neue', Arial, sans-serif;font-size:1.067rem\">\u039c\u03b1\u03bb\u03b1\u03ba\u03cc \u03b5\u03be\u03ce\u03c6\u03c5\u03bb\u03bb\u03bf <\/span><\/p>\n<p><span style=\"background-color:#ffffff;font-family:'-apple-system', 'system-ui', BlinkMacSystemFont, 'Segoe UI', Roboto, 'Helvetica Neue', Arial, sans-serif;font-size:1.067rem\">\u0394\u03b9\u03b1\u03c3\u03c4\u03ac\u03c3\u03b5\u03b9\u03c2: <\/span><span style=\"background-color:#ffffff;font-family:'-apple-system', 'system-ui', BlinkMacSystemFont, 'Segoe UI', Roboto, 'Helvetica Neue', Arial, sans-serif;font-size:1.067rem\">18\u03a725\u03b5\u03ba. <\/span><\/p>\n<p><span style=\"background-color:#ffffff;font-family:'-apple-system', 'system-ui', BlinkMacSystemFont, 'Segoe UI', Roboto, 'Helvetica Neue', Arial, sans-serif;font-size:1.067rem\">\u0388\u03c4\u03bf\u03c2 \u0388\u03ba\u03b4\u03bf\u03c3\u03b7\u03c2:<\/span><span style=\"font-weight:600;background-color:#ffffff;font-family:'-apple-system', 'system-ui', BlinkMacSystemFont, 'Segoe UI', Roboto, 'Helvetica Neue', Arial, sans-serif;font-size:1.067rem\">\u00a0<\/span><span style=\"background-color:#ffffff;font-family:'-apple-system', 'system-ui', BlinkMacSystemFont, 'Segoe UI', Roboto, 'Helvetica Neue', Arial, sans-serif;font-size:1.067rem\">2022 <\/span><\/p>\n<p><span style=\"background-color:#ffffff;font-family:'-apple-system', 'system-ui', BlinkMacSystemFont, 'Segoe UI', Roboto, 'Helvetica Neue', Arial, sans-serif;font-size:1.067rem\">\u03a3\u03b5\u03bb\u03af\u03b4\u03b5\u03c2:<\/span><span style=\"font-weight:600;background-color:#ffffff;font-family:'-apple-system', 'system-ui', BlinkMacSystemFont, 'Segoe UI', Roboto, 'Helvetica Neue', Arial, sans-serif;font-size:1.067rem\">\u00a0<\/span><span style=\"background-color:#ffffff;font-family:'-apple-system', 'system-ui', BlinkMacSystemFont, 'Segoe UI', Roboto, 'Helvetica Neue', Arial, sans-serif;font-size:1.067rem\">166<\/span><\/p>\n<p><span style=\"background-color:#ffffff;font-family:'-apple-system', 'system-ui', BlinkMacSystemFont, 'Segoe UI', Roboto, 'Helvetica Neue', Arial, sans-serif;font-size:1.067rem\">ISBN: 9789605714765<\/span><\/p>","protected":false},"excerpt":{"rendered":"<p><span style=\"color:#212529;font-family:'-apple-system', 'system-ui', BlinkMacSystemFont, 'Segoe UI', Roboto, 'Helvetica Neue', Arial, sans-serif;font-size:17px;background-color:#ffffff\">\u0391\u03c5\u03c4\u03cc \u03c4\u03bf \u03b2\u03b9\u03b2\u03bb\u03af\u03bf \u03c6\u03b9\u03bb\u03bf\u03b4\u03bf\u03be\u03b5\u03af \u03bd\u03b1 \u03b3\u03af\u03bd\u03b5\u03b9 \u03ad\u03bd\u03b1\u03c2 \u03b1\u03c0\u03bb\u03cc\u03c2 \u03bf\u03b4\u03b7\u03b3\u03cc\u03c2 \u03b5\u03be\u03b5\u03c1\u03b5\u03cd\u03bd\u03b7\u03c3\u03b7\u03c2 \u03c4\u03bf\u03c5 \u03ba\u03cc\u03c3\u03bc\u03bf\u03c5 \u03c4\u03bf\u03c5 STEM \u03bc\u03ad\u03c3\u03c9 \u03c4\u03b7\u03c2 \u03a4\u03ad\u03c7\u03bd\u03b7\u03c2 (STEAM) \u03c7\u03c1\u03b7\u03c3\u03b9\u03bc\u03bf\u03c0\u03bf\u03b9\u03ce\u03bd\u03c4\u03b1\u03c2 \u03b4\u03b9\u03b1\u03c3\u03ba\u03b5\u03b4\u03b1\u03c3\u03c4\u03b9\u03ba\u03ad\u03c2 \u03ba\u03b1\u03b9 \u03c0\u03c1\u03bf\u03c3\u03b1\u03c1\u03bc\u03cc\u03c3\u03b9\u03bc\u03b5\u03c2 \u03c0\u03c1\u03b1\u03ba\u03c4\u03b9\u03ba\u03ad\u03c2, \u03b5\u03bb\u03ba\u03c5\u03c3\u03c4\u03b9\u03ba\u03ad\u03c2 \u03c0\u03c1\u03bf\u03c4\u03ac\u03c3\u03b5\u03b9\u03c2 \u03c0\u03bf\u03c5 \u03b5\u03bd\u03b8\u03b1\u03c1\u03c1\u03cd\u03bd\u03bf\u03c5\u03bd \u03c4\u03bf\u03c5\u03c2 \u03bc\u03b1\u03b8\u03b7\u03c4\u03ad\u03c2 \u03c3\u03c4\u03b7\u03bd \u03ba\u03b1\u03c4\u03ac\u03ba\u03c4\u03b7\u03c3\u03b7 \u03bd\u03ad\u03b1\u03c2 \u03b3\u03bd\u03ce\u03c3\u03b7\u03c2 \u03ba\u03b1\u03b9 \u03c4\u03b7\u03bd \u03b1\u03bd\u03b1\u03ba\u03ac\u03bb\u03c5\u03c8\u03b7 \u03c4\u03b7\u03c2 \u03b4\u03b7\u03bc\u03b9\u03bf\u03c5\u03c1\u03b3\u03b9\u03ba\u03cc\u03c4\u03b7\u03c4\u03ac\u03c2 \u03c4\u03bf\u03c5\u03c2.<\/span><br style=\"color:#212529;font-family:'-apple-system', 'system-ui', BlinkMacSystemFont, 'Segoe UI', Roboto, 'Helvetica Neue', Arial, sans-serif;font-size:17px;background-color:#ffffff\" \/><\/p>","protected":false},"featured_media":5008,"comment_status":"open","ping_status":"closed","template":"","meta":{"site-sidebar-layout":"default","site-content-layout":"","ast-site-content-layout":"default","site-content-style":"default","site-sidebar-style":"default","ast-global-header-display":"","ast-banner-title-visibility":"","ast-main-header-display":"","ast-hfb-above-header-display":"","ast-hfb-below-header-display":"","ast-hfb-mobile-header-display":"","site-post-title":"","ast-breadcrumbs-content":"","ast-featured-img":"","footer-sml-layout":"","ast-disable-related-posts":"","theme-transparent-header-meta":"","adv-header-id-meta":"","stick-header-meta":"","header-above-stick-meta":"","header-main-stick-meta":"","header-below-stick-meta":"","astra-migrate-meta-layouts":"default","ast-page-background-enabled":"default","ast-page-background-meta":{"desktop":{"background-color":"var(--ast-global-color-5)","background-image":"","background-repeat":"repeat","background-position":"center center","background-size":"auto","background-attachment":"scroll","background-type":"","background-media":"","overlay-type":"","overlay-color":"","overlay-opacity":"","overlay-gradient":""},"tablet":{"background-color":"","background-image":"","background-repeat":"repeat","background-position":"center center","background-size":"auto","background-attachment":"scroll","background-type":"","background-media":"","overlay-type":"","overlay-color":"","overlay-opacity":"","overlay-gradient":""},"mobile":{"background-color":"","background-image":"","background-repeat":"repeat","background-position":"center center","background-size":"auto","background-attachment":"scroll","background-type":"","background-media":"","overlay-type":"","overlay-color":"","overlay-opacity":"","overlay-gradient":""}},"ast-content-background-meta":{"desktop":{"background-color":"var(--ast-global-color-4)","background-image":"","background-repeat":"repeat","background-position":"center center","background-size":"auto","background-attachment":"scroll","background-type":"","background-media":"","overlay-type":"","overlay-color":"","overlay-opacity":"","overlay-gradient":""},"tablet":{"background-color":"var(--ast-global-color-4)","background-image":"","background-repeat":"repeat","background-position":"center center","background-size":"auto","background-attachment":"scroll","background-type":"","background-media":"","overlay-type":"","overlay-color":"","overlay-opacity":"","overlay-gradient":""},"mobile":{"background-color":"var(--ast-global-color-4)","background-image":"","background-repeat":"repeat","background-position":"center center","background-size":"auto","background-attachment":"scroll","background-type":"","background-media":"","overlay-type":"","overlay-color":"","overlay-opacity":"","overlay-gradient":""}}},"product_brand":[100],"product_cat":[25],"product_tag":[],"class_list":{"0":"post-6859","1":"product","2":"type-product","3":"status-publish","4":"has-post-thumbnail","6":"product_brand-bookstars","7":"product_cat--steam","8":"desktop-align-left","9":"tablet-align-left","10":"mobile-align-left","12":"first","13":"instock","14":"taxable","15":"shipping-taxable","16":"purchasable","17":"product-type-simple"},"_links":{"self":[{"href":"https:\/\/stem-eshop.gr\/sk\/wp-json\/wp\/v2\/product\/6859","targetHints":{"allow":["GET"]}}],"collection":[{"href":"https:\/\/stem-eshop.gr\/sk\/wp-json\/wp\/v2\/product"}],"about":[{"href":"https:\/\/stem-eshop.gr\/sk\/wp-json\/wp\/v2\/types\/product"}],"replies":[{"embeddable":true,"href":"https:\/\/stem-eshop.gr\/sk\/wp-json\/wp\/v2\/comments?post=6859"}],"wp:featuredmedia":[{"embeddable":true,"href":"https:\/\/stem-eshop.gr\/sk\/wp-json\/wp\/v2\/media\/5008"}],"wp:attachment":[{"href":"https:\/\/stem-eshop.gr\/sk\/wp-json\/wp\/v2\/media?parent=6859"}],"wp:term":[{"taxonomy":"product_brand","embeddable":true,"href":"https:\/\/stem-eshop.gr\/sk\/wp-json\/wp\/v2\/product_brand?post=6859"},{"taxonomy":"product_cat","embeddable":true,"href":"https:\/\/stem-eshop.gr\/sk\/wp-json\/wp\/v2\/product_cat?post=6859"},{"taxonomy":"product_tag","embeddable":true,"href":"https:\/\/stem-eshop.gr\/sk\/wp-json\/wp\/v2\/product_tag?post=6859"}],"curies":[{"name":"wp","href":"https:\/\/api.w.org\/{rel}","templated":true}]}}