{"id":6789,"date":"2025-05-19T08:51:19","date_gmt":"2025-05-19T08:51:19","guid":{"rendered":"https:\/\/stem-eshop.gr\/product\/ngs-%ce%b5%cf%80%ce%b9%cf%83%cf%84%ce%b7%ce%bc%ce%bf%ce%bd%ce%b9%ce%ba%cf%8c-%ce%ba%ce%b9%cf%84-%ce%bc%ce%b5-238-%cf%80%ce%b5%ce%b9%cf%81%ce%ac%ce%bc%ce%b1%cf%84%ce%b1-%ce%b5%cf%81%ce%b3%ce%b1%cf%83\/"},"modified":"2025-05-22T07:51:16","modified_gmt":"2025-05-22T07:51:16","slug":"ngs-%ce%b5%cf%80%ce%b9%cf%83%cf%84%ce%b7%ce%bc%ce%bf%ce%bd%ce%b9%ce%ba%cf%8c-%ce%ba%ce%b9%cf%84-%ce%bc%ce%b5-238-%cf%80%ce%b5%ce%b9%cf%81%ce%ac%ce%bc%ce%b1%cf%84%ce%b1-%ce%b5%cf%81%ce%b3%ce%b1%cf%83","status":"publish","type":"product","link":"https:\/\/stem-eshop.gr\/sk\/produkt\/ngs-%ce%b5%cf%80%ce%b9%cf%83%cf%84%ce%b7%ce%bc%ce%bf%ce%bd%ce%b9%ce%ba%cf%8c-%ce%ba%ce%b9%cf%84-%ce%bc%ce%b5-238-%cf%80%ce%b5%ce%b9%cf%81%ce%ac%ce%bc%ce%b1%cf%84%ce%b1-%ce%b5%cf%81%ce%b3%ce%b1%cf%83\/","title":{"rendered":"Vedeck\u00e1 s\u00faprava NGS s viac ako 238 vedeck\u00fdmi a chemick\u00fdmi laborat\u00f3rnymi experimentmi"},"content":{"rendered":"<p class=\"MsoNormal\">Vlastnosti:<\/p>\n<p class=\"MsoNormal\">\u0395\u03ba\u03c0\u03b1\u03b9\u03b4\u03b5\u03c5\u03c4\u03b9\u03ba\u03cc \u03a0\u03b1\u03b9\u03c7\u03bd\u03af\u03b4\u03b9 <span lang=\"en-us\" xml:lang=\"en-us\">STEM<\/span>: \u0395\u03bd\u03b9\u03c3\u03c7\u03cd\u03b5\u03b9 \u03c4\u03b7\u03bd \u03b1\u03b3\u03ac\u03c0\u03b7 \u03b3\u03b9\u03b1 \u03c4\u03b7\u03bd \u03b5\u03c0\u03b9\u03c3\u03c4\u03ae\u03bc\u03b7 \u03ba\u03b1\u03b9 \u03c4\u03b7 \u03bc\u03ac\u03b8\u03b7\u03c3\u03b7 \u03bc\u03ad\u03c3\u03b1 \u03b1\u03c0\u03cc \u03b4\u03b9\u03b1\u03c3\u03ba\u03b5\u03b4\u03b1\u03c3\u03c4\u03b9\u03ba\u03ac \u03ba\u03b1\u03b9 \u03b1\u03c3\u03c6\u03b1\u03bb\u03ae \u03c0\u03b5\u03b9\u03c1\u03ac\u03bc\u03b1\u03c4\u03b1.<\/p>\n<p class=\"MsoNormal\">\u03a0\u03bf\u03b9\u03ba\u03b9\u03bb\u03af\u03b1 \u03a5\u03bb\u03b9\u03ba\u03ce\u03bd <span lang=\"en-us\" xml:lang=\"en-us\">PVC<\/span>: \u03a0\u03b5\u03c1\u03b9\u03bb\u03b1\u03bc\u03b2\u03ac\u03bd\u03b5\u03b9 \u03c0\u03bf\u03bb\u03cd\u03c7\u03c1\u03c9\u03bc\u03b1 \u03c5\u03bb\u03b9\u03ba\u03ac \u03ba\u03b1\u03b9 \u03b5\u03c1\u03b3\u03b1\u03bb\u03b5\u03af\u03b1 \u03c5\u03c8\u03b7\u03bb\u03ae\u03c2 \u03c0\u03bf\u03b9\u03cc\u03c4\u03b7\u03c4\u03b1\u03c2, \u03b1\u03bd\u03b8\u03b5\u03ba\u03c4\u03b9\u03ba\u03ac \u03ba\u03b1\u03b9 \u03b1\u03c3\u03c6\u03b1\u03bb\u03ae \u03b3\u03b9\u03b1 \u03c7\u03c1\u03ae\u03c3\u03b7 \u03b1\u03c0\u03cc \u03c0\u03b1\u03b9\u03b4\u03b9\u03ac.<\/p>\n<p class=\"MsoNormal\">\u0395\u03cd\u03ba\u03bf\u03bb\u03bf \u03c3\u03c4\u03b7 \u03a7\u03c1\u03ae\u03c3\u03b7: \u039c\u03b5 \u03b1\u03c0\u03bb\u03ad\u03c2 \u03bf\u03b4\u03b7\u03b3\u03af\u03b5\u03c2 \u03b3\u03b9\u03b1 \u03bd\u03b1 \u03ba\u03b1\u03c4\u03b1\u03bd\u03bf\u03ae\u03c3\u03bf\u03c5\u03bd \u03c4\u03b1 \u03c0\u03b1\u03b9\u03b4\u03b9\u03ac \u03c4\u03b9\u03c2 \u03b2\u03b1\u03c3\u03b9\u03ba\u03ad\u03c2 \u03b1\u03c1\u03c7\u03ad\u03c2 \u03c4\u03b7\u03c2 \u03c7\u03b7\u03bc\u03b5\u03af\u03b1\u03c2.<\/p>\n<p class=\"MsoNormal\">\u03a0\u03bf\u03bb\u03cd\u03c7\u03c1\u03c9\u03bc\u03bf \u03a0\u03b5\u03c1\u03b9\u03b5\u03c7\u03cc\u03bc\u03b5\u03bd\u03bf: \u0395\u03bb\u03ba\u03c5\u03c3\u03c4\u03b9\u03ba\u03ac \u03c5\u03bb\u03b9\u03ba\u03ac \u03c0\u03bf\u03c5 \u03ba\u03ac\u03bd\u03bf\u03c5\u03bd \u03c4\u03b7\u03bd \u03b5\u03bc\u03c0\u03b5\u03b9\u03c1\u03af\u03b1 \u03c4\u03bf\u03c5 \u03c0\u03b5\u03b9\u03c1\u03b1\u03bc\u03b1\u03c4\u03b9\u03c3\u03bc\u03bf\u03cd \u03b1\u03ba\u03cc\u03bc\u03b1 \u03c0\u03b9\u03bf \u03b5\u03bd\u03b4\u03b9\u03b1\u03c6\u03ad\u03c1\u03bf\u03c5\u03c3\u03b1.<\/p>\n<p class=\"MsoNormal\">\u039a\u03b1\u03c4\u03ac\u03bb\u03bb\u03b7\u03bb\u03bf \u03b3\u03b9\u03b1 \u039c\u03b1\u03b8\u03b7\u03c4\u03ad\u03c2 \u0394\u03b7\u03bc\u03bf\u03c4\u03b9\u03ba\u03bf\u03cd: \u0399\u03b4\u03b1\u03bd\u03b9\u03ba\u03cc \u03b3\u03b9\u03b1 \u03c0\u03b1\u03b9\u03b4\u03b9\u03ac \u03b7\u03bb\u03b9\u03ba\u03af\u03b1\u03c2 6-12 \u03b5\u03c4\u03ce\u03bd.<\/p>\n<p class=\"MsoNormal\">\u03a0\u03b5\u03c1\u03b9\u03bb\u03b1\u03bc\u03b2\u03ac\u03bd\u03b5\u03b9:<\/p>\n<p class=\"MsoNormal\">\u0394\u03bf\u03ba\u03b9\u03bc\u03b1\u03c3\u03c4\u03b9\u03ba\u03bf\u03cd\u03c2 \u03c3\u03c9\u03bb\u03ae\u03bd\u03b5\u03c2 \u03ba\u03b1\u03b9 \u03b5\u03be\u03bf\u03c0\u03bb\u03b9\u03c3\u03bc\u03cc \u03c0\u03b5\u03b9\u03c1\u03b1\u03bc\u03ac\u03c4\u03c9\u03bd.<\/p>\n<p class=\"MsoNormal\">\u03a5\u03bb\u03b9\u03ba\u03ac \u03c7\u03b7\u03bc\u03b5\u03af\u03b1\u03c2 \u03bc\u03b5 \u03b1\u03c3\u03c6\u03b1\u03bb\u03b5\u03af\u03c2 \u03c3\u03c5\u03bd\u03b8\u03ad\u03c3\u03b5\u03b9\u03c2.<\/p>\n<p class=\"MsoNormal\">\u039f\u03b4\u03b7\u03b3\u03af\u03b5\u03c2 \u03b2\u03ae\u03bc\u03b1-\u03b2\u03ae\u03bc\u03b1 \u03bc\u03b5 \u03b5\u03b9\u03ba\u03cc\u03bd\u03b5\u03c2 \u03b3\u03b9\u03b1 \u03b5\u03c5\u03ba\u03bf\u03bb\u03af\u03b1.<\/p>\n<p class=\"MsoNormal\">\u039f\u03c6\u03ad\u03bb\u03b7:<\/p>\n<p class=\"MsoNormal\">\u0395\u03bd\u03af\u03c3\u03c7\u03c5\u03c3\u03b7 \u0394\u03b7\u03bc\u03b9\u03bf\u03c5\u03c1\u03b3\u03b9\u03ba\u03cc\u03c4\u03b7\u03c4\u03b1\u03c2 \u03ba\u03b1\u03b9 \u039a\u03c1\u03b9\u03c4\u03b9\u03ba\u03ae\u03c2 \u03a3\u03ba\u03ad\u03c8\u03b7\u03c2: \u0395\u03bc\u03c0\u03bd\u03ad\u03b5\u03b9 \u03c4\u03b1 \u03c0\u03b1\u03b9\u03b4\u03b9\u03ac \u03bd\u03b1 \u03c3\u03ba\u03ad\u03c6\u03c4\u03bf\u03bd\u03c4\u03b1\u03b9 \u03b4\u03b7\u03bc\u03b9\u03bf\u03c5\u03c1\u03b3\u03b9\u03ba\u03ac \u03ba\u03b1\u03b9 \u03bd\u03b1 \u03bb\u03cd\u03bd\u03bf\u03c5\u03bd \u03c0\u03c1\u03bf\u03b2\u03bb\u03ae\u03bc\u03b1\u03c4\u03b1.<\/p>\n<p class=\"MsoNormal\">\u039c\u03ac\u03b8\u03b7\u03c3\u03b7 \u039c\u03ad\u03c3\u03b1 \u03b1\u03c0\u03cc \u03a0\u03b1\u03b9\u03c7\u03bd\u03af\u03b4\u03b9: \u03a3\u03c5\u03bd\u03b4\u03c5\u03ac\u03b6\u03b5\u03b9 \u03c4\u03b7 \u03b4\u03b9\u03b1\u03c3\u03ba\u03ad\u03b4\u03b1\u03c3\u03b7 \u03bc\u03b5 \u03c4\u03b7\u03bd \u03b5\u03ba\u03c0\u03b1\u03af\u03b4\u03b5\u03c5\u03c3\u03b7.<\/p>\n<p class=\"MsoNormal\">\u0391\u03c3\u03c6\u03b1\u03bb\u03ad\u03c2 \u03b3\u03b9\u03b1 \u03a0\u03b1\u03b9\u03b4\u03b9\u03ac: \u03a3\u03c7\u03b5\u03b4\u03b9\u03b1\u03c3\u03bc\u03ad\u03bd\u03bf \u03c3\u03cd\u03bc\u03c6\u03c9\u03bd\u03b1 \u03bc\u03b5 \u03b4\u03b9\u03b5\u03b8\u03bd\u03ae \u03c0\u03c1\u03cc\u03c4\u03c5\u03c0\u03b1 \u03b1\u03c3\u03c6\u03b1\u03bb\u03b5\u03af\u03b1\u03c2.<\/p>\n<p class=\"MsoNormal\">\u0399\u03b4\u03b1\u03bd\u03b9\u03ba\u03cc \u03b3\u03b9\u03b1:<\/p>\n<p class=\"MsoNormal\">\u0395\u03be\u03c9\u03c3\u03c7\u03bf\u03bb\u03b9\u03ba\u03ad\u03c2 \u03b4\u03c1\u03b1\u03c3\u03c4\u03b7\u03c1\u03b9\u03cc\u03c4\u03b7\u03c4\u03b5\u03c2.<\/p>\n<p class=\"MsoNormal\">\u0394\u03ce\u03c1\u03bf \u03b3\u03b5\u03bd\u03b5\u03b8\u03bb\u03af\u03c9\u03bd \u03ae \u03b5\u03bf\u03c1\u03c4\u03ce\u03bd.<\/p>\n<p class=\"MsoNormal\">\u03a7\u03c1\u03ae\u03c3\u03b7 \u03c3\u03b5 \u03c4\u03ac\u03be\u03b5\u03b9\u03c2 \u03ae \u03c3\u03c4\u03bf \u03c3\u03c0\u03af\u03c4\u03b9 \u03b3\u03b9\u03b1 \u03b4\u03b7\u03bc\u03b9\u03bf\u03c5\u03c1\u03b3\u03b9\u03ba\u03ae \u03bc\u03ac\u03b8\u03b7\u03c3\u03b7.<\/p>\n<p class=\"MsoNormal\">\u039c\u03b5 \u03b1\u03c5\u03c4\u03cc \u03c4\u03bf \u03ba\u03b9\u03c4, \u03c4\u03b1 \u03c0\u03b1\u03b9\u03b4\u03b9\u03ac \u03bc\u03c0\u03bf\u03c1\u03bf\u03cd\u03bd \u03bd\u03b1 \u03b1\u03bd\u03b1\u03ba\u03b1\u03bb\u03cd\u03c8\u03bf\u03c5\u03bd \u03c4\u03bf\u03bd \u03ba\u03cc\u03c3\u03bc\u03bf \u03c4\u03b7\u03c2 \u03b5\u03c0\u03b9\u03c3\u03c4\u03ae\u03bc\u03b7\u03c2 \u03ba\u03b1\u03b9 \u03bd\u03b1 \u03b2\u03b9\u03ce\u03c3\u03bf\u03c5\u03bd \u03c4\u03b7 \u03c7\u03b1\u03c1\u03ac \u03c4\u03b7\u03c2 \u03b1\u03bd\u03b1\u03ba\u03ac\u03bb\u03c5\u03c8\u03b7\u03c2 \u03bc\u03ad\u03c3\u03b1 \u03b1\u03c0\u03cc \u03c0\u03c1\u03b1\u03ba\u03c4\u03b9\u03ba\u03ac \u03c0\u03b5\u03b9\u03c1\u03ac\u03bc\u03b1\u03c4\u03b1!<\/p>","protected":false},"excerpt":{"rendered":"<p>\u0391\u03c5\u03c4\u03cc \u03c4\u03bf \u03c3\u03c5\u03bd\u03b1\u03c1\u03c0\u03b1\u03c3\u03c4\u03b9\u03ba\u03cc \u03ba\u03b9\u03c4 DIY \u03b5\u03af\u03bd\u03b1\u03b9 \u03b9\u03b4\u03b1\u03bd\u03b9\u03ba\u03cc \u03b3\u03b9\u03b1 \u03bd\u03b5\u03b1\u03c1\u03bf\u03cd\u03c2 \u03b5\u03c0\u03b9\u03c3\u03c4\u03ae\u03bc\u03bf\u03bd\u03b5\u03c2 \u03c0\u03bf\u03c5 \u03b5\u03c0\u03b9\u03b8\u03c5\u03bc\u03bf\u03cd\u03bd \u03bd\u03b1 \u03b5\u03be\u03b5\u03c1\u03b5\u03c5\u03bd\u03ae\u03c3\u03bf\u03c5\u03bd \u03c4\u03bf\u03bd \u03ba\u03cc\u03c3\u03bc\u03bf \u03c4\u03b7\u03c2 \u03b5\u03c0\u03b9\u03c3\u03c4\u03ae\u03bc\u03b7\u03c2 \u03ba\u03b1\u03b9 \u03c4\u03b7\u03c2 \u03c7\u03b7\u03bc\u03b5\u03af\u03b1\u03c2 \u03bc\u03b5 \u03b4\u03b7\u03bc\u03b9\u03bf\u03c5\u03c1\u03b3\u03b9\u03ba\u03cc \u03ba\u03b1\u03b9 \u03b4\u03b9\u03b1\u03c3\u03ba\u03b5\u03b4\u03b1\u03c3\u03c4\u03b9\u03ba\u03cc \u03c4\u03c1\u03cc\u03c0\u03bf.<\/p>\n<p>\u03a3\u03c7\u03b5\u03b4\u03b9\u03b1\u03c3\u03bc\u03ad\u03bd\u03bf \u03b3\u03b9\u03b1 \u03bc\u03b1\u03b8\u03b7\u03c4\u03ad\u03c2 \u03b4\u03b7\u03bc\u03bf\u03c4\u03b9\u03ba\u03bf\u03cd, \u03c0\u03c1\u03bf\u03ac\u03b3\u03b5\u03b9 \u03c4\u03b7 \u03bc\u03ac\u03b8\u03b7\u03c3\u03b7 \u03bc\u03ad\u03c3\u03c9 \u03c0\u03b1\u03b9\u03c7\u03bd\u03b9\u03b4\u03b9\u03bf\u03cd \u03ba\u03b1\u03b9 \u03b5\u03bd\u03b9\u03c3\u03c7\u03cd\u03b5\u03b9 \u03c4\u03b9\u03c2 \u03b4\u03b5\u03be\u03b9\u03cc\u03c4\u03b7\u03c4\u03b5\u03c2 STEM (Science, Technology, Engineering, Mathematics).<\/p>","protected":false},"featured_media":4736,"comment_status":"open","ping_status":"closed","template":"","meta":{"site-sidebar-layout":"default","site-content-layout":"","ast-site-content-layout":"default","site-content-style":"default","site-sidebar-style":"default","ast-global-header-display":"","ast-banner-title-visibility":"","ast-main-header-display":"","ast-hfb-above-header-display":"","ast-hfb-below-header-display":"","ast-hfb-mobile-header-display":"","site-post-title":"","ast-breadcrumbs-content":"","ast-featured-img":"","footer-sml-layout":"","ast-disable-related-posts":"","theme-transparent-header-meta":"default","adv-header-id-meta":"","stick-header-meta":"","header-above-stick-meta":"","header-main-stick-meta":"","header-below-stick-meta":"","astra-migrate-meta-layouts":"set","ast-page-background-enabled":"default","ast-page-background-meta":{"desktop":{"background-color":"var(--ast-global-color-5)","background-image":"","background-repeat":"repeat","background-position":"center center","background-size":"auto","background-attachment":"scroll","background-type":"","background-media":"","overlay-type":"","overlay-color":"","overlay-opacity":"","overlay-gradient":""},"tablet":{"background-color":"","background-image":"","background-repeat":"repeat","background-position":"center center","background-size":"auto","background-attachment":"scroll","background-type":"","background-media":"","overlay-type":"","overlay-color":"","overlay-opacity":"","overlay-gradient":""},"mobile":{"background-color":"","background-image":"","background-repeat":"repeat","background-position":"center center","background-size":"auto","background-attachment":"scroll","background-type":"","background-media":"","overlay-type":"","overlay-color":"","overlay-opacity":"","overlay-gradient":""}},"ast-content-background-meta":{"desktop":{"background-color":"var(--ast-global-color-4)","background-image":"","background-repeat":"repeat","background-position":"center center","background-size":"auto","background-attachment":"scroll","background-type":"","background-media":"","overlay-type":"","overlay-color":"","overlay-opacity":"","overlay-gradient":""},"tablet":{"background-color":"var(--ast-global-color-4)","background-image":"","background-repeat":"repeat","background-position":"center center","background-size":"auto","background-attachment":"scroll","background-type":"","background-media":"","overlay-type":"","overlay-color":"","overlay-opacity":"","overlay-gradient":""},"mobile":{"background-color":"var(--ast-global-color-4)","background-image":"","background-repeat":"repeat","background-position":"center center","background-size":"auto","background-attachment":"scroll","background-type":"","background-media":"","overlay-type":"","overlay-color":"","overlay-opacity":"","overlay-gradient":""}}},"product_brand":[107],"product_cat":[43,44,39,52,38,30,58,51],"product_tag":[],"class_list":{"0":"post-6789","1":"product","2":"type-product","3":"status-publish","4":"has-post-thumbnail","6":"product_brand-ngs","7":"product_cat-43","8":"product_cat-44","9":"product_cat-39","10":"product_cat-52","11":"product_cat-38","12":"product_cat--6-9-","13":"product_cat-58","14":"product_cat-51","15":"desktop-align-left","16":"tablet-align-left","17":"mobile-align-left","19":"first","20":"instock","21":"taxable","22":"shipping-taxable","23":"purchasable","24":"product-type-simple"},"_links":{"self":[{"href":"https:\/\/stem-eshop.gr\/sk\/wp-json\/wp\/v2\/product\/6789","targetHints":{"allow":["GET"]}}],"collection":[{"href":"https:\/\/stem-eshop.gr\/sk\/wp-json\/wp\/v2\/product"}],"about":[{"href":"https:\/\/stem-eshop.gr\/sk\/wp-json\/wp\/v2\/types\/product"}],"replies":[{"embeddable":true,"href":"https:\/\/stem-eshop.gr\/sk\/wp-json\/wp\/v2\/comments?post=6789"}],"wp:featuredmedia":[{"embeddable":true,"href":"https:\/\/stem-eshop.gr\/sk\/wp-json\/wp\/v2\/media\/4736"}],"wp:attachment":[{"href":"https:\/\/stem-eshop.gr\/sk\/wp-json\/wp\/v2\/media?parent=6789"}],"wp:term":[{"taxonomy":"product_brand","embeddable":true,"href":"https:\/\/stem-eshop.gr\/sk\/wp-json\/wp\/v2\/product_brand?post=6789"},{"taxonomy":"product_cat","embeddable":true,"href":"https:\/\/stem-eshop.gr\/sk\/wp-json\/wp\/v2\/product_cat?post=6789"},{"taxonomy":"product_tag","embeddable":true,"href":"https:\/\/stem-eshop.gr\/sk\/wp-json\/wp\/v2\/product_tag?post=6789"}],"curies":[{"name":"wp","href":"https:\/\/api.w.org\/{rel}","templated":true}]}}