{"id":6785,"date":"2025-05-19T08:51:13","date_gmt":"2025-05-19T08:51:13","guid":{"rendered":"https:\/\/stem-eshop.gr\/product\/ngs-%cf%80%ce%b5%ce%af%cf%81%ce%b1%ce%bc%ce%b1-%cf%83%cf%8d%ce%bd%ce%b8%ce%b5%cf%83%ce%b7%cf%82-%cf%87%cf%81%cf%89%ce%bc%ce%ac%cf%84%cf%89%ce%bd\/"},"modified":"2025-10-17T14:55:24","modified_gmt":"2025-10-17T11:55:24","slug":"ngs-%cf%80%ce%b5%ce%af%cf%81%ce%b1%ce%bc%ce%b1-%cf%83%cf%8d%ce%bd%ce%b8%ce%b5%cf%83%ce%b7%cf%82-%cf%87%cf%81%cf%89%ce%bc%ce%ac%cf%84%cf%89%ce%bd","status":"publish","type":"product","link":"https:\/\/stem-eshop.gr\/sk\/produkt\/ngs-%cf%80%ce%b5%ce%af%cf%81%ce%b1%ce%bc%ce%b1-%cf%83%cf%8d%ce%bd%ce%b8%ce%b5%cf%83%ce%b7%cf%82-%cf%87%cf%81%cf%89%ce%bc%ce%ac%cf%84%cf%89%ce%bd\/","title":{"rendered":"Experiment so synt\u00e9zou farieb NGS"},"content":{"rendered":"<p>Tento experiment demon\u0161truje s\u010d\u00edtanie farieb, kde sa prim\u00e1rne farby svetla (\u010derven\u00e1, modr\u00e1 a zelen\u00e1) sp\u00e1jaj\u00fa a vytv\u00e1raj\u00fa sekund\u00e1rne farby (purpurov\u00e1, az\u00farov\u00e1, \u017elt\u00e1) a ke\u010f sa v\u0161etky spoja, vznikne biele svetlo.\u00a0<\/p>\n<p>Takto pochop\u00edte, ako sa svetl\u00e1 r\u00f4znych farieb kombinuj\u00fa prid\u00e1van\u00edm svetla a vytv\u00e1raj\u00fa nov\u00e9 odtiene.<\/p>","protected":false},"excerpt":{"rendered":"<p>Experiment\u00e1lny sp\u00f4sob, ako pochopi\u0165 zlo\u017eenie farieb so z\u00e1kladn\u00fdmi farbami pomocou svetla, je pou\u017eitie farebn\u00fdch l\u00e1mp alebo sveteln\u00fdch filtrov, aby sa zistilo, ako sa farby kombinuj\u00fa pridan\u00edm svetla.<\/p>","protected":false},"featured_media":4708,"comment_status":"open","ping_status":"closed","template":"","meta":{"site-sidebar-layout":"default","site-content-layout":"","ast-site-content-layout":"default","site-content-style":"default","site-sidebar-style":"default","ast-global-header-display":"","ast-banner-title-visibility":"","ast-main-header-display":"","ast-hfb-above-header-display":"","ast-hfb-below-header-display":"","ast-hfb-mobile-header-display":"","site-post-title":"","ast-breadcrumbs-content":"","ast-featured-img":"","footer-sml-layout":"","ast-disable-related-posts":"","theme-transparent-header-meta":"","adv-header-id-meta":"","stick-header-meta":"","header-above-stick-meta":"","header-main-stick-meta":"","header-below-stick-meta":"","astra-migrate-meta-layouts":"default","ast-page-background-enabled":"default","ast-page-background-meta":{"desktop":{"background-color":"var(--ast-global-color-5)","background-image":"","background-repeat":"repeat","background-position":"center center","background-size":"auto","background-attachment":"scroll","background-type":"","background-media":"","overlay-type":"","overlay-color":"","overlay-opacity":"","overlay-gradient":""},"tablet":{"background-color":"","background-image":"","background-repeat":"repeat","background-position":"center center","background-size":"auto","background-attachment":"scroll","background-type":"","background-media":"","overlay-type":"","overlay-color":"","overlay-opacity":"","overlay-gradient":""},"mobile":{"background-color":"","background-image":"","background-repeat":"repeat","background-position":"center center","background-size":"auto","background-attachment":"scroll","background-type":"","background-media":"","overlay-type":"","overlay-color":"","overlay-opacity":"","overlay-gradient":""}},"ast-content-background-meta":{"desktop":{"background-color":"var(--ast-global-color-4)","background-image":"","background-repeat":"repeat","background-position":"center center","background-size":"auto","background-attachment":"scroll","background-type":"","background-media":"","overlay-type":"","overlay-color":"","overlay-opacity":"","overlay-gradient":""},"tablet":{"background-color":"var(--ast-global-color-4)","background-image":"","background-repeat":"repeat","background-position":"center center","background-size":"auto","background-attachment":"scroll","background-type":"","background-media":"","overlay-type":"","overlay-color":"","overlay-opacity":"","overlay-gradient":""},"mobile":{"background-color":"var(--ast-global-color-4)","background-image":"","background-repeat":"repeat","background-position":"center center","background-size":"auto","background-attachment":"scroll","background-type":"","background-media":"","overlay-type":"","overlay-color":"","overlay-opacity":"","overlay-gradient":""}}},"product_brand":[107],"product_cat":[43,39,38,29,56,30,26,58,51],"product_tag":[],"class_list":{"0":"post-6785","1":"product","2":"type-product","3":"status-publish","4":"has-post-thumbnail","6":"product_brand-ngs","7":"product_cat-43","8":"product_cat-39","9":"product_cat-38","10":"product_cat-29","11":"product_cat-56","12":"product_cat--6-9-","13":"product_cat-26","14":"product_cat-58","15":"product_cat-51","16":"desktop-align-left","17":"tablet-align-left","18":"mobile-align-left","20":"first","21":"instock","22":"taxable","23":"shipping-taxable","24":"purchasable","25":"product-type-simple"},"_links":{"self":[{"href":"https:\/\/stem-eshop.gr\/sk\/wp-json\/wp\/v2\/product\/6785","targetHints":{"allow":["GET"]}}],"collection":[{"href":"https:\/\/stem-eshop.gr\/sk\/wp-json\/wp\/v2\/product"}],"about":[{"href":"https:\/\/stem-eshop.gr\/sk\/wp-json\/wp\/v2\/types\/product"}],"replies":[{"embeddable":true,"href":"https:\/\/stem-eshop.gr\/sk\/wp-json\/wp\/v2\/comments?post=6785"}],"wp:featuredmedia":[{"embeddable":true,"href":"https:\/\/stem-eshop.gr\/sk\/wp-json\/wp\/v2\/media\/4708"}],"wp:attachment":[{"href":"https:\/\/stem-eshop.gr\/sk\/wp-json\/wp\/v2\/media?parent=6785"}],"wp:term":[{"taxonomy":"product_brand","embeddable":true,"href":"https:\/\/stem-eshop.gr\/sk\/wp-json\/wp\/v2\/product_brand?post=6785"},{"taxonomy":"product_cat","embeddable":true,"href":"https:\/\/stem-eshop.gr\/sk\/wp-json\/wp\/v2\/product_cat?post=6785"},{"taxonomy":"product_tag","embeddable":true,"href":"https:\/\/stem-eshop.gr\/sk\/wp-json\/wp\/v2\/product_tag?post=6785"}],"curies":[{"name":"wp","href":"https:\/\/api.w.org\/{rel}","templated":true}]}}