{"id":6681,"date":"2025-05-19T08:32:01","date_gmt":"2025-05-19T08:32:01","guid":{"rendered":"https:\/\/stem-eshop.gr\/product\/%ce%bc%ce%ac%ce%b8%ce%b5%cf%84%ce%b5-arduino-%ce%b5%ce%b3%cf%87%ce%b5%ce%b9%cf%81%ce%af%ce%b4%ce%b9%ce%bf-%ce%b5%ce%ba%ce%bc%ce%ac%ce%b8%ce%b7%cf%83%ce%b7%cf%82-%cf%84%ce%bf%cf%85-%cf%80%ce%b5%cf%81\/"},"modified":"2025-12-17T15:41:54","modified_gmt":"2025-12-17T12:41:54","slug":"%ce%bc%ce%ac%ce%b8%ce%b5%cf%84%ce%b5-arduino-%ce%b5%ce%b3%cf%87%ce%b5%ce%b9%cf%81%ce%af%ce%b4%ce%b9%ce%bf-%ce%b5%ce%ba%ce%bc%ce%ac%ce%b8%ce%b7%cf%83%ce%b7%cf%82-%cf%84%ce%bf%cf%85-%cf%80%ce%b5%cf%81","status":"publish","type":"product","link":"https:\/\/stem-eshop.gr\/sk\/produkt\/%ce%bc%ce%ac%ce%b8%ce%b5%cf%84%ce%b5-arduino-%ce%b5%ce%b3%cf%87%ce%b5%ce%b9%cf%81%ce%af%ce%b4%ce%b9%ce%bf-%ce%b5%ce%ba%ce%bc%ce%ac%ce%b8%ce%b7%cf%83%ce%b7%cf%82-%cf%84%ce%bf%cf%85-%cf%80%ce%b5%cf%81\/","title":{"rendered":"Nau\u010dte sa ARDUINO \u2013 v\u00fdu\u010dbov\u00fd manu\u00e1l v\u00fdvojov\u00e9ho prostredia pre Arduino"},"content":{"rendered":"<p class=\"MsoNormal\">&#8220;Make it your project&#8221; &#8211; \u03b1\u03c5\u03c4\u03cc \u03b5\u03af\u03bd\u03b1\u03b9 \u03c4\u03bf \u03b4\u03b9\u03b1\u03c6\u03b7\u03bc\u03b9\u03c3\u03c4\u03b9\u03ba\u03cc \u03c3\u03bb\u03cc\u03b3\u03ba\u03b1\u03bd \u03b5\u03bd\u03cc\u03c2 \u03b3\u03bd\u03c9\u03c3\u03c4\u03bf\u03cd \u03ba\u03b1\u03c4\u03b1\u03c3\u03c4\u03ae\u03bc\u03b1\u03c4\u03bf\u03c2 DIY.<\/p>\n<\/p>\n<p class=\"MsoNormal\">\u03a4\u03b1 \u03ad\u03c1\u03b3\u03b1 \u03b4\u03b5\u03bd \u03be\u03b5\u03ba\u03b9\u03bd\u03bf\u03cd\u03bd \u03bc\u03b5 \u03c3\u03ba\u03bb\u03b7\u03c1\u03ae \u03b4\u03bf\u03c5\u03bb\u03b5\u03b9\u03ac, \u03b1\u03bb\u03bb\u03ac \u03c9\u03c1\u03b9\u03bc\u03ac\u03b6\u03bf\u03c5\u03bd \u03c3\u03c4\u03bf \u03bc\u03c5\u03b1\u03bb\u03cc, \u03c3\u03c5\u03c7\u03bd\u03ac \u03c7\u03c9\u03c1\u03af\u03c2 \u03bd\u03b1 \u03c0\u03c1\u03b1\u03b3\u03bc\u03b1\u03c4\u03bf\u03c0\u03bf\u03b9\u03b7\u03b8\u03bf\u03cd\u03bd \u03c0\u03bf\u03c4\u03ad.<\/p>\n<\/p>\n<p class=\"MsoNormal\">\u039f\u03b9 \u03bc\u03b5\u03b3\u03ac\u03bb\u03b5\u03c2 \u03b9\u03b4\u03ad\u03b5\u03c2 \u03c0\u03bf\u03c5 \u03b5\u03bc\u03c0\u03bd\u03ad\u03bf\u03c5\u03bd \u03b5\u03ba\u03b1\u03c4\u03bf\u03bc\u03bc\u03cd\u03c1\u03b9\u03b1 \u03b1\u03bd\u03b8\u03c1\u03ce\u03c0\u03bf\u03c5\u03c2 \u03ba\u03b1\u03b8\u03b7\u03bc\u03b5\u03c1\u03b9\u03bd\u03ac \u03c3\u03c4\u03b9\u03c2 \u03b4\u03b9\u03b1\u03b4\u03b9\u03ba\u03c4\u03c5\u03b1\u03ba\u03ad\u03c2 \u03c0\u03bb\u03b1\u03c4\u03c6\u03cc\u03c1\u03bc\u03b5\u03c2 \u03c7\u03c1\u03b5\u03b9\u03ac\u03b6\u03bf\u03bd\u03c4\u03b1\u03b9 \u03c0\u03b5\u03c1\u03b9\u03c3\u03c3\u03cc\u03c4\u03b5\u03c1\u03b1 \u03b1\u03c0\u03cc \u03ad\u03bd\u03b1 \u03c3\u03c6\u03c5\u03c1\u03af \u03ba\u03b1\u03b9 \u03ad\u03bd\u03b1 \u03c0\u03c1\u03b9\u03cc\u03bd\u03b9.<\/p>\n<\/p>\n<p class=\"MsoNormal\">\n<p>\u00a0<\/p>\n<p class=\"MsoNormal\">\u03a4\u03b1 \u03c0\u03c1\u03b1\u03b3\u03bc\u03b1\u03c4\u03b9\u03ba\u03ac \u03c3\u03c5\u03bd\u03b1\u03c1\u03c0\u03b1\u03c3\u03c4\u03b9\u03ba\u03ac \u03ad\u03c1\u03b3\u03b1 \u03c0\u03c1\u03bf\u03ad\u03c1\u03c7\u03bf\u03bd\u03c4\u03b1\u03b9 \u03b1\u03c0\u03cc \u03c4\u03bf \u03c0\u03b5\u03b4\u03af\u03bf \u03c4\u03b7\u03c2 \u03bc\u03b9\u03ba\u03c1\u03bf\u03b7\u03bb\u03b5\u03ba\u03c4\u03c1\u03bf\u03bd\u03b9\u03ba\u03ae\u03c2.<\/p>\n<\/p>\n<p class=\"MsoNormal\">\u03a4\u03bf \u03c6\u03c9\u03c2, \u03b7 \u03ba\u03af\u03bd\u03b7\u03c3\u03b7 \u03ba\u03b1\u03b9 \u03b7 \u03b1\u03bb\u03bb\u03b7\u03bb\u03b5\u03c0\u03af\u03b4\u03c1\u03b1\u03c3\u03b7 \u03b4\u03b7\u03bc\u03b9\u03bf\u03c5\u03c1\u03b3\u03bf\u03cd\u03bd \u03bc\u03b9\u03b1 \u03b5\u03bc\u03c0\u03b5\u03b9\u03c1\u03af\u03b1 &#8220;aha&#8221; \u03bc\u03b5 \u03c4\u03bf \u03c0\u03b5\u03c1\u03b9\u03b2\u03ac\u03bb\u03bb\u03bf\u03bd \u03b1\u03bd\u03ac\u03c0\u03c4\u03c5\u03be\u03b7\u03c2 Arduino.<\/p>\n<\/p>\n<p class=\"MsoNormal\">\u03a7\u03c1\u03b7\u03c3\u03b9\u03bc\u03bf\u03c0\u03bf\u03b9\u03ae\u03c3\u03c4\u03b5 \u03c4\u03bf Arduino (hardware \u03ba\u03b1\u03b9 software) \u03c9\u03c2 \u03ad\u03bd\u03b1 \u03c0\u03bf\u03bb\u03cd\u03c0\u03bb\u03b5\u03c5\u03c1\u03bf \u03b5\u03c1\u03b3\u03b1\u03bb\u03b5\u03af\u03bf \u03c0\u03bf\u03c5 \u03b5\u03bc\u03c0\u03bd\u03ad\u03b5\u03b9 \u03c4\u03b7 \u03b4\u03b7\u03bc\u03b9\u03bf\u03c5\u03c1\u03b3\u03b9\u03ba\u03cc\u03c4\u03b7\u03c4\u03b1 \u03ba\u03b1\u03b9 \u03c4\u03b7\u03bd \u03c0\u03b1\u03c1\u03b1\u03b3\u03c9\u03b3\u03b9\u03ba\u03cc\u03c4\u03b7\u03c4\u03b1.<\/p>\n<\/p>\n<p class=\"MsoNormal\">\n<p>\u00a0<\/p>\n<p class=\"MsoNormal\">\u03a4\u03b9 \u03bc\u03c0\u03bf\u03c1\u03b5\u03af\u03c4\u03b5 \u03bd\u03b1 \u03bc\u03ac\u03b8\u03b5\u03c4\u03b5;<\/p>\n<\/p>\n<p class=\"MsoNormal\">\u03a0\u03c1\u03bf\u03b3\u03c1\u03b1\u03bc\u03bc\u03b1\u03c4\u03af\u03c3\u03c4\u03b5 \u03b5\u03cd\u03ba\u03bf\u03bb\u03b1 \u03bc\u03b9\u03b1 \u03b1\u03c5\u03c4\u03cc\u03bc\u03b1\u03c4\u03b7 \u03bc\u03b7\u03c7\u03b1\u03bd\u03ae \u03c0\u03bf\u03c4\u03ce\u03bd, \u03bc\u03b9\u03b1 \u03bf\u03bc\u03b9\u03bb\u03bf\u03cd\u03c3\u03b1 \u03ba\u03b1\u03c6\u03b5\u03c4\u03b9\u03ad\u03c1\u03b1, \u03ad\u03bd\u03b1 \u03c3\u03cd\u03c3\u03c4\u03b7\u03bc\u03b1 \u03b1\u03c5\u03c4\u03cc\u03bc\u03b1\u03c4\u03bf\u03c5 \u03c0\u03bf\u03c4\u03af\u03c3\u03bc\u03b1\u03c4\u03bf\u03c2 \u03c6\u03c5\u03c4\u03ce\u03bd<\/p>\n<\/p>\n<p class=\"MsoNormal\">\u0394\u03b7\u03bc\u03b9\u03bf\u03c5\u03c1\u03b3\u03ae\u03c3\u03c4\u03b5 \u03ad\u03bd\u03b1 \u03b7\u03bb\u03b5\u03ba\u03c4\u03c1\u03b9\u03ba\u03cc \u03b1\u03c5\u03c4\u03bf\u03ba\u03af\u03bd\u03b7\u03c4\u03bf \u03b1\u03c5\u03c4\u03cc\u03bd\u03bf\u03bc\u03b7\u03c2 \u03bf\u03b4\u03ae\u03b3\u03b7\u03c3\u03b7\u03c2 \u03ae \u03ad\u03bd\u03b1 \u03ad\u03be\u03c5\u03c0\u03bd\u03bf \u03c3\u03cd\u03c3\u03c4\u03b7\u03bc\u03b1 \u03bf\u03b9\u03ba\u03b9\u03b1\u03ba\u03bf\u03cd \u03b1\u03c5\u03c4\u03bf\u03bc\u03b1\u03c4\u03b9\u03c3\u03bc\u03bf\u03cd<\/p>\n<\/p>\n<p class=\"MsoNormal\">\u03a0\u03c1\u03cc\u03c3\u03b2\u03b1\u03c3\u03b7 \u03c3\u03c4\u03bf \u03c3\u03c0\u03af\u03c4\u03b9 \u03bc\u03ad\u03c3\u03c9 \u03ba\u03ac\u03c1\u03c4\u03b1\u03c2 chip \u03ae smartphone; \u039a\u03b1\u03bd\u03ad\u03bd\u03b1 \u03c0\u03c1\u03cc\u03b2\u03bb\u03b7\u03bc\u03b1! \u0391\u03bb\u03bb\u03ac \u03b1\u03c0\u03cc \u03c0\u03bf\u03cd \u03be\u03b5\u03ba\u03b9\u03bd\u03ac\u03c4\u03b5; \u0395\u03b4\u03ce \u03ba\u03b1\u03b9 \u03c4\u03ce\u03c1\u03b1!<\/p>\n<\/p>\n<p class=\"MsoNormal\">\n<p>\u00a0<\/p>\n<p class=\"MsoNormal\">\u039c\u03b5 \u03b1\u03c5\u03c4\u03ad\u03c2 \u03c4\u03b9\u03c2 \u03c0\u03c1\u03b1\u03ba\u03c4\u03b9\u03ba\u03ad\u03c2 \u03bf\u03b4\u03b7\u03b3\u03af\u03b5\u03c2, \u03b8\u03b1 \u03bc\u03ac\u03b8\u03b5\u03c4\u03b5 \u03b2\u03ae\u03bc\u03b1 \u03c0\u03c1\u03bf\u03c2 \u03b2\u03ae\u03bc\u03b1 \u03c0\u03ce\u03c2 \u03bd\u03b1 \u03b4\u03b7\u03bc\u03b9\u03bf\u03c5\u03c1\u03b3\u03b5\u03af\u03c4\u03b5, \u03c0\u03b5\u03b9\u03c1\u03b1\u03bc\u03b1\u03c4\u03af\u03b6\u03b5\u03c3\u03c4\u03b5 \u03ba\u03b1\u03b9 \u03c5\u03bb\u03bf\u03c0\u03bf\u03b9\u03b5\u03af\u03c4\u03b5 \u03b9\u03b4\u03ad\u03b5\u03c2 \u03bc\u03b5 \u03bc\u03b9\u03ba\u03c1\u03bf\u03b5\u03bb\u03b5\u03b3\u03ba\u03c4\u03ad\u03c2 Arduino \u03bc\u03b5 \u03b1\u03c0\u03bb\u03ae \u03ba\u03b1\u03b9 \u03ba\u03b1\u03c4\u03b1\u03bd\u03bf\u03b7\u03c4\u03ae \u03b3\u03bb\u03ce\u03c3\u03c3\u03b1.<\/p>\n<p class=\"MsoNormal\">\n<p class=\"MsoNormal\">\u03a0\u03bb\u03b7\u03c1\u03bf\u03c6\u03bf\u03c1\u03af\u03b5\u03c2 \u03b2\u03b9\u03b2\u03bb\u03af\u03bf\u03c5:<\/p>\n<\/p>\n<p class=\"MsoNormal\">\u0395\u03ba\u03b4\u03cc\u03c4\u03b7\u03c2: Funduino GmbH<\/p>\n<\/p>\n<p class=\"MsoNormal\">\u0393\u03bb\u03ce\u03c3\u03c3\u03b1: \u0393\u03b5\u03c1\u03bc\u03b1\u03bd\u03b9\u03ba\u03ac \u03ae \u0391\u03b3\u03b3\u03bb\u03b9\u03ba\u03ac<\/p>\n<\/p>\n<p class=\"MsoNormal\">\u0391\u03c1\u03b9\u03b8\u03bc\u03cc\u03c2 \u03c3\u03b5\u03bb\u03af\u03b4\u03c9\u03bd: 136 \u03c3\u03b5\u03bb\u03af\u03b4\u03b5\u03c2<\/p><\/p>","protected":false},"excerpt":{"rendered":"<p class=\"MsoNormal\">Nau\u010dte sa ARDUINO \u2013 v\u00fdu\u010dbov\u00fd manu\u00e1l v\u00fdvojov\u00e9ho prostredia pre Arduino<\/p>\n<\/p>\n<p class=\"MsoNormal\">\u039c\u03ac\u03b8\u03b5\u03c4\u03b5 \u03b5\u03cd\u03ba\u03bf\u03bb\u03b1 \u03c0\u03ce\u03c2 \u03bd\u03b1 \u03b5\u03b9\u03c3\u03ad\u03bb\u03b8\u03b5\u03c4\u03b5 \u03c3\u03c4\u03bf\u03bd \u03ba\u03cc\u03c3\u03bc\u03bf \u03c4\u03c9\u03bd \u03bc\u03b9\u03ba\u03c1\u03bf\u03b5\u03bb\u03b5\u03b3\u03ba\u03c4\u03ce\u03bd.<\/p>\n<\/p>\n<p class=\"MsoNormal\">\u03a0\u03b5\u03c1\u03b9\u03bb\u03b1\u03bc\u03b2\u03ac\u03bd\u03b5\u03b9 33 \u03bf\u03b4\u03b7\u03b3\u03af\u03b5\u03c2 \u03ba\u03b1\u03b9 \u03ad\u03c1\u03b3\u03b1 \u03c3\u03c4\u03b1 \u0393\u03b5\u03c1\u03bc\u03b1\u03bd\u03b9\u03ba\u03ac \u03ae \u0391\u03b3\u03b3\u03bb\u03b9\u03ba\u03ac.<\/p>\n<\/p>\n<p class=\"MsoNormal\">\u0394\u03b9\u03b4\u03b1\u03ba\u03c4\u03b9\u03ba\u03ac \u03c0\u03c1\u03bf\u03b5\u03c4\u03bf\u03b9\u03bc\u03b1\u03c3\u03bc\u03ad\u03bd\u03bf \u03b1\u03c0\u03cc \u03b5\u03ba\u03c0\u03b1\u03b9\u03b4\u03b5\u03c5\u03c4\u03b9\u03ba\u03bf\u03cd\u03c2.<\/p>\n<\/p>\n<p class=\"MsoNormal\">\u03a0\u03b5\u03c1\u03b9\u03bb\u03b1\u03bc\u03b2\u03ac\u03bd\u03b5\u03b9: \u03bb\u03af\u03c3\u03c4\u03b1 \u03b5\u03bb\u03ad\u03b3\u03c7\u03bf\u03c5, \u03b5\u03c1\u03c9\u03c4\u03b7\u03bc\u03b1\u03c4\u03bf\u03bb\u03cc\u03b3\u03b9\u03bf \u03ba\u03b1\u03b9 \u03b5\u03c0\u03b9\u03c0\u03bb\u03ad\u03bf\u03bd \u03ad\u03bc\u03c0\u03bd\u03b5\u03c5\u03c3\u03b7.<\/p><\/p>","protected":false},"featured_media":4659,"comment_status":"open","ping_status":"closed","template":"","meta":{"site-sidebar-layout":"default","site-content-layout":"","ast-site-content-layout":"default","site-content-style":"default","site-sidebar-style":"default","ast-global-header-display":"","ast-banner-title-visibility":"","ast-main-header-display":"","ast-hfb-above-header-display":"","ast-hfb-below-header-display":"","ast-hfb-mobile-header-display":"","site-post-title":"","ast-breadcrumbs-content":"","ast-featured-img":"","footer-sml-layout":"","ast-disable-related-posts":"","theme-transparent-header-meta":"","adv-header-id-meta":"","stick-header-meta":"","header-above-stick-meta":"","header-main-stick-meta":"","header-below-stick-meta":"","astra-migrate-meta-layouts":"default","ast-page-background-enabled":"default","ast-page-background-meta":{"desktop":{"background-color":"var(--ast-global-color-5)","background-image":"","background-repeat":"repeat","background-position":"center center","background-size":"auto","background-attachment":"scroll","background-type":"","background-media":"","overlay-type":"","overlay-color":"","overlay-opacity":"","overlay-gradient":""},"tablet":{"background-color":"","background-image":"","background-repeat":"repeat","background-position":"center center","background-size":"auto","background-attachment":"scroll","background-type":"","background-media":"","overlay-type":"","overlay-color":"","overlay-opacity":"","overlay-gradient":""},"mobile":{"background-color":"","background-image":"","background-repeat":"repeat","background-position":"center center","background-size":"auto","background-attachment":"scroll","background-type":"","background-media":"","overlay-type":"","overlay-color":"","overlay-opacity":"","overlay-gradient":""}},"ast-content-background-meta":{"desktop":{"background-color":"var(--ast-global-color-4)","background-image":"","background-repeat":"repeat","background-position":"center center","background-size":"auto","background-attachment":"scroll","background-type":"","background-media":"","overlay-type":"","overlay-color":"","overlay-opacity":"","overlay-gradient":""},"tablet":{"background-color":"var(--ast-global-color-4)","background-image":"","background-repeat":"repeat","background-position":"center center","background-size":"auto","background-attachment":"scroll","background-type":"","background-media":"","overlay-type":"","overlay-color":"","overlay-opacity":"","overlay-gradient":""},"mobile":{"background-color":"var(--ast-global-color-4)","background-image":"","background-repeat":"repeat","background-position":"center center","background-size":"auto","background-attachment":"scroll","background-type":"","background-media":"","overlay-type":"","overlay-color":"","overlay-opacity":"","overlay-gradient":""}}},"product_brand":[103],"product_cat":[39,33,52,32,57,35,40,45,59],"product_tag":[],"class_list":{"0":"post-6681","1":"product","2":"type-product","3":"status-publish","4":"has-post-thumbnail","6":"product_brand-funduino","7":"product_cat-39","8":"product_cat-33","9":"product_cat-52","10":"product_cat-32","11":"product_cat-57","12":"product_cat--10-12-","13":"product_cat--12-","14":"product_cat-45","15":"product_cat-59","16":"desktop-align-left","17":"tablet-align-left","18":"mobile-align-left","20":"first","21":"instock","22":"taxable","23":"shipping-taxable","24":"purchasable","25":"product-type-simple"},"_links":{"self":[{"href":"https:\/\/stem-eshop.gr\/sk\/wp-json\/wp\/v2\/product\/6681","targetHints":{"allow":["GET"]}}],"collection":[{"href":"https:\/\/stem-eshop.gr\/sk\/wp-json\/wp\/v2\/product"}],"about":[{"href":"https:\/\/stem-eshop.gr\/sk\/wp-json\/wp\/v2\/types\/product"}],"replies":[{"embeddable":true,"href":"https:\/\/stem-eshop.gr\/sk\/wp-json\/wp\/v2\/comments?post=6681"}],"wp:featuredmedia":[{"embeddable":true,"href":"https:\/\/stem-eshop.gr\/sk\/wp-json\/wp\/v2\/media\/4659"}],"wp:attachment":[{"href":"https:\/\/stem-eshop.gr\/sk\/wp-json\/wp\/v2\/media?parent=6681"}],"wp:term":[{"taxonomy":"product_brand","embeddable":true,"href":"https:\/\/stem-eshop.gr\/sk\/wp-json\/wp\/v2\/product_brand?post=6681"},{"taxonomy":"product_cat","embeddable":true,"href":"https:\/\/stem-eshop.gr\/sk\/wp-json\/wp\/v2\/product_cat?post=6681"},{"taxonomy":"product_tag","embeddable":true,"href":"https:\/\/stem-eshop.gr\/sk\/wp-json\/wp\/v2\/product_tag?post=6681"}],"curies":[{"name":"wp","href":"https:\/\/api.w.org\/{rel}","templated":true}]}}