{"id":6671,"date":"2025-05-19T08:31:35","date_gmt":"2025-05-19T08:31:35","guid":{"rendered":"https:\/\/stem-eshop.gr\/product\/%ce%bc%ce%bf%ce%bd%ce%ac%ce%b4%ce%b1-bluetooth-ble-cc2541-%cf%83%cf%85%ce%bc%ce%b2%ce%b1%cf%84%ce%ae-%ce%bc%ce%b5-hm10-ibeacon\/"},"modified":"2025-10-01T17:35:20","modified_gmt":"2025-10-01T14:35:20","slug":"%ce%bc%ce%bf%ce%bd%ce%ac%ce%b4%ce%b1-bluetooth-ble-cc2541-%cf%83%cf%85%ce%bc%ce%b2%ce%b1%cf%84%ce%ae-%ce%bc%ce%b5-hm10-ibeacon","status":"publish","type":"product","link":"https:\/\/stem-eshop.gr\/sk\/produkt\/%ce%bc%ce%bf%ce%bd%ce%ac%ce%b4%ce%b1-bluetooth-ble-cc2541-%cf%83%cf%85%ce%bc%ce%b2%ce%b1%cf%84%ce%ae-%ce%bc%ce%b5-hm10-ibeacon\/","title":{"rendered":"Modul Bluetooth BLE \u2013 CC2541, kompatibiln\u00fd s HM10, iBeacon"},"content":{"rendered":"<p class=\"MsoNormal\">Vlastnosti:<\/p>\n<\/p>\n<p class=\"MsoNormal\">Jednoduch\u00e9 pou\u017eitie, nie s\u00fa potrebn\u00e9 \u017eiadne sk\u00fasenosti s protokolom Bluetooth.<\/p>\n<\/p>\n<p class=\"MsoNormal\">V\u0161eobecn\u00e9 s\u00e9riov\u00e9 pou\u017e\u00edvate\u013esk\u00e9 rozhranie, plne duplexn\u00e1 obojsmern\u00e1 komunik\u00e1cia.<\/p>\n<\/p>\n<p class=\"MsoNormal\">Podporuje re\u017eim premos\u0165ovania (transparentn\u00fd s\u00e9riov\u00fd prenos) alebo re\u017eim priameho riadenia (bez dodato\u010dn\u00e9ho CPU).<\/p>\n<\/p>\n<p class=\"MsoNormal\">Predvolen\u00fd interval pripojenia 20 ms pre r\u00fdchle pripojenie.<\/p>\n<\/p>\n<p class=\"MsoNormal\">Podporuje AT pr\u00edkazy na \u00fapravu prenosovej r\u00fdchlosti, re\u0161tartovanie pomocou softv\u00e9ru, pr\u00edstup k MAC adrese a zmenu n\u00e1zvu jednotky.<\/p>\n<\/p>\n<p class=\"MsoNormal\">Podporuje AT pr\u00edkazy na nastavenie intervalu pripojenia Bluetooth a ovl\u00e1danie r\u00fdchlosti presmerovania (dynamick\u00e9 nastavenie v\u00fdkonu).<\/p>\n<\/p>\n<p class=\"MsoNormal\">D\u013a\u017eka s\u00e9riov\u00e9ho d\u00e1tov\u00e9ho paketu a\u017e 200 bajtov.<\/p>\n<\/p>\n<p class=\"MsoNormal\">Transparentn\u00e1 prenosov\u00e1 r\u00fdchlos\u0165 a\u017e 4K\/s, stabiln\u00fd v\u00fdkon pri 2,5K-2,8K.<\/p>\n<\/p>\n<p class=\"MsoNormal\">Podpora aplik\u00e1cie pre mobiln\u00e9 zariadenia (APP) na zmenu n\u00e1zvu modulu Bluetooth a ulo\u017eenie po vypnut\u00ed.<\/p>\n<\/p>\n<p class=\"MsoNormal\">Podpora aplik\u00e1cie pre mobiln\u00e9 zariadenia (APP) na zmenu prenosovej r\u00fdchlosti a ulo\u017eenie po vypnut\u00ed.<\/p>\n<\/p>\n<p class=\"MsoNormal\">Podpora mobilnej aplik\u00e1cie (APP) pre vzdialen\u00fd re\u0161tart jednotky.<\/p>\n<\/p>\n<p class=\"MsoNormal\">Podpora aplik\u00e1cie pre mobiln\u00e9 zariadenia (APP) na nastavenie intervalu pripojenia Bluetooth (bez ukladania).<\/p>\n<\/p>\n<p class=\"MsoNormal\">Mo\u017enos\u0165 r\u00fdchleho testovania bez pripojenia extern\u00e9ho zariadenia na kontrolu bezdr\u00f4tovej a s\u00e9riovej komunik\u00e1cie.<\/p>\n<\/p>\n<p class=\"MsoNormal\">Ladiaci port a \u00fapln\u00e9 roz\u0161\u00edrenie extern\u00fdch I\/O.<\/p>\n<\/p>\n<p class=\"MsoNormal\">Podpora stavu pripojenia, upozornenie na stav vysielania cez PIN \/ Flexibiln\u00e1 konfigur\u00e1cia v\u0161eobecn\u00e9ho IO.<\/p>\n<\/p>\n<p class=\"MsoNormal\">6 programovate\u013en\u00fdch obojsmern\u00fdch vstupov\/v\u00fdstupov s mo\u017enos\u0165ou detekcie extern\u00e9ho preru\u0161enia pre prev\u00e1dzku s n\u00edzkou spotrebou energie (napr. alarm, ovl\u00e1danie osvetlenia, dia\u013ekov\u00e9 ovl\u00e1danie hier).<\/p>\n<\/p>\n<p class=\"MsoNormal\">2 programovate\u013en\u00e9 \u010dasova\u010de \/ v\u00fdstupy pre obr\u00e1tenie peri\u00f3dy (napr. inteligentn\u00e9 pl\u00e1novanie \u010dasov\u00fdch akci\u00ed).<\/p>\n<\/p>\n<p class=\"MsoNormal\">2 vstupy ADC (14 bitov) s mo\u017enos\u0165ou zapnutia\/vypnutia a vo\u013en\u00fdm nastaven\u00edm peri\u00f3dy vzorkovania (napr. vlhkos\u0165, teplota, detekcia jasu).<\/p>\n<\/p>\n<p class=\"MsoNormal\">4 programovate\u013en\u00e9 PWM v\u00fdstupy (120 Hz) pre aplik\u00e1cie ako je regul\u00e1cia jasu a spr\u00e1va energie.<\/p>\n<\/p>\n<p class=\"MsoNormal\">Nepretr\u017eit\u00fd zber \u00fadajov RSSI, mo\u017enos\u0165 automatick\u00fdch upozornen\u00ed v aplik\u00e1cii s vo\u013en\u00fdm nastaven\u00edm frekvencie zberu (napr. detekcia objektov, alarm straty).<\/p>\n<\/p>\n<p class=\"MsoNormal\">Indik\u00e1cia nap\u00e1jania jednotky a mo\u017enos\u0165 od\u010d\u00edtania nap\u00e1jacieho nap\u00e4tia s automatick\u00fdm upozornen\u00edm (napr. alarm n\u00edzkeho nabitia bat\u00e9rie).<\/p>\n<\/p>\n<p class=\"MsoNormal\">Podpora nastavenia hesla na zabr\u00e1nenie neopr\u00e1vnen\u00e9mu pripojeniu.<\/p>\n<\/p>\n<p class=\"MsoNormal\">N\u00edzkoenergetick\u00fd pohotovostn\u00fd re\u017eim so zaznamenanou spotrebou v re\u017eime sp\u00e1nku 0,4 \u03bcA (pod\u013ea ofici\u00e1lnych \u00fadajov spolo\u010dnosti Texas Instruments pre CC2540).<\/p>\n<\/p>\n<p><span style=\"font-size:11pt;line-height:107%;font-family:'Segoe UI Emoji', sans-serif\">\ud83d\udccc<\/span><span style=\"font-size:11pt;line-height:107%;font-family:Calibri, sans-serif\"> Pozn\u00e1mka: Merania spotreby energie boli vykonan\u00e9 pri 3,07 V a za kontrolovan\u00fdch testovac\u00edch podmienok.<\/span><\/p>","protected":false},"excerpt":{"rendered":"<p class=\"MsoNormal\">Modul Bluetooth s technol\u00f3giou BLE a \u010dipsetom Texas CC2541<\/p>\n<\/p>\n<p class=\"MsoNormal\">Modul sa \u013eahko pou\u017e\u00edva ako s\u00e9riov\u00e9 rozhranie s mikrokontrol\u00e9rmi Arduino. Umo\u017e\u0148uje komunik\u00e1ciu medzi mikrokontrol\u00e9rmi, ako aj medzi mikrokontrol\u00e9rmi a in\u00fdmi zariadeniami s Bluetooth, ako s\u00fa smartf\u00f3ny, tablety at\u010f.<\/p><\/p>","protected":false},"featured_media":5571,"comment_status":"open","ping_status":"closed","template":"","meta":{"site-sidebar-layout":"default","site-content-layout":"","ast-site-content-layout":"default","site-content-style":"default","site-sidebar-style":"default","ast-global-header-display":"","ast-banner-title-visibility":"","ast-main-header-display":"","ast-hfb-above-header-display":"","ast-hfb-below-header-display":"","ast-hfb-mobile-header-display":"","site-post-title":"","ast-breadcrumbs-content":"","ast-featured-img":"","footer-sml-layout":"","ast-disable-related-posts":"","theme-transparent-header-meta":"","adv-header-id-meta":"","stick-header-meta":"","header-above-stick-meta":"","header-main-stick-meta":"","header-below-stick-meta":"","astra-migrate-meta-layouts":"default","ast-page-background-enabled":"default","ast-page-background-meta":{"desktop":{"background-color":"var(--ast-global-color-5)","background-image":"","background-repeat":"repeat","background-position":"center center","background-size":"auto","background-attachment":"scroll","background-type":"","background-media":"","overlay-type":"","overlay-color":"","overlay-opacity":"","overlay-gradient":""},"tablet":{"background-color":"","background-image":"","background-repeat":"repeat","background-position":"center center","background-size":"auto","background-attachment":"scroll","background-type":"","background-media":"","overlay-type":"","overlay-color":"","overlay-opacity":"","overlay-gradient":""},"mobile":{"background-color":"","background-image":"","background-repeat":"repeat","background-position":"center center","background-size":"auto","background-attachment":"scroll","background-type":"","background-media":"","overlay-type":"","overlay-color":"","overlay-opacity":"","overlay-gradient":""}},"ast-content-background-meta":{"desktop":{"background-color":"var(--ast-global-color-4)","background-image":"","background-repeat":"repeat","background-position":"center center","background-size":"auto","background-attachment":"scroll","background-type":"","background-media":"","overlay-type":"","overlay-color":"","overlay-opacity":"","overlay-gradient":""},"tablet":{"background-color":"var(--ast-global-color-4)","background-image":"","background-repeat":"repeat","background-position":"center center","background-size":"auto","background-attachment":"scroll","background-type":"","background-media":"","overlay-type":"","overlay-color":"","overlay-opacity":"","overlay-gradient":""},"mobile":{"background-color":"var(--ast-global-color-4)","background-image":"","background-repeat":"repeat","background-position":"center center","background-size":"auto","background-attachment":"scroll","background-type":"","background-media":"","overlay-type":"","overlay-color":"","overlay-opacity":"","overlay-gradient":""}}},"product_brand":[103],"product_cat":[52,29,32,57,35,40,59],"product_tag":[],"class_list":{"0":"post-6671","1":"product","2":"type-product","3":"status-publish","4":"has-post-thumbnail","6":"product_brand-funduino","7":"product_cat-52","8":"product_cat-29","9":"product_cat-32","10":"product_cat-57","11":"product_cat--10-12-","12":"product_cat--12-","13":"product_cat-59","14":"desktop-align-left","15":"tablet-align-left","16":"mobile-align-left","18":"first","19":"instock","20":"taxable","21":"shipping-taxable","22":"purchasable","23":"product-type-simple"},"_links":{"self":[{"href":"https:\/\/stem-eshop.gr\/sk\/wp-json\/wp\/v2\/product\/6671","targetHints":{"allow":["GET"]}}],"collection":[{"href":"https:\/\/stem-eshop.gr\/sk\/wp-json\/wp\/v2\/product"}],"about":[{"href":"https:\/\/stem-eshop.gr\/sk\/wp-json\/wp\/v2\/types\/product"}],"replies":[{"embeddable":true,"href":"https:\/\/stem-eshop.gr\/sk\/wp-json\/wp\/v2\/comments?post=6671"}],"wp:featuredmedia":[{"embeddable":true,"href":"https:\/\/stem-eshop.gr\/sk\/wp-json\/wp\/v2\/media\/5571"}],"wp:attachment":[{"href":"https:\/\/stem-eshop.gr\/sk\/wp-json\/wp\/v2\/media?parent=6671"}],"wp:term":[{"taxonomy":"product_brand","embeddable":true,"href":"https:\/\/stem-eshop.gr\/sk\/wp-json\/wp\/v2\/product_brand?post=6671"},{"taxonomy":"product_cat","embeddable":true,"href":"https:\/\/stem-eshop.gr\/sk\/wp-json\/wp\/v2\/product_cat?post=6671"},{"taxonomy":"product_tag","embeddable":true,"href":"https:\/\/stem-eshop.gr\/sk\/wp-json\/wp\/v2\/product_tag?post=6671"}],"curies":[{"name":"wp","href":"https:\/\/api.w.org\/{rel}","templated":true}]}}