{"id":6660,"date":"2025-05-19T08:31:23","date_gmt":"2025-05-19T08:31:23","guid":{"rendered":"https:\/\/stem-eshop.gr\/product\/funduino-%cf%85%cf%80%ce%ad%cf%81%cf%85%ce%b8%cf%81%ce%bf-%cf%84%ce%b7%ce%bb%ce%b5%cf%87%ce%b5%ce%b9%cf%81%ce%b9%cf%83%cf%84%ce%ae%cf%81%ce%b9%ce%bf\/"},"modified":"2025-05-22T21:13:33","modified_gmt":"2025-05-22T18:13:33","slug":"funduino-%cf%85%cf%80%ce%ad%cf%81%cf%85%ce%b8%cf%81%ce%bf-%cf%84%ce%b7%ce%bb%ce%b5%cf%87%ce%b5%ce%b9%cf%81%ce%b9%cf%83%cf%84%ce%ae%cf%81%ce%b9%ce%bf","status":"publish","type":"product","link":"https:\/\/stem-eshop.gr\/sk\/produkt\/funduino-%cf%85%cf%80%ce%ad%cf%81%cf%85%ce%b8%cf%81%ce%bf-%cf%84%ce%b7%ce%bb%ce%b5%cf%87%ce%b5%ce%b9%cf%81%ce%b9%cf%83%cf%84%ce%ae%cf%81%ce%b9%ce%bf\/","title":{"rendered":"Infra\u010derven\u00e9 dia\u013ekov\u00e9 ovl\u00e1danie Funduino"},"content":{"rendered":"<p class=\"MsoNormal\">\u039c\u03b5 20 \u03c0\u03bb\u03ae\u03ba\u03c4\u03c1\u03b1 \u03bb\u03b5\u03b9\u03c4\u03bf\u03c5\u03c1\u03b3\u03b9\u03ce\u03bd<\/p>\n<\/p>\n<p class=\"MsoNormal\">\u0395\u03bc\u03b2\u03ad\u03bb\u03b5\u03b9\u03b1 \u03ad\u03c9\u03c2 8 \u03bc\u03ad\u03c4\u03c1\u03b1<\/p>\n<\/p>\n<p class=\"MsoNormal\">\u03a3\u03c5\u03bc\u03b2\u03b1\u03c4\u03cc \u03bc\u03b5 \u03c4\u03b1 \u03b4\u03b9\u03b1\u03b8\u03ad\u03c3\u03b9\u03bc\u03b1 \u03c5\u03c0\u03ad\u03c1\u03c5\u03b8\u03c1\u03b1 \u03b4\u03ad\u03ba\u03c4\u03b5\u03c2 \u03bc\u03b1\u03c2<\/p>\n<\/p>\n<p class=\"MsoNormal\">\u0391\u03c5\u03c4\u03cc \u03c4\u03bf \u03c5\u03c0\u03ad\u03c1\u03c5\u03b8\u03c1\u03bf \u03c4\u03b7\u03bb\u03b5\u03c7\u03b5\u03b9\u03c1\u03b9\u03c3\u03c4\u03ae\u03c1\u03b9\u03bf \u03b5\u03af\u03bd\u03b1\u03b9 \u03c4\u03bf \u03af\u03b4\u03b9\u03bf \u03bc\u03bf\u03bd\u03c4\u03ad\u03bb\u03bf \u03c0\u03bf\u03c5 \u03c0\u03b5\u03c1\u03b9\u03bb\u03b1\u03bc\u03b2\u03ac\u03bd\u03b5\u03c4\u03b1\u03b9 \u03c3\u03c4\u03b1 \u03ba\u03b9\u03c4 \u03bc\u03b1\u03c2 \u03b3\u03b9\u03b1 Arduino<\/p><\/p>","protected":false},"excerpt":{"rendered":"<p>\u03a4\u03bf Funduino \u03c5\u03c0\u03ad\u03c1\u03c5\u03b8\u03c1\u03bf \u03c4\u03b7\u03bb\u03b5\u03c7\u03b5\u03b9\u03c1\u03b9\u03c3\u03c4\u03ae\u03c1\u03b9\u03bf \u03c7\u03c1\u03b7\u03c3\u03b9\u03bc\u03bf\u03c0\u03bf\u03b9\u03b5\u03af\u03c4\u03b1\u03b9 \u03b3\u03b9\u03b1 \u03c4\u03b7\u03bd \u03b1\u03c0\u03bf\u03c3\u03c4\u03bf\u03bb\u03ae \u03c3\u03b7\u03bc\u03ac\u03c4\u03c9\u03bd \u03c5\u03c0\u03b5\u03c1\u03cd\u03b8\u03c1\u03c9\u03bd \u03c3\u03b5 \u03ad\u03bd\u03b1\u03bd \u03c5\u03c0\u03ad\u03c1\u03c5\u03b8\u03c1\u03bf \u03b4\u03ad\u03ba\u03c4\u03b7, \u03c0\u03bf\u03c5 \u03b5\u03af\u03bd\u03b1\u03b9 \u03c3\u03c5\u03bd\u03b4\u03b5\u03b4\u03b5\u03bc\u03ad\u03bd\u03bf\u03c2 \u03c3\u03b5 \u03ad\u03bd\u03b1 Arduino \u03ae \u03ac\u03bb\u03bb\u03bf \u03bc\u03b9\u03ba\u03c1\u03bf\u03b5\u03bb\u03b5\u03b3\u03ba\u03c4\u03ae.<\/p>","protected":false},"featured_media":5535,"comment_status":"open","ping_status":"closed","template":"","meta":{"site-sidebar-layout":"default","site-content-layout":"","ast-site-content-layout":"default","site-content-style":"default","site-sidebar-style":"default","ast-global-header-display":"","ast-banner-title-visibility":"","ast-main-header-display":"","ast-hfb-above-header-display":"","ast-hfb-below-header-display":"","ast-hfb-mobile-header-display":"","site-post-title":"","ast-breadcrumbs-content":"","ast-featured-img":"","footer-sml-layout":"","ast-disable-related-posts":"","theme-transparent-header-meta":"","adv-header-id-meta":"","stick-header-meta":"","header-above-stick-meta":"","header-main-stick-meta":"","header-below-stick-meta":"","astra-migrate-meta-layouts":"default","ast-page-background-enabled":"default","ast-page-background-meta":{"desktop":{"background-color":"var(--ast-global-color-5)","background-image":"","background-repeat":"repeat","background-position":"center center","background-size":"auto","background-attachment":"scroll","background-type":"","background-media":"","overlay-type":"","overlay-color":"","overlay-opacity":"","overlay-gradient":""},"tablet":{"background-color":"","background-image":"","background-repeat":"repeat","background-position":"center center","background-size":"auto","background-attachment":"scroll","background-type":"","background-media":"","overlay-type":"","overlay-color":"","overlay-opacity":"","overlay-gradient":""},"mobile":{"background-color":"","background-image":"","background-repeat":"repeat","background-position":"center center","background-size":"auto","background-attachment":"scroll","background-type":"","background-media":"","overlay-type":"","overlay-color":"","overlay-opacity":"","overlay-gradient":""}},"ast-content-background-meta":{"desktop":{"background-color":"var(--ast-global-color-4)","background-image":"","background-repeat":"repeat","background-position":"center center","background-size":"auto","background-attachment":"scroll","background-type":"","background-media":"","overlay-type":"","overlay-color":"","overlay-opacity":"","overlay-gradient":""},"tablet":{"background-color":"var(--ast-global-color-4)","background-image":"","background-repeat":"repeat","background-position":"center center","background-size":"auto","background-attachment":"scroll","background-type":"","background-media":"","overlay-type":"","overlay-color":"","overlay-opacity":"","overlay-gradient":""},"mobile":{"background-color":"var(--ast-global-color-4)","background-image":"","background-repeat":"repeat","background-position":"center center","background-size":"auto","background-attachment":"scroll","background-type":"","background-media":"","overlay-type":"","overlay-color":"","overlay-opacity":"","overlay-gradient":""}}},"product_brand":[103],"product_cat":[52,29,32,57,35,40,59],"product_tag":[],"class_list":{"0":"post-6660","1":"product","2":"type-product","3":"status-publish","4":"has-post-thumbnail","6":"product_brand-funduino","7":"product_cat-52","8":"product_cat-29","9":"product_cat-32","10":"product_cat-57","11":"product_cat--10-12-","12":"product_cat--12-","13":"product_cat-59","14":"desktop-align-left","15":"tablet-align-left","16":"mobile-align-left","18":"first","19":"instock","20":"taxable","21":"shipping-taxable","22":"purchasable","23":"product-type-simple"},"_links":{"self":[{"href":"https:\/\/stem-eshop.gr\/sk\/wp-json\/wp\/v2\/product\/6660","targetHints":{"allow":["GET"]}}],"collection":[{"href":"https:\/\/stem-eshop.gr\/sk\/wp-json\/wp\/v2\/product"}],"about":[{"href":"https:\/\/stem-eshop.gr\/sk\/wp-json\/wp\/v2\/types\/product"}],"replies":[{"embeddable":true,"href":"https:\/\/stem-eshop.gr\/sk\/wp-json\/wp\/v2\/comments?post=6660"}],"wp:featuredmedia":[{"embeddable":true,"href":"https:\/\/stem-eshop.gr\/sk\/wp-json\/wp\/v2\/media\/5535"}],"wp:attachment":[{"href":"https:\/\/stem-eshop.gr\/sk\/wp-json\/wp\/v2\/media?parent=6660"}],"wp:term":[{"taxonomy":"product_brand","embeddable":true,"href":"https:\/\/stem-eshop.gr\/sk\/wp-json\/wp\/v2\/product_brand?post=6660"},{"taxonomy":"product_cat","embeddable":true,"href":"https:\/\/stem-eshop.gr\/sk\/wp-json\/wp\/v2\/product_cat?post=6660"},{"taxonomy":"product_tag","embeddable":true,"href":"https:\/\/stem-eshop.gr\/sk\/wp-json\/wp\/v2\/product_tag?post=6660"}],"curies":[{"name":"wp","href":"https:\/\/api.w.org\/{rel}","templated":true}]}}