{"id":6649,"date":"2025-05-19T08:31:10","date_gmt":"2025-05-19T08:31:10","guid":{"rendered":"https:\/\/stem-eshop.gr\/product\/%ce%ba%ce%bb%ce%b9%cf%80-%ce%bc%cf%80%ce%b1%cf%84%ce%b1%cf%81%ce%af%ce%b1%cf%82-9v-%ce%bc%ce%b5-%ce%b2%cf%8d%cf%83%ce%bc%ce%b1-dc-%cf%83%cf%87%ce%ae%ce%bc%ce%b1-%cf%84-%ce%ba%ce%b1%ce%bb%cf%8e\/"},"modified":"2025-12-15T14:02:37","modified_gmt":"2025-12-15T11:02:37","slug":"%ce%ba%ce%bb%ce%b9%cf%80-%ce%bc%cf%80%ce%b1%cf%84%ce%b1%cf%81%ce%af%ce%b1%cf%82-9v-%ce%bc%ce%b5-%ce%b2%cf%8d%cf%83%ce%bc%ce%b1-dc-%cf%83%cf%87%ce%ae%ce%bc%ce%b1-%cf%84-%ce%ba%ce%b1%ce%bb%cf%8e","status":"publish","type":"product","link":"https:\/\/stem-eshop.gr\/sk\/produkt\/%ce%ba%ce%bb%ce%b9%cf%80-%ce%bc%cf%80%ce%b1%cf%84%ce%b1%cf%81%ce%af%ce%b1%cf%82-9v-%ce%bc%ce%b5-%ce%b2%cf%8d%cf%83%ce%bc%ce%b1-dc-%cf%83%cf%87%ce%ae%ce%bc%ce%b1-%cf%84-%ce%ba%ce%b1%ce%bb%cf%8e\/","title":{"rendered":"9V svorka na bat\u00e9riu s DC z\u00e1str\u010dkou, tvar T \u2013 15 cm k\u00e1bel"},"content":{"rendered":"<p class=\"MsoNormal\">\u0394\u03b9\u03b1\u03b8\u03ad\u03c4\u03b5\u03b9 \u03c3\u03cd\u03bd\u03b4\u03b5\u03c3\u03b7 \u03b3\u03b9\u03b1 \u03bc\u03c0\u03b1\u03c4\u03b1\u03c1\u03af\u03b1 9V<\/p>\n<\/p>\n<p class=\"MsoNormal\">\u039c\u03b5 \u03b1\u03c1\u03c3\u03b5\u03bd\u03b9\u03ba\u03cc \u03b2\u03cd\u03c3\u03bc\u03b1 DC (2.1*5.5mm)<\/p>\n<\/p>\n<p class=\"MsoNormal\">\u03a3\u03c7\u03ae\u03bc\u03b1 \u03a4 (T-shape)<\/p>\n<\/p>\n<p class=\"MsoNormal\">\u039c\u03ae\u03ba\u03bf\u03c2 \u03ba\u03b1\u03bb\u03c9\u03b4\u03af\u03bf\u03c5: ~15cm<\/p>\n<\/p>\n<p>\u03a7\u03c1\u03ae\u03c3\u03b9\u03bc\u03bf\u03b9 \u03c3\u03cd\u03bd\u03b4\u03b5\u03c3\u03bc\u03bf\u03b9: <a href=\"https:\/\/playground.arduino.cc\/Learning\/9VBatteryAdapter\/\" rel=\"noopener\">Manual (playground.arduino.cc)<\/a><\/p>","protected":false},"excerpt":{"rendered":"<p>\u03a7\u03c1\u03b7\u03c3\u03b9\u03bc\u03bf\u03c0\u03bf\u03b9\u03b5\u03af\u03c4\u03b1\u03b9, \u03b3\u03b9\u03b1 \u03c0\u03b1\u03c1\u03ac\u03b4\u03b5\u03b9\u03b3\u03bc\u03b1, \u03b3\u03b9\u03b1 \u03c4\u03b7\u03bd \u03c4\u03c1\u03bf\u03c6\u03bf\u03b4\u03bf\u03c3\u03af\u03b1 \u03bc\u03b9\u03ba\u03c1\u03bf\u03b5\u03bb\u03b5\u03b3\u03ba\u03c4\u03ce\u03bd \u03bc\u03b5 \u03bc\u03c0\u03b1\u03c4\u03b1\u03c1\u03af\u03b1 9V<\/p>","protected":false},"featured_media":5506,"comment_status":"open","ping_status":"closed","template":"","meta":{"site-sidebar-layout":"default","site-content-layout":"","ast-site-content-layout":"default","site-content-style":"default","site-sidebar-style":"default","ast-global-header-display":"","ast-banner-title-visibility":"","ast-main-header-display":"","ast-hfb-above-header-display":"","ast-hfb-below-header-display":"","ast-hfb-mobile-header-display":"","site-post-title":"","ast-breadcrumbs-content":"","ast-featured-img":"","footer-sml-layout":"","ast-disable-related-posts":"","theme-transparent-header-meta":"","adv-header-id-meta":"","stick-header-meta":"","header-above-stick-meta":"","header-main-stick-meta":"","header-below-stick-meta":"","astra-migrate-meta-layouts":"default","ast-page-background-enabled":"default","ast-page-background-meta":{"desktop":{"background-color":"var(--ast-global-color-5)","background-image":"","background-repeat":"repeat","background-position":"center center","background-size":"auto","background-attachment":"scroll","background-type":"","background-media":"","overlay-type":"","overlay-color":"","overlay-opacity":"","overlay-gradient":""},"tablet":{"background-color":"","background-image":"","background-repeat":"repeat","background-position":"center center","background-size":"auto","background-attachment":"scroll","background-type":"","background-media":"","overlay-type":"","overlay-color":"","overlay-opacity":"","overlay-gradient":""},"mobile":{"background-color":"","background-image":"","background-repeat":"repeat","background-position":"center center","background-size":"auto","background-attachment":"scroll","background-type":"","background-media":"","overlay-type":"","overlay-color":"","overlay-opacity":"","overlay-gradient":""}},"ast-content-background-meta":{"desktop":{"background-color":"var(--ast-global-color-4)","background-image":"","background-repeat":"repeat","background-position":"center center","background-size":"auto","background-attachment":"scroll","background-type":"","background-media":"","overlay-type":"","overlay-color":"","overlay-opacity":"","overlay-gradient":""},"tablet":{"background-color":"var(--ast-global-color-4)","background-image":"","background-repeat":"repeat","background-position":"center center","background-size":"auto","background-attachment":"scroll","background-type":"","background-media":"","overlay-type":"","overlay-color":"","overlay-opacity":"","overlay-gradient":""},"mobile":{"background-color":"var(--ast-global-color-4)","background-image":"","background-repeat":"repeat","background-position":"center center","background-size":"auto","background-attachment":"scroll","background-type":"","background-media":"","overlay-type":"","overlay-color":"","overlay-opacity":"","overlay-gradient":""}}},"product_brand":[103],"product_cat":[52,29,32,57,35,40,59],"product_tag":[],"class_list":{"0":"post-6649","1":"product","2":"type-product","3":"status-publish","4":"has-post-thumbnail","6":"product_brand-funduino","7":"product_cat-52","8":"product_cat-29","9":"product_cat-32","10":"product_cat-57","11":"product_cat--10-12-","12":"product_cat--12-","13":"product_cat-59","14":"desktop-align-left","15":"tablet-align-left","16":"mobile-align-left","18":"first","19":"instock","20":"taxable","21":"shipping-taxable","22":"purchasable","23":"product-type-simple"},"_links":{"self":[{"href":"https:\/\/stem-eshop.gr\/sk\/wp-json\/wp\/v2\/product\/6649","targetHints":{"allow":["GET"]}}],"collection":[{"href":"https:\/\/stem-eshop.gr\/sk\/wp-json\/wp\/v2\/product"}],"about":[{"href":"https:\/\/stem-eshop.gr\/sk\/wp-json\/wp\/v2\/types\/product"}],"replies":[{"embeddable":true,"href":"https:\/\/stem-eshop.gr\/sk\/wp-json\/wp\/v2\/comments?post=6649"}],"wp:featuredmedia":[{"embeddable":true,"href":"https:\/\/stem-eshop.gr\/sk\/wp-json\/wp\/v2\/media\/5506"}],"wp:attachment":[{"href":"https:\/\/stem-eshop.gr\/sk\/wp-json\/wp\/v2\/media?parent=6649"}],"wp:term":[{"taxonomy":"product_brand","embeddable":true,"href":"https:\/\/stem-eshop.gr\/sk\/wp-json\/wp\/v2\/product_brand?post=6649"},{"taxonomy":"product_cat","embeddable":true,"href":"https:\/\/stem-eshop.gr\/sk\/wp-json\/wp\/v2\/product_cat?post=6649"},{"taxonomy":"product_tag","embeddable":true,"href":"https:\/\/stem-eshop.gr\/sk\/wp-json\/wp\/v2\/product_tag?post=6649"}],"curies":[{"name":"wp","href":"https:\/\/api.w.org\/{rel}","templated":true}]}}