{"id":6648,"date":"2025-05-19T08:31:09","date_gmt":"2025-05-19T08:31:09","guid":{"rendered":"https:\/\/stem-eshop.gr\/product\/7-segment-%ce%bc%ce%b5-4-%cf%88%ce%b7%cf%86%ce%af%ce%b1\/"},"modified":"2025-10-28T16:03:42","modified_gmt":"2025-10-28T13:03:42","slug":"7-segment-%ce%bc%ce%b5-4-%cf%88%ce%b7%cf%86%ce%af%ce%b1","status":"publish","type":"product","link":"https:\/\/stem-eshop.gr\/sk\/produkt\/7-segment-%ce%bc%ce%b5-4-%cf%88%ce%b7%cf%86%ce%af%ce%b1\/","title":{"rendered":"7-segmentov\u00fd so 4 \u010d\u00edslicami"},"content":{"rendered":"<p>\u03a4\u03b5\u03c4\u03c1\u03b1\u03c8\u03ae\u03c6\u03b9\u03b1 \u03bf\u03b8\u03cc\u03bd\u03b7 7-Segment \u03bc\u03b5 \u03bc\u03af\u03b1 \u03c4\u03b5\u03bb\u03b5\u03af\u03b1 \u03bc\u03b5\u03c4\u03ac \u03b1\u03c0\u03cc \u03ba\u03ac\u03b8\u03b5 \u03c8\u03b7\u03c6\u03af\u03bf<\/p>\n<p>\u03a4\u03bf \u03c7\u03c1\u03ce\u03bc\u03b1 \u03c4\u03b7\u03c2 \u03ad\u03bd\u03b4\u03b5\u03b9\u03be\u03b7\u03c2 \u03b5\u03af\u03bd\u03b1\u03b9 \u03ba\u03cc\u03ba\u03ba\u03b9\u03bd\u03bf<\/p>\n<p>\u03a7\u03ac\u03c1\u03b7 \u03c3\u03c4\u03b7 \u03bb\u03b5\u03b9\u03c4\u03bf\u03c5\u03c1\u03b3\u03af\u03b1 \u03c0\u03bf\u03bb\u03bb\u03b1\u03c0\u03bb\u03ae\u03c2 \u03b1\u03c0\u03bf\u03c3\u03c4\u03bf\u03bb\u03ae\u03c2 (multiplexing), \u03b7 \u03bf\u03b8\u03cc\u03bd\u03b7 \u03c7\u03c1\u03b5\u03b9\u03ac\u03b6\u03b5\u03c4\u03b1\u03b9 \u03bc\u03cc\u03bd\u03bf 12 \u03b1\u03ba\u03c1\u03bf\u03b4\u03ad\u03ba\u03c4\u03b5\u03c2<\/p>\n<p class=\"MsoNormal\">\u03a3\u03c5\u03bd\u03b4\u03b5\u03c3\u03b9\u03bc\u03cc\u03c4\u03b7\u03c4\u03b1: \u039a\u03bf\u03b9\u03bd\u03ae \u03ac\u03bd\u03bf\u03b4\u03bf\u03c2 \u03ae \u03ba\u03bf\u03b9\u03bd\u03ae \u03ba\u03ac\u03b8\u03bf\u03b4\u03bf\u03c2 (\u03b1\u03bd\u03ac\u03bb\u03bf\u03b3\u03b1 \u03bc\u03b5 \u03c4\u03bf \u03bc\u03bf\u03bd\u03c4\u03ad\u03bb\u03bf)<\/p>\n<p class=\"MsoNormal\">\u0395\u03c6\u03b1\u03c1\u03bc\u03bf\u03b3\u03ad\u03c2: \u03a1\u03bf\u03bb\u03cc\u03b3\u03b9\u03b1, \u03b8\u03b5\u03c1\u03bc\u03cc\u03bc\u03b5\u03c4\u03c1\u03b1, \u03bc\u03b5\u03c4\u03c1\u03b7\u03c4\u03ad\u03c2 \u03c4\u03b1\u03c7\u03cd\u03c4\u03b7\u03c4\u03b1\u03c2, \u03c3\u03c5\u03c3\u03ba\u03b5\u03c5\u03ad\u03c2 \u03bc\u03ad\u03c4\u03c1\u03b7\u03c3\u03b7\u03c2<\/p>\n<p>\u03a7\u03c1\u03ae\u03c3\u03b9\u03bc\u03bf\u03b9 \u03c3\u03cd\u03bd\u03b4\u03b5\u03c3\u03bc\u03bf\u03b9: <a href=\"https:\/\/funduino.de\/nr-12-7-segment-anzeige\" rel=\"noopener\">\u039f\u03b4\u03b7\u03b3\u03af\u03b5\u03c2 Funduino<\/a><\/p><\/p>","protected":false},"excerpt":{"rendered":"<p>\u0391\u03c5\u03c4\u03cc \u03c4\u03bf 7-Segment Display \u03bc\u03b5 \u03c4\u03ad\u03c3\u03c3\u03b5\u03c1\u03b1 \u03c8\u03b7\u03c6\u03af\u03b1 \u03b5\u03c0\u03b9\u03c4\u03c1\u03ad\u03c0\u03b5\u03b9 \u03c4\u03b7\u03bd \u03b5\u03bc\u03c6\u03ac\u03bd\u03b9\u03c3\u03b7 \u03b1\u03c1\u03b9\u03b8\u03bc\u03ce\u03bd \u03ba\u03b1\u03b9 \u03bf\u03c1\u03b9\u03c3\u03bc\u03ad\u03bd\u03c9\u03bd \u03c7\u03b1\u03c1\u03b1\u03ba\u03c4\u03ae\u03c1\u03c9\u03bd, \u03ba\u03b1\u03b8\u03b9\u03c3\u03c4\u03ce\u03bd\u03c4\u03b1\u03c2 \u03c4\u03bf \u03ba\u03b1\u03c4\u03ac\u03bb\u03bb\u03b7\u03bb\u03bf \u03b3\u03b9\u03b1 \u03b5\u03c6\u03b1\u03c1\u03bc\u03bf\u03b3\u03ad\u03c2 \u03cc\u03c0\u03c9\u03c2 \u03c7\u03c1\u03bf\u03bd\u03cc\u03bc\u03b5\u03c4\u03c1\u03b1, \u03bc\u03b5\u03c4\u03c1\u03b7\u03c4\u03ad\u03c2 \u03ba\u03b1\u03b9 \u03b7\u03bb\u03b5\u03ba\u03c4\u03c1\u03bf\u03bd\u03b9\u03ba\u03ad\u03c2 \u03bf\u03b8\u03cc\u03bd\u03b5\u03c2.<\/p>","protected":false},"featured_media":5503,"comment_status":"open","ping_status":"closed","template":"","meta":{"site-sidebar-layout":"default","site-content-layout":"","ast-site-content-layout":"default","site-content-style":"default","site-sidebar-style":"default","ast-global-header-display":"","ast-banner-title-visibility":"","ast-main-header-display":"","ast-hfb-above-header-display":"","ast-hfb-below-header-display":"","ast-hfb-mobile-header-display":"","site-post-title":"","ast-breadcrumbs-content":"","ast-featured-img":"","footer-sml-layout":"","ast-disable-related-posts":"","theme-transparent-header-meta":"","adv-header-id-meta":"","stick-header-meta":"","header-above-stick-meta":"","header-main-stick-meta":"","header-below-stick-meta":"","astra-migrate-meta-layouts":"default","ast-page-background-enabled":"default","ast-page-background-meta":{"desktop":{"background-color":"var(--ast-global-color-5)","background-image":"","background-repeat":"repeat","background-position":"center center","background-size":"auto","background-attachment":"scroll","background-type":"","background-media":"","overlay-type":"","overlay-color":"","overlay-opacity":"","overlay-gradient":""},"tablet":{"background-color":"","background-image":"","background-repeat":"repeat","background-position":"center center","background-size":"auto","background-attachment":"scroll","background-type":"","background-media":"","overlay-type":"","overlay-color":"","overlay-opacity":"","overlay-gradient":""},"mobile":{"background-color":"","background-image":"","background-repeat":"repeat","background-position":"center center","background-size":"auto","background-attachment":"scroll","background-type":"","background-media":"","overlay-type":"","overlay-color":"","overlay-opacity":"","overlay-gradient":""}},"ast-content-background-meta":{"desktop":{"background-color":"var(--ast-global-color-4)","background-image":"","background-repeat":"repeat","background-position":"center center","background-size":"auto","background-attachment":"scroll","background-type":"","background-media":"","overlay-type":"","overlay-color":"","overlay-opacity":"","overlay-gradient":""},"tablet":{"background-color":"var(--ast-global-color-4)","background-image":"","background-repeat":"repeat","background-position":"center center","background-size":"auto","background-attachment":"scroll","background-type":"","background-media":"","overlay-type":"","overlay-color":"","overlay-opacity":"","overlay-gradient":""},"mobile":{"background-color":"var(--ast-global-color-4)","background-image":"","background-repeat":"repeat","background-position":"center center","background-size":"auto","background-attachment":"scroll","background-type":"","background-media":"","overlay-type":"","overlay-color":"","overlay-opacity":"","overlay-gradient":""}}},"product_brand":[103],"product_cat":[52,29,32,57,35,40,59],"product_tag":[],"class_list":{"0":"post-6648","1":"product","2":"type-product","3":"status-publish","4":"has-post-thumbnail","6":"product_brand-funduino","7":"product_cat-52","8":"product_cat-29","9":"product_cat-32","10":"product_cat-57","11":"product_cat--10-12-","12":"product_cat--12-","13":"product_cat-59","14":"desktop-align-left","15":"tablet-align-left","16":"mobile-align-left","18":"first","19":"instock","20":"taxable","21":"shipping-taxable","22":"purchasable","23":"product-type-simple"},"_links":{"self":[{"href":"https:\/\/stem-eshop.gr\/sk\/wp-json\/wp\/v2\/product\/6648","targetHints":{"allow":["GET"]}}],"collection":[{"href":"https:\/\/stem-eshop.gr\/sk\/wp-json\/wp\/v2\/product"}],"about":[{"href":"https:\/\/stem-eshop.gr\/sk\/wp-json\/wp\/v2\/types\/product"}],"replies":[{"embeddable":true,"href":"https:\/\/stem-eshop.gr\/sk\/wp-json\/wp\/v2\/comments?post=6648"}],"wp:featuredmedia":[{"embeddable":true,"href":"https:\/\/stem-eshop.gr\/sk\/wp-json\/wp\/v2\/media\/5503"}],"wp:attachment":[{"href":"https:\/\/stem-eshop.gr\/sk\/wp-json\/wp\/v2\/media?parent=6648"}],"wp:term":[{"taxonomy":"product_brand","embeddable":true,"href":"https:\/\/stem-eshop.gr\/sk\/wp-json\/wp\/v2\/product_brand?post=6648"},{"taxonomy":"product_cat","embeddable":true,"href":"https:\/\/stem-eshop.gr\/sk\/wp-json\/wp\/v2\/product_cat?post=6648"},{"taxonomy":"product_tag","embeddable":true,"href":"https:\/\/stem-eshop.gr\/sk\/wp-json\/wp\/v2\/product_tag?post=6648"}],"curies":[{"name":"wp","href":"https:\/\/api.w.org\/{rel}","templated":true}]}}