{"id":6355,"date":"2025-05-19T07:29:48","date_gmt":"2025-05-19T07:29:48","guid":{"rendered":"https:\/\/stem-eshop.gr\/product\/4m-toys-%cf%83%ce%b5%ce%bd%cf%84%ce%bf%cf%85%ce%ba%ce%b9-%ce%bc%cf%85%cf%83%cf%84%ce%b7%cf%81%ce%b9%ce%bf%cf%85-%ce%b3%cf%81%ce%b9%cf%86%ce%bf%cf%83\/"},"modified":"2026-03-18T14:49:21","modified_gmt":"2026-03-18T11:49:21","slug":"4m-toys-%cf%83%ce%b5%ce%bd%cf%84%ce%bf%cf%85%ce%ba%ce%b9-%ce%bc%cf%85%cf%83%cf%84%ce%b7%cf%81%ce%b9%ce%bf%cf%85-%ce%b3%cf%81%ce%b9%cf%86%ce%bf%cf%83","status":"publish","type":"product","link":"https:\/\/stem-eshop.gr\/sk\/produkt\/4m-toys-%cf%83%ce%b5%ce%bd%cf%84%ce%bf%cf%85%ce%ba%ce%b9-%ce%bc%cf%85%cf%83%cf%84%ce%b7%cf%81%ce%b9%ce%bf%cf%85-%ce%b3%cf%81%ce%b9%cf%86%ce%bf%cf%83\/","title":{"rendered":"4M Hra\u010dky: Z\u00e1hadn\u00e1 truhlica"},"content":{"rendered":"<p><span style=\"font-family: 'Open Sans', sans-serif;font-size: 15px;letter-spacing: 0.7px;background-color: #ffffff\">\u0391\u03bd\u03b1\u03ba\u03ac\u03bb\u03c5\u03c8\u03b5 \u03c4\u03bf\u03bd \u03b8\u03b7\u03c3\u03b1\u03c5\u03c1\u03cc \u03c4\u03bf\u03c5 \u03c0\u03b5\u03b9\u03c1\u03b1\u03c4\u03ae \u03ba\u03b1\u03b9 \u03b5\u03bd\u03c4\u03c5\u03c0\u03c9\u03c3\u03af\u03b1\u03c3\u03b5 \u03c4\u03bf\u03c5\u03c2 \u03c6\u03af\u03bb\u03bf\u03c5\u03c2 \u03c3\u03bf\u03c5 \u03bc\u03b5 \u03c4\u03b7\u03bd \u03b1\u03c0\u03cc\u03bb\u03c5\u03c4\u03b7 \u03c0\u03c1\u03cc\u03c3\u03ba\u03bb\u03b7\u03c3\u03b7 \u03c3\u03c0\u03b1\u03b6\u03bf\u03ba\u03b5\u03c6\u03b1\u03bb\u03b9\u03ac\u03c2!<\/span><\/p>","protected":false},"excerpt":{"rendered":"<p><span style=\"font-family: 'Open Sans', sans-serif;font-size: 15px;letter-spacing: 0.7px;background-color: #ffffff\">\u03a3\u03c0\u03ac\u03c3\u03b5 \u03c4\u03bf\u03bd \u03b3\u03c1\u03af\u03c6\u03bf \u03ba\u03b1\u03b9 \u03be\u03b5\u03ba\u03bb\u03b5\u03af\u03b4\u03c9\u03c3\u03b5 \u03c4\u03bf \u03c3\u03b5\u03bd\u03c4\u03bf\u03cd\u03ba\u03b9!\u00a0<\/span><\/p>","protected":false},"featured_media":4025,"comment_status":"open","ping_status":"closed","template":"","meta":{"site-sidebar-layout":"default","site-content-layout":"","ast-site-content-layout":"default","site-content-style":"default","site-sidebar-style":"default","ast-global-header-display":"","ast-banner-title-visibility":"","ast-main-header-display":"","ast-hfb-above-header-display":"","ast-hfb-below-header-display":"","ast-hfb-mobile-header-display":"","site-post-title":"","ast-breadcrumbs-content":"","ast-featured-img":"","footer-sml-layout":"","ast-disable-related-posts":"","theme-transparent-header-meta":"default","adv-header-id-meta":"","stick-header-meta":"","header-above-stick-meta":"","header-main-stick-meta":"","header-below-stick-meta":"","astra-migrate-meta-layouts":"set","ast-page-background-enabled":"default","ast-page-background-meta":{"desktop":{"background-color":"var(--ast-global-color-5)","background-image":"","background-repeat":"repeat","background-position":"center center","background-size":"auto","background-attachment":"scroll","background-type":"","background-media":"","overlay-type":"","overlay-color":"","overlay-opacity":"","overlay-gradient":""},"tablet":{"background-color":"","background-image":"","background-repeat":"repeat","background-position":"center center","background-size":"auto","background-attachment":"scroll","background-type":"","background-media":"","overlay-type":"","overlay-color":"","overlay-opacity":"","overlay-gradient":""},"mobile":{"background-color":"","background-image":"","background-repeat":"repeat","background-position":"center center","background-size":"auto","background-attachment":"scroll","background-type":"","background-media":"","overlay-type":"","overlay-color":"","overlay-opacity":"","overlay-gradient":""}},"ast-content-background-meta":{"desktop":{"background-color":"var(--ast-global-color-4)","background-image":"","background-repeat":"repeat","background-position":"center center","background-size":"auto","background-attachment":"scroll","background-type":"","background-media":"","overlay-type":"","overlay-color":"","overlay-opacity":"","overlay-gradient":""},"tablet":{"background-color":"var(--ast-global-color-4)","background-image":"","background-repeat":"repeat","background-position":"center center","background-size":"auto","background-attachment":"scroll","background-type":"","background-media":"","overlay-type":"","overlay-color":"","overlay-opacity":"","overlay-gradient":""},"mobile":{"background-color":"var(--ast-global-color-4)","background-image":"","background-repeat":"repeat","background-position":"center center","background-size":"auto","background-attachment":"scroll","background-type":"","background-media":"","overlay-type":"","overlay-color":"","overlay-opacity":"","overlay-gradient":""}}},"product_brand":[96],"product_cat":[126,56,47,30,55,26],"product_tag":[],"class_list":{"0":"post-6355","1":"product","2":"type-product","3":"status-publish","4":"has-post-thumbnail","6":"product_brand-4m","7":"product_cat-126","8":"product_cat-56","9":"product_cat-47","10":"product_cat--6-9-","11":"product_cat-55","12":"product_cat-26","13":"desktop-align-left","14":"tablet-align-left","15":"mobile-align-left","17":"first","18":"instock","19":"taxable","20":"shipping-taxable","21":"purchasable","22":"product-type-simple"},"_links":{"self":[{"href":"https:\/\/stem-eshop.gr\/sk\/wp-json\/wp\/v2\/product\/6355","targetHints":{"allow":["GET"]}}],"collection":[{"href":"https:\/\/stem-eshop.gr\/sk\/wp-json\/wp\/v2\/product"}],"about":[{"href":"https:\/\/stem-eshop.gr\/sk\/wp-json\/wp\/v2\/types\/product"}],"replies":[{"embeddable":true,"href":"https:\/\/stem-eshop.gr\/sk\/wp-json\/wp\/v2\/comments?post=6355"}],"wp:featuredmedia":[{"embeddable":true,"href":"https:\/\/stem-eshop.gr\/sk\/wp-json\/wp\/v2\/media\/4025"}],"wp:attachment":[{"href":"https:\/\/stem-eshop.gr\/sk\/wp-json\/wp\/v2\/media?parent=6355"}],"wp:term":[{"taxonomy":"product_brand","embeddable":true,"href":"https:\/\/stem-eshop.gr\/sk\/wp-json\/wp\/v2\/product_brand?post=6355"},{"taxonomy":"product_cat","embeddable":true,"href":"https:\/\/stem-eshop.gr\/sk\/wp-json\/wp\/v2\/product_cat?post=6355"},{"taxonomy":"product_tag","embeddable":true,"href":"https:\/\/stem-eshop.gr\/sk\/wp-json\/wp\/v2\/product_tag?post=6355"}],"curies":[{"name":"wp","href":"https:\/\/api.w.org\/{rel}","templated":true}]}}