{"id":6324,"date":"2025-05-19T07:28:54","date_gmt":"2025-05-19T07:28:54","guid":{"rendered":"https:\/\/stem-eshop.gr\/product\/%ce%be%cf%8d%ce%bb%ce%b9%ce%bd%ce%bf-%cf%80%ce%b1%ce%b9%cf%87%ce%bd%ce%af%ce%b4%ce%b9-%ce%b1%ce%bd%cf%84%ce%b9%cf%83%cf%84%ce%bf%ce%af%cf%87%ce%b9%cf%83%ce%b7%cf%82-%ce%b3%ce%b5%cf%89%ce%bc%ce%b5-2\/"},"modified":"2025-05-22T07:41:43","modified_gmt":"2025-05-22T07:41:43","slug":"%ce%be%cf%8d%ce%bb%ce%b9%ce%bd%ce%bf-%cf%80%ce%b1%ce%b9%cf%87%ce%bd%ce%af%ce%b4%ce%b9-%ce%b1%ce%bd%cf%84%ce%b9%cf%83%cf%84%ce%bf%ce%af%cf%87%ce%b9%cf%83%ce%b7%cf%82-%ce%b3%ce%b5%cf%89%ce%bc%ce%b5-2","status":"publish","type":"product","link":"https:\/\/stem-eshop.gr\/sk\/produkt\/%ce%be%cf%8d%ce%bb%ce%b9%ce%bd%ce%bf-%cf%80%ce%b1%ce%b9%cf%87%ce%bd%ce%af%ce%b4%ce%b9-%ce%b1%ce%bd%cf%84%ce%b9%cf%83%cf%84%ce%bf%ce%af%cf%87%ce%b9%cf%83%ce%b7%cf%82-%ce%b3%ce%b5%cf%89%ce%bc%ce%b5-2\/","title":{"rendered":"Hra na p\u00e1rovanie dreven\u00fdch geometrick\u00fdch tvarov (B)"},"content":{"rendered":"<p>\u03a4\u03bf \u03c0\u03b1\u03b9\u03c7\u03bd\u03af\u03b4\u03b9 \u03c0\u03b5\u03c1\u03b9\u03bb\u03b1\u03bc\u03b2\u03ac\u03bd\u03b5\u03b9 \u03b4\u03b9\u03ac\u03c6\u03bf\u03c1\u03b1 \u03be\u03cd\u03bb\u03b9\u03bd\u03b1 \u03b3\u03b5\u03c9\u03bc\u03b5\u03c4\u03c1\u03b9\u03ba\u03ac \u03c3\u03c7\u03ae\u03bc\u03b1\u03c4\u03b1 \u03c0\u03bf\u03c5 \u03c4\u03b1 \u03c0\u03b1\u03b9\u03b4\u03b9\u03ac \u03c0\u03c1\u03ad\u03c0\u03b5\u03b9 \u03bd\u03b1 \u03b1\u03bd\u03c4\u03b9\u03c3\u03c4\u03bf\u03b9\u03c7\u03af\u03c3\u03bf\u03c5\u03bd \u03c3\u03c4\u03b9\u03c2 \u03c3\u03c9\u03c3\u03c4\u03ad\u03c2 \u03b8\u03ad\u03c3\u03b5\u03b9\u03c2 \u03c0\u03ac\u03bd\u03c9 \u03c3\u03b5 \u03ad\u03bd\u03b1\u03bd \u03c0\u03af\u03bd\u03b1\u03ba\u03b1 \u03ae \u03b2\u03ac\u03c3\u03b7. \u0391\u03c5\u03c4\u03ae \u03b7 \u03b4\u03c1\u03b1\u03c3\u03c4\u03b7\u03c1\u03b9\u03cc\u03c4\u03b7\u03c4\u03b1 \u03b5\u03bd\u03b9\u03c3\u03c7\u03cd\u03b5\u03b9 \u03c4\u03b7\u03bd \u03ba\u03b1\u03c4\u03b1\u03bd\u03cc\u03b7\u03c3\u03b7 \u03c4\u03c9\u03bd \u03b3\u03b5\u03c9\u03bc\u03b5\u03c4\u03c1\u03b9\u03ba\u03ce\u03bd \u03bc\u03bf\u03c1\u03c6\u03ce\u03bd \u03ba\u03b1\u03b9 \u03b2\u03bf\u03b7\u03b8\u03ac \u03c3\u03c4\u03b7\u03bd \u03b1\u03bd\u03ac\u03c0\u03c4\u03c5\u03be\u03b7 \u03c4\u03b7\u03c2 \u03c7\u03c9\u03c1\u03b9\u03ba\u03ae\u03c2 \u03b1\u03bd\u03c4\u03af\u03bb\u03b7\u03c8\u03b7\u03c2.<\/p>\n<p>\u039a\u03b1\u03b8\u03ce\u03c2 \u03c4\u03b1 \u03c0\u03b1\u03b9\u03b4\u03b9\u03ac \u03b1\u03b3\u03b3\u03af\u03b6\u03bf\u03c5\u03bd, \u03c0\u03b9\u03ac\u03bd\u03bf\u03c5\u03bd \u03ba\u03b1\u03b9 \u03c4\u03bf\u03c0\u03bf\u03b8\u03b5\u03c4\u03bf\u03cd\u03bd \u03c4\u03b1 \u03be\u03cd\u03bb\u03b9\u03bd\u03b1 \u03ba\u03bf\u03bc\u03bc\u03ac\u03c4\u03b9\u03b1, \u03b1\u03bd\u03b1\u03c0\u03c4\u03cd\u03c3\u03c3\u03bf\u03c5\u03bd \u03c4\u03b9\u03c2 \u03bb\u03b5\u03c0\u03c4\u03ad\u03c2 \u03ba\u03b9\u03bd\u03b7\u03c4\u03b9\u03ba\u03ad\u03c2 \u03b4\u03b5\u03be\u03b9\u03cc\u03c4\u03b7\u03c4\u03b5\u03c2 \u03ba\u03b1\u03b9 \u03b2\u03b5\u03bb\u03c4\u03b9\u03ce\u03bd\u03bf\u03c5\u03bd \u03c4\u03bf\u03bd \u03c3\u03c5\u03bd\u03c4\u03bf\u03bd\u03b9\u03c3\u03bc\u03cc \u03c7\u03b5\u03c1\u03b9\u03bf\u03cd-\u03bc\u03b1\u03c4\u03b9\u03bf\u03cd.<\/p>","protected":false},"excerpt":{"rendered":"<p>\u03a4\u03bf \u03c0\u03b1\u03b9\u03c7\u03bd\u03af\u03b4\u03b9 \u03b1\u03bd\u03c4\u03b9\u03c3\u03c4\u03bf\u03af\u03c7\u03b9\u03c3\u03b7\u03c2 \u03b3\u03b5\u03c9\u03bc\u03b5\u03c4\u03c1\u03b9\u03ba\u03ce\u03bd \u03c3\u03c7\u03b7\u03bc\u03ac\u03c4\u03c9\u03bd \u03b5\u03af\u03bd\u03b1\u03b9 \u03ad\u03bd\u03b1 \u03b5\u03ba\u03c0\u03b1\u03b9\u03b4\u03b5\u03c5\u03c4\u03b9\u03ba\u03cc \u03c0\u03b1\u03b9\u03c7\u03bd\u03af\u03b4\u03b9 \u03c3\u03c7\u03b5\u03b4\u03b9\u03b1\u03c3\u03bc\u03ad\u03bd\u03bf \u03b3\u03b9\u03b1 \u03c0\u03b1\u03b9\u03b4\u03b9\u03ac, \u03c4\u03bf \u03bf\u03c0\u03bf\u03af\u03bf \u03b5\u03bd\u03b8\u03b1\u03c1\u03c1\u03cd\u03bd\u03b5\u03b9 \u03c4\u03b7\u03bd \u03b1\u03bd\u03b1\u03b3\u03bd\u03ce\u03c1\u03b9\u03c3\u03b7 \u03c3\u03c7\u03b7\u03bc\u03ac\u03c4\u03c9\u03bd, \u03c4\u03b7\u03bd \u03b1\u03bd\u03ac\u03c0\u03c4\u03c5\u03be\u03b7 \u03c4\u03c9\u03bd \u03b1\u03b9\u03c3\u03b8\u03ae\u03c3\u03b5\u03c9\u03bd \u03ba\u03b1\u03b9 \u03c4\u03b7 \u03bc\u03ac\u03b8\u03b7\u03c3\u03b7 \u03bc\u03ad\u03c3\u03c9 \u03c4\u03b7\u03c2 \u03b5\u03be\u03b5\u03c1\u03b5\u03cd\u03bd\u03b7\u03c3\u03b7\u03c2, \u03c3\u03cd\u03bc\u03c6\u03c9\u03bd\u03b1 \u03bc\u03b5 \u03c4\u03b9\u03c2 \u03b1\u03c1\u03c7\u03ad\u03c2 \u03c4\u03b7\u03c2 \u03bc\u03b5\u03b8\u03cc\u03b4\u03bf\u03c5 \u039c\u03bf\u03bd\u03c4\u03b5\u03c3\u03c3\u03cc\u03c1\u03b9.<\/p>","protected":false},"featured_media":3853,"comment_status":"open","ping_status":"closed","template":"","meta":{"site-sidebar-layout":"default","site-content-layout":"","ast-site-content-layout":"default","site-content-style":"default","site-sidebar-style":"default","ast-global-header-display":"","ast-banner-title-visibility":"","ast-main-header-display":"","ast-hfb-above-header-display":"","ast-hfb-below-header-display":"","ast-hfb-mobile-header-display":"","site-post-title":"","ast-breadcrumbs-content":"","ast-featured-img":"","footer-sml-layout":"","ast-disable-related-posts":"","theme-transparent-header-meta":"","adv-header-id-meta":"","stick-header-meta":"","header-above-stick-meta":"","header-main-stick-meta":"","header-below-stick-meta":"","astra-migrate-meta-layouts":"default","ast-page-background-enabled":"default","ast-page-background-meta":{"desktop":{"background-color":"var(--ast-global-color-5)","background-image":"","background-repeat":"repeat","background-position":"center center","background-size":"auto","background-attachment":"scroll","background-type":"","background-media":"","overlay-type":"","overlay-color":"","overlay-opacity":"","overlay-gradient":""},"tablet":{"background-color":"","background-image":"","background-repeat":"repeat","background-position":"center center","background-size":"auto","background-attachment":"scroll","background-type":"","background-media":"","overlay-type":"","overlay-color":"","overlay-opacity":"","overlay-gradient":""},"mobile":{"background-color":"","background-image":"","background-repeat":"repeat","background-position":"center center","background-size":"auto","background-attachment":"scroll","background-type":"","background-media":"","overlay-type":"","overlay-color":"","overlay-opacity":"","overlay-gradient":""}},"ast-content-background-meta":{"desktop":{"background-color":"var(--ast-global-color-4)","background-image":"","background-repeat":"repeat","background-position":"center center","background-size":"auto","background-attachment":"scroll","background-type":"","background-media":"","overlay-type":"","overlay-color":"","overlay-opacity":"","overlay-gradient":""},"tablet":{"background-color":"var(--ast-global-color-4)","background-image":"","background-repeat":"repeat","background-position":"center center","background-size":"auto","background-attachment":"scroll","background-type":"","background-media":"","overlay-type":"","overlay-color":"","overlay-opacity":"","overlay-gradient":""},"mobile":{"background-color":"var(--ast-global-color-4)","background-image":"","background-repeat":"repeat","background-position":"center center","background-size":"auto","background-attachment":"scroll","background-type":"","background-media":"","overlay-type":"","overlay-color":"","overlay-opacity":"","overlay-gradient":""}}},"product_brand":[107],"product_cat":[39,50,56,47,37,30,55,26],"product_tag":[],"class_list":{"0":"post-6324","1":"product","2":"type-product","3":"status-publish","4":"has-post-thumbnail","6":"product_brand-ngs","7":"product_cat-39","8":"product_cat-50","9":"product_cat-56","10":"product_cat-47","11":"product_cat-37","12":"product_cat--6-9-","13":"product_cat-55","14":"product_cat-26","15":"desktop-align-left","16":"tablet-align-left","17":"mobile-align-left","19":"first","20":"instock","21":"taxable","22":"shipping-taxable","23":"purchasable","24":"product-type-simple"},"_links":{"self":[{"href":"https:\/\/stem-eshop.gr\/sk\/wp-json\/wp\/v2\/product\/6324","targetHints":{"allow":["GET"]}}],"collection":[{"href":"https:\/\/stem-eshop.gr\/sk\/wp-json\/wp\/v2\/product"}],"about":[{"href":"https:\/\/stem-eshop.gr\/sk\/wp-json\/wp\/v2\/types\/product"}],"replies":[{"embeddable":true,"href":"https:\/\/stem-eshop.gr\/sk\/wp-json\/wp\/v2\/comments?post=6324"}],"wp:featuredmedia":[{"embeddable":true,"href":"https:\/\/stem-eshop.gr\/sk\/wp-json\/wp\/v2\/media\/3853"}],"wp:attachment":[{"href":"https:\/\/stem-eshop.gr\/sk\/wp-json\/wp\/v2\/media?parent=6324"}],"wp:term":[{"taxonomy":"product_brand","embeddable":true,"href":"https:\/\/stem-eshop.gr\/sk\/wp-json\/wp\/v2\/product_brand?post=6324"},{"taxonomy":"product_cat","embeddable":true,"href":"https:\/\/stem-eshop.gr\/sk\/wp-json\/wp\/v2\/product_cat?post=6324"},{"taxonomy":"product_tag","embeddable":true,"href":"https:\/\/stem-eshop.gr\/sk\/wp-json\/wp\/v2\/product_tag?post=6324"}],"curies":[{"name":"wp","href":"https:\/\/api.w.org\/{rel}","templated":true}]}}