{"id":9634,"date":"2025-06-16T09:43:04","date_gmt":"2025-06-16T06:43:04","guid":{"rendered":"https:\/\/stem-eshop.gr\/?post_type=product&#038;p=9634"},"modified":"2025-06-16T09:43:44","modified_gmt":"2025-06-16T06:43:44","slug":"%ce%bc%ce%b1%ce%b8%ce%b1%ce%af%ce%bd%cf%89-%ce%ba%ce%b1%ce%b9-%ce%b4%ce%b7%ce%bc%ce%b9%ce%bf%cf%85%cf%81%ce%b3%cf%8e-lab-play-for-future-%ce%b5%ce%ba%cf%80%ce%b1%ce%b9%ce%b4%ce%b5%cf%85%cf%84%ce%b9","status":"publish","type":"product","link":"https:\/\/stem-eshop.gr\/ro\/produs\/%ce%bc%ce%b1%ce%b8%ce%b1%ce%af%ce%bd%cf%89-%ce%ba%ce%b1%ce%b9-%ce%b4%ce%b7%ce%bc%ce%b9%ce%bf%cf%85%cf%81%ce%b3%cf%8e-lab-play-for-future-%ce%b5%ce%ba%cf%80%ce%b1%ce%b9%ce%b4%ce%b5%cf%85%cf%84%ce%b9\/","title":{"rendered":"\u00cenv\u0103\u021b \u0219i creez jocuri de laborator pentru viitorul joc educa\u021bional Planeta P\u0103m\u00e2nt pentru copii de peste 7 ani"},"content":{"rendered":"<p>Este inclus un manual ilustrat cu informa\u021bii detaliate despre toate fenomenele care \u00eenconjoar\u0103 planetele \u0219i P\u0103m\u00e2ntul, precum \u0219i un caiet de observator pentru a v\u0103 p\u0103stra toate noti\u021bele folosind materialele furnizate \u00een set.<\/p>\n<p>Jocul include:<\/p>\n<p>Baz\u0103 din plastic<\/p>\n<p>Discuri sezoniere<\/p>\n<p>Etichete meteo<\/p>\n<p>Bra\u021b rotativ<\/p>\n<p>Discuri cu faze lunare<\/p>\n<p>Band\u0103 dublu adeziv\u0103<\/p>\n<p>Angrenaje<\/p>\n<p>P\u0103m\u00e2ntul cu ilustra\u021bii<\/p>\n<p>Soarele<\/p>\n<p>Luna<\/p>\n<p>Caietul observatorului<\/p>\n<p>Manual ilustrat realizat din h\u00e2rtie reciclat\u0103<\/p>\n<p><em>Potrivit pentru utilizare de c\u0103tre copii cu v\u00e2rsta de 7 ani \u0219i peste<br \/>\nFabricat \u00een Italia<br \/>\n<\/em><\/p>\n<p>Produsele Play For Future sunt un semn tangibil al angajamentului Clementoni fa\u021b\u0103 de produse mai responsabile. Cu un mesaj de respect pentru natur\u0103 \u0219i un logo \u00een form\u0103 de inim\u0103, vizibil pe toate produsele fabricate din materiale reciclate, Clementoni a avansat deja cu crearea unei noi serii de juc\u0103rii ecologice. Apreciind resursele pre\u021bioase ale p\u0103m\u00e2ntului, protej\u00e2nd natura \u0219i prefer\u00e2nd materialele reciclate, copilul \u00eenva\u021b\u0103 s\u0103 iubeasc\u0103 natura prin joac\u0103!<\/p>\n<p>Seria de juc\u0103rii \u00cenva\u021b\u0103 \u0219i Creeaz\u0103 este lider \u00een categoria juc\u0103riilor \u0219tiin\u021bifice, oferind echipamente bogate, informa\u021bii detaliate \u0219i instruc\u021biuni pentru efectuarea unor experimente \u0219i construc\u021bii impresionante \u00een siguran\u021b\u0103, oferind astfel copiilor oportunitatea de a \u00eenv\u0103\u021ba despre \u0219tiin\u021b\u0103. Este o serie inovatoare de juc\u0103rii cu care copiii se vor distra f\u0103c\u00e2nd experimente, folosind instrumente \u0219tiin\u021bifice, descoperind fizica, chimia, astronomia, biologia, botanica, precum \u0219i principalele fenomene \u0219tiin\u021bifice \u0219i naturale. Juc\u0103riile \u00cenva\u021b\u0103 \u0219i Creeaz\u0103 sunt cea mai creativ\u0103, pl\u0103cut\u0103 \u0219i sigur\u0103 modalitate pentru copii de a \u00eenv\u0103\u021ba secretele \u0218tiin\u021bei!<\/p>","protected":false},"excerpt":{"rendered":"<p>Te-ai \u00eentrebat vreodat\u0103 ce cauzeaz\u0103 succesiunea anotimpurilor pe P\u0103m\u00e2nt?<\/p>\n<p>Acest set v\u0103 va ajuta s\u0103 descoperi\u021bi rolul pe care Soarele \u00eel joac\u0103 \u00een acest fenomen, ce este \u00cenc\u0103lzirea Global\u0103 \u0219i ce putem face noi, \u00een felul nostru mic, pentru a ajuta planeta noastr\u0103, P\u0103m\u00e2ntul. Un set \u0219tiin\u021bific, realizat din materiale reciclate de \u00eenalt\u0103 calitate, pentru a explora mi\u0219carea P\u0103m\u00e2ntului, anotimpurile, ecologia \u0219i multe altele! Datorit\u0103 fantasticului model 3D, pute\u021bi descoperi totul despre rota\u021bia P\u0103m\u00e2ntului \u00een jurul Soarelui. Cu planete colorate realist pentru o reprezentare \u0219i mai vie!<\/p>","protected":false},"featured_media":9642,"comment_status":"open","ping_status":"closed","template":"","meta":{"site-sidebar-layout":"default","site-content-layout":"","ast-site-content-layout":"default","site-content-style":"default","site-sidebar-style":"default","ast-global-header-display":"","ast-banner-title-visibility":"","ast-main-header-display":"","ast-hfb-above-header-display":"","ast-hfb-below-header-display":"","ast-hfb-mobile-header-display":"","site-post-title":"","ast-breadcrumbs-content":"","ast-featured-img":"","footer-sml-layout":"","ast-disable-related-posts":"","theme-transparent-header-meta":"default","adv-header-id-meta":"","stick-header-meta":"","header-above-stick-meta":"","header-main-stick-meta":"","header-below-stick-meta":"","astra-migrate-meta-layouts":"set","ast-page-background-enabled":"default","ast-page-background-meta":{"desktop":{"background-color":"var(--ast-global-color-5)","background-image":"","background-repeat":"repeat","background-position":"center center","background-size":"auto","background-attachment":"scroll","background-type":"","background-media":"","overlay-type":"","overlay-color":"","overlay-opacity":"","overlay-gradient":""},"tablet":{"background-color":"","background-image":"","background-repeat":"repeat","background-position":"center center","background-size":"auto","background-attachment":"scroll","background-type":"","background-media":"","overlay-type":"","overlay-color":"","overlay-opacity":"","overlay-gradient":""},"mobile":{"background-color":"","background-image":"","background-repeat":"repeat","background-position":"center center","background-size":"auto","background-attachment":"scroll","background-type":"","background-media":"","overlay-type":"","overlay-color":"","overlay-opacity":"","overlay-gradient":""}},"ast-content-background-meta":{"desktop":{"background-color":"var(--ast-global-color-4)","background-image":"","background-repeat":"repeat","background-position":"center center","background-size":"auto","background-attachment":"scroll","background-type":"","background-media":"","overlay-type":"","overlay-color":"","overlay-opacity":"","overlay-gradient":""},"tablet":{"background-color":"var(--ast-global-color-4)","background-image":"","background-repeat":"repeat","background-position":"center center","background-size":"auto","background-attachment":"scroll","background-type":"","background-media":"","overlay-type":"","overlay-color":"","overlay-opacity":"","overlay-gradient":""},"mobile":{"background-color":"var(--ast-global-color-4)","background-image":"","background-repeat":"repeat","background-position":"center center","background-size":"auto","background-attachment":"scroll","background-type":"","background-media":"","overlay-type":"","overlay-color":"","overlay-opacity":"","overlay-gradient":""}}},"product_brand":[114],"product_cat":[43,39,30,54,59,58],"product_tag":[],"class_list":{"0":"post-9634","1":"product","2":"type-product","3":"status-publish","4":"has-post-thumbnail","6":"product_brand-mathenw","7":"product_cat-43","8":"product_cat-39","9":"product_cat--6-9-","10":"product_cat-54","11":"product_cat-59","12":"product_cat-58","13":"desktop-align-left","14":"tablet-align-left","15":"mobile-align-left","17":"first","18":"instock","19":"taxable","20":"shipping-taxable","21":"purchasable","22":"product-type-simple"},"_links":{"self":[{"href":"https:\/\/stem-eshop.gr\/ro\/wp-json\/wp\/v2\/product\/9634","targetHints":{"allow":["GET"]}}],"collection":[{"href":"https:\/\/stem-eshop.gr\/ro\/wp-json\/wp\/v2\/product"}],"about":[{"href":"https:\/\/stem-eshop.gr\/ro\/wp-json\/wp\/v2\/types\/product"}],"replies":[{"embeddable":true,"href":"https:\/\/stem-eshop.gr\/ro\/wp-json\/wp\/v2\/comments?post=9634"}],"wp:featuredmedia":[{"embeddable":true,"href":"https:\/\/stem-eshop.gr\/ro\/wp-json\/wp\/v2\/media\/9642"}],"wp:attachment":[{"href":"https:\/\/stem-eshop.gr\/ro\/wp-json\/wp\/v2\/media?parent=9634"}],"wp:term":[{"taxonomy":"product_brand","embeddable":true,"href":"https:\/\/stem-eshop.gr\/ro\/wp-json\/wp\/v2\/product_brand?post=9634"},{"taxonomy":"product_cat","embeddable":true,"href":"https:\/\/stem-eshop.gr\/ro\/wp-json\/wp\/v2\/product_cat?post=9634"},{"taxonomy":"product_tag","embeddable":true,"href":"https:\/\/stem-eshop.gr\/ro\/wp-json\/wp\/v2\/product_tag?post=9634"}],"curies":[{"name":"wp","href":"https:\/\/api.w.org\/{rel}","templated":true}]}}