{"id":8351,"date":"2025-05-23T13:26:41","date_gmt":"2025-05-23T10:26:41","guid":{"rendered":"https:\/\/stem-eshop.gr\/?post_type=product&#038;p=8351"},"modified":"2025-05-23T13:33:32","modified_gmt":"2025-05-23T10:33:32","slug":"creative-builder-25-models-multimodel-set","status":"publish","type":"product","link":"https:\/\/stem-eshop.gr\/ro\/produs\/creative-builder-25-models-multimodel-set\/","title":{"rendered":"SET DE 25 DE MODELE CREATIVE BUILDER MULTIMODEL"},"content":{"rendered":"<p>Noua serie CREATIVE BUILDER \u2013 Multimodel este cea mai recent\u0103 actualizare a liniei de succes INVENTOR 2017, prezent\u00e2nd ce e mai bun din ENGINO\u00ae: capacitatea de a construi rapid \u0219i u\u0219or c\u00e2t mai multe modele posibil! Se folose\u0219te sistemul clasic de construc\u021bie, ceea ce face ca seturile s\u0103 fie potrivite pentru copiii cu v\u00e2rsta de 6 ani \u0219i peste, oferind un pas intermediar \u00eentre seria Qboidz \u0219i Mechanics. Dezvoltarea creativit\u0103\u021bii este principalul obiectiv al acestei serii, \u00eencep\u00e2nd de la seturi cu 10 modele \u0219i merg\u00e2nd p\u00e2n\u0103 la seturi cu 120 de modele! Toate seturile cu 30 de modele \u0219i peste includ noul motor ENGINO\u00ae cu 2 viteze pentru mutarea construc\u021biilor, de la ma\u0219ini la macarale, dinozauri \u0219i elicoptere. Singura limit\u0103 este imagina\u021bia copilului!<\/p>","protected":false},"excerpt":{"rendered":"<p>Pentru v\u00e2rste de peste 6 ani, aceast\u0103 juc\u0103rie de construc\u021bie multi-model va duce creativitatea copilului dumneavoastr\u0103 la un alt nivel. Un kit de model excelent pentru \u00eencep\u0103torii care doresc s\u0103 descopere \u0219i s\u0103 se intereseze de STEM prin construc\u021bii creative.<\/p>","protected":false},"featured_media":8358,"comment_status":"open","ping_status":"closed","template":"","meta":{"site-sidebar-layout":"default","site-content-layout":"","ast-site-content-layout":"default","site-content-style":"default","site-sidebar-style":"default","ast-global-header-display":"","ast-banner-title-visibility":"","ast-main-header-display":"","ast-hfb-above-header-display":"","ast-hfb-below-header-display":"","ast-hfb-mobile-header-display":"","site-post-title":"","ast-breadcrumbs-content":"","ast-featured-img":"","footer-sml-layout":"","ast-disable-related-posts":"","theme-transparent-header-meta":"default","adv-header-id-meta":"","stick-header-meta":"","header-above-stick-meta":"","header-main-stick-meta":"","header-below-stick-meta":"","astra-migrate-meta-layouts":"set","ast-page-background-enabled":"default","ast-page-background-meta":{"desktop":{"background-color":"var(--ast-global-color-5)","background-image":"","background-repeat":"repeat","background-position":"center center","background-size":"auto","background-attachment":"scroll","background-type":"","background-media":"","overlay-type":"","overlay-color":"","overlay-opacity":"","overlay-gradient":""},"tablet":{"background-color":"","background-image":"","background-repeat":"repeat","background-position":"center center","background-size":"auto","background-attachment":"scroll","background-type":"","background-media":"","overlay-type":"","overlay-color":"","overlay-opacity":"","overlay-gradient":""},"mobile":{"background-color":"","background-image":"","background-repeat":"repeat","background-position":"center center","background-size":"auto","background-attachment":"scroll","background-type":"","background-media":"","overlay-type":"","overlay-color":"","overlay-opacity":"","overlay-gradient":""}},"ast-content-background-meta":{"desktop":{"background-color":"var(--ast-global-color-4)","background-image":"","background-repeat":"repeat","background-position":"center center","background-size":"auto","background-attachment":"scroll","background-type":"","background-media":"","overlay-type":"","overlay-color":"","overlay-opacity":"","overlay-gradient":""},"tablet":{"background-color":"var(--ast-global-color-4)","background-image":"","background-repeat":"repeat","background-position":"center center","background-size":"auto","background-attachment":"scroll","background-type":"","background-media":"","overlay-type":"","overlay-color":"","overlay-opacity":"","overlay-gradient":""},"mobile":{"background-color":"var(--ast-global-color-4)","background-image":"","background-repeat":"repeat","background-position":"center center","background-size":"auto","background-attachment":"scroll","background-type":"","background-media":"","overlay-type":"","overlay-color":"","overlay-opacity":"","overlay-gradient":""}}},"product_brand":[95],"product_cat":[126,43,39,29,32,57,30,59],"product_tag":[],"class_list":{"0":"post-8351","1":"product","2":"type-product","3":"status-publish","4":"has-post-thumbnail","6":"product_brand-engino","7":"product_cat-126","8":"product_cat-43","9":"product_cat-39","10":"product_cat-29","11":"product_cat-32","12":"product_cat-57","13":"product_cat--6-9-","14":"product_cat-59","15":"desktop-align-left","16":"tablet-align-left","17":"mobile-align-left","19":"first","20":"instock","21":"taxable","22":"shipping-taxable","23":"purchasable","24":"product-type-simple"},"_links":{"self":[{"href":"https:\/\/stem-eshop.gr\/ro\/wp-json\/wp\/v2\/product\/8351","targetHints":{"allow":["GET"]}}],"collection":[{"href":"https:\/\/stem-eshop.gr\/ro\/wp-json\/wp\/v2\/product"}],"about":[{"href":"https:\/\/stem-eshop.gr\/ro\/wp-json\/wp\/v2\/types\/product"}],"replies":[{"embeddable":true,"href":"https:\/\/stem-eshop.gr\/ro\/wp-json\/wp\/v2\/comments?post=8351"}],"wp:featuredmedia":[{"embeddable":true,"href":"https:\/\/stem-eshop.gr\/ro\/wp-json\/wp\/v2\/media\/8358"}],"wp:attachment":[{"href":"https:\/\/stem-eshop.gr\/ro\/wp-json\/wp\/v2\/media?parent=8351"}],"wp:term":[{"taxonomy":"product_brand","embeddable":true,"href":"https:\/\/stem-eshop.gr\/ro\/wp-json\/wp\/v2\/product_brand?post=8351"},{"taxonomy":"product_cat","embeddable":true,"href":"https:\/\/stem-eshop.gr\/ro\/wp-json\/wp\/v2\/product_cat?post=8351"},{"taxonomy":"product_tag","embeddable":true,"href":"https:\/\/stem-eshop.gr\/ro\/wp-json\/wp\/v2\/product_tag?post=8351"}],"curies":[{"name":"wp","href":"https:\/\/api.w.org\/{rel}","templated":true}]}}