{"id":7540,"date":"2025-05-19T10:42:30","date_gmt":"2025-05-19T10:42:30","guid":{"rendered":"https:\/\/stem-eshop.gr\/product\/creative-builder-10-models-multimodel-set\/"},"modified":"2025-07-30T13:12:25","modified_gmt":"2025-07-30T10:12:25","slug":"creative-builder-10-models-multimodel-set","status":"publish","type":"product","link":"https:\/\/stem-eshop.gr\/ro\/produs\/creative-builder-10-models-multimodel-set\/","title":{"rendered":"SET DE 10 MODELE CREATIVE BUILDER MULTIMODEL"},"content":{"rendered":"<p>\u0397 \u03bd\u03ad\u03b1 \u03c3\u03b5\u03b9\u03c1\u03ac CREATIVE BUILDER &#8211; Multimodel, \u03b5\u03af\u03bd\u03b1\u03b9 \u03b7 \u03c4\u03b5\u03bb\u03b5\u03c5\u03c4\u03b1\u03af\u03b1 \u03b1\u03bd\u03b1\u03b2\u03ac\u03b8\u03bc\u03b9\u03c3\u03b7 \u03c4\u03b7\u03c2 \u03b5\u03c0\u03b9\u03c4\u03c5\u03c7\u03b7\u03bc\u03ad\u03bd\u03b7\u03c2 \u03b3\u03c1\u03b1\u03bc\u03bc\u03ae\u03c2 INVENTOR 2017, \u03c0\u03bf\u03c5 \u03b1\u03bd\u03b1\u03b4\u03b5\u03b9\u03ba\u03bd\u03cd\u03b5\u03b9 \u03c4\u03bf \u03ba\u03b1\u03bb\u03cd\u03c4\u03b5\u03c1\u03bf \u03c4\u03b7\u03c2 ENGINO\u00ae: \u03c4\u03b7\u03bd \u03b9\u03ba\u03b1\u03bd\u03cc\u03c4\u03b7\u03c4\u03b1 \u03bd\u03b1 \u03ba\u03b1\u03c4\u03b1\u03c3\u03ba\u03b5\u03c5\u03ac\u03b6\u03b5\u03c4\u03b5 \u03b3\u03c1\u03ae\u03b3\u03bf\u03c1\u03b1 \u03ba\u03b1\u03b9 \u03b5\u03cd\u03ba\u03bf\u03bb\u03b1 \u03cc\u03c3\u03bf \u03c4\u03bf \u03b4\u03c5\u03bd\u03b1\u03c4\u03cc\u03bd \u03c0\u03b5\u03c1\u03b9\u03c3\u03c3\u03cc\u03c4\u03b5\u03c1\u03b1 \u03bc\u03bf\u03bd\u03c4\u03ad\u03bb\u03b1! \u03a4\u03bf \u03ba\u03bb\u03b1\u03c3\u03b9\u03ba\u03cc \u03c3\u03cd\u03c3\u03c4\u03b7\u03bc\u03b1 \u03ba\u03b1\u03c4\u03b1\u03c3\u03ba\u03b5\u03c5\u03ae\u03c2 \u03c7\u03c1\u03b7\u03c3\u03b9\u03bc\u03bf\u03c0\u03bf\u03b9\u03b5\u03af\u03c4\u03b1\u03b9, \u03ba\u03b1\u03b8\u03b9\u03c3\u03c4\u03ce\u03bd\u03c4\u03b1\u03c2 \u03c4\u03b1 \u03c3\u03b5\u03c4 \u03ba\u03b1\u03c4\u03ac\u03bb\u03bb\u03b7\u03bb\u03b1 \u03b3\u03b9\u03b1 \u03c0\u03b1\u03b9\u03b4\u03b9\u03ac 6 \u03b5\u03c4\u03ce\u03bd, \u03c0\u03b1\u03c1\u03ad\u03c7\u03bf\u03bd\u03c4\u03b1\u03c2 \u03ad\u03bd\u03b1 \u03b5\u03bd\u03b4\u03b9\u03ac\u03bc\u03b5\u03c3\u03bf \u03b2\u03ae\u03bc\u03b1 \u03bc\u03b5\u03c4\u03b1\u03be\u03cd \u03c4\u03c9\u03bd \u03c3\u03b5\u03b9\u03c1\u03ce\u03bd Qboidz \u03ba\u03b1\u03b9 Mechanics. \u0397 \u03b1\u03bd\u03ac\u03c0\u03c4\u03c5\u03be\u03b7 \u03c4\u03b7\u03c2 \u03b4\u03b7\u03bc\u03b9\u03bf\u03c5\u03c1\u03b3\u03b9\u03ba\u03cc\u03c4\u03b7\u03c4\u03b1\u03c2 \u03b5\u03af\u03bd\u03b1\u03b9 \u03c4\u03bf \u03ba\u03cd\u03c1\u03b9\u03bf \u03b5\u03c0\u03af\u03ba\u03b5\u03bd\u03c4\u03c1\u03bf \u03b1\u03c5\u03c4\u03ae\u03c2 \u03c4\u03b7\u03c2 \u03c3\u03b5\u03b9\u03c1\u03ac\u03c2, \u03be\u03b5\u03ba\u03b9\u03bd\u03ce\u03bd\u03c4\u03b1\u03c2 \u03b1\u03c0\u03cc \u03c3\u03b5\u03c4 \u03bc\u03b5 10 \u03bc\u03bf\u03bd\u03c4\u03ad\u03bb\u03b1 \u03ba\u03b1\u03b9 \u03c6\u03c4\u03ac\u03bd\u03bf\u03bd\u03c4\u03b1\u03c2 \u03bc\u03ad\u03c7\u03c1\u03b9 \u03ba\u03b1\u03b9 \u03c3\u03b5 \u03c3\u03b5\u03c4 \u03bc\u03b5 120 \u03bc\u03bf\u03bd\u03c4\u03ad\u03bb\u03b1! \u038c\u03bb\u03b1 \u03c4\u03b1 \u03c3\u03b5\u03c4 \u03bc\u03b5 30 \u03bc\u03bf\u03bd\u03c4\u03ad\u03bb\u03b1 \u03ba\u03b1\u03b9 \u03ac\u03bd\u03c9 \u03c0\u03b5\u03c1\u03b9\u03bb\u03b1\u03bc\u03b2\u03ac\u03bd\u03bf\u03c5\u03bd \u03c4\u03bf \u03bd\u03ad\u03bf 2-\u03c4\u03b1\u03c7\u03c5\u03c4\u03ae\u03c4\u03c9\u03bd \u03bc\u03bf\u03c4\u03ad\u03c1 \u03c4\u03b7\u03c2 ENGINO\u00ae \u03b3\u03b9\u03b1 \u03ba\u03b1\u03c4\u03b1\u03c3\u03ba\u03b5\u03c5\u03ad\u03c2 \u03bc\u03b5 \u03ba\u03af\u03bd\u03b7\u03c3\u03b7, \u03b1\u03c0\u03cc \u03b1\u03c5\u03c4\u03bf\u03ba\u03af\u03bd\u03b7\u03c4\u03b1 \u03ad\u03c9\u03c2 \u03b3\u03b5\u03c1\u03b1\u03bd\u03bf\u03cd\u03c2, \u03b4\u03b5\u03b9\u03bd\u03cc\u03c3\u03b1\u03c5\u03c1\u03bf\u03c5\u03c2 \u03ba\u03b1\u03b9 \u03b5\u03bb\u03b9\u03ba\u03cc\u03c0\u03c4\u03b5\u03c1\u03b1. \u03a4\u03bf \u03bc\u03cc\u03bd\u03bf \u03cc\u03c1\u03b9\u03bf \u03b5\u03af\u03bd\u03b1\u03b9 \u03b7 \u03c6\u03b1\u03bd\u03c4\u03b1\u03c3\u03af\u03b1 \u03c4\u03bf\u03c5 \u03c0\u03b1\u03b9\u03b4\u03b9\u03bf\u03cd!<\/p>","protected":false},"excerpt":{"rendered":"<p>Pentru v\u00e2rste de peste 6 ani, aceast\u0103 juc\u0103rie de construc\u021bie multi-model va duce creativitatea copilului dumneavoastr\u0103 la un alt nivel. Un kit de model excelent pentru \u00eencep\u0103torii care doresc s\u0103 descopere \u0219i s\u0103 se intereseze de STEM prin construc\u021bii creative.<\/p>","protected":false},"featured_media":7541,"comment_status":"open","ping_status":"closed","template":"","meta":{"site-sidebar-layout":"default","site-content-layout":"","ast-site-content-layout":"default","site-content-style":"default","site-sidebar-style":"default","ast-global-header-display":"","ast-banner-title-visibility":"","ast-main-header-display":"","ast-hfb-above-header-display":"","ast-hfb-below-header-display":"","ast-hfb-mobile-header-display":"","site-post-title":"","ast-breadcrumbs-content":"","ast-featured-img":"","footer-sml-layout":"","ast-disable-related-posts":"","theme-transparent-header-meta":"","adv-header-id-meta":"","stick-header-meta":"","header-above-stick-meta":"","header-main-stick-meta":"","header-below-stick-meta":"","astra-migrate-meta-layouts":"default","ast-page-background-enabled":"default","ast-page-background-meta":{"desktop":{"background-color":"var(--ast-global-color-5)","background-image":"","background-repeat":"repeat","background-position":"center center","background-size":"auto","background-attachment":"scroll","background-type":"","background-media":"","overlay-type":"","overlay-color":"","overlay-opacity":"","overlay-gradient":""},"tablet":{"background-color":"","background-image":"","background-repeat":"repeat","background-position":"center center","background-size":"auto","background-attachment":"scroll","background-type":"","background-media":"","overlay-type":"","overlay-color":"","overlay-opacity":"","overlay-gradient":""},"mobile":{"background-color":"","background-image":"","background-repeat":"repeat","background-position":"center center","background-size":"auto","background-attachment":"scroll","background-type":"","background-media":"","overlay-type":"","overlay-color":"","overlay-opacity":"","overlay-gradient":""}},"ast-content-background-meta":{"desktop":{"background-color":"var(--ast-global-color-4)","background-image":"","background-repeat":"repeat","background-position":"center center","background-size":"auto","background-attachment":"scroll","background-type":"","background-media":"","overlay-type":"","overlay-color":"","overlay-opacity":"","overlay-gradient":""},"tablet":{"background-color":"var(--ast-global-color-4)","background-image":"","background-repeat":"repeat","background-position":"center center","background-size":"auto","background-attachment":"scroll","background-type":"","background-media":"","overlay-type":"","overlay-color":"","overlay-opacity":"","overlay-gradient":""},"mobile":{"background-color":"var(--ast-global-color-4)","background-image":"","background-repeat":"repeat","background-position":"center center","background-size":"auto","background-attachment":"scroll","background-type":"","background-media":"","overlay-type":"","overlay-color":"","overlay-opacity":"","overlay-gradient":""}}},"product_brand":[95],"product_cat":[126,43,39,29,32,57,30,59],"product_tag":[],"class_list":{"0":"post-7540","1":"product","2":"type-product","3":"status-publish","4":"has-post-thumbnail","6":"product_brand-engino","7":"product_cat-126","8":"product_cat-43","9":"product_cat-39","10":"product_cat-29","11":"product_cat-32","12":"product_cat-57","13":"product_cat--6-9-","14":"product_cat-59","15":"desktop-align-left","16":"tablet-align-left","17":"mobile-align-left","19":"first","20":"instock","21":"taxable","22":"shipping-taxable","23":"purchasable","24":"product-type-simple"},"_links":{"self":[{"href":"https:\/\/stem-eshop.gr\/ro\/wp-json\/wp\/v2\/product\/7540","targetHints":{"allow":["GET"]}}],"collection":[{"href":"https:\/\/stem-eshop.gr\/ro\/wp-json\/wp\/v2\/product"}],"about":[{"href":"https:\/\/stem-eshop.gr\/ro\/wp-json\/wp\/v2\/types\/product"}],"replies":[{"embeddable":true,"href":"https:\/\/stem-eshop.gr\/ro\/wp-json\/wp\/v2\/comments?post=7540"}],"wp:featuredmedia":[{"embeddable":true,"href":"https:\/\/stem-eshop.gr\/ro\/wp-json\/wp\/v2\/media\/7541"}],"wp:attachment":[{"href":"https:\/\/stem-eshop.gr\/ro\/wp-json\/wp\/v2\/media?parent=7540"}],"wp:term":[{"taxonomy":"product_brand","embeddable":true,"href":"https:\/\/stem-eshop.gr\/ro\/wp-json\/wp\/v2\/product_brand?post=7540"},{"taxonomy":"product_cat","embeddable":true,"href":"https:\/\/stem-eshop.gr\/ro\/wp-json\/wp\/v2\/product_cat?post=7540"},{"taxonomy":"product_tag","embeddable":true,"href":"https:\/\/stem-eshop.gr\/ro\/wp-json\/wp\/v2\/product_tag?post=7540"}],"curies":[{"name":"wp","href":"https:\/\/api.w.org\/{rel}","templated":true}]}}