{"id":7488,"date":"2025-05-19T10:40:53","date_gmt":"2025-05-19T10:40:53","guid":{"rendered":"https:\/\/stem-eshop.gr\/product\/%cf%84%ce%b1%ce%be%ce%b9%ce%b4%ce%b5%cf%8d%ce%bf%ce%bd%cf%84%ce%b1%cf%82-%cf%83%cf%84%ce%bf-%ce%b4%ce%b9%ce%ac%cf%83%cf%84%ce%b7%ce%bc%ce%b1\/"},"modified":"2025-07-29T12:08:19","modified_gmt":"2025-07-29T09:08:19","slug":"%cf%84%ce%b1%ce%be%ce%b9%ce%b4%ce%b5%cf%8d%ce%bf%ce%bd%cf%84%ce%b1%cf%82-%cf%83%cf%84%ce%bf-%ce%b4%ce%b9%ce%ac%cf%83%cf%84%ce%b7%ce%bc%ce%b1","status":"publish","type":"product","link":"https:\/\/stem-eshop.gr\/ro\/produs\/%cf%84%ce%b1%ce%be%ce%b9%ce%b4%ce%b5%cf%8d%ce%bf%ce%bd%cf%84%ce%b1%cf%82-%cf%83%cf%84%ce%bf-%ce%b4%ce%b9%ce%ac%cf%83%cf%84%ce%b7%ce%bc%ce%b1\/","title":{"rendered":"C\u0103l\u0103torind \u00een spa\u021biu"},"content":{"rendered":"<p>Construie\u0219te 5 modele, inclusiv o rachet\u0103, o capsul\u0103 de aterizare, c\u00e2ntare, un robot spa\u021bial \u0219i o navet\u0103 spa\u021bial\u0103.<\/p>\n<p>Pute\u021bi g\u0103si instruc\u021biuni simple de construc\u021bie pentru toate modelele fie online, fie \u00een manualul inclus.<\/p>\n<p>Manualul ofer\u0103 explica\u021bii detaliate ale diferitelor principii \u0219tiin\u021bifice aplicate \u0219i include activit\u0103\u021bi experimentale inovatoare pentru \u00eenv\u0103\u021barea prin practic\u0103. Exist\u0103, de asemenea, o sec\u021biune de chestionare pentru a v\u0103 testa noile cuno\u0219tin\u021be!<\/p>","protected":false},"excerpt":{"rendered":"<p>Afla\u021bi cum sunt lansate rachetele \u00een spa\u021biu \u0219i cum exploreaz\u0103 navele spa\u021biale sistemul solar. Afla\u021bi despre misiunea pe Lun\u0103 \u0219i cum tr\u0103iesc astronau\u021bii pe Sta\u021bia Spa\u021bial\u0103 Interna\u021bional\u0103 (ISS). Descoperi\u021bi \u0219tiin\u021ba explor\u0103rii spa\u021biului \u0219i amenin\u021b\u0103rile periculoase ale mediului spa\u021bial.<\/p>","protected":false},"featured_media":7489,"comment_status":"open","ping_status":"closed","template":"","meta":{"site-sidebar-layout":"default","site-content-layout":"","ast-site-content-layout":"default","site-content-style":"default","site-sidebar-style":"default","ast-global-header-display":"","ast-banner-title-visibility":"","ast-main-header-display":"","ast-hfb-above-header-display":"","ast-hfb-below-header-display":"","ast-hfb-mobile-header-display":"","site-post-title":"","ast-breadcrumbs-content":"","ast-featured-img":"","footer-sml-layout":"","ast-disable-related-posts":"","theme-transparent-header-meta":"default","adv-header-id-meta":"","stick-header-meta":"","header-above-stick-meta":"","header-main-stick-meta":"","header-below-stick-meta":"","astra-migrate-meta-layouts":"set","ast-page-background-enabled":"default","ast-page-background-meta":{"desktop":{"background-color":"var(--ast-global-color-5)","background-image":"","background-repeat":"repeat","background-position":"center center","background-size":"auto","background-attachment":"scroll","background-type":"","background-media":"","overlay-type":"","overlay-color":"","overlay-opacity":"","overlay-gradient":""},"tablet":{"background-color":"","background-image":"","background-repeat":"repeat","background-position":"center center","background-size":"auto","background-attachment":"scroll","background-type":"","background-media":"","overlay-type":"","overlay-color":"","overlay-opacity":"","overlay-gradient":""},"mobile":{"background-color":"","background-image":"","background-repeat":"repeat","background-position":"center center","background-size":"auto","background-attachment":"scroll","background-type":"","background-media":"","overlay-type":"","overlay-color":"","overlay-opacity":"","overlay-gradient":""}},"ast-content-background-meta":{"desktop":{"background-color":"var(--ast-global-color-4)","background-image":"","background-repeat":"repeat","background-position":"center center","background-size":"auto","background-attachment":"scroll","background-type":"","background-media":"","overlay-type":"","overlay-color":"","overlay-opacity":"","overlay-gradient":""},"tablet":{"background-color":"var(--ast-global-color-4)","background-image":"","background-repeat":"repeat","background-position":"center center","background-size":"auto","background-attachment":"scroll","background-type":"","background-media":"","overlay-type":"","overlay-color":"","overlay-opacity":"","overlay-gradient":""},"mobile":{"background-color":"var(--ast-global-color-4)","background-image":"","background-repeat":"repeat","background-position":"center center","background-size":"auto","background-attachment":"scroll","background-type":"","background-media":"","overlay-type":"","overlay-color":"","overlay-opacity":"","overlay-gradient":""}}},"product_brand":[95],"product_cat":[44,39,38,29,56,32,57,35,40,30,59],"product_tag":[],"class_list":{"0":"post-7488","1":"product","2":"type-product","3":"status-publish","4":"has-post-thumbnail","6":"product_brand-engino","7":"product_cat-44","8":"product_cat-39","9":"product_cat-38","10":"product_cat-29","11":"product_cat-56","12":"product_cat-32","13":"product_cat-57","14":"product_cat--10-12-","15":"product_cat--12-","16":"product_cat--6-9-","17":"product_cat-59","18":"desktop-align-left","19":"tablet-align-left","20":"mobile-align-left","22":"first","23":"instock","24":"taxable","25":"shipping-taxable","26":"purchasable","27":"product-type-simple"},"_links":{"self":[{"href":"https:\/\/stem-eshop.gr\/ro\/wp-json\/wp\/v2\/product\/7488","targetHints":{"allow":["GET"]}}],"collection":[{"href":"https:\/\/stem-eshop.gr\/ro\/wp-json\/wp\/v2\/product"}],"about":[{"href":"https:\/\/stem-eshop.gr\/ro\/wp-json\/wp\/v2\/types\/product"}],"replies":[{"embeddable":true,"href":"https:\/\/stem-eshop.gr\/ro\/wp-json\/wp\/v2\/comments?post=7488"}],"wp:featuredmedia":[{"embeddable":true,"href":"https:\/\/stem-eshop.gr\/ro\/wp-json\/wp\/v2\/media\/7489"}],"wp:attachment":[{"href":"https:\/\/stem-eshop.gr\/ro\/wp-json\/wp\/v2\/media?parent=7488"}],"wp:term":[{"taxonomy":"product_brand","embeddable":true,"href":"https:\/\/stem-eshop.gr\/ro\/wp-json\/wp\/v2\/product_brand?post=7488"},{"taxonomy":"product_cat","embeddable":true,"href":"https:\/\/stem-eshop.gr\/ro\/wp-json\/wp\/v2\/product_cat?post=7488"},{"taxonomy":"product_tag","embeddable":true,"href":"https:\/\/stem-eshop.gr\/ro\/wp-json\/wp\/v2\/product_tag?post=7488"}],"curies":[{"name":"wp","href":"https:\/\/api.w.org\/{rel}","templated":true}]}}