{"id":7428,"date":"2025-05-19T10:36:06","date_gmt":"2025-05-19T10:36:06","guid":{"rendered":"https:\/\/stem-eshop.gr\/product\/ngs-%ce%ba%ce%b9%cf%84-%cf%83%cf%85%ce%bd%ce%b1%cf%81%ce%bc%ce%bf%ce%bb%cf%8c%ce%b3%ce%b7%cf%83%ce%b7%cf%82-%cf%83%cf%84%cf%81%ce%b1%cf%84%ce%b9%cf%89%cf%84%ce%b9%ce%ba%ce%ae%cf%82-%cf%83%ce%b5%ce%b9\/"},"modified":"2025-05-22T07:44:47","modified_gmt":"2025-05-22T07:44:47","slug":"ngs-%ce%ba%ce%b9%cf%84-%cf%83%cf%85%ce%bd%ce%b1%cf%81%ce%bc%ce%bf%ce%bb%cf%8c%ce%b3%ce%b7%cf%83%ce%b7%cf%82-%cf%83%cf%84%cf%81%ce%b1%cf%84%ce%b9%cf%89%cf%84%ce%b9%ce%ba%ce%ae%cf%82-%cf%83%ce%b5%ce%b9","status":"publish","type":"product","link":"https:\/\/stem-eshop.gr\/ro\/produs\/ngs-%ce%ba%ce%b9%cf%84-%cf%83%cf%85%ce%bd%ce%b1%cf%81%ce%bc%ce%bf%ce%bb%cf%8c%ce%b3%ce%b7%cf%83%ce%b7%cf%82-%cf%83%cf%84%cf%81%ce%b1%cf%84%ce%b9%cf%89%cf%84%ce%b9%ce%ba%ce%ae%cf%82-%cf%83%ce%b5%ce%b9\/","title":{"rendered":"Kit de asamblare NGS din seria militar\u0103 pentru cl\u0103diri sau vehicule metalice, 166 buc\u0103\u021bi"},"content":{"rendered":"<p class=\"MsoNormal\">Caracteristici principale<\/p>\n<p class=\"MsoNormal\">166 de piese:<\/p>\n<p class=\"MsoNormal\">Setul include 166 de componente metalice \u0219i din plastic care pot fi folosite pentru a construi vehicule \u0219i cl\u0103diri militare, cum ar fi tancuri, camioane, elicoptere \u0219i baze militare.<\/p>\n<p class=\"MsoNormal\">Materiale de \u00eenalt\u0103 calitate:<\/p>\n<p class=\"MsoNormal\">Componentele sunt fabricate din metal durabil \u0219i plastic de \u00eenalt\u0103 calitate, asigur\u00e2nd utilizare \u00eendelungat\u0103 \u0219i durabilitate.<\/p>\n<p class=\"MsoNormal\">Proiectare detaliat\u0103:<\/p>\n<p class=\"MsoNormal\">Detaliile realiste \u00eembun\u0103t\u0103\u021besc experien\u021ba de joc, f\u0103c\u00e2nd ca modelele s\u0103 semene cu vehicule \u0219i instala\u021bii militare reale.<\/p>","protected":false},"excerpt":{"rendered":"<p class=\"MsoNormal\">Kitul de asamblare NGS din seria militar\u0103, format din cl\u0103diri sau vehicule metalice, cu 166 de piese, este un set educativ \u0219i distractiv care le permite micu\u021bilor no\u0219tri prieteni s\u0103 construiasc\u0103 \u0219i s\u0103 creeze diverse vehicule sau cl\u0103diri militare.<\/p>\n<p class=\"MsoNormal\">Prin intermediul acestui joc, promovezi dezvoltarea abilit\u0103\u021bilor mecanice, a creativit\u0103\u021bii \u0219i a imagina\u021biei.<\/p>","protected":false},"featured_media":7429,"comment_status":"open","ping_status":"closed","template":"","meta":{"site-sidebar-layout":"default","site-content-layout":"","ast-site-content-layout":"default","site-content-style":"default","site-sidebar-style":"default","ast-global-header-display":"","ast-banner-title-visibility":"","ast-main-header-display":"","ast-hfb-above-header-display":"","ast-hfb-below-header-display":"","ast-hfb-mobile-header-display":"","site-post-title":"","ast-breadcrumbs-content":"","ast-featured-img":"","footer-sml-layout":"","ast-disable-related-posts":"","theme-transparent-header-meta":"default","adv-header-id-meta":"","stick-header-meta":"","header-above-stick-meta":"","header-main-stick-meta":"","header-below-stick-meta":"","astra-migrate-meta-layouts":"set","ast-page-background-enabled":"default","ast-page-background-meta":{"desktop":{"background-color":"var(--ast-global-color-5)","background-image":"","background-repeat":"repeat","background-position":"center center","background-size":"auto","background-attachment":"scroll","background-type":"","background-media":"","overlay-type":"","overlay-color":"","overlay-opacity":"","overlay-gradient":""},"tablet":{"background-color":"","background-image":"","background-repeat":"repeat","background-position":"center center","background-size":"auto","background-attachment":"scroll","background-type":"","background-media":"","overlay-type":"","overlay-color":"","overlay-opacity":"","overlay-gradient":""},"mobile":{"background-color":"","background-image":"","background-repeat":"repeat","background-position":"center center","background-size":"auto","background-attachment":"scroll","background-type":"","background-media":"","overlay-type":"","overlay-color":"","overlay-opacity":"","overlay-gradient":""}},"ast-content-background-meta":{"desktop":{"background-color":"var(--ast-global-color-4)","background-image":"","background-repeat":"repeat","background-position":"center center","background-size":"auto","background-attachment":"scroll","background-type":"","background-media":"","overlay-type":"","overlay-color":"","overlay-opacity":"","overlay-gradient":""},"tablet":{"background-color":"var(--ast-global-color-4)","background-image":"","background-repeat":"repeat","background-position":"center center","background-size":"auto","background-attachment":"scroll","background-type":"","background-media":"","overlay-type":"","overlay-color":"","overlay-opacity":"","overlay-gradient":""},"mobile":{"background-color":"var(--ast-global-color-4)","background-image":"","background-repeat":"repeat","background-position":"center center","background-size":"auto","background-attachment":"scroll","background-type":"","background-media":"","overlay-type":"","overlay-color":"","overlay-opacity":"","overlay-gradient":""}}},"product_brand":[107],"product_cat":[126,43,29,32,57,35,30,59],"product_tag":[],"class_list":{"0":"post-7428","1":"product","2":"type-product","3":"status-publish","4":"has-post-thumbnail","6":"product_brand-ngs","7":"product_cat-126","8":"product_cat-43","9":"product_cat-29","10":"product_cat-32","11":"product_cat-57","12":"product_cat--10-12-","13":"product_cat--6-9-","14":"product_cat-59","15":"desktop-align-left","16":"tablet-align-left","17":"mobile-align-left","19":"first","20":"instock","21":"taxable","22":"shipping-taxable","23":"purchasable","24":"product-type-simple"},"_links":{"self":[{"href":"https:\/\/stem-eshop.gr\/ro\/wp-json\/wp\/v2\/product\/7428","targetHints":{"allow":["GET"]}}],"collection":[{"href":"https:\/\/stem-eshop.gr\/ro\/wp-json\/wp\/v2\/product"}],"about":[{"href":"https:\/\/stem-eshop.gr\/ro\/wp-json\/wp\/v2\/types\/product"}],"replies":[{"embeddable":true,"href":"https:\/\/stem-eshop.gr\/ro\/wp-json\/wp\/v2\/comments?post=7428"}],"wp:featuredmedia":[{"embeddable":true,"href":"https:\/\/stem-eshop.gr\/ro\/wp-json\/wp\/v2\/media\/7429"}],"wp:attachment":[{"href":"https:\/\/stem-eshop.gr\/ro\/wp-json\/wp\/v2\/media?parent=7428"}],"wp:term":[{"taxonomy":"product_brand","embeddable":true,"href":"https:\/\/stem-eshop.gr\/ro\/wp-json\/wp\/v2\/product_brand?post=7428"},{"taxonomy":"product_cat","embeddable":true,"href":"https:\/\/stem-eshop.gr\/ro\/wp-json\/wp\/v2\/product_cat?post=7428"},{"taxonomy":"product_tag","embeddable":true,"href":"https:\/\/stem-eshop.gr\/ro\/wp-json\/wp\/v2\/product_tag?post=7428"}],"curies":[{"name":"wp","href":"https:\/\/api.w.org\/{rel}","templated":true}]}}