{"id":7384,"date":"2025-05-19T10:34:28","date_gmt":"2025-05-19T10:34:28","guid":{"rendered":"https:\/\/stem-eshop.gr\/product\/makerzoid-programmable-toys-robot-master-200-in-1-coding-robot-kit\/"},"modified":"2026-04-28T18:26:25","modified_gmt":"2026-04-28T15:26:25","slug":"makerzoid-programmable-toys-robot-master-200-in-1-coding-robot-kit","status":"publish","type":"product","link":"https:\/\/stem-eshop.gr\/ro\/produs\/makerzoid-programmable-toys-robot-master-200-in-1-coding-robot-kit\/","title":{"rendered":"Makerzoid Maestru Robot Juc\u0103rii Programabile, Kit Robot de Codare 200 \u00een 1,"},"content":{"rendered":"<p>Cu un controler central \u0219i un motor \u00eembun\u0103t\u0103\u021bite, Robot Master (Premium) suport\u0103 p\u00e2n\u0103 la 200 de robo\u021bi, de la simpli la complec\u0219i, care con\u021bin o mul\u021bime de cuno\u0219tin\u021be \u0219tiin\u021bifice despre inginerie \u0219i robotic\u0103, cum ar fi ma\u0219ini, angrenaje, structur\u0103, transmisie etc.<\/p>\n<p>Acest set este echipat cu 47 de lec\u021bii de robotic\u0103 \u00eemp\u0103r\u021bite \u00een 3 niveluri pentru a-i \u00eenv\u0103\u021ba pe copii cum s\u0103 construiasc\u0103, s\u0103 controleze \u0219i s\u0103 programeze acas\u0103, \u00een timp ce se joac\u0103 cu aceast\u0103 juc\u0103rie. Acesta este, de asemenea, un instrument didactic puternic pe care centrele de programare \u00eel pot utiliza pentru a sus\u021bine cursuri de robotic\u0103.<\/p>\n<p>Copiii vor \u00eenv\u0103\u021ba s\u0103 programeze \u0219i vor dezvolta abilit\u0103\u021bi creative de rezolvare a problemelor juc\u00e2ndu-se cu aceast\u0103 juc\u0103rie educa\u021bional\u0103 interactiv\u0103 ce include programare grafic\u0103, la fel de simpl\u0103 ca un joc drag and drop. De asemenea, pot da via\u021b\u0103 acestei juc\u0103rii tehnologice cu ajutorul controlului prin aplica\u021bie.<\/p>\n<p>Manualul \u00eei \u00eenva\u021b\u0103 pe copii cum s\u0103 construiasc\u0103 robo\u021bi de la simplu la complex, astfel \u00eenc\u00e2t ace\u0219tia s\u0103 se poat\u0103 bucura de crea\u021bie f\u0103r\u0103 interferen\u021bele dispozitivelor inteligente. De asemenea, este echipat cu o aplica\u021bie care \u00eei \u00eenva\u021b\u0103 cum s\u0103 construiasc\u0103, s\u0103 controleze robo\u021bi \u0219i s\u0103 scrie un program.<\/p><\/p>","protected":false},"excerpt":{"rendered":"<p>ROBOT MASTER a fost dezvoltat de o echip\u0103 de exper\u021bi \u00een robotic\u0103 pentru a oferi copiilor o multitudine de cuno\u0219tin\u021be STEAM \u2013 \u00eentr-un mod captivant \u0219i pl\u0103cut. Copiii \u00eenva\u021b\u0103 s\u0103 construiasc\u0103, s\u0103 programeze \u0219i s\u0103 creeze \u00een timp ce se distreaz\u0103.<\/p>","protected":false},"featured_media":7385,"comment_status":"open","ping_status":"closed","template":"","meta":{"site-sidebar-layout":"default","site-content-layout":"","ast-site-content-layout":"default","site-content-style":"default","site-sidebar-style":"default","ast-global-header-display":"","ast-banner-title-visibility":"","ast-main-header-display":"","ast-hfb-above-header-display":"","ast-hfb-below-header-display":"","ast-hfb-mobile-header-display":"","site-post-title":"","ast-breadcrumbs-content":"","ast-featured-img":"","footer-sml-layout":"","ast-disable-related-posts":"","theme-transparent-header-meta":"","adv-header-id-meta":"","stick-header-meta":"","header-above-stick-meta":"","header-main-stick-meta":"","header-below-stick-meta":"","astra-migrate-meta-layouts":"default","ast-page-background-enabled":"default","ast-page-background-meta":{"desktop":{"background-color":"var(--ast-global-color-5)","background-image":"","background-repeat":"repeat","background-position":"center center","background-size":"auto","background-attachment":"scroll","background-type":"","background-media":"","overlay-type":"","overlay-color":"","overlay-opacity":"","overlay-gradient":""},"tablet":{"background-color":"","background-image":"","background-repeat":"repeat","background-position":"center center","background-size":"auto","background-attachment":"scroll","background-type":"","background-media":"","overlay-type":"","overlay-color":"","overlay-opacity":"","overlay-gradient":""},"mobile":{"background-color":"","background-image":"","background-repeat":"repeat","background-position":"center center","background-size":"auto","background-attachment":"scroll","background-type":"","background-media":"","overlay-type":"","overlay-color":"","overlay-opacity":"","overlay-gradient":""}},"ast-content-background-meta":{"desktop":{"background-color":"var(--ast-global-color-4)","background-image":"","background-repeat":"repeat","background-position":"center center","background-size":"auto","background-attachment":"scroll","background-type":"","background-media":"","overlay-type":"","overlay-color":"","overlay-opacity":"","overlay-gradient":""},"tablet":{"background-color":"var(--ast-global-color-4)","background-image":"","background-repeat":"repeat","background-position":"center center","background-size":"auto","background-attachment":"scroll","background-type":"","background-media":"","overlay-type":"","overlay-color":"","overlay-opacity":"","overlay-gradient":""},"mobile":{"background-color":"var(--ast-global-color-4)","background-image":"","background-repeat":"repeat","background-position":"center center","background-size":"auto","background-attachment":"scroll","background-type":"","background-media":"","overlay-type":"","overlay-color":"","overlay-opacity":"","overlay-gradient":""}}},"product_brand":[106],"product_cat":[43,33,29,57,35,30,45,34,28,59],"product_tag":[],"class_list":{"0":"post-7384","1":"product","2":"type-product","3":"status-publish","4":"has-post-thumbnail","6":"product_brand-makerzoid","7":"product_cat-43","8":"product_cat-33","9":"product_cat-29","10":"product_cat-57","11":"product_cat--10-12-","12":"product_cat--6-9-","13":"product_cat-45","14":"product_cat-34","15":"product_cat-28","16":"product_cat-59","17":"desktop-align-left","18":"tablet-align-left","19":"mobile-align-left","21":"first","22":"instock","23":"taxable","24":"shipping-taxable","25":"purchasable","26":"product-type-simple"},"_links":{"self":[{"href":"https:\/\/stem-eshop.gr\/ro\/wp-json\/wp\/v2\/product\/7384","targetHints":{"allow":["GET"]}}],"collection":[{"href":"https:\/\/stem-eshop.gr\/ro\/wp-json\/wp\/v2\/product"}],"about":[{"href":"https:\/\/stem-eshop.gr\/ro\/wp-json\/wp\/v2\/types\/product"}],"replies":[{"embeddable":true,"href":"https:\/\/stem-eshop.gr\/ro\/wp-json\/wp\/v2\/comments?post=7384"}],"wp:featuredmedia":[{"embeddable":true,"href":"https:\/\/stem-eshop.gr\/ro\/wp-json\/wp\/v2\/media\/7385"}],"wp:attachment":[{"href":"https:\/\/stem-eshop.gr\/ro\/wp-json\/wp\/v2\/media?parent=7384"}],"wp:term":[{"taxonomy":"product_brand","embeddable":true,"href":"https:\/\/stem-eshop.gr\/ro\/wp-json\/wp\/v2\/product_brand?post=7384"},{"taxonomy":"product_cat","embeddable":true,"href":"https:\/\/stem-eshop.gr\/ro\/wp-json\/wp\/v2\/product_cat?post=7384"},{"taxonomy":"product_tag","embeddable":true,"href":"https:\/\/stem-eshop.gr\/ro\/wp-json\/wp\/v2\/product_tag?post=7384"}],"curies":[{"name":"wp","href":"https:\/\/api.w.org\/{rel}","templated":true}]}}