{"id":7373,"date":"2025-05-19T10:34:21","date_gmt":"2025-05-19T10:34:21","guid":{"rendered":"https:\/\/stem-eshop.gr\/product\/makerzoid-steam-programming-building-blocks-robot-master-standard-100-in-1\/"},"modified":"2026-01-06T14:14:48","modified_gmt":"2026-01-06T11:14:48","slug":"makerzoid-steam-programming-building-blocks-robot-master-standard-100-in-1","status":"publish","type":"product","link":"https:\/\/stem-eshop.gr\/ro\/produs\/makerzoid-steam-programming-building-blocks-robot-master-standard-100-in-1\/","title":{"rendered":"Makerzoid STEAM Programming Blocks Robot Master (Standard), 100 \u00een 1"},"content":{"rendered":"<p>\u0391\u03c5\u03c4\u03cc \u03c4\u03bf \u03c3\u03b5\u03c4 \u03b5\u03af\u03bd\u03b1\u03b9 \u03b5\u03be\u03bf\u03c0\u03bb\u03b9\u03c3\u03bc\u03ad\u03bd\u03bf \u03bc\u03b5 23 \u03bc\u03b1\u03b8\u03ae\u03bc\u03b1\u03c4\u03b1 \u03c1\u03bf\u03bc\u03c0\u03bf\u03c4\u03b9\u03ba\u03ae\u03c2 \u03b3\u03b9\u03b1 \u03bd\u03b1 \u03bc\u03ac\u03b8\u03bf\u03c5\u03bd \u03c4\u03b1 \u03c0\u03b1\u03b9\u03b4\u03b9\u03ac \u03c0\u03ce\u03c2 \u03bd\u03b1 \u03ba\u03b1\u03c4\u03b1\u03c3\u03ba\u03b5\u03c5\u03ac\u03b6\u03bf\u03c5\u03bd, \u03bd\u03b1 \u03b5\u03bb\u03ad\u03b3\u03c7\u03bf\u03c5\u03bd \u03ba\u03b1\u03b9 \u03bd\u03b1 \u03ba\u03c9\u03b4\u03b9\u03ba\u03bf\u03c0\u03bf\u03b9\u03bf\u03cd\u03bd \u03c3\u03c4\u03bf \u03c3\u03c0\u03af\u03c4\u03b9 \u03c0\u03b1\u03af\u03b6\u03bf\u03bd\u03c4\u03b1\u03c2 \u03bc\u03b5 \u03b1\u03c5\u03c4\u03cc \u03c4\u03bf \u03c0\u03b1\u03b9\u03c7\u03bd\u03af\u03b4\u03b9.<\/p>\n<p>\u0395\u03af\u03bd\u03b1\u03b9 \u03bb\u03af\u03b3\u03bf \u03b1\u03c0\u03bb\u03bf\u03cd\u03c3\u03c4\u03b5\u03c1\u03bf \u03b1\u03c0\u03cc \u03c4\u03b7\u03bd \u03ad\u03ba\u03b4\u03bf\u03c3\u03b7 Premium \u03ba\u03b1\u03b9 \u03ba\u03b1\u03bb\u03cc \u03b3\u03b9\u03b1 \u03c4\u03b7\u03bd \u03b1\u03c5\u03c4\u03bf-\u03b5\u03ba\u03bc\u03ac\u03b8\u03b7\u03c3\u03b7 \u03ba\u03c9\u03b4\u03b9\u03ba\u03bf\u03c0\u03bf\u03af\u03b7\u03c3\u03b7\u03c2 \u03c4\u03c9\u03bd \u03c0\u03b1\u03b9\u03b4\u03b9\u03ce\u03bd.<\/p>\n<p>Copiii vor \u00eenv\u0103\u021ba s\u0103 programeze \u0219i vor dezvolta abilit\u0103\u021bi creative de rezolvare a problemelor juc\u00e2ndu-se cu aceast\u0103 juc\u0103rie educa\u021bional\u0103 interactiv\u0103 ce include programare grafic\u0103, la fel de simpl\u0103 ca un joc drag and drop. De asemenea, pot da via\u021b\u0103 acestei juc\u0103rii tehnologice cu ajutorul controlului prin aplica\u021bie.<\/p>\n<p>\u03a4\u03bf \u03b5\u03b3\u03c7\u03b5\u03b9\u03c1\u03af\u03b4\u03b9\u03bf \u03b4\u03b9\u03b4\u03ac\u03c3\u03ba\u03b5\u03b9 \u03c3\u03c4\u03b1 \u03c0\u03b1\u03b9\u03b4\u03b9\u03ac \u03c0\u03ce\u03c2 \u03bd\u03b1 \u03c6\u03c4\u03b9\u03ac\u03c7\u03bd\u03bf\u03c5\u03bd \u03c4\u03b1 \u03c1\u03bf\u03bc\u03c0\u03cc\u03c4 \u03b1\u03c0\u03cc \u03b1\u03c0\u03bb\u03ac \u03ad\u03c9\u03c2 \u03c3\u03cd\u03bd\u03b8\u03b5\u03c4\u03b1, \u03ce\u03c3\u03c4\u03b5 \u03c4\u03b1 \u03c0\u03b1\u03b9\u03b4\u03b9\u03ac \u03bd\u03b1 \u03bc\u03c0\u03bf\u03c1\u03bf\u03cd\u03bd \u03bd\u03b1 \u03b1\u03c0\u03bf\u03bb\u03b1\u03cd\u03c3\u03bf\u03c5\u03bd \u03c4\u03b7 \u03b4\u03b7\u03bc\u03b9\u03bf\u03c5\u03c1\u03b3\u03af\u03b1 \u03c7\u03c9\u03c1\u03af\u03c2 \u03c4\u03b7\u03bd \u03c0\u03b1\u03c1\u03b5\u03bc\u03b2\u03bf\u03bb\u03ae \u03ad\u03be\u03c5\u03c0\u03bd\u03c9\u03bd \u03c3\u03c5\u03c3\u03ba\u03b5\u03c5\u03ce\u03bd. \u039a\u03b1\u03b9 \u03b5\u03af\u03bd\u03b1\u03b9 \u03b5\u03c0\u03af\u03c3\u03b7\u03c2 \u03b5\u03be\u03bf\u03c0\u03bb\u03b9\u03c3\u03bc\u03ad\u03bd\u03bf \u03bc\u03b5 \u03ad\u03bd\u03b1 APP \u03b3\u03b9\u03b1 \u03bd\u03b1 \u03c4\u03bf\u03c5\u03c2 \u03b4\u03b9\u03b4\u03ac\u03be\u03b5\u03b9 \u03c0\u03ce\u03c2 \u03bd\u03b1 \u03ba\u03b1\u03c4\u03b1\u03c3\u03ba\u03b5\u03c5\u03ac\u03b6\u03bf\u03c5\u03bd, \u03bd\u03b1 \u03b5\u03bb\u03ad\u03b3\u03c7\u03bf\u03c5\u03bd \u03c4\u03b1 \u03c1\u03bf\u03bc\u03c0\u03cc\u03c4 \u03ba\u03b1\u03b9 \u03bd\u03b1 \u03b3\u03c1\u03ac\u03c6\u03bf\u03c5\u03bd \u03ad\u03bd\u03b1 \u03c0\u03c1\u03cc\u03b3\u03c1\u03b1\u03bc\u03bc\u03b1.<\/p>\n<p>\u03a4\u03cc\u03c3\u03bf \u03c4\u03b1 \u03c0\u03b1\u03b9\u03b4\u03b9\u03ac \u03cc\u03c3\u03bf \u03ba\u03b1\u03b9 \u03bf\u03b9 \u03b3\u03bf\u03bd\u03b5\u03af\u03c2 \u03b8\u03b1 \u03b1\u03c0\u03bf\u03bb\u03b1\u03cd\u03c3\u03bf\u03c5\u03bd \u03c4\u03b7 \u03b4\u03b9\u03b1\u03c3\u03ba\u03ad\u03b4\u03b1\u03c3\u03b7 \u03c4\u03b7\u03c2 \u03ba\u03b1\u03c4\u03b1\u03c3\u03ba\u03b5\u03c5\u03ae\u03c2 \u03b5\u03bd\u03cc\u03c2 \u03c1\u03bf\u03bc\u03c0\u03cc\u03c4 \u03ba\u03b1\u03b9 \u03c4\u03bf\u03c5 \u03c0\u03c1\u03bf\u03b3\u03c1\u03b1\u03bc\u03bc\u03b1\u03c4\u03b9\u03c3\u03bc\u03bf\u03cd \u03c4\u03bf\u03c5. \u03a4\u03b1\u03c5\u03c4\u03cc\u03c7\u03c1\u03bf\u03bd\u03b1, \u03b2\u03bf\u03b7\u03b8\u03ac \u03c3\u03c4\u03b7\u03bd \u03b1\u03bd\u03ac\u03c0\u03c4\u03c5\u03be\u03b7 \u03c4\u03bf\u03c5 \u03bc\u03c5\u03b1\u03bb\u03bf\u03cd \u03c4\u03c9\u03bd \u03c0\u03b1\u03b9\u03b4\u03b9\u03ce\u03bd, \u03c4\u03bf\u03c5 DIY \u03ba\u03b1\u03b9 \u03c4\u03b7\u03c2 \u03b9\u03ba\u03b1\u03bd\u03cc\u03c4\u03b7\u03c4\u03b1\u03c2 \u03bb\u03bf\u03b3\u03b9\u03ba\u03ae\u03c2 \u03c3\u03ba\u03ad\u03c8\u03b7\u03c2.<\/p>","protected":false},"excerpt":{"rendered":"<p>ROBOT MASTER a fost dezvoltat de o echip\u0103 de exper\u021bi \u00een robotic\u0103 pentru a oferi copiilor o multitudine de cuno\u0219tin\u021be STEAM \u2013 \u00eentr-un mod captivant \u0219i pl\u0103cut. Copiii \u00eenva\u021b\u0103 s\u0103 construiasc\u0103, s\u0103 programeze \u0219i s\u0103 creeze \u00een timp ce se distreaz\u0103.<\/p>\n<p>\u039c\u03b5 \u03b1\u03c5\u03c4\u03ae \u03c4\u03b7\u03bd \u03ad\u03ba\u03b4\u03bf\u03c3\u03b7 Robot Master Standard, \u03bc\u03c0\u03bf\u03c1\u03b5\u03af\u03c4\u03b5 \u03bd\u03b1 \u03ba\u03b1\u03c4\u03b1\u03c3\u03ba\u03b5\u03c5\u03ac\u03c3\u03b5\u03c4\u03b5 \u03c0\u03b5\u03c1\u03b9\u03c3\u03c3\u03cc\u03c4\u03b5\u03c1\u03b1 \u03b1\u03c0\u03cc 100 \u03c1\u03bf\u03bc\u03c0\u03cc\u03c4 \u03b1\u03c0\u03cc \u03b1\u03c0\u03bb\u03ac \u03ad\u03c9\u03c2 \u03c3\u03cd\u03bd\u03b8\u03b5\u03c4\u03b1, \u03c4\u03b1 \u03bf\u03c0\u03bf\u03af\u03b1 \u03c0\u03b5\u03c1\u03b9\u03ad\u03c7\u03bf\u03c5\u03bd \u03c0\u03bf\u03bb\u03bb\u03ad\u03c2 \u03b3\u03bd\u03ce\u03c3\u03b5\u03b9\u03c2 \u03b3\u03b9\u03b1 \u03c4\u03b1 \u03c1\u03bf\u03bc\u03c0\u03cc\u03c4, \u03cc\u03c0\u03c9\u03c2 \u03bc\u03b7\u03c7\u03b1\u03bd\u03ae\u03bc\u03b1\u03c4\u03b1, \u03b3\u03c1\u03b1\u03bd\u03ac\u03b6\u03b9\u03b1, \u03b4\u03bf\u03bc\u03ae, \u03bc\u03b5\u03c4\u03ac\u03b4\u03bf\u03c3\u03b7 \u03ba.\u03bb\u03c0.<\/p>","protected":false},"featured_media":7374,"comment_status":"open","ping_status":"closed","template":"","meta":{"site-sidebar-layout":"default","site-content-layout":"","ast-site-content-layout":"default","site-content-style":"default","site-sidebar-style":"default","ast-global-header-display":"","ast-banner-title-visibility":"","ast-main-header-display":"","ast-hfb-above-header-display":"","ast-hfb-below-header-display":"","ast-hfb-mobile-header-display":"","site-post-title":"","ast-breadcrumbs-content":"","ast-featured-img":"","footer-sml-layout":"","ast-disable-related-posts":"","theme-transparent-header-meta":"default","adv-header-id-meta":"","stick-header-meta":"","header-above-stick-meta":"","header-main-stick-meta":"","header-below-stick-meta":"","astra-migrate-meta-layouts":"set","ast-page-background-enabled":"default","ast-page-background-meta":{"desktop":{"background-color":"var(--ast-global-color-5)","background-image":"","background-repeat":"repeat","background-position":"center center","background-size":"auto","background-attachment":"scroll","background-type":"","background-media":"","overlay-type":"","overlay-color":"","overlay-opacity":"","overlay-gradient":""},"tablet":{"background-color":"","background-image":"","background-repeat":"repeat","background-position":"center center","background-size":"auto","background-attachment":"scroll","background-type":"","background-media":"","overlay-type":"","overlay-color":"","overlay-opacity":"","overlay-gradient":""},"mobile":{"background-color":"","background-image":"","background-repeat":"repeat","background-position":"center center","background-size":"auto","background-attachment":"scroll","background-type":"","background-media":"","overlay-type":"","overlay-color":"","overlay-opacity":"","overlay-gradient":""}},"ast-content-background-meta":{"desktop":{"background-color":"var(--ast-global-color-4)","background-image":"","background-repeat":"repeat","background-position":"center center","background-size":"auto","background-attachment":"scroll","background-type":"","background-media":"","overlay-type":"","overlay-color":"","overlay-opacity":"","overlay-gradient":""},"tablet":{"background-color":"var(--ast-global-color-4)","background-image":"","background-repeat":"repeat","background-position":"center center","background-size":"auto","background-attachment":"scroll","background-type":"","background-media":"","overlay-type":"","overlay-color":"","overlay-opacity":"","overlay-gradient":""},"mobile":{"background-color":"var(--ast-global-color-4)","background-image":"","background-repeat":"repeat","background-position":"center center","background-size":"auto","background-attachment":"scroll","background-type":"","background-media":"","overlay-type":"","overlay-color":"","overlay-opacity":"","overlay-gradient":""}}},"product_brand":[106],"product_cat":[33,29,56,32,57,35,30,34,28,59],"product_tag":[],"class_list":{"0":"post-7373","1":"product","2":"type-product","3":"status-publish","4":"has-post-thumbnail","6":"product_brand-makerzoid","7":"product_cat-33","8":"product_cat-29","9":"product_cat-56","10":"product_cat-32","11":"product_cat-57","12":"product_cat--10-12-","13":"product_cat--6-9-","14":"product_cat-34","15":"product_cat-28","16":"product_cat-59","17":"desktop-align-left","18":"tablet-align-left","19":"mobile-align-left","21":"first","22":"instock","23":"taxable","24":"shipping-taxable","25":"purchasable","26":"product-type-simple"},"_links":{"self":[{"href":"https:\/\/stem-eshop.gr\/ro\/wp-json\/wp\/v2\/product\/7373","targetHints":{"allow":["GET"]}}],"collection":[{"href":"https:\/\/stem-eshop.gr\/ro\/wp-json\/wp\/v2\/product"}],"about":[{"href":"https:\/\/stem-eshop.gr\/ro\/wp-json\/wp\/v2\/types\/product"}],"replies":[{"embeddable":true,"href":"https:\/\/stem-eshop.gr\/ro\/wp-json\/wp\/v2\/comments?post=7373"}],"wp:featuredmedia":[{"embeddable":true,"href":"https:\/\/stem-eshop.gr\/ro\/wp-json\/wp\/v2\/media\/7374"}],"wp:attachment":[{"href":"https:\/\/stem-eshop.gr\/ro\/wp-json\/wp\/v2\/media?parent=7373"}],"wp:term":[{"taxonomy":"product_brand","embeddable":true,"href":"https:\/\/stem-eshop.gr\/ro\/wp-json\/wp\/v2\/product_brand?post=7373"},{"taxonomy":"product_cat","embeddable":true,"href":"https:\/\/stem-eshop.gr\/ro\/wp-json\/wp\/v2\/product_cat?post=7373"},{"taxonomy":"product_tag","embeddable":true,"href":"https:\/\/stem-eshop.gr\/ro\/wp-json\/wp\/v2\/product_tag?post=7373"}],"curies":[{"name":"wp","href":"https:\/\/api.w.org\/{rel}","templated":true}]}}