{"id":7364,"date":"2025-05-19T10:34:16","date_gmt":"2025-05-19T10:34:16","guid":{"rendered":"https:\/\/stem-eshop.gr\/product\/makerzoid-superbot-26-in-1-coding-robot-kit\/"},"modified":"2025-12-25T19:51:00","modified_gmt":"2025-12-25T16:51:00","slug":"makerzoid-superbot-26-in-1-coding-robot-kit","status":"publish","type":"product","link":"https:\/\/stem-eshop.gr\/ro\/produs\/makerzoid-superbot-26-in-1-coding-robot-kit\/","title":{"rendered":"Kit robot de codare Makerzoid SUPERBOT 26 \u00een 1"},"content":{"rendered":"<p>Superbot con\u021bine peste 400 de piese de c\u0103r\u0103mid\u0103, cu peste 26 de modele de construit.<\/p>\n<p>\u00cen mare parte, sunt diferite ma\u0219ini de curse, camioane, ma\u0219ini de design... etc.<\/p>\n<p>Motorul \u00eencorporat (bateriile nu sunt incluse) faciliteaz\u0103 construc\u021bia.<\/p>\n<p>Este recomandat ca prim pas programatorilor \u00eencep\u0103tori.<\/p>\n<p>Superbot \u00eei aduce copilului distrac\u021bie nesf\u00e2r\u0219it\u0103 construind, juc\u00e2ndu-se \u0219i apoi lupt\u00e2nd \u00eempreun\u0103 cu machetele lor de ma\u0219ini.<\/p>\n<p>Cu aplica\u021bia GRATUIT\u0102 MAKZERZOID din App Store \u0219i Google Play, prin conexiune Bluetooth la dispozitivele inteligente, copiii pot construi modele cu u\u0219urin\u021b\u0103 din sec\u021biunea \u201eConstruie\u0219te\u201d \u0219i apoi pot controla robotul motorizat pentru a se deplasa \u00een toate direc\u021biile, ceea ce le aduce mult\u0103 bucurie.<\/p>\n<p>Beneficii suplimentare ale Superbot<\/p>\n<p>Superbot adaug\u0103 c\u00e2teva cuno\u0219tin\u021be de programare \u00eentr-un mod simplu \u0219i u\u0219or pentru ca copiii s\u0103 \u00een\u021beleag\u0103 mai bine.<\/p>\n<p>Designul s\u0103u de baz\u0103 se bazeaz\u0103, de asemenea, pe cuno\u0219tin\u021be de \u0219tiin\u021b\u0103, tehnologie, inginerie, matematic\u0103 \u0219i arte, care ar putea ajuta copiii s\u0103 \u00ee\u0219i dezvolte g\u00e2ndirea logic\u0103, imagina\u021bia, creativitatea \u0219i capacitatea de rezolvare a problemelor.<\/p>","protected":false},"excerpt":{"rendered":"<p>Superbotul a c\u00e2\u0219tigat mul\u021bi fani, deoarece este bazat pe modele de ma\u0219ini \u0219i camioane de curse interesante \u0219i culori str\u0103lucitoare.<\/p>\n<p>Trebuie doar s\u0103 trage\u021bi \u0219i s\u0103 plasa\u021bi c\u00e2teva dintre comenzi \u00een sec\u021biunea \u201eCodare\u201d, apoi s\u0103 le muta\u021bi.<\/p>\n<p>Simplu, dar plin de cuno\u0219tin\u021be de baz\u0103 de programare!!!!<\/p>","protected":false},"featured_media":7365,"comment_status":"open","ping_status":"closed","template":"","meta":{"site-sidebar-layout":"default","site-content-layout":"","ast-site-content-layout":"default","site-content-style":"default","site-sidebar-style":"default","ast-global-header-display":"","ast-banner-title-visibility":"","ast-main-header-display":"","ast-hfb-above-header-display":"","ast-hfb-below-header-display":"","ast-hfb-mobile-header-display":"","site-post-title":"","ast-breadcrumbs-content":"","ast-featured-img":"","footer-sml-layout":"","ast-disable-related-posts":"","theme-transparent-header-meta":"default","adv-header-id-meta":"","stick-header-meta":"","header-above-stick-meta":"","header-main-stick-meta":"","header-below-stick-meta":"","astra-migrate-meta-layouts":"set","ast-page-background-enabled":"default","ast-page-background-meta":{"desktop":{"background-color":"var(--ast-global-color-5)","background-image":"","background-repeat":"repeat","background-position":"center center","background-size":"auto","background-attachment":"scroll","background-type":"","background-media":"","overlay-type":"","overlay-color":"","overlay-opacity":"","overlay-gradient":""},"tablet":{"background-color":"","background-image":"","background-repeat":"repeat","background-position":"center center","background-size":"auto","background-attachment":"scroll","background-type":"","background-media":"","overlay-type":"","overlay-color":"","overlay-opacity":"","overlay-gradient":""},"mobile":{"background-color":"","background-image":"","background-repeat":"repeat","background-position":"center center","background-size":"auto","background-attachment":"scroll","background-type":"","background-media":"","overlay-type":"","overlay-color":"","overlay-opacity":"","overlay-gradient":""}},"ast-content-background-meta":{"desktop":{"background-color":"var(--ast-global-color-4)","background-image":"","background-repeat":"repeat","background-position":"center center","background-size":"auto","background-attachment":"scroll","background-type":"","background-media":"","overlay-type":"","overlay-color":"","overlay-opacity":"","overlay-gradient":""},"tablet":{"background-color":"var(--ast-global-color-4)","background-image":"","background-repeat":"repeat","background-position":"center center","background-size":"auto","background-attachment":"scroll","background-type":"","background-media":"","overlay-type":"","overlay-color":"","overlay-opacity":"","overlay-gradient":""},"mobile":{"background-color":"var(--ast-global-color-4)","background-image":"","background-repeat":"repeat","background-position":"center center","background-size":"auto","background-attachment":"scroll","background-type":"","background-media":"","overlay-type":"","overlay-color":"","overlay-opacity":"","overlay-gradient":""}}},"product_brand":[106],"product_cat":[33,29,56,57,35,30,45,34,28,59],"product_tag":[],"class_list":{"0":"post-7364","1":"product","2":"type-product","3":"status-publish","4":"has-post-thumbnail","6":"product_brand-makerzoid","7":"product_cat-33","8":"product_cat-29","9":"product_cat-56","10":"product_cat-57","11":"product_cat--10-12-","12":"product_cat--6-9-","13":"product_cat-45","14":"product_cat-34","15":"product_cat-28","16":"product_cat-59","17":"desktop-align-left","18":"tablet-align-left","19":"mobile-align-left","21":"first","22":"instock","23":"taxable","24":"shipping-taxable","25":"purchasable","26":"product-type-simple"},"_links":{"self":[{"href":"https:\/\/stem-eshop.gr\/ro\/wp-json\/wp\/v2\/product\/7364","targetHints":{"allow":["GET"]}}],"collection":[{"href":"https:\/\/stem-eshop.gr\/ro\/wp-json\/wp\/v2\/product"}],"about":[{"href":"https:\/\/stem-eshop.gr\/ro\/wp-json\/wp\/v2\/types\/product"}],"replies":[{"embeddable":true,"href":"https:\/\/stem-eshop.gr\/ro\/wp-json\/wp\/v2\/comments?post=7364"}],"wp:featuredmedia":[{"embeddable":true,"href":"https:\/\/stem-eshop.gr\/ro\/wp-json\/wp\/v2\/media\/7365"}],"wp:attachment":[{"href":"https:\/\/stem-eshop.gr\/ro\/wp-json\/wp\/v2\/media?parent=7364"}],"wp:term":[{"taxonomy":"product_brand","embeddable":true,"href":"https:\/\/stem-eshop.gr\/ro\/wp-json\/wp\/v2\/product_brand?post=7364"},{"taxonomy":"product_cat","embeddable":true,"href":"https:\/\/stem-eshop.gr\/ro\/wp-json\/wp\/v2\/product_cat?post=7364"},{"taxonomy":"product_tag","embeddable":true,"href":"https:\/\/stem-eshop.gr\/ro\/wp-json\/wp\/v2\/product_tag?post=7364"}],"curies":[{"name":"wp","href":"https:\/\/api.w.org\/{rel}","templated":true}]}}