{"id":7358,"date":"2025-05-19T10:14:22","date_gmt":"2025-05-19T10:14:22","guid":{"rendered":"https:\/\/stem-eshop.gr\/product\/%ce%b5%ce%be%cf%85%cf%80%ce%bd%ce%bf%cf%8d%ce%bb%ce%b7%cf%82-%ce%b5%ce%ba%cf%80%ce%b1%ce%b9%ce%b4%ce%b5%cf%85%cf%84%ce%b9%ce%ba%cf%8c-%cf%80%ce%b1%ce%b9%cf%87%ce%bd%ce%af%ce%b4%ce%b9-%ce%b3%ce%bd-2\/"},"modified":"2025-10-23T12:26:47","modified_gmt":"2025-10-23T09:26:47","slug":"%ce%b5%ce%be%cf%85%cf%80%ce%bd%ce%bf%cf%8d%ce%bb%ce%b7%cf%82-%ce%b5%ce%ba%cf%80%ce%b1%ce%b9%ce%b4%ce%b5%cf%85%cf%84%ce%b9%ce%ba%cf%8c-%cf%80%ce%b1%ce%b9%cf%87%ce%bd%ce%af%ce%b4%ce%b9-%ce%b3%ce%bd-2","status":"publish","type":"product","link":"https:\/\/stem-eshop.gr\/ro\/produs\/%ce%b5%ce%be%cf%85%cf%80%ce%bd%ce%bf%cf%8d%ce%bb%ce%b7%cf%82-%ce%b5%ce%ba%cf%80%ce%b1%ce%b9%ce%b4%ce%b5%cf%85%cf%84%ce%b9%ce%ba%cf%8c-%cf%80%ce%b1%ce%b9%cf%87%ce%bd%ce%af%ce%b4%ce%b9-%ce%b3%ce%bd-2\/","title":{"rendered":"Joc educativ inteligent \u201eCunosc Grecia\u201d pentru copii de peste 6 ani"},"content":{"rendered":"<p class=\"MsoNormal\">Profit\u0103 de talentul t\u0103u interior de explorator \u0219i alege cele mai bune rute pentru a-\u021bi \u00eencheia c\u0103l\u0103toria \u00eenaintea adversarilor t\u0103i!<\/p>\n<p class=\"MsoNormal\">2 versiuni ale jocului pentru copii \u0219i adul\u021bi.<\/p>\n<p class=\"MsoNormal\">Aparat foto, hart\u0103 \u0219i jurnal. Valiza ta este aproape gata pentru o aventur\u0103 fantastic\u0103 \u00een care vei descoperi \u00eentreaga lume! \u00cendreapt\u0103-te spre bord pentru a ajunge la destina\u021biile tale de c\u0103l\u0103torie, ia cel mai rapid mijloc de transport, dar fii atent la lucrurile nea\u0219teptate de pe drum.<\/p>\n<p class=\"MsoNormal\">Fabricat \u00een Italia<\/p>\n<p class=\"MsoNormal\">Jocurile educa\u021bionale de la Exynnoulis sunt o serie atemporal\u0103 \u0219i inovatoare, concepute pentru a sprijini dezvoltarea \u00eenv\u0103\u021b\u0103rii copiilor \u00een perioada pre\u0219colar\u0103 \u0219i \u0219colar\u0103. Acestea au fost studiate de educatori \u0219i psihologi exper\u021bi \u0219i au fost testate \u00een \u0219coli. Acoper\u0103 o gam\u0103 larg\u0103 de subiecte educa\u021bionale, ajut\u00e2nd copiii s\u0103 dezvolte abilit\u0103\u021bi \u0219i cuno\u0219tin\u021be esen\u021biale \u00eentr-un mod simplu \u0219i distractiv!<\/p>\n<p class=\"MsoNormal\">","protected":false},"excerpt":{"rendered":"<p class=\"MsoNormal\">Un joc de societate pentru micii exploratori, pentru a descoperi minunile Greciei \u0219i a \u00eenv\u0103\u021ba geografie \u00eentr-un mod u\u0219or \u0219i distractiv.<\/p>\n<p class=\"MsoNormal\">Scopul jocului este ca juc\u0103torul s\u0103 ajung\u0103 primul la destina\u021bie.<\/p>\n<p class=\"MsoNormal\">","protected":false},"featured_media":7359,"comment_status":"open","ping_status":"closed","template":"","meta":{"site-sidebar-layout":"default","site-content-layout":"","ast-site-content-layout":"default","site-content-style":"default","site-sidebar-style":"default","ast-global-header-display":"","ast-banner-title-visibility":"","ast-main-header-display":"","ast-hfb-above-header-display":"","ast-hfb-below-header-display":"","ast-hfb-mobile-header-display":"","site-post-title":"","ast-breadcrumbs-content":"","ast-featured-img":"","footer-sml-layout":"","ast-disable-related-posts":"","theme-transparent-header-meta":"default","adv-header-id-meta":"","stick-header-meta":"","header-above-stick-meta":"","header-main-stick-meta":"","header-below-stick-meta":"","astra-migrate-meta-layouts":"set","ast-page-background-enabled":"default","ast-page-background-meta":{"desktop":{"background-color":"var(--ast-global-color-5)","background-image":"","background-repeat":"repeat","background-position":"center center","background-size":"auto","background-attachment":"scroll","background-type":"","background-media":"","overlay-type":"","overlay-color":"","overlay-opacity":"","overlay-gradient":""},"tablet":{"background-color":"","background-image":"","background-repeat":"repeat","background-position":"center center","background-size":"auto","background-attachment":"scroll","background-type":"","background-media":"","overlay-type":"","overlay-color":"","overlay-opacity":"","overlay-gradient":""},"mobile":{"background-color":"","background-image":"","background-repeat":"repeat","background-position":"center center","background-size":"auto","background-attachment":"scroll","background-type":"","background-media":"","overlay-type":"","overlay-color":"","overlay-opacity":"","overlay-gradient":""}},"ast-content-background-meta":{"desktop":{"background-color":"var(--ast-global-color-4)","background-image":"","background-repeat":"repeat","background-position":"center center","background-size":"auto","background-attachment":"scroll","background-type":"","background-media":"","overlay-type":"","overlay-color":"","overlay-opacity":"","overlay-gradient":""},"tablet":{"background-color":"var(--ast-global-color-4)","background-image":"","background-repeat":"repeat","background-position":"center center","background-size":"auto","background-attachment":"scroll","background-type":"","background-media":"","overlay-type":"","overlay-color":"","overlay-opacity":"","overlay-gradient":""},"mobile":{"background-color":"var(--ast-global-color-4)","background-image":"","background-repeat":"repeat","background-position":"center center","background-size":"auto","background-attachment":"scroll","background-type":"","background-media":"","overlay-type":"","overlay-color":"","overlay-opacity":"","overlay-gradient":""}}},"product_brand":[112],"product_cat":[43,44,39,49,38,56,30],"product_tag":[],"class_list":{"0":"post-7358","1":"product","2":"type-product","3":"status-publish","4":"has-post-thumbnail","6":"product_brand-eksipnoulis","7":"product_cat-43","8":"product_cat-44","9":"product_cat-39","10":"product_cat-49","11":"product_cat-38","12":"product_cat-56","13":"product_cat--6-9-","14":"desktop-align-left","15":"tablet-align-left","16":"mobile-align-left","18":"first","19":"instock","20":"taxable","21":"shipping-taxable","22":"purchasable","23":"product-type-simple"},"_links":{"self":[{"href":"https:\/\/stem-eshop.gr\/ro\/wp-json\/wp\/v2\/product\/7358","targetHints":{"allow":["GET"]}}],"collection":[{"href":"https:\/\/stem-eshop.gr\/ro\/wp-json\/wp\/v2\/product"}],"about":[{"href":"https:\/\/stem-eshop.gr\/ro\/wp-json\/wp\/v2\/types\/product"}],"replies":[{"embeddable":true,"href":"https:\/\/stem-eshop.gr\/ro\/wp-json\/wp\/v2\/comments?post=7358"}],"wp:featuredmedia":[{"embeddable":true,"href":"https:\/\/stem-eshop.gr\/ro\/wp-json\/wp\/v2\/media\/7359"}],"wp:attachment":[{"href":"https:\/\/stem-eshop.gr\/ro\/wp-json\/wp\/v2\/media?parent=7358"}],"wp:term":[{"taxonomy":"product_brand","embeddable":true,"href":"https:\/\/stem-eshop.gr\/ro\/wp-json\/wp\/v2\/product_brand?post=7358"},{"taxonomy":"product_cat","embeddable":true,"href":"https:\/\/stem-eshop.gr\/ro\/wp-json\/wp\/v2\/product_cat?post=7358"},{"taxonomy":"product_tag","embeddable":true,"href":"https:\/\/stem-eshop.gr\/ro\/wp-json\/wp\/v2\/product_tag?post=7358"}],"curies":[{"name":"wp","href":"https:\/\/api.w.org\/{rel}","templated":true}]}}