{"id":7306,"date":"2025-05-19T10:12:36","date_gmt":"2025-05-19T10:12:36","guid":{"rendered":"https:\/\/stem-eshop.gr\/product\/as-magnet-box-%ce%bc%ce%b1%ce%b8%ce%b1%ce%af%ce%bd%cf%89-%ce%bd%ce%b1-%ce%b3%cf%81%ce%ac%cf%86%cf%89-72-%ce%b5%ce%ba%cf%80%ce%b1%ce%b9%ce%b4%ce%b5%cf%85%cf%84%ce%b9%ce%ba%ce%bf%ce%af-%cf%87%ce%ac\/"},"modified":"2026-04-26T11:26:18","modified_gmt":"2026-04-26T08:26:18","slug":"as-magnet-box-%ce%bc%ce%b1%ce%b8%ce%b1%ce%af%ce%bd%cf%89-%ce%bd%ce%b1-%ce%b3%cf%81%ce%ac%cf%86%cf%89-72-%ce%b5%ce%ba%cf%80%ce%b1%ce%b9%ce%b4%ce%b5%cf%85%cf%84%ce%b9%ce%ba%ce%bf%ce%af-%cf%87%ce%ac","status":"publish","type":"product","link":"https:\/\/stem-eshop.gr\/ro\/produs\/as-magnet-box-%ce%bc%ce%b1%ce%b8%ce%b1%ce%af%ce%bd%cf%89-%ce%bd%ce%b1-%ce%b3%cf%81%ce%ac%cf%86%cf%89-72-%ce%b5%ce%ba%cf%80%ce%b1%ce%b9%ce%b4%ce%b5%cf%85%cf%84%ce%b9%ce%ba%ce%bf%ce%af-%cf%87%ce%ac\/","title":{"rendered":"Cutie magnetic\u0103 AS - \u00cenv\u0103\u021barea scrierii - 72 de magne\u021bi educa\u021bionali din h\u00e2rtie pentru copii de peste 4 ani"},"content":{"rendered":"<p class=\"MsoNormal\">Un joc cu dificultate gradat\u0103, care, datorit\u0103 tablei speciale de tip \u201escrie \u0219i \u0219terge\u201d \u0219i markerului burete inclus, permite copilului s\u0103 repete exerci\u021biile de c\u00e2te ori dore\u0219te, precum \u0219i s\u0103 \u00ee\u0219i scrie propriile cuvinte!<\/p>\n<\/p>\n<p class=\"MsoNormal\">Include:<\/p>\n<\/p>\n<p>72 de magne\u021bi de h\u00e2rtie<\/p>\n<\/p>\n<p>1 marker cu burete<\/p>\n<\/p>\n<p>1 tabl\u0103 magnetic\u0103<\/p>\n<\/p>\n<p>Ghid ilustrat pentru \u00eenv\u0103\u021barea cuvintelor \u0219i cu exerci\u021bii de pronun\u021bie<\/p>\n<\/p>\n<p class=\"MsoNormal\">Ce sunt cutiile magnetice AS?<\/p>\n<\/p>\n<p class=\"MsoNormal\">Seria Magnet Box folose\u0219te magne\u021bi din lemn \u0219i h\u00e2rtie, antren\u00e2ndu-i pe copii s\u0103-\u0219i dezvolte abilit\u0103\u021bile \u00een timp ce \u00ee\u0219i dezl\u0103n\u021buie imagina\u021bia. Prin jocul cu Magnet Box, copilul \u00ee\u0219i exerseaz\u0103 motricitatea fin\u0103 \u0219i coordonarea m\u00e2n\u0103-ochi, \u00eenv\u0103\u021b\u00e2nd s\u0103 combine magne\u021bii. Cel mai important, seria ajut\u0103 la dezvoltarea social\u0103 \u0219i emo\u021bional\u0103 a copilului, prin cooperare \u0219i cultivarea empatiei. Seria a primit Premiul de Argint la categoria Cea mai bun\u0103 juc\u0103rie educa\u021bional\u0103 la Premiile Toys 2021.<\/p><\/p>","protected":false},"excerpt":{"rendered":"<p class=\"MsoNormal\">Cutia magnetic\u0103 AS \u201e\u00cenv\u0103\u021b s\u0103 scriu\u201d este o juc\u0103rie magnetic\u0103 educativ\u0103 care \u00eencurajeaz\u0103 copilul s\u0103 \u00eenve\u021be s\u0103 scrie juc\u00e2ndu-se cu magne\u021bi.<\/p>\n<\/p>\n<p class=\"MsoNormal\">Copilul \u00eencepe prin a \u00eenv\u0103\u021ba literele \u0219i cum s\u0103 le scrie, apoi potrive\u0219te magne\u021bii cu litere cu imaginile corespunz\u0103toare ale unor cuvinte simple \u0219i, \u00een final, exerseaz\u0103 scrierea cuvintelor pe tabl\u0103, urm\u00e2nd ortografia care apare \u00een bro\u0219ura inclus\u0103.<\/p><\/p>","protected":false},"featured_media":7307,"comment_status":"open","ping_status":"closed","template":"","meta":{"site-sidebar-layout":"default","site-content-layout":"","ast-site-content-layout":"default","site-content-style":"default","site-sidebar-style":"default","ast-global-header-display":"","ast-banner-title-visibility":"","ast-main-header-display":"","ast-hfb-above-header-display":"","ast-hfb-below-header-display":"","ast-hfb-mobile-header-display":"","site-post-title":"","ast-breadcrumbs-content":"","ast-featured-img":"","footer-sml-layout":"","ast-disable-related-posts":"","theme-transparent-header-meta":"","adv-header-id-meta":"","stick-header-meta":"","header-above-stick-meta":"","header-main-stick-meta":"","header-below-stick-meta":"","astra-migrate-meta-layouts":"default","ast-page-background-enabled":"default","ast-page-background-meta":{"desktop":{"background-color":"var(--ast-global-color-5)","background-image":"","background-repeat":"repeat","background-position":"center center","background-size":"auto","background-attachment":"scroll","background-type":"","background-media":"","overlay-type":"","overlay-color":"","overlay-opacity":"","overlay-gradient":""},"tablet":{"background-color":"","background-image":"","background-repeat":"repeat","background-position":"center center","background-size":"auto","background-attachment":"scroll","background-type":"","background-media":"","overlay-type":"","overlay-color":"","overlay-opacity":"","overlay-gradient":""},"mobile":{"background-color":"","background-image":"","background-repeat":"repeat","background-position":"center center","background-size":"auto","background-attachment":"scroll","background-type":"","background-media":"","overlay-type":"","overlay-color":"","overlay-opacity":"","overlay-gradient":""}},"ast-content-background-meta":{"desktop":{"background-color":"var(--ast-global-color-4)","background-image":"","background-repeat":"repeat","background-position":"center center","background-size":"auto","background-attachment":"scroll","background-type":"","background-media":"","overlay-type":"","overlay-color":"","overlay-opacity":"","overlay-gradient":""},"tablet":{"background-color":"var(--ast-global-color-4)","background-image":"","background-repeat":"repeat","background-position":"center center","background-size":"auto","background-attachment":"scroll","background-type":"","background-media":"","overlay-type":"","overlay-color":"","overlay-opacity":"","overlay-gradient":""},"mobile":{"background-color":"var(--ast-global-color-4)","background-image":"","background-repeat":"repeat","background-position":"center center","background-size":"auto","background-attachment":"scroll","background-type":"","background-media":"","overlay-type":"","overlay-color":"","overlay-opacity":"","overlay-gradient":""}}},"product_brand":[99],"product_cat":[126,42,43,38,29,47,30,26],"product_tag":[],"class_list":{"0":"post-7306","1":"product","2":"type-product","3":"status-publish","4":"has-post-thumbnail","6":"product_brand-as","7":"product_cat-126","8":"product_cat-42","9":"product_cat-43","10":"product_cat-38","11":"product_cat-29","12":"product_cat-47","13":"product_cat--6-9-","14":"product_cat-26","15":"desktop-align-left","16":"tablet-align-left","17":"mobile-align-left","19":"first","20":"instock","21":"taxable","22":"shipping-taxable","23":"purchasable","24":"product-type-simple"},"_links":{"self":[{"href":"https:\/\/stem-eshop.gr\/ro\/wp-json\/wp\/v2\/product\/7306","targetHints":{"allow":["GET"]}}],"collection":[{"href":"https:\/\/stem-eshop.gr\/ro\/wp-json\/wp\/v2\/product"}],"about":[{"href":"https:\/\/stem-eshop.gr\/ro\/wp-json\/wp\/v2\/types\/product"}],"replies":[{"embeddable":true,"href":"https:\/\/stem-eshop.gr\/ro\/wp-json\/wp\/v2\/comments?post=7306"}],"wp:featuredmedia":[{"embeddable":true,"href":"https:\/\/stem-eshop.gr\/ro\/wp-json\/wp\/v2\/media\/7307"}],"wp:attachment":[{"href":"https:\/\/stem-eshop.gr\/ro\/wp-json\/wp\/v2\/media?parent=7306"}],"wp:term":[{"taxonomy":"product_brand","embeddable":true,"href":"https:\/\/stem-eshop.gr\/ro\/wp-json\/wp\/v2\/product_brand?post=7306"},{"taxonomy":"product_cat","embeddable":true,"href":"https:\/\/stem-eshop.gr\/ro\/wp-json\/wp\/v2\/product_cat?post=7306"},{"taxonomy":"product_tag","embeddable":true,"href":"https:\/\/stem-eshop.gr\/ro\/wp-json\/wp\/v2\/product_tag?post=7306"}],"curies":[{"name":"wp","href":"https:\/\/api.w.org\/{rel}","templated":true}]}}