{"id":7290,"date":"2025-05-19T10:12:05","date_gmt":"2025-05-19T10:12:05","guid":{"rendered":"https:\/\/stem-eshop.gr\/product\/ngs-%ce%be%cf%8d%ce%bb%ce%b9%ce%bd%ce%bf-%ce%bc%ce%bf%cf%85%cf%83%ce%b9%ce%ba%cf%8c-%ce%ba%ce%bf%cf%85%cf%84%ce%af\/"},"modified":"2025-05-22T07:40:35","modified_gmt":"2025-05-22T07:40:35","slug":"ngs-%ce%be%cf%8d%ce%bb%ce%b9%ce%bd%ce%bf-%ce%bc%ce%bf%cf%85%cf%83%ce%b9%ce%ba%cf%8c-%ce%ba%ce%bf%cf%85%cf%84%ce%af","status":"publish","type":"product","link":"https:\/\/stem-eshop.gr\/ro\/produs\/ngs-%ce%be%cf%8d%ce%bb%ce%b9%ce%bd%ce%bf-%ce%bc%ce%bf%cf%85%cf%83%ce%b9%ce%ba%cf%8c-%ce%ba%ce%bf%cf%85%cf%84%ce%af\/","title":{"rendered":"Cutie muzical\u0103 din lemn NGS"},"content":{"rendered":"<p>Aceste kituri ofer\u0103 copiilor oportunitatea de a-\u0219i construi propria cutie muzical\u0103, \u00eenv\u0103\u021b\u00e2nd \u00een acela\u0219i timp principiile de baz\u0103 ale mecanicii \u0219i fizicii.<\/p>\n<p>Mecanismul cutiei muzicale este o parte important\u0103 a setului. De obicei, este un mecanism metalic care include o manivel\u0103 sau un arbore rotativ, care produce muzic\u0103 atunci c\u00e2nd cutia este deschis\u0103 sau manivela este rotit\u0103.<\/p>","protected":false},"excerpt":{"rendered":"<p>Cutiile muzicale din lemn pentru copii sunt juc\u0103rii educa\u021bionale excelente care combin\u0103 distrac\u021bia cu dezvoltarea abilit\u0103\u021bilor, ideale pentru promovarea valorilor STEM (\u0218tiin\u021b\u0103, Tehnologie, Inginerie \u0219i Matematic\u0103).\u00a0<\/p>","protected":false},"featured_media":7714,"comment_status":"open","ping_status":"closed","template":"","meta":{"site-sidebar-layout":"default","site-content-layout":"","ast-site-content-layout":"default","site-content-style":"default","site-sidebar-style":"default","ast-global-header-display":"","ast-banner-title-visibility":"","ast-main-header-display":"","ast-hfb-above-header-display":"","ast-hfb-below-header-display":"","ast-hfb-mobile-header-display":"","site-post-title":"","ast-breadcrumbs-content":"","ast-featured-img":"","footer-sml-layout":"","ast-disable-related-posts":"","theme-transparent-header-meta":"","adv-header-id-meta":"","stick-header-meta":"","header-above-stick-meta":"","header-main-stick-meta":"","header-below-stick-meta":"","astra-migrate-meta-layouts":"default","ast-page-background-enabled":"default","ast-page-background-meta":{"desktop":{"background-color":"var(--ast-global-color-5)","background-image":"","background-repeat":"repeat","background-position":"center center","background-size":"auto","background-attachment":"scroll","background-type":"","background-media":"","overlay-type":"","overlay-color":"","overlay-opacity":"","overlay-gradient":""},"tablet":{"background-color":"","background-image":"","background-repeat":"repeat","background-position":"center center","background-size":"auto","background-attachment":"scroll","background-type":"","background-media":"","overlay-type":"","overlay-color":"","overlay-opacity":"","overlay-gradient":""},"mobile":{"background-color":"","background-image":"","background-repeat":"repeat","background-position":"center center","background-size":"auto","background-attachment":"scroll","background-type":"","background-media":"","overlay-type":"","overlay-color":"","overlay-opacity":"","overlay-gradient":""}},"ast-content-background-meta":{"desktop":{"background-color":"var(--ast-global-color-4)","background-image":"","background-repeat":"repeat","background-position":"center center","background-size":"auto","background-attachment":"scroll","background-type":"","background-media":"","overlay-type":"","overlay-color":"","overlay-opacity":"","overlay-gradient":""},"tablet":{"background-color":"var(--ast-global-color-4)","background-image":"","background-repeat":"repeat","background-position":"center center","background-size":"auto","background-attachment":"scroll","background-type":"","background-media":"","overlay-type":"","overlay-color":"","overlay-opacity":"","overlay-gradient":""},"mobile":{"background-color":"var(--ast-global-color-4)","background-image":"","background-repeat":"repeat","background-position":"center center","background-size":"auto","background-attachment":"scroll","background-type":"","background-media":"","overlay-type":"","overlay-color":"","overlay-opacity":"","overlay-gradient":""}}},"product_brand":[107],"product_cat":[42,43,44,52,38,29,30,26,59,58],"product_tag":[],"class_list":{"0":"post-7290","1":"product","2":"type-product","3":"status-publish","4":"has-post-thumbnail","6":"product_brand-ngs","7":"product_cat-42","8":"product_cat-43","9":"product_cat-44","10":"product_cat-52","11":"product_cat-38","12":"product_cat-29","13":"product_cat--6-9-","14":"product_cat-26","15":"product_cat-59","16":"product_cat-58","17":"desktop-align-left","18":"tablet-align-left","19":"mobile-align-left","21":"first","22":"instock","23":"taxable","24":"shipping-taxable","25":"purchasable","26":"product-type-simple"},"_links":{"self":[{"href":"https:\/\/stem-eshop.gr\/ro\/wp-json\/wp\/v2\/product\/7290","targetHints":{"allow":["GET"]}}],"collection":[{"href":"https:\/\/stem-eshop.gr\/ro\/wp-json\/wp\/v2\/product"}],"about":[{"href":"https:\/\/stem-eshop.gr\/ro\/wp-json\/wp\/v2\/types\/product"}],"replies":[{"embeddable":true,"href":"https:\/\/stem-eshop.gr\/ro\/wp-json\/wp\/v2\/comments?post=7290"}],"wp:featuredmedia":[{"embeddable":true,"href":"https:\/\/stem-eshop.gr\/ro\/wp-json\/wp\/v2\/media\/7714"}],"wp:attachment":[{"href":"https:\/\/stem-eshop.gr\/ro\/wp-json\/wp\/v2\/media?parent=7290"}],"wp:term":[{"taxonomy":"product_brand","embeddable":true,"href":"https:\/\/stem-eshop.gr\/ro\/wp-json\/wp\/v2\/product_brand?post=7290"},{"taxonomy":"product_cat","embeddable":true,"href":"https:\/\/stem-eshop.gr\/ro\/wp-json\/wp\/v2\/product_cat?post=7290"},{"taxonomy":"product_tag","embeddable":true,"href":"https:\/\/stem-eshop.gr\/ro\/wp-json\/wp\/v2\/product_tag?post=7290"}],"curies":[{"name":"wp","href":"https:\/\/api.w.org\/{rel}","templated":true}]}}