{"id":7277,"date":"2025-05-19T10:11:54","date_gmt":"2025-05-19T10:11:54","guid":{"rendered":"https:\/\/stem-eshop.gr\/product\/%ce%b5%ce%be%cf%85%cf%80%ce%bd%ce%bf%cf%8d%ce%bb%ce%b7%cf%82-%ce%b5%ce%ba%cf%80%ce%b1%ce%b9%ce%b4%ce%b5%cf%85%cf%84%ce%b9%ce%ba%cf%8c-%cf%80%ce%b1%ce%b9%cf%87%ce%bd%ce%af%ce%b4%ce%b9-%ce%b7%ce%bb-2\/"},"modified":"2026-04-08T14:35:41","modified_gmt":"2026-04-08T11:35:41","slug":"%ce%b5%ce%be%cf%85%cf%80%ce%bd%ce%bf%cf%8d%ce%bb%ce%b7%cf%82-%ce%b5%ce%ba%cf%80%ce%b1%ce%b9%ce%b4%ce%b5%cf%85%cf%84%ce%b9%ce%ba%cf%8c-%cf%80%ce%b1%ce%b9%cf%87%ce%bd%ce%af%ce%b4%ce%b9-%ce%b7%ce%bb-2","status":"publish","type":"product","link":"https:\/\/stem-eshop.gr\/ro\/produs\/%ce%b5%ce%be%cf%85%cf%80%ce%bd%ce%bf%cf%8d%ce%bb%ce%b7%cf%82-%ce%b5%ce%ba%cf%80%ce%b1%ce%b9%ce%b4%ce%b5%cf%85%cf%84%ce%b9%ce%ba%cf%8c-%cf%80%ce%b1%ce%b9%cf%87%ce%bd%ce%af%ce%b4%ce%b9-%ce%b7%ce%bb-2\/","title":{"rendered":"Enciclopedie electronic\u0103 inteligent\u0103 pentru juc\u0103rii educa\u021bionale pentru copii de 3-5 ani"},"content":{"rendered":"<p class=\"MsoNormal\">Cele 72 de activit\u0103\u021bi sunt \u00eemp\u0103r\u021bite \u00een diverse categorii care acoper\u0103 multe domenii ale educa\u021biei pre\u0219colare \u0219i ajut\u0103 la \u00een\u021belegerea conceptelor de baz\u0103, cum ar fi: cantit\u0103\u021bi \u0219i dimensiuni, culori \u0219i forme, animale \u0219i mediul \u00eenconjur\u0103tor, anotimpuri \u0219i obiceiuri etc. Stiloul vorbitor ghideaz\u0103 copilul prin joc \u0219i dezv\u0103luie dac\u0103 r\u0103spunsurile sunt corecte sau gre\u0219ite printr-un efect de iluminare \u0219i 4 mesaje diferite.<\/p>\n<p class=\"MsoNormal\">Acest joc ajut\u0103 copilul s\u0103 se dezvolte \u0219i s\u0103 dob\u00e2ndeasc\u0103:<\/p>\n<p>Forme \u0219i culori<\/p>\n<p>Numere \u0219i primele opera\u021bii<\/p>\n<p>Cuno\u0219tin\u021be pentru \u00een\u021belegerea lumii, cum ar fi animalele, mediul \u00eenconjur\u0103tor, lumea adul\u021bilor \u0219i uneltele<\/p>\n<p>Orientare spa\u021bial\u0103<\/p>\n<p>Logic\u0103 \u0219i observa\u021bie prin identificarea, asocierea \u0219i clasificarea obiectelor pe baza anumitor criterii<\/p>\n<p class=\"MsoNormal\">Pachetul include:<\/p>\n<p>36 de c\u0103r\u021bi cu 72 de activit\u0103\u021bi educa\u021bionale<\/p>\n<p>1 stilou electronic care vorbe\u0219te \u0219i se aprinde<\/p>\n<p><span style=\"font-size: 11pt;line-height: 107%;font-family: Calibri, sans-serif\">1 manual de utilizare<\/span><\/p>\n<p class=\"MsoNormal\">Fabricat \u00een Italia<\/p>\n<p class=\"MsoNormal\">Jocurile educa\u021bionale de la Exynnoulis sunt o serie atemporal\u0103 \u0219i inovatoare, concepute pentru a sprijini dezvoltarea \u00eenv\u0103\u021b\u0103rii copiilor \u00een perioada pre\u0219colar\u0103 \u0219i \u0219colar\u0103. Acestea au fost studiate de educatori \u0219i psihologi exper\u021bi \u0219i au fost testate \u00een \u0219coli. Acoper\u0103 o gam\u0103 larg\u0103 de subiecte educa\u021bionale, ajut\u00e2nd copiii s\u0103 dezvolte abilit\u0103\u021bi \u0219i cuno\u0219tin\u021be esen\u021biale \u00eentr-un mod simplu \u0219i distractiv!<\/p>","protected":false},"excerpt":{"rendered":"<p class=\"MsoNormal\">Enciclopedie electronic\u0103 cu un stilou interactiv care vorbe\u0219te \u0219i se lumineaz\u0103! Include peste 500 de \u00eentreb\u0103ri \u0219i 72 de teme educa\u021bionale. Un joc educa\u021bional destinat copiilor de 3 ani \u0219i peste. Este conceput pentru a stimula imagina\u021bia copiilor mici \u0219i dorin\u021ba lor de cunoa\u0219tere.<\/p>","protected":false},"featured_media":7278,"comment_status":"open","ping_status":"closed","template":"","meta":{"site-sidebar-layout":"default","site-content-layout":"","ast-site-content-layout":"default","site-content-style":"default","site-sidebar-style":"default","ast-global-header-display":"","ast-banner-title-visibility":"","ast-main-header-display":"","ast-hfb-above-header-display":"","ast-hfb-below-header-display":"","ast-hfb-mobile-header-display":"","site-post-title":"","ast-breadcrumbs-content":"","ast-featured-img":"","footer-sml-layout":"","ast-disable-related-posts":"","theme-transparent-header-meta":"default","adv-header-id-meta":"","stick-header-meta":"","header-above-stick-meta":"","header-main-stick-meta":"","header-below-stick-meta":"","astra-migrate-meta-layouts":"set","ast-page-background-enabled":"default","ast-page-background-meta":{"desktop":{"background-color":"var(--ast-global-color-5)","background-image":"","background-repeat":"repeat","background-position":"center center","background-size":"auto","background-attachment":"scroll","background-type":"","background-media":"","overlay-type":"","overlay-color":"","overlay-opacity":"","overlay-gradient":""},"tablet":{"background-color":"","background-image":"","background-repeat":"repeat","background-position":"center center","background-size":"auto","background-attachment":"scroll","background-type":"","background-media":"","overlay-type":"","overlay-color":"","overlay-opacity":"","overlay-gradient":""},"mobile":{"background-color":"","background-image":"","background-repeat":"repeat","background-position":"center center","background-size":"auto","background-attachment":"scroll","background-type":"","background-media":"","overlay-type":"","overlay-color":"","overlay-opacity":"","overlay-gradient":""}},"ast-content-background-meta":{"desktop":{"background-color":"var(--ast-global-color-4)","background-image":"","background-repeat":"repeat","background-position":"center center","background-size":"auto","background-attachment":"scroll","background-type":"","background-media":"","overlay-type":"","overlay-color":"","overlay-opacity":"","overlay-gradient":""},"tablet":{"background-color":"var(--ast-global-color-4)","background-image":"","background-repeat":"repeat","background-position":"center center","background-size":"auto","background-attachment":"scroll","background-type":"","background-media":"","overlay-type":"","overlay-color":"","overlay-opacity":"","overlay-gradient":""},"mobile":{"background-color":"var(--ast-global-color-4)","background-image":"","background-repeat":"repeat","background-position":"center center","background-size":"auto","background-attachment":"scroll","background-type":"","background-media":"","overlay-type":"","overlay-color":"","overlay-opacity":"","overlay-gradient":""}}},"product_brand":[112],"product_cat":[126,42,43,44,39,49,38,26,58],"product_tag":[],"class_list":{"0":"post-7277","1":"product","2":"type-product","3":"status-publish","4":"has-post-thumbnail","6":"product_brand-eksipnoulis","7":"product_cat-126","8":"product_cat-42","9":"product_cat-43","10":"product_cat-44","11":"product_cat-39","12":"product_cat-49","13":"product_cat-38","14":"product_cat-26","15":"product_cat-58","16":"desktop-align-left","17":"tablet-align-left","18":"mobile-align-left","20":"first","21":"instock","22":"taxable","23":"shipping-taxable","24":"purchasable","25":"product-type-simple"},"_links":{"self":[{"href":"https:\/\/stem-eshop.gr\/ro\/wp-json\/wp\/v2\/product\/7277","targetHints":{"allow":["GET"]}}],"collection":[{"href":"https:\/\/stem-eshop.gr\/ro\/wp-json\/wp\/v2\/product"}],"about":[{"href":"https:\/\/stem-eshop.gr\/ro\/wp-json\/wp\/v2\/types\/product"}],"replies":[{"embeddable":true,"href":"https:\/\/stem-eshop.gr\/ro\/wp-json\/wp\/v2\/comments?post=7277"}],"wp:featuredmedia":[{"embeddable":true,"href":"https:\/\/stem-eshop.gr\/ro\/wp-json\/wp\/v2\/media\/7278"}],"wp:attachment":[{"href":"https:\/\/stem-eshop.gr\/ro\/wp-json\/wp\/v2\/media?parent=7277"}],"wp:term":[{"taxonomy":"product_brand","embeddable":true,"href":"https:\/\/stem-eshop.gr\/ro\/wp-json\/wp\/v2\/product_brand?post=7277"},{"taxonomy":"product_cat","embeddable":true,"href":"https:\/\/stem-eshop.gr\/ro\/wp-json\/wp\/v2\/product_cat?post=7277"},{"taxonomy":"product_tag","embeddable":true,"href":"https:\/\/stem-eshop.gr\/ro\/wp-json\/wp\/v2\/product_tag?post=7277"}],"curies":[{"name":"wp","href":"https:\/\/api.w.org\/{rel}","templated":true}]}}