{"id":7257,"date":"2025-05-19T10:11:39","date_gmt":"2025-05-19T10:11:39","guid":{"rendered":"https:\/\/stem-eshop.gr\/product\/as-magnet-box-%ce%be%cf%8d%ce%bb%ce%b9%ce%bd%ce%bf%cf%82-%ce%bc%ce%b1%ce%b3%ce%bd%ce%b7%cf%84%ce%b9%ce%ba%cf%8c%cf%82-%ce%b5%cf%80%ce%b9%cf%84%cf%81%ce%b1%cf%80%ce%ad%ce%b6%ce%b9%ce%bf%cf%82-%cf%80\/"},"modified":"2025-10-23T10:23:21","modified_gmt":"2025-10-23T07:23:21","slug":"as-magnet-box-%ce%be%cf%8d%ce%bb%ce%b9%ce%bd%ce%bf%cf%82-%ce%bc%ce%b1%ce%b3%ce%bd%ce%b7%cf%84%ce%b9%ce%ba%cf%8c%cf%82-%ce%b5%cf%80%ce%b9%cf%84%cf%81%ce%b1%cf%80%ce%ad%ce%b6%ce%b9%ce%bf%cf%82-%cf%80","status":"publish","type":"product","link":"https:\/\/stem-eshop.gr\/ro\/produs\/as-magnet-box-%ce%be%cf%8d%ce%bb%ce%b9%ce%bd%ce%bf%cf%82-%ce%bc%ce%b1%ce%b3%ce%bd%ce%b7%cf%84%ce%b9%ce%ba%cf%8c%cf%82-%ce%b5%cf%80%ce%b9%cf%84%cf%81%ce%b1%cf%80%ce%ad%ce%b6%ce%b9%ce%bf%cf%82-%cf%80\/","title":{"rendered":"Tabl\u0103 magnetic\u0103 din lemn AS Magnet Box, cu dou\u0103 fe\u021be, cu 35 de magne\u021bi educa\u021bionali pentru copii de 3+ ani"},"content":{"rendered":"<p class=\"MsoNormal\">Caracteristici:<span lang=\"en-us\" xml:lang=\"en-us\"><\/span><\/p>\n<p class=\"MsoNormal\">Dou\u0103 fe\u021be magnetice: Potrivite pentru desene libere pe tabla de marcat, pentru utilizarea cretei pe tabl\u0103, dar \u0219i pentru joc magnetic.<\/p>\n<p class=\"MsoNormal\">Construc\u021bie din lemn: Blatul mesei este fabricat din lemn, fiind ecologic \u0219i durabil.<\/p>\n<p class=\"MsoNormal\">Depozitare: Nu trebuie s\u0103 v\u0103 face\u021bi griji c\u0103 ve\u021bi pierde vreunul dintre accesoriile incluse \u00een tabla magnetic\u0103 de birou AS Magnet Box, deoarece aceasta are spa\u021biu de depozitare pentru o organizare \u0219i depozitare u\u0219oar\u0103 \u0219i convenabil\u0103.<\/p>\n<\/p>\n<p class=\"MsoNormal\">Tablele magnetice AS Magnet Box sunt o serie potrivit\u0103 pentru copiii c\u0103rora le plac activit\u0103\u021bile creative. Fabricate din lemn, sunt durabile pentru joac\u0103 nesf\u00e2r\u0219it\u0103. Copiii pot crea cu cret\u0103, markere, magne\u021bi \u0219i toate acestea \u00eentr-un set convenabil. Iar c\u00e2nd jocul se termin\u0103, ve\u021bi aprecia cur\u0103\u021barea u\u0219oar\u0103 \u0219i depozitarea rapid\u0103. Copiii se distreaz\u0103 \u0219i \u00eenva\u021b\u0103 folosindu-\u0219i productiv timpul liber departe de ecrane.<\/p>\n<p class=\"MsoNormal\">Include<span lang=\"en-us\" xml:lang=\"en-us\"><\/span><\/p>\n<p class=\"MsoNormal\">1 tabl\u0103 magnetic\u0103 fa\u021b\u0103-verso<\/p>\n<p class=\"MsoNormal\">1 burete<\/p>\n<p class=\"MsoNormal\">1 marker<\/p>\n<p class=\"MsoNormal\">3 crete<\/p>\n<p class=\"MsoNormal\">35 de magne\u021bi educa\u021bionali<\/p><\/p>","protected":false},"excerpt":{"rendered":"<p class=\"MsoNormal\">Tabla magnetic\u0103 de mas\u0103 AS Magnet Box este o cutie practic\u0103 din lemn care se transform\u0103 \u00eentr-o tabl\u0103 de desen magnetic\u0103 fa\u021b\u0103-verso, cu toate accesoriile sale. Este o activitate ideal\u0103 pentru copil, at\u00e2t \u00een cas\u0103, c\u00e2t \u0219i \u00een afara ei, datorit\u0103 dimensiunilor sale practice. Copilul creeaz\u0103 \u0219i este antrenat \u00een recunoa\u0219terea numerelor prin intermediul magne\u021bilor inclu\u0219i.<\/p><\/p>","protected":false},"featured_media":7258,"comment_status":"open","ping_status":"closed","template":"","meta":{"site-sidebar-layout":"default","site-content-layout":"","ast-site-content-layout":"default","site-content-style":"default","site-sidebar-style":"default","ast-global-header-display":"","ast-banner-title-visibility":"","ast-main-header-display":"","ast-hfb-above-header-display":"","ast-hfb-below-header-display":"","ast-hfb-mobile-header-display":"","site-post-title":"","ast-breadcrumbs-content":"","ast-featured-img":"","footer-sml-layout":"","ast-disable-related-posts":"","theme-transparent-header-meta":"","adv-header-id-meta":"","stick-header-meta":"","header-above-stick-meta":"","header-main-stick-meta":"","header-below-stick-meta":"","astra-migrate-meta-layouts":"default","ast-page-background-enabled":"default","ast-page-background-meta":{"desktop":{"background-color":"var(--ast-global-color-5)","background-image":"","background-repeat":"repeat","background-position":"center center","background-size":"auto","background-attachment":"scroll","background-type":"","background-media":"","overlay-type":"","overlay-color":"","overlay-opacity":"","overlay-gradient":""},"tablet":{"background-color":"","background-image":"","background-repeat":"repeat","background-position":"center center","background-size":"auto","background-attachment":"scroll","background-type":"","background-media":"","overlay-type":"","overlay-color":"","overlay-opacity":"","overlay-gradient":""},"mobile":{"background-color":"","background-image":"","background-repeat":"repeat","background-position":"center center","background-size":"auto","background-attachment":"scroll","background-type":"","background-media":"","overlay-type":"","overlay-color":"","overlay-opacity":"","overlay-gradient":""}},"ast-content-background-meta":{"desktop":{"background-color":"var(--ast-global-color-4)","background-image":"","background-repeat":"repeat","background-position":"center center","background-size":"auto","background-attachment":"scroll","background-type":"","background-media":"","overlay-type":"","overlay-color":"","overlay-opacity":"","overlay-gradient":""},"tablet":{"background-color":"var(--ast-global-color-4)","background-image":"","background-repeat":"repeat","background-position":"center center","background-size":"auto","background-attachment":"scroll","background-type":"","background-media":"","overlay-type":"","overlay-color":"","overlay-opacity":"","overlay-gradient":""},"mobile":{"background-color":"var(--ast-global-color-4)","background-image":"","background-repeat":"repeat","background-position":"center center","background-size":"auto","background-attachment":"scroll","background-type":"","background-media":"","overlay-type":"","overlay-color":"","overlay-opacity":"","overlay-gradient":""}}},"product_brand":[99],"product_cat":[42,43,44,39,50,56,37,26],"product_tag":[],"class_list":{"0":"post-7257","1":"product","2":"type-product","3":"status-publish","4":"has-post-thumbnail","6":"product_brand-as","7":"product_cat-42","8":"product_cat-43","9":"product_cat-44","10":"product_cat-39","11":"product_cat-50","12":"product_cat-56","13":"product_cat-37","14":"product_cat-26","15":"desktop-align-left","16":"tablet-align-left","17":"mobile-align-left","19":"first","20":"instock","21":"taxable","22":"shipping-taxable","23":"purchasable","24":"product-type-simple"},"_links":{"self":[{"href":"https:\/\/stem-eshop.gr\/ro\/wp-json\/wp\/v2\/product\/7257","targetHints":{"allow":["GET"]}}],"collection":[{"href":"https:\/\/stem-eshop.gr\/ro\/wp-json\/wp\/v2\/product"}],"about":[{"href":"https:\/\/stem-eshop.gr\/ro\/wp-json\/wp\/v2\/types\/product"}],"replies":[{"embeddable":true,"href":"https:\/\/stem-eshop.gr\/ro\/wp-json\/wp\/v2\/comments?post=7257"}],"wp:featuredmedia":[{"embeddable":true,"href":"https:\/\/stem-eshop.gr\/ro\/wp-json\/wp\/v2\/media\/7258"}],"wp:attachment":[{"href":"https:\/\/stem-eshop.gr\/ro\/wp-json\/wp\/v2\/media?parent=7257"}],"wp:term":[{"taxonomy":"product_brand","embeddable":true,"href":"https:\/\/stem-eshop.gr\/ro\/wp-json\/wp\/v2\/product_brand?post=7257"},{"taxonomy":"product_cat","embeddable":true,"href":"https:\/\/stem-eshop.gr\/ro\/wp-json\/wp\/v2\/product_cat?post=7257"},{"taxonomy":"product_tag","embeddable":true,"href":"https:\/\/stem-eshop.gr\/ro\/wp-json\/wp\/v2\/product_tag?post=7257"}],"curies":[{"name":"wp","href":"https:\/\/api.w.org\/{rel}","templated":true}]}}