{"id":7228,"date":"2025-05-19T09:55:26","date_gmt":"2025-05-19T09:55:26","guid":{"rendered":"https:\/\/stem-eshop.gr\/product\/%ce%bd%cf%8c%ce%bc%ce%bf%ce%b9-%cf%86%cf%85%cf%83%ce%b9%ce%ba%ce%ae%cf%82-%ce%b1%ce%b4%cf%81%ce%ac%ce%bd%ce%b5%ce%b9%ce%b1-%cf%84%cf%81%ce%b9%ce%b2%ce%ae-%ce%ba%cf%85%ce%ba%ce%bb%ce%b9%ce%ba%ce%ae\/"},"modified":"2025-05-22T21:13:29","modified_gmt":"2025-05-22T18:13:29","slug":"%ce%bd%cf%8c%ce%bc%ce%bf%ce%b9-%cf%86%cf%85%cf%83%ce%b9%ce%ba%ce%ae%cf%82-%ce%b1%ce%b4%cf%81%ce%ac%ce%bd%ce%b5%ce%b9%ce%b1-%cf%84%cf%81%ce%b9%ce%b2%ce%ae-%ce%ba%cf%85%ce%ba%ce%bb%ce%b9%ce%ba%ce%ae","status":"publish","type":"product","link":"https:\/\/stem-eshop.gr\/ro\/produs\/%ce%bd%cf%8c%ce%bc%ce%bf%ce%b9-%cf%86%cf%85%cf%83%ce%b9%ce%ba%ce%ae%cf%82-%ce%b1%ce%b4%cf%81%ce%ac%ce%bd%ce%b5%ce%b9%ce%b1-%cf%84%cf%81%ce%b9%ce%b2%ce%ae-%ce%ba%cf%85%ce%ba%ce%bb%ce%b9%ce%ba%ce%ae\/","title":{"rendered":"Legile fizicii: iner\u021bie, frecare, mi\u0219care circular\u0103 \u0219i conversie a energiei"},"content":{"rendered":"<p>Experimenta\u021bi cu energia cinetic\u0103 \u0219i poten\u021bial\u0103 pentru a descoperi propriet\u0103\u021bile energiei \u0219i modul \u00een care aceasta este convertit\u0103 dintr-o form\u0103 \u00een alta.<\/p>\n<p>Construie\u0219te 6 modele func\u021bionale, inclusiv o platform\u0103 de testare la impact, un lansator de rachete, o roat\u0103 de \u0219lefuit, un arc cu s\u0103ge\u021bi, o ma\u0219in\u0103 de cauciuc \u0219i o platform\u0103 iner\u021bial\u0103 de testare.<\/p>\n<p>Pute\u021bi g\u0103si instruc\u021biuni simple de construc\u021bie pentru toate modelele fie online, fie \u00een manualul inclus.<\/p>\n<p>Manualul ofer\u0103 explica\u021bii detaliate ale diferitelor principii \u0219tiin\u021bifice aplicate \u0219i include activit\u0103\u021bi experimentale inovatoare pentru \u00eenv\u0103\u021barea experien\u021bial\u0103.<\/p>\n<p>Exist\u0103, de asemenea, o sec\u021biune de chestionare pentru a v\u0103 testa noile cuno\u0219tin\u021be dob\u00e2ndite<\/p>","protected":false},"excerpt":{"rendered":"<p>\u00cenva\u021b\u0103 totul despre legile mi\u0219c\u0103rii ale lui Newton, care stau la baza mecanicii clasice \u0219i descriu \u00eenc\u0103 majoritatea situa\u021biilor din via\u021ba de zi cu zi.<\/p><\/p>","protected":false},"featured_media":7229,"comment_status":"open","ping_status":"closed","template":"","meta":{"site-sidebar-layout":"default","site-content-layout":"","ast-site-content-layout":"default","site-content-style":"default","site-sidebar-style":"default","ast-global-header-display":"","ast-banner-title-visibility":"","ast-main-header-display":"","ast-hfb-above-header-display":"","ast-hfb-below-header-display":"","ast-hfb-mobile-header-display":"","site-post-title":"","ast-breadcrumbs-content":"","ast-featured-img":"","footer-sml-layout":"","ast-disable-related-posts":"","theme-transparent-header-meta":"","adv-header-id-meta":"","stick-header-meta":"","header-above-stick-meta":"","header-main-stick-meta":"","header-below-stick-meta":"","astra-migrate-meta-layouts":"default","ast-page-background-enabled":"default","ast-page-background-meta":{"desktop":{"background-color":"var(--ast-global-color-5)","background-image":"","background-repeat":"repeat","background-position":"center center","background-size":"auto","background-attachment":"scroll","background-type":"","background-media":"","overlay-type":"","overlay-color":"","overlay-opacity":"","overlay-gradient":""},"tablet":{"background-color":"","background-image":"","background-repeat":"repeat","background-position":"center center","background-size":"auto","background-attachment":"scroll","background-type":"","background-media":"","overlay-type":"","overlay-color":"","overlay-opacity":"","overlay-gradient":""},"mobile":{"background-color":"","background-image":"","background-repeat":"repeat","background-position":"center center","background-size":"auto","background-attachment":"scroll","background-type":"","background-media":"","overlay-type":"","overlay-color":"","overlay-opacity":"","overlay-gradient":""}},"ast-content-background-meta":{"desktop":{"background-color":"var(--ast-global-color-4)","background-image":"","background-repeat":"repeat","background-position":"center center","background-size":"auto","background-attachment":"scroll","background-type":"","background-media":"","overlay-type":"","overlay-color":"","overlay-opacity":"","overlay-gradient":""},"tablet":{"background-color":"var(--ast-global-color-4)","background-image":"","background-repeat":"repeat","background-position":"center center","background-size":"auto","background-attachment":"scroll","background-type":"","background-media":"","overlay-type":"","overlay-color":"","overlay-opacity":"","overlay-gradient":""},"mobile":{"background-color":"var(--ast-global-color-4)","background-image":"","background-repeat":"repeat","background-position":"center center","background-size":"auto","background-attachment":"scroll","background-type":"","background-media":"","overlay-type":"","overlay-color":"","overlay-opacity":"","overlay-gradient":""}}},"product_brand":[95],"product_cat":[39,38,29,56,32,57,35,40,30,58],"product_tag":[],"class_list":{"0":"post-7228","1":"product","2":"type-product","3":"status-publish","4":"has-post-thumbnail","6":"product_brand-engino","7":"product_cat-39","8":"product_cat-38","9":"product_cat-29","10":"product_cat-56","11":"product_cat-32","12":"product_cat-57","13":"product_cat--10-12-","14":"product_cat--12-","15":"product_cat--6-9-","16":"product_cat-58","17":"desktop-align-left","18":"tablet-align-left","19":"mobile-align-left","21":"first","22":"instock","23":"taxable","24":"shipping-taxable","25":"purchasable","26":"product-type-simple"},"_links":{"self":[{"href":"https:\/\/stem-eshop.gr\/ro\/wp-json\/wp\/v2\/product\/7228","targetHints":{"allow":["GET"]}}],"collection":[{"href":"https:\/\/stem-eshop.gr\/ro\/wp-json\/wp\/v2\/product"}],"about":[{"href":"https:\/\/stem-eshop.gr\/ro\/wp-json\/wp\/v2\/types\/product"}],"replies":[{"embeddable":true,"href":"https:\/\/stem-eshop.gr\/ro\/wp-json\/wp\/v2\/comments?post=7228"}],"wp:featuredmedia":[{"embeddable":true,"href":"https:\/\/stem-eshop.gr\/ro\/wp-json\/wp\/v2\/media\/7229"}],"wp:attachment":[{"href":"https:\/\/stem-eshop.gr\/ro\/wp-json\/wp\/v2\/media?parent=7228"}],"wp:term":[{"taxonomy":"product_brand","embeddable":true,"href":"https:\/\/stem-eshop.gr\/ro\/wp-json\/wp\/v2\/product_brand?post=7228"},{"taxonomy":"product_cat","embeddable":true,"href":"https:\/\/stem-eshop.gr\/ro\/wp-json\/wp\/v2\/product_cat?post=7228"},{"taxonomy":"product_tag","embeddable":true,"href":"https:\/\/stem-eshop.gr\/ro\/wp-json\/wp\/v2\/product_tag?post=7228"}],"curies":[{"name":"wp","href":"https:\/\/api.w.org\/{rel}","templated":true}]}}