{"id":7184,"date":"2025-05-19T09:53:47","date_gmt":"2025-05-19T09:53:47","guid":{"rendered":"https:\/\/stem-eshop.gr\/product\/inventor-robotized-ginobot-%ce%bc%ce%b5-%ce%b5%cf%80%ce%b9%cf%80%ce%bb%ce%ad%ce%bf%ce%bd-%ce%bc%ce%bf%cf%84%ce%ad%cf%81-10-%ce%bc%ce%bf%ce%bd%cf%84%ce%ad%ce%bb%ce%b1\/"},"modified":"2025-05-22T21:13:27","modified_gmt":"2025-05-22T18:13:27","slug":"inventor-robotized-ginobot-%ce%bc%ce%b5-%ce%b5%cf%80%ce%b9%cf%80%ce%bb%ce%ad%ce%bf%ce%bd-%ce%bc%ce%bf%cf%84%ce%ad%cf%81-10-%ce%bc%ce%bf%ce%bd%cf%84%ce%ad%ce%bb%ce%b1","status":"publish","type":"product","link":"https:\/\/stem-eshop.gr\/ro\/produs\/inventor-robotized-ginobot-%ce%bc%ce%b5-%ce%b5%cf%80%ce%b9%cf%80%ce%bb%ce%ad%ce%bf%ce%bd-%ce%bc%ce%bf%cf%84%ce%ad%cf%81-10-%ce%bc%ce%bf%ce%bd%cf%84%ce%ad%ce%bb%ce%b1\/","title":{"rendered":"\u201eGinoBot\u201d ROBOTIZAT DE INVENTOR cu motor suplimentar \u0219i 10 modele"},"content":{"rendered":"<p>GinoBot\u2122 este robotul care \u00eei ajut\u0103 pe elevi s\u0103 exploreze diferite proiecte la o gam\u0103 larg\u0103 de niveluri. Are posibilit\u0103\u021bi de extindere literalmente nelimitate, deoarece permite ad\u0103ugarea de electronice \u0219i hardware de la ter\u021bi, cum ar fi Raspberry Pi, Arduino \u0219i micro<\/p>\n<div><\/div>\n<p>Pe l\u00e2ng\u0103 senzorii interni \u0219i posibilitatea de extindere cu electronice de la ter\u021bi, corpul GinoBot\u2122 este compatibil \u0219i cu sistemul de construc\u021bie ENGINO\u00ae, permi\u021b\u00e2nd crearea unor robo\u021bi mai mari \u0219i mai sofistica\u021bi.<\/p>\n<p>De la robotul Plug &amp; Play\u2026<\/p>\n<p>Inova\u021bia robotului GinoBot\u2122 const\u0103 \u00een designul s\u0103u de baz\u0103. Este extensibil \u0219i adaptabil la o gam\u0103 larg\u0103 de capabilit\u0103\u021bi pentru a satisface nevoile clasei pentru diferite v\u00e2rste. Robo\u021bii Plug &amp; Play sunt utiliza\u021bi \u00een mod obi\u0219nuit la gr\u0103dini\u021b\u0103 \u0219i \u00een clasele primare timpurii pentru a preda g\u00e2ndirea algoritmic\u0103 \u0219i computa\u021bional\u0103. GinoBot\u2122 este robotul Plug &amp; Play ideal, deoarece permite programarea manual\u0103 \u0219i controlul wireless, permi\u021b\u00e2nd predarea pa\u0219ilor de baz\u0103 ai program\u0103rii.<\/p>\n<p>... P\u00e2n\u0103 la programare \u0219i electronic\u0103 avansat\u0103<\/p>\n<p>Upgrade-ul GinoBot\u2122 este practic nelimitat, datorit\u0103 compatibilit\u0103\u021bii sale cu microcontrolere precum Arduino, Raspberry Pi \u0219i microcontrolere.<\/p>\n<div><\/div>\n<p>Predarea limbajelor de programare reale, cum ar fi C\/C++ \u0219i Python, poate fi adoptat\u0103 cu u\u0219urin\u021b\u0103 \u00eentr-o sal\u0103 de clas\u0103, men\u021bin\u00e2nd \u00een acela\u0219i timp elevii distra\u021bi, distra\u021bi \u0219i motiva\u021bi. Avantajul lucrului la proiecte deschise este realizat prin aceast\u0103 solu\u021bie holistic\u0103 ce combin\u0103 ingineria cu software-ul \u0219i electronica.<\/p>\n<p>GinoBot\u2122 este disponibil \u00een diverse versiuni pentru a oferi capabilit\u0103\u021bi diferite \u00een func\u021bie de bugetul \u0219colii, v\u00e2rsta elevilor \u0219i complexitatea necesar\u0103.<\/p>","protected":false},"excerpt":{"rendered":"<p>Versiunea de top a seriei INVENTOR cre\u0219te complexitatea cu ajutorul tehnologiei robotice, conectivit\u0103\u021bii Bluetooth \u0219i controlului software.<\/p>\n<p>Face\u021bi cuno\u0219tin\u021b\u0103 cu GinoBot\u2122<\/p>\n<p>GinoBot\u2122 este un robot programabil, gata de utilizare imediat ce este scos din cutie. Dezvoltat de o echip\u0103 de cercetare de nivel \u00eenalt, format\u0103 din ingineri \u0219i cadre universitare, este un instrument unic pentru predarea disciplinelor STEM, a g\u00e2ndirii computa\u021bionale \u0219i a alfabetiz\u0103rii digitale prin activit\u0103\u021bi distractive \u0219i experien\u021biale.<\/p>","protected":false},"featured_media":7185,"comment_status":"open","ping_status":"closed","template":"","meta":{"site-sidebar-layout":"default","site-content-layout":"","ast-site-content-layout":"default","site-content-style":"default","site-sidebar-style":"default","ast-global-header-display":"","ast-banner-title-visibility":"","ast-main-header-display":"","ast-hfb-above-header-display":"","ast-hfb-below-header-display":"","ast-hfb-mobile-header-display":"","site-post-title":"","ast-breadcrumbs-content":"","ast-featured-img":"","footer-sml-layout":"","ast-disable-related-posts":"","theme-transparent-header-meta":"default","adv-header-id-meta":"","stick-header-meta":"","header-above-stick-meta":"","header-main-stick-meta":"","header-below-stick-meta":"","astra-migrate-meta-layouts":"set","ast-page-background-enabled":"default","ast-page-background-meta":{"desktop":{"background-color":"var(--ast-global-color-5)","background-image":"","background-repeat":"repeat","background-position":"center center","background-size":"auto","background-attachment":"scroll","background-type":"","background-media":"","overlay-type":"","overlay-color":"","overlay-opacity":"","overlay-gradient":""},"tablet":{"background-color":"","background-image":"","background-repeat":"repeat","background-position":"center center","background-size":"auto","background-attachment":"scroll","background-type":"","background-media":"","overlay-type":"","overlay-color":"","overlay-opacity":"","overlay-gradient":""},"mobile":{"background-color":"","background-image":"","background-repeat":"repeat","background-position":"center center","background-size":"auto","background-attachment":"scroll","background-type":"","background-media":"","overlay-type":"","overlay-color":"","overlay-opacity":"","overlay-gradient":""}},"ast-content-background-meta":{"desktop":{"background-color":"var(--ast-global-color-4)","background-image":"","background-repeat":"repeat","background-position":"center center","background-size":"auto","background-attachment":"scroll","background-type":"","background-media":"","overlay-type":"","overlay-color":"","overlay-opacity":"","overlay-gradient":""},"tablet":{"background-color":"var(--ast-global-color-4)","background-image":"","background-repeat":"repeat","background-position":"center center","background-size":"auto","background-attachment":"scroll","background-type":"","background-media":"","overlay-type":"","overlay-color":"","overlay-opacity":"","overlay-gradient":""},"mobile":{"background-color":"var(--ast-global-color-4)","background-image":"","background-repeat":"repeat","background-position":"center center","background-size":"auto","background-attachment":"scroll","background-type":"","background-media":"","overlay-type":"","overlay-color":"","overlay-opacity":"","overlay-gradient":""}}},"product_brand":[95],"product_cat":[33,29,56,32,57,35,40,30,34,28,59],"product_tag":[],"class_list":{"0":"post-7184","1":"product","2":"type-product","3":"status-publish","4":"has-post-thumbnail","6":"product_brand-engino","7":"product_cat-33","8":"product_cat-29","9":"product_cat-56","10":"product_cat-32","11":"product_cat-57","12":"product_cat--10-12-","13":"product_cat--12-","14":"product_cat--6-9-","15":"product_cat-34","16":"product_cat-28","17":"product_cat-59","18":"desktop-align-left","19":"tablet-align-left","20":"mobile-align-left","22":"first","23":"instock","24":"taxable","25":"shipping-taxable","26":"purchasable","27":"product-type-simple"},"_links":{"self":[{"href":"https:\/\/stem-eshop.gr\/ro\/wp-json\/wp\/v2\/product\/7184","targetHints":{"allow":["GET"]}}],"collection":[{"href":"https:\/\/stem-eshop.gr\/ro\/wp-json\/wp\/v2\/product"}],"about":[{"href":"https:\/\/stem-eshop.gr\/ro\/wp-json\/wp\/v2\/types\/product"}],"replies":[{"embeddable":true,"href":"https:\/\/stem-eshop.gr\/ro\/wp-json\/wp\/v2\/comments?post=7184"}],"wp:featuredmedia":[{"embeddable":true,"href":"https:\/\/stem-eshop.gr\/ro\/wp-json\/wp\/v2\/media\/7185"}],"wp:attachment":[{"href":"https:\/\/stem-eshop.gr\/ro\/wp-json\/wp\/v2\/media?parent=7184"}],"wp:term":[{"taxonomy":"product_brand","embeddable":true,"href":"https:\/\/stem-eshop.gr\/ro\/wp-json\/wp\/v2\/product_brand?post=7184"},{"taxonomy":"product_cat","embeddable":true,"href":"https:\/\/stem-eshop.gr\/ro\/wp-json\/wp\/v2\/product_cat?post=7184"},{"taxonomy":"product_tag","embeddable":true,"href":"https:\/\/stem-eshop.gr\/ro\/wp-json\/wp\/v2\/product_tag?post=7184"}],"curies":[{"name":"wp","href":"https:\/\/api.w.org\/{rel}","templated":true}]}}