{"id":7128,"date":"2025-05-19T09:34:16","date_gmt":"2025-05-19T09:34:16","guid":{"rendered":"https:\/\/stem-eshop.gr\/product\/%ce%bc%ce%b1%ce%b8%ce%b1%ce%af%ce%bd%cf%89-%ce%ba%ce%b1%ce%b9-%ce%b4%ce%b7%ce%bc%ce%b9%ce%bf%cf%85%cf%81%ce%b3%cf%8e-lab-%ce%b5%ce%ba%cf%80%ce%b1%ce%b9%ce%b4%ce%b5%cf%85%cf%84%ce%b9%ce%ba%cf%8c-7\/"},"modified":"2025-12-17T21:49:09","modified_gmt":"2025-12-17T18:49:09","slug":"%ce%bc%ce%b1%ce%b8%ce%b1%ce%af%ce%bd%cf%89-%ce%ba%ce%b1%ce%b9-%ce%b4%ce%b7%ce%bc%ce%b9%ce%bf%cf%85%cf%81%ce%b3%cf%8e-lab-%ce%b5%ce%ba%cf%80%ce%b1%ce%b9%ce%b4%ce%b5%cf%85%cf%84%ce%b9%ce%ba%cf%8c-7","status":"publish","type":"product","link":"https:\/\/stem-eshop.gr\/ro\/produs\/%ce%bc%ce%b1%ce%b8%ce%b1%ce%af%ce%bd%cf%89-%ce%ba%ce%b1%ce%b9-%ce%b4%ce%b7%ce%bc%ce%b9%ce%bf%cf%85%cf%81%ce%b3%cf%8e-lab-%ce%b5%ce%ba%cf%80%ce%b1%ce%b9%ce%b4%ce%b5%cf%85%cf%84%ce%b9%ce%ba%cf%8c-7\/","title":{"rendered":"\u00cenv\u0103\u021b \u0219i creez o juc\u0103rie educa\u021bional\u0103 de laborator. Primul meu microscop pentru copii de peste 8 ani."},"content":{"rendered":"<p class=\"MsoNormal\" style=\"text-align: justify\">Jocul include:<\/p>\n<p>P\u0103r\u021bile microscopului<\/p>\n<p>Diapozitiv gata de utilizare<\/p>\n<p>Lamele din plastic pentru lamele de microscop (coperturi)<\/p>\n<p>Lamele din plastic<\/p>\n<p>Cle\u0219te<\/p>\n<p>Pipet\u0103<\/p>\n<p>Spatul\u0103<\/p>\n<p>Eprubete cu dopuri<\/p>\n<p>Recipient cu capac<\/p>\n<p>Vas Petri (vas cilindric superficial din plastic)<\/p>\n<p>Suporturi pentru eprubete<\/p>\n<p>Manual ilustrat<\/p>\n<p class=\"MsoNormal\" style=\"text-align: justify\">Potrivit pentru utilizare de c\u0103tre copii cu v\u00e2rsta de 8 ani \u0219i peste<\/p>\n<p class=\"MsoNormal\" style=\"text-align: justify\">Fabricat \u00een Italia<\/p>\n<p class=\"MsoNormal\" style=\"text-align: justify\">Seria de juc\u0103rii \u00cenva\u021b\u0103 \u0219i Creeaz\u0103 este lider \u00een categoria juc\u0103riilor \u0219tiin\u021bifice, oferind echipamente bogate, informa\u021bii detaliate \u0219i instruc\u021biuni pentru efectuarea unor experimente \u0219i construc\u021bii impresionante \u00een siguran\u021b\u0103, oferind astfel copiilor oportunitatea de a \u00eenv\u0103\u021ba despre \u0219tiin\u021b\u0103. Este o serie inovatoare de juc\u0103rii cu care copiii se vor distra f\u0103c\u00e2nd experimente, folosind instrumente \u0219tiin\u021bifice, descoperind fizica, chimia, astronomia, biologia, botanica, precum \u0219i principalele fenomene \u0219tiin\u021bifice \u0219i naturale. Juc\u0103riile \u00cenva\u021b\u0103 \u0219i Creeaz\u0103 sunt cea mai creativ\u0103, pl\u0103cut\u0103 \u0219i sigur\u0103 modalitate pentru copii de a \u00eenv\u0103\u021ba secretele \u0218tiin\u021bei!<\/p>","protected":false},"excerpt":{"rendered":"<p>Descoper\u0103 microcosmosul din jurul t\u0103u prin intermediul Primului Meu Microscop! Distreaz\u0103-te observ\u00e2nd lumea din jurul t\u0103u a\u0219a cum nu ai mai v\u0103zut-o niciodat\u0103! Acest microscop optic cu m\u0103rire de 150x \u00ee\u021bi permite s\u0103 observi numeroase elemente naturale, cum ar fi polenul, frunzele, cristalele de sare, fibrele textile \u0219i multe altele \u0219i s\u0103 descoperi toate micile lor detalii. Un manual bogat ilustrat te ghideaz\u0103 \u00een utilizarea acestui instrument \u0219tiin\u021bific fantastic. Cu numeroase obiecte de studiat, precum \u0219i lame gata de utilizare.<\/p>","protected":false},"featured_media":7129,"comment_status":"open","ping_status":"closed","template":"","meta":{"site-sidebar-layout":"default","site-content-layout":"","ast-site-content-layout":"default","site-content-style":"default","site-sidebar-style":"default","ast-global-header-display":"","ast-banner-title-visibility":"","ast-main-header-display":"","ast-hfb-above-header-display":"","ast-hfb-below-header-display":"","ast-hfb-mobile-header-display":"","site-post-title":"","ast-breadcrumbs-content":"","ast-featured-img":"","footer-sml-layout":"","ast-disable-related-posts":"","theme-transparent-header-meta":"default","adv-header-id-meta":"","stick-header-meta":"","header-above-stick-meta":"","header-main-stick-meta":"","header-below-stick-meta":"","astra-migrate-meta-layouts":"set","ast-page-background-enabled":"default","ast-page-background-meta":{"desktop":{"background-color":"var(--ast-global-color-5)","background-image":"","background-repeat":"repeat","background-position":"center center","background-size":"auto","background-attachment":"scroll","background-type":"","background-media":"","overlay-type":"","overlay-color":"","overlay-opacity":"","overlay-gradient":""},"tablet":{"background-color":"","background-image":"","background-repeat":"repeat","background-position":"center center","background-size":"auto","background-attachment":"scroll","background-type":"","background-media":"","overlay-type":"","overlay-color":"","overlay-opacity":"","overlay-gradient":""},"mobile":{"background-color":"","background-image":"","background-repeat":"repeat","background-position":"center center","background-size":"auto","background-attachment":"scroll","background-type":"","background-media":"","overlay-type":"","overlay-color":"","overlay-opacity":"","overlay-gradient":""}},"ast-content-background-meta":{"desktop":{"background-color":"var(--ast-global-color-4)","background-image":"","background-repeat":"repeat","background-position":"center center","background-size":"auto","background-attachment":"scroll","background-type":"","background-media":"","overlay-type":"","overlay-color":"","overlay-opacity":"","overlay-gradient":""},"tablet":{"background-color":"var(--ast-global-color-4)","background-image":"","background-repeat":"repeat","background-position":"center center","background-size":"auto","background-attachment":"scroll","background-type":"","background-media":"","overlay-type":"","overlay-color":"","overlay-opacity":"","overlay-gradient":""},"mobile":{"background-color":"var(--ast-global-color-4)","background-image":"","background-repeat":"repeat","background-position":"center center","background-size":"auto","background-attachment":"scroll","background-type":"","background-media":"","overlay-type":"","overlay-color":"","overlay-opacity":"","overlay-gradient":""}}},"product_brand":[114],"product_cat":[39,52,38,56,35,30,58,51],"product_tag":[],"class_list":{"0":"post-7128","1":"product","2":"type-product","3":"status-publish","4":"has-post-thumbnail","6":"product_brand-mathenw","7":"product_cat-39","8":"product_cat-52","9":"product_cat-38","10":"product_cat-56","11":"product_cat--10-12-","12":"product_cat--6-9-","13":"product_cat-58","14":"product_cat-51","15":"desktop-align-left","16":"tablet-align-left","17":"mobile-align-left","19":"first","20":"instock","21":"taxable","22":"shipping-taxable","23":"purchasable","24":"product-type-simple"},"_links":{"self":[{"href":"https:\/\/stem-eshop.gr\/ro\/wp-json\/wp\/v2\/product\/7128","targetHints":{"allow":["GET"]}}],"collection":[{"href":"https:\/\/stem-eshop.gr\/ro\/wp-json\/wp\/v2\/product"}],"about":[{"href":"https:\/\/stem-eshop.gr\/ro\/wp-json\/wp\/v2\/types\/product"}],"replies":[{"embeddable":true,"href":"https:\/\/stem-eshop.gr\/ro\/wp-json\/wp\/v2\/comments?post=7128"}],"wp:featuredmedia":[{"embeddable":true,"href":"https:\/\/stem-eshop.gr\/ro\/wp-json\/wp\/v2\/media\/7129"}],"wp:attachment":[{"href":"https:\/\/stem-eshop.gr\/ro\/wp-json\/wp\/v2\/media?parent=7128"}],"wp:term":[{"taxonomy":"product_brand","embeddable":true,"href":"https:\/\/stem-eshop.gr\/ro\/wp-json\/wp\/v2\/product_brand?post=7128"},{"taxonomy":"product_cat","embeddable":true,"href":"https:\/\/stem-eshop.gr\/ro\/wp-json\/wp\/v2\/product_cat?post=7128"},{"taxonomy":"product_tag","embeddable":true,"href":"https:\/\/stem-eshop.gr\/ro\/wp-json\/wp\/v2\/product_tag?post=7128"}],"curies":[{"name":"wp","href":"https:\/\/api.w.org\/{rel}","templated":true}]}}