{"id":7112,"date":"2025-05-19T09:33:58","date_gmt":"2025-05-19T09:33:58","guid":{"rendered":"https:\/\/stem-eshop.gr\/product\/%ce%bc%ce%b1%ce%b8%ce%b1%ce%af%ce%bd%cf%89-%ce%ba%ce%b1%ce%b9-%ce%b4%ce%b7%ce%bc%ce%b9%ce%bf%cf%85%cf%81%ce%b3%cf%8e-lab-%ce%b5%ce%ba%cf%80%ce%b1%ce%b9%ce%b4%ce%b5%cf%85%cf%84%ce%b9%ce%ba%cf%8c-6\/"},"modified":"2025-05-22T21:13:21","modified_gmt":"2025-05-22T18:13:21","slug":"%ce%bc%ce%b1%ce%b8%ce%b1%ce%af%ce%bd%cf%89-%ce%ba%ce%b1%ce%b9-%ce%b4%ce%b7%ce%bc%ce%b9%ce%bf%cf%85%cf%81%ce%b3%cf%8e-lab-%ce%b5%ce%ba%cf%80%ce%b1%ce%b9%ce%b4%ce%b5%cf%85%cf%84%ce%b9%ce%ba%cf%8c-6","status":"publish","type":"product","link":"https:\/\/stem-eshop.gr\/ro\/produs\/%ce%bc%ce%b1%ce%b8%ce%b1%ce%af%ce%bd%cf%89-%ce%ba%ce%b1%ce%b9-%ce%b4%ce%b7%ce%bc%ce%b9%ce%bf%cf%85%cf%81%ce%b3%cf%8e-lab-%ce%b5%ce%ba%cf%80%ce%b1%ce%b9%ce%b4%ce%b5%cf%85%cf%84%ce%b9%ce%ba%cf%8c-6\/","title":{"rendered":"\u00cenv\u0103\u021b \u0219i creez un joc educa\u021bional de laborator Prima mea chimie pentru copii de peste 9 ani"},"content":{"rendered":"<p class=\"MsoNormal\">Setul include:<\/p>\n<\/p>\n<p>P\u00e2lnie<\/p>\n<\/p>\n<p>H\u00e2rtie de filtru<\/p>\n<\/p>\n<p>Spatul\u0103<\/p>\n<\/p>\n<p>Tabelul periodic \u0219i multe altele<\/p>\n<\/p>\n<p class=\"MsoNormal\">\u00cenva\u021b\u0103 tehnicile de baz\u0103 pentru a experimenta \u00eentr-un mod u\u0219or, sigur \u0219i distractiv \u00een jurul secretelor chimiei \u0219i descoper\u0103 explica\u021bia din spatele fiec\u0103rui experiment! Urmeaz\u0103 sfaturile furnizate \u00een manualul \u0219tiin\u021bific ilustrat pas cu pas \u0219i urm\u0103re\u0219te schimb\u0103rile care vor ap\u0103rea chiar sub ochii t\u0103i!<\/p>\n<\/p>\n<p class=\"MsoNormal\">Potrivit pentru utilizare de c\u0103tre copii cu v\u00e2rsta de 9 ani \u0219i peste.<\/p>\n<\/p>\n<p class=\"MsoNormal\">Este fabricat \u00een Italia.<\/p>\n<\/p>\n<p class=\"MsoNormal\">Seria de juc\u0103rii Learn &amp; Create se afl\u0103 \u00een fruntea categoriei de juc\u0103rii \u0219tiin\u021bifice, oferind echipamente bogate, informa\u021bii detaliate \u0219i instruc\u021biuni pentru efectuarea unor experimente \u0219i construc\u021bii impresionante \u00een siguran\u021b\u0103, oferind astfel copiilor oportunitatea de a \u00eenv\u0103\u021ba despre \u0219tiin\u021b\u0103. Este o serie inovatoare de juc\u0103rii cu care copiii se vor distra f\u0103c\u00e2nd experimente, folosind instrumente \u0219tiin\u021bifice, descoperind fizica, chimia, astronomia, biologia, botanica, precum \u0219i principalele fenomene \u0219tiin\u021bifice \u0219i naturale. Juc\u0103riile Learn &amp; Create reprezint\u0103 cea mai creativ\u0103, pl\u0103cut\u0103 \u0219i sigur\u0103 modalitate pentru copii de a \u00eenv\u0103\u021ba secretele \u0218tiin\u021bei!<\/p><\/p>","protected":false},"excerpt":{"rendered":"<p class=\"MsoNormal\">\u0218tiin\u021ba devine \u0219i mai distractiv\u0103 cu acest set \u0219tiin\u021bific care combin\u0103 lumea chimiei cu cea a misterului! Vrei s\u0103 \u00eenve\u021bi despre experimentele de chimie \u0219i toate secretele din spatele cre\u0103rii lor? Acum po\u021bi, prin intermediul acestui set \u0219tiin\u021bific \u0219i cu instrumentele speciale, s\u0103 faci numeroase experimente u\u0219oare \u0219i sigure \u0219i s\u0103 creezi un adev\u0103rat laborator acas\u0103! Setul include tot ce ai nevoie pentru experimente pe amestecuri, filtr\u0103ri \u0219i pH datorit\u0103 h\u00e2rtiei pH.<\/p>","protected":false},"featured_media":7113,"comment_status":"open","ping_status":"closed","template":"","meta":{"site-sidebar-layout":"default","site-content-layout":"","ast-site-content-layout":"default","site-content-style":"default","site-sidebar-style":"default","ast-global-header-display":"","ast-banner-title-visibility":"","ast-main-header-display":"","ast-hfb-above-header-display":"","ast-hfb-below-header-display":"","ast-hfb-mobile-header-display":"","site-post-title":"","ast-breadcrumbs-content":"","ast-featured-img":"","footer-sml-layout":"","ast-disable-related-posts":"","theme-transparent-header-meta":"","adv-header-id-meta":"","stick-header-meta":"","header-above-stick-meta":"","header-main-stick-meta":"","header-below-stick-meta":"","astra-migrate-meta-layouts":"default","ast-page-background-enabled":"default","ast-page-background-meta":{"desktop":{"background-color":"var(--ast-global-color-5)","background-image":"","background-repeat":"repeat","background-position":"center center","background-size":"auto","background-attachment":"scroll","background-type":"","background-media":"","overlay-type":"","overlay-color":"","overlay-opacity":"","overlay-gradient":""},"tablet":{"background-color":"","background-image":"","background-repeat":"repeat","background-position":"center center","background-size":"auto","background-attachment":"scroll","background-type":"","background-media":"","overlay-type":"","overlay-color":"","overlay-opacity":"","overlay-gradient":""},"mobile":{"background-color":"","background-image":"","background-repeat":"repeat","background-position":"center center","background-size":"auto","background-attachment":"scroll","background-type":"","background-media":"","overlay-type":"","overlay-color":"","overlay-opacity":"","overlay-gradient":""}},"ast-content-background-meta":{"desktop":{"background-color":"var(--ast-global-color-4)","background-image":"","background-repeat":"repeat","background-position":"center center","background-size":"auto","background-attachment":"scroll","background-type":"","background-media":"","overlay-type":"","overlay-color":"","overlay-opacity":"","overlay-gradient":""},"tablet":{"background-color":"var(--ast-global-color-4)","background-image":"","background-repeat":"repeat","background-position":"center center","background-size":"auto","background-attachment":"scroll","background-type":"","background-media":"","overlay-type":"","overlay-color":"","overlay-opacity":"","overlay-gradient":""},"mobile":{"background-color":"var(--ast-global-color-4)","background-image":"","background-repeat":"repeat","background-position":"center center","background-size":"auto","background-attachment":"scroll","background-type":"","background-media":"","overlay-type":"","overlay-color":"","overlay-opacity":"","overlay-gradient":""}}},"product_brand":[114],"product_cat":[39,52,38,56,35,40,30,58,51],"product_tag":[],"class_list":{"0":"post-7112","1":"product","2":"type-product","3":"status-publish","4":"has-post-thumbnail","6":"product_brand-mathenw","7":"product_cat-39","8":"product_cat-52","9":"product_cat-38","10":"product_cat-56","11":"product_cat--10-12-","12":"product_cat--12-","13":"product_cat--6-9-","14":"product_cat-58","15":"product_cat-51","16":"desktop-align-left","17":"tablet-align-left","18":"mobile-align-left","20":"first","21":"instock","22":"taxable","23":"shipping-taxable","24":"purchasable","25":"product-type-simple"},"_links":{"self":[{"href":"https:\/\/stem-eshop.gr\/ro\/wp-json\/wp\/v2\/product\/7112","targetHints":{"allow":["GET"]}}],"collection":[{"href":"https:\/\/stem-eshop.gr\/ro\/wp-json\/wp\/v2\/product"}],"about":[{"href":"https:\/\/stem-eshop.gr\/ro\/wp-json\/wp\/v2\/types\/product"}],"replies":[{"embeddable":true,"href":"https:\/\/stem-eshop.gr\/ro\/wp-json\/wp\/v2\/comments?post=7112"}],"wp:featuredmedia":[{"embeddable":true,"href":"https:\/\/stem-eshop.gr\/ro\/wp-json\/wp\/v2\/media\/7113"}],"wp:attachment":[{"href":"https:\/\/stem-eshop.gr\/ro\/wp-json\/wp\/v2\/media?parent=7112"}],"wp:term":[{"taxonomy":"product_brand","embeddable":true,"href":"https:\/\/stem-eshop.gr\/ro\/wp-json\/wp\/v2\/product_brand?post=7112"},{"taxonomy":"product_cat","embeddable":true,"href":"https:\/\/stem-eshop.gr\/ro\/wp-json\/wp\/v2\/product_cat?post=7112"},{"taxonomy":"product_tag","embeddable":true,"href":"https:\/\/stem-eshop.gr\/ro\/wp-json\/wp\/v2\/product_tag?post=7112"}],"curies":[{"name":"wp","href":"https:\/\/api.w.org\/{rel}","templated":true}]}}