{"id":7092,"date":"2025-05-19T09:33:00","date_gmt":"2025-05-19T09:33:00","guid":{"rendered":"https:\/\/stem-eshop.gr\/product\/%ce%b1%ce%bd%ce%b1%ce%ba%ce%b1%ce%bb%cf%8d%cf%80%cf%84%ce%bf%ce%bd%cf%84%ce%b1%cf%82-%cf%84%ce%b9%cf%82-%ce%bc%ce%b7%cf%87%ce%b1%ce%bd%ce%b9%ce%ba%ce%ad%cf%82-%ce%b1%cf%81%cf%87%ce%ad%cf%82-%cf%84\/"},"modified":"2025-05-22T21:13:20","modified_gmt":"2025-05-22T18:13:20","slug":"%ce%b1%ce%bd%ce%b1%ce%ba%ce%b1%ce%bb%cf%8d%cf%80%cf%84%ce%bf%ce%bd%cf%84%ce%b1%cf%82-%cf%84%ce%b9%cf%82-%ce%bc%ce%b7%cf%87%ce%b1%ce%bd%ce%b9%ce%ba%ce%ad%cf%82-%ce%b1%cf%81%cf%87%ce%ad%cf%82-%cf%84","status":"publish","type":"product","link":"https:\/\/stem-eshop.gr\/ro\/produs\/%ce%b1%ce%bd%ce%b1%ce%ba%ce%b1%ce%bb%cf%8d%cf%80%cf%84%ce%bf%ce%bd%cf%84%ce%b1%cf%82-%cf%84%ce%b9%cf%82-%ce%bc%ce%b7%cf%87%ce%b1%ce%bd%ce%b9%ce%ba%ce%ad%cf%82-%ce%b1%cf%81%cf%87%ce%ad%cf%82-%cf%84\/","title":{"rendered":"Descoperirea principiilor mecanice ale STEM: p\u00e2rghii, leg\u0103turi \u0219i structuri"},"content":{"rendered":"<p>Construie\u0219te 16 modele func\u021bionale, inclusiv un balansoar, un c\u00e2ntar mobil, un c\u0103rucior, o bar\u0103 de parcare, o figurin\u0103 mobil\u0103, un osciloscop, un cub \u0219i un pod etajat. Instruc\u021biuni de construc\u021bie u\u0219or de urmat pentru toate modelele pot fi g\u0103site online sau \u00een manualul inclus. Manualul ofer\u0103 explica\u021bii detaliate ale diferitelor principii \u0219tiin\u021bifice implicate \u0219i \u00eencorporeaz\u0103 activit\u0103\u021bi experimentale inovatoare pentru \u00eenv\u0103\u021bare practic\u0103. Exist\u0103, de asemenea, o sec\u021biune de chestionare pentru a-\u021bi testa noile cuno\u0219tin\u021be dob\u00e2ndite!<\/p>","protected":false},"excerpt":{"rendered":"<p>\u00cenva\u021b\u0103 cum sunt folosite p\u00e2rghiile pentru a cre\u0219te for\u021ba de ridicare a obiectelor grele \u0219i cum po\u021bi crea modele cu mi\u0219care complex\u0103 prin conectarea mai multor p\u00e2rghii. Descoper\u0103 toate tipurile de for\u021be care ac\u021bioneaz\u0103 asupra structurilor \u0219i g\u0103se\u0219te modalit\u0103\u021bi de a reduce efectele acestora.<\/p>","protected":false},"featured_media":7093,"comment_status":"open","ping_status":"closed","template":"","meta":{"site-sidebar-layout":"default","site-content-layout":"","ast-site-content-layout":"default","site-content-style":"default","site-sidebar-style":"default","ast-global-header-display":"","ast-banner-title-visibility":"","ast-main-header-display":"","ast-hfb-above-header-display":"","ast-hfb-below-header-display":"","ast-hfb-mobile-header-display":"","site-post-title":"","ast-breadcrumbs-content":"","ast-featured-img":"","footer-sml-layout":"","ast-disable-related-posts":"","theme-transparent-header-meta":"default","adv-header-id-meta":"","stick-header-meta":"","header-above-stick-meta":"","header-main-stick-meta":"","header-below-stick-meta":"","astra-migrate-meta-layouts":"set","ast-page-background-enabled":"default","ast-page-background-meta":{"desktop":{"background-color":"var(--ast-global-color-5)","background-image":"","background-repeat":"repeat","background-position":"center center","background-size":"auto","background-attachment":"scroll","background-type":"","background-media":"","overlay-type":"","overlay-color":"","overlay-opacity":"","overlay-gradient":""},"tablet":{"background-color":"","background-image":"","background-repeat":"repeat","background-position":"center center","background-size":"auto","background-attachment":"scroll","background-type":"","background-media":"","overlay-type":"","overlay-color":"","overlay-opacity":"","overlay-gradient":""},"mobile":{"background-color":"","background-image":"","background-repeat":"repeat","background-position":"center center","background-size":"auto","background-attachment":"scroll","background-type":"","background-media":"","overlay-type":"","overlay-color":"","overlay-opacity":"","overlay-gradient":""}},"ast-content-background-meta":{"desktop":{"background-color":"var(--ast-global-color-4)","background-image":"","background-repeat":"repeat","background-position":"center center","background-size":"auto","background-attachment":"scroll","background-type":"","background-media":"","overlay-type":"","overlay-color":"","overlay-opacity":"","overlay-gradient":""},"tablet":{"background-color":"var(--ast-global-color-4)","background-image":"","background-repeat":"repeat","background-position":"center center","background-size":"auto","background-attachment":"scroll","background-type":"","background-media":"","overlay-type":"","overlay-color":"","overlay-opacity":"","overlay-gradient":""},"mobile":{"background-color":"var(--ast-global-color-4)","background-image":"","background-repeat":"repeat","background-position":"center center","background-size":"auto","background-attachment":"scroll","background-type":"","background-media":"","overlay-type":"","overlay-color":"","overlay-opacity":"","overlay-gradient":""}}},"product_brand":[95],"product_cat":[39,38,29,56,32,57,35,40,30,58],"product_tag":[],"class_list":{"0":"post-7092","1":"product","2":"type-product","3":"status-publish","4":"has-post-thumbnail","6":"product_brand-engino","7":"product_cat-39","8":"product_cat-38","9":"product_cat-29","10":"product_cat-56","11":"product_cat-32","12":"product_cat-57","13":"product_cat--10-12-","14":"product_cat--12-","15":"product_cat--6-9-","16":"product_cat-58","17":"desktop-align-left","18":"tablet-align-left","19":"mobile-align-left","21":"first","22":"instock","23":"taxable","24":"shipping-taxable","25":"purchasable","26":"product-type-simple"},"_links":{"self":[{"href":"https:\/\/stem-eshop.gr\/ro\/wp-json\/wp\/v2\/product\/7092","targetHints":{"allow":["GET"]}}],"collection":[{"href":"https:\/\/stem-eshop.gr\/ro\/wp-json\/wp\/v2\/product"}],"about":[{"href":"https:\/\/stem-eshop.gr\/ro\/wp-json\/wp\/v2\/types\/product"}],"replies":[{"embeddable":true,"href":"https:\/\/stem-eshop.gr\/ro\/wp-json\/wp\/v2\/comments?post=7092"}],"wp:featuredmedia":[{"embeddable":true,"href":"https:\/\/stem-eshop.gr\/ro\/wp-json\/wp\/v2\/media\/7093"}],"wp:attachment":[{"href":"https:\/\/stem-eshop.gr\/ro\/wp-json\/wp\/v2\/media?parent=7092"}],"wp:term":[{"taxonomy":"product_brand","embeddable":true,"href":"https:\/\/stem-eshop.gr\/ro\/wp-json\/wp\/v2\/product_brand?post=7092"},{"taxonomy":"product_cat","embeddable":true,"href":"https:\/\/stem-eshop.gr\/ro\/wp-json\/wp\/v2\/product_cat?post=7092"},{"taxonomy":"product_tag","embeddable":true,"href":"https:\/\/stem-eshop.gr\/ro\/wp-json\/wp\/v2\/product_tag?post=7092"}],"curies":[{"name":"wp","href":"https:\/\/api.w.org\/{rel}","templated":true}]}}