{"id":7031,"date":"2025-05-19T09:30:41","date_gmt":"2025-05-19T09:30:41","guid":{"rendered":"https:\/\/stem-eshop.gr\/product\/ngs-%ce%ba%ce%b9%cf%84-%cf%80%ce%b5%ce%b9%cf%81%ce%b1%ce%bc%ce%b1%cf%84%ce%b9%ce%ba%ce%bf%cf%8d-%cf%81%ce%bf%ce%bb%ce%bf%ce%b3%ce%b9%ce%bf%cf%8d-%ce%b1%ce%bb%ce%bc%cf%85%cf%81%ce%bf%cf%8d-%ce%bd%ce%b5\/"},"modified":"2025-05-22T07:40:39","modified_gmt":"2025-05-22T07:40:39","slug":"ngs-%ce%ba%ce%b9%cf%84-%cf%80%ce%b5%ce%b9%cf%81%ce%b1%ce%bc%ce%b1%cf%84%ce%b9%ce%ba%ce%bf%cf%8d-%cf%81%ce%bf%ce%bb%ce%bf%ce%b3%ce%b9%ce%bf%cf%8d-%ce%b1%ce%bb%ce%bc%cf%85%cf%81%ce%bf%cf%8d-%ce%bd%ce%b5","status":"publish","type":"product","link":"https:\/\/stem-eshop.gr\/ro\/produs\/ngs-%ce%ba%ce%b9%cf%84-%cf%80%ce%b5%ce%b9%cf%81%ce%b1%ce%bc%ce%b1%cf%84%ce%b9%ce%ba%ce%bf%cf%8d-%cf%81%ce%bf%ce%bb%ce%bf%ce%b3%ce%b9%ce%bf%cf%8d-%ce%b1%ce%bb%ce%bc%cf%85%cf%81%ce%bf%cf%8d-%ce%bd%ce%b5\/","title":{"rendered":"Kit experimental NGS cu ceas de ap\u0103 s\u0103rat\u0103"},"content":{"rendered":"<p>Principala utilizare a principiului conductivit\u0103\u021bii apei s\u0103rate.<\/p>\n<p>Zincul este mai activ dec\u00e2t cuprul, a\u0219adar zincul pierde u\u0219or electroni \u0219i ajunge la polul pozitiv. Cuprul ajunge la polul negativ. Apa s\u0103rat\u0103 ac\u021bioneaz\u0103 ca electrolit. Electrolitul este un material care poate transporta electricitatea.<\/p>\n<p>Apa s\u0103rat\u0103 se va activa atunci c\u00e2nd acidul acetic este amestecat. C\u00e2nd bara de cupru \u0219i cea de zinc sunt introduse \u00een lichidul cu sare \u0219i acid acetic, se va emite o tensiune electric\u0103, iar energia electric\u0103 va trece de la bara de cupru la bara de zinc. Astfel, ceasul poate fi pus \u00een func\u021biune.<\/p><\/p>","protected":false},"excerpt":{"rendered":"<p>Principala utilizare a principiului conductivit\u0103\u021bii apei s\u0103rate.<\/p>\n<\/p>\n<p>Zincul este mai activ dec\u00e2t cuprul, a\u0219adar zincul pierde u\u0219or electroni \u0219i ajunge la polul pozitiv. Cuprul ajunge la polul negativ. Apa s\u0103rat\u0103 ac\u021bioneaz\u0103 ca electrolit. Electrolitul este un material care poate transporta electricitatea.<\/p>\n<\/p>\n<p>Apa s\u0103rat\u0103 se va activa atunci c\u00e2nd acidul acetic este amestecat. C\u00e2nd bara de cupru \u0219i cea de zinc sunt introduse \u00een lichidul cu sare \u0219i acid acetic, se va emite o tensiune electric\u0103, iar energia electric\u0103 va trece de la bara de cupru la bara de zinc. Astfel, ceasul poate fi pus \u00een func\u021biune.<\/p><\/p>","protected":false},"featured_media":7032,"comment_status":"open","ping_status":"closed","template":"","meta":{"site-sidebar-layout":"default","site-content-layout":"","ast-site-content-layout":"default","site-content-style":"default","site-sidebar-style":"default","ast-global-header-display":"","ast-banner-title-visibility":"","ast-main-header-display":"","ast-hfb-above-header-display":"","ast-hfb-below-header-display":"","ast-hfb-mobile-header-display":"","site-post-title":"","ast-breadcrumbs-content":"","ast-featured-img":"","footer-sml-layout":"","ast-disable-related-posts":"","theme-transparent-header-meta":"","adv-header-id-meta":"","stick-header-meta":"","header-above-stick-meta":"","header-main-stick-meta":"","header-below-stick-meta":"","astra-migrate-meta-layouts":"default","ast-page-background-enabled":"default","ast-page-background-meta":{"desktop":{"background-color":"var(--ast-global-color-5)","background-image":"","background-repeat":"repeat","background-position":"center center","background-size":"auto","background-attachment":"scroll","background-type":"","background-media":"","overlay-type":"","overlay-color":"","overlay-opacity":"","overlay-gradient":""},"tablet":{"background-color":"","background-image":"","background-repeat":"repeat","background-position":"center center","background-size":"auto","background-attachment":"scroll","background-type":"","background-media":"","overlay-type":"","overlay-color":"","overlay-opacity":"","overlay-gradient":""},"mobile":{"background-color":"","background-image":"","background-repeat":"repeat","background-position":"center center","background-size":"auto","background-attachment":"scroll","background-type":"","background-media":"","overlay-type":"","overlay-color":"","overlay-opacity":"","overlay-gradient":""}},"ast-content-background-meta":{"desktop":{"background-color":"var(--ast-global-color-4)","background-image":"","background-repeat":"repeat","background-position":"center center","background-size":"auto","background-attachment":"scroll","background-type":"","background-media":"","overlay-type":"","overlay-color":"","overlay-opacity":"","overlay-gradient":""},"tablet":{"background-color":"var(--ast-global-color-4)","background-image":"","background-repeat":"repeat","background-position":"center center","background-size":"auto","background-attachment":"scroll","background-type":"","background-media":"","overlay-type":"","overlay-color":"","overlay-opacity":"","overlay-gradient":""},"mobile":{"background-color":"var(--ast-global-color-4)","background-image":"","background-repeat":"repeat","background-position":"center center","background-size":"auto","background-attachment":"scroll","background-type":"","background-media":"","overlay-type":"","overlay-color":"","overlay-opacity":"","overlay-gradient":""}}},"product_brand":[107],"product_cat":[143,39,38,29,56,35,40,30,59,58,51],"product_tag":[],"class_list":{"0":"post-7031","1":"product","2":"type-product","3":"status-publish","4":"has-post-thumbnail","6":"product_brand-ngs","7":"product_cat-143","8":"product_cat-39","9":"product_cat-38","10":"product_cat-29","11":"product_cat-56","12":"product_cat--10-12-","13":"product_cat--12-","14":"product_cat--6-9-","15":"product_cat-59","16":"product_cat-58","17":"product_cat-51","18":"desktop-align-left","19":"tablet-align-left","20":"mobile-align-left","22":"first","23":"instock","24":"taxable","25":"shipping-taxable","26":"purchasable","27":"product-type-simple"},"_links":{"self":[{"href":"https:\/\/stem-eshop.gr\/ro\/wp-json\/wp\/v2\/product\/7031","targetHints":{"allow":["GET"]}}],"collection":[{"href":"https:\/\/stem-eshop.gr\/ro\/wp-json\/wp\/v2\/product"}],"about":[{"href":"https:\/\/stem-eshop.gr\/ro\/wp-json\/wp\/v2\/types\/product"}],"replies":[{"embeddable":true,"href":"https:\/\/stem-eshop.gr\/ro\/wp-json\/wp\/v2\/comments?post=7031"}],"wp:featuredmedia":[{"embeddable":true,"href":"https:\/\/stem-eshop.gr\/ro\/wp-json\/wp\/v2\/media\/7032"}],"wp:attachment":[{"href":"https:\/\/stem-eshop.gr\/ro\/wp-json\/wp\/v2\/media?parent=7031"}],"wp:term":[{"taxonomy":"product_brand","embeddable":true,"href":"https:\/\/stem-eshop.gr\/ro\/wp-json\/wp\/v2\/product_brand?post=7031"},{"taxonomy":"product_cat","embeddable":true,"href":"https:\/\/stem-eshop.gr\/ro\/wp-json\/wp\/v2\/product_cat?post=7031"},{"taxonomy":"product_tag","embeddable":true,"href":"https:\/\/stem-eshop.gr\/ro\/wp-json\/wp\/v2\/product_tag?post=7031"}],"curies":[{"name":"wp","href":"https:\/\/api.w.org\/{rel}","templated":true}]}}