{"id":6997,"date":"2025-05-19T09:11:31","date_gmt":"2025-05-19T09:11:31","guid":{"rendered":"https:\/\/stem-eshop.gr\/product\/%ce%bf%ce%b9%ce%ba%ce%bf%ce%bb%ce%bf%ce%b3%ce%b9%ce%ba%ce%ae-%ce%b5%cf%80%ce%b9%cf%83%cf%84%ce%ae%ce%bc%ce%b7-%ce%ba%ce%b1%cf%84%ce%b1%cf%83%ce%ba%ce%b5%cf%85%ce%ae-%ce%bc%ce%b1%ce%b3%ce%b9%ce%ba\/"},"modified":"2025-12-25T13:53:54","modified_gmt":"2025-12-25T10:53:54","slug":"%ce%bf%ce%b9%ce%ba%ce%bf%ce%bb%ce%bf%ce%b3%ce%b9%ce%ba%ce%ae-%ce%b5%cf%80%ce%b9%cf%83%cf%84%ce%ae%ce%bc%ce%b7-%ce%ba%ce%b1%cf%84%ce%b1%cf%83%ce%ba%ce%b5%cf%85%ce%ae-%ce%bc%ce%b1%ce%b3%ce%b9%ce%ba","status":"publish","type":"product","link":"https:\/\/stem-eshop.gr\/ro\/produs\/%ce%bf%ce%b9%ce%ba%ce%bf%ce%bb%ce%bf%ce%b3%ce%b9%ce%ba%ce%ae-%ce%b5%cf%80%ce%b9%cf%83%cf%84%ce%ae%ce%bc%ce%b7-%ce%ba%ce%b1%cf%84%ce%b1%cf%83%ce%ba%ce%b5%cf%85%ce%ae-%ce%bc%ce%b1%ce%b3%ce%b9%ce%ba\/","title":{"rendered":"\u0218tiin\u021ba ecologic\u0103: Construc\u021bia f\u00e2nt\u00e2nii magice"},"content":{"rendered":"<p style=\"margin: 0px 0px 10px;padding: 0px;font-family: 'Open Sans', sans-serif;font-size: 15px;line-height: 1.3;letter-spacing: 0.7px;background-color: #ffffff\">CUM FUNC\u021aIONEAZ\u0102: Bateriile alimenteaz\u0103 motorul din interiorul unit\u0103\u021bii motorului, care ac\u021bioneaz\u0103 o mic\u0103 pomp\u0103 de ap\u0103. Pompa trage apa din rezervorul de ap\u0103 \u0219i o introduce \u00een tubul transparent care duce la robinet. Apa iese din robinet \u0219i se revars\u0103 \u00eenapoi \u00een rezervorul de ap\u0103. Apa curge continuu. Apa care cade din robinet acoper\u0103 tubul transparent, cre\u00e2nd impresia c\u0103 robinetul plute\u0219te \u00een aer. Arat\u0103 magic! \u00cen robinet este ascuns un magnet care atrage lan\u021bul cu bila metalic\u0103, tr\u0103g\u00e2ndu-l spre robinet. Iluzia plutirii este creat\u0103 prin utilizarea unui lan\u021b prea scurt pentru a ajunge la robinet, dar suficient de aproape pentru a fi atras de magnetul din interiorul s\u0103u.<\/p>\n<p style=\"margin: 0px 0px 10px;padding: 0px;font-family: 'Open Sans', sans-serif;font-size: 15px;line-height: 1.3;letter-spacing: 0.7px;background-color: #ffffff\">CON\u021aINUT: Partea A: Rezervor de ap\u0103, Partea B: Robinet, Partea C: Unitate motor, Partea D: Capac aripioare, Partea E: Capac rezervor, Partea F: Capac cablu, Partea G: \u021aeav\u0103 \u00een form\u0103 de T, Partea H: Dop, Partea I: Disc, Partea I: Autocolant, Partea K: \u0218ablon, Partea L: Capac robinet, Partea M: Capac baterie, Partea N: Tub transparent, Partea X: Capace terminale x2, Partea O: \u0218uruburi x10.<\/p>\n<p style=\"margin: 0px 0px 10px;padding: 0px;font-family: 'Open Sans', sans-serif;font-size: 15px;line-height: 1.3;letter-spacing: 0.7px;background-color: #ffffff\">Instruc\u021biunile sunt incluse \u00een greac\u0103.<\/p>","protected":false},"excerpt":{"rendered":"<p><span style=\"font-family: 'Open Sans', sans-serif;font-size: 15px;letter-spacing: 0.7px;background-color: #ffffff\">El a construit aceast\u0103 f\u00e2nt\u00e2n\u0103 uimitoare care produce \u00een mod magic un flux nesf\u00e2r\u0219it de ap\u0103. Apa curge ca o f\u00e2nt\u00e2n\u0103 obi\u0219nuit\u0103, dar pare suspendat\u0103 \u00een aer.\u00a0<\/span><\/p>","protected":false},"featured_media":6998,"comment_status":"open","ping_status":"closed","template":"","meta":{"site-sidebar-layout":"default","site-content-layout":"","ast-site-content-layout":"default","site-content-style":"default","site-sidebar-style":"default","ast-global-header-display":"","ast-banner-title-visibility":"","ast-main-header-display":"","ast-hfb-above-header-display":"","ast-hfb-below-header-display":"","ast-hfb-mobile-header-display":"","site-post-title":"","ast-breadcrumbs-content":"","ast-featured-img":"","footer-sml-layout":"","ast-disable-related-posts":"","theme-transparent-header-meta":"default","adv-header-id-meta":"","stick-header-meta":"","header-above-stick-meta":"","header-main-stick-meta":"","header-below-stick-meta":"","astra-migrate-meta-layouts":"set","ast-page-background-enabled":"default","ast-page-background-meta":{"desktop":{"background-color":"var(--ast-global-color-5)","background-image":"","background-repeat":"repeat","background-position":"center center","background-size":"auto","background-attachment":"scroll","background-type":"","background-media":"","overlay-type":"","overlay-color":"","overlay-opacity":"","overlay-gradient":""},"tablet":{"background-color":"","background-image":"","background-repeat":"repeat","background-position":"center center","background-size":"auto","background-attachment":"scroll","background-type":"","background-media":"","overlay-type":"","overlay-color":"","overlay-opacity":"","overlay-gradient":""},"mobile":{"background-color":"","background-image":"","background-repeat":"repeat","background-position":"center center","background-size":"auto","background-attachment":"scroll","background-type":"","background-media":"","overlay-type":"","overlay-color":"","overlay-opacity":"","overlay-gradient":""}},"ast-content-background-meta":{"desktop":{"background-color":"var(--ast-global-color-4)","background-image":"","background-repeat":"repeat","background-position":"center center","background-size":"auto","background-attachment":"scroll","background-type":"","background-media":"","overlay-type":"","overlay-color":"","overlay-opacity":"","overlay-gradient":""},"tablet":{"background-color":"var(--ast-global-color-4)","background-image":"","background-repeat":"repeat","background-position":"center center","background-size":"auto","background-attachment":"scroll","background-type":"","background-media":"","overlay-type":"","overlay-color":"","overlay-opacity":"","overlay-gradient":""},"mobile":{"background-color":"var(--ast-global-color-4)","background-image":"","background-repeat":"repeat","background-position":"center center","background-size":"auto","background-attachment":"scroll","background-type":"","background-media":"","overlay-type":"","overlay-color":"","overlay-opacity":"","overlay-gradient":""}}},"product_brand":[96],"product_cat":[126,39,38,29,56,30,26,58],"product_tag":[],"class_list":{"0":"post-6997","1":"product","2":"type-product","3":"status-publish","4":"has-post-thumbnail","6":"product_brand-4m","7":"product_cat-126","8":"product_cat-39","9":"product_cat-38","10":"product_cat-29","11":"product_cat-56","12":"product_cat--6-9-","13":"product_cat-26","14":"product_cat-58","15":"desktop-align-left","16":"tablet-align-left","17":"mobile-align-left","19":"first","20":"instock","21":"taxable","22":"shipping-taxable","23":"purchasable","24":"product-type-simple"},"_links":{"self":[{"href":"https:\/\/stem-eshop.gr\/ro\/wp-json\/wp\/v2\/product\/6997","targetHints":{"allow":["GET"]}}],"collection":[{"href":"https:\/\/stem-eshop.gr\/ro\/wp-json\/wp\/v2\/product"}],"about":[{"href":"https:\/\/stem-eshop.gr\/ro\/wp-json\/wp\/v2\/types\/product"}],"replies":[{"embeddable":true,"href":"https:\/\/stem-eshop.gr\/ro\/wp-json\/wp\/v2\/comments?post=6997"}],"wp:featuredmedia":[{"embeddable":true,"href":"https:\/\/stem-eshop.gr\/ro\/wp-json\/wp\/v2\/media\/6998"}],"wp:attachment":[{"href":"https:\/\/stem-eshop.gr\/ro\/wp-json\/wp\/v2\/media?parent=6997"}],"wp:term":[{"taxonomy":"product_brand","embeddable":true,"href":"https:\/\/stem-eshop.gr\/ro\/wp-json\/wp\/v2\/product_brand?post=6997"},{"taxonomy":"product_cat","embeddable":true,"href":"https:\/\/stem-eshop.gr\/ro\/wp-json\/wp\/v2\/product_cat?post=6997"},{"taxonomy":"product_tag","embeddable":true,"href":"https:\/\/stem-eshop.gr\/ro\/wp-json\/wp\/v2\/product_tag?post=6997"}],"curies":[{"name":"wp","href":"https:\/\/api.w.org\/{rel}","templated":true}]}}