{"id":6986,"date":"2025-05-19T09:11:21","date_gmt":"2025-05-19T09:11:21","guid":{"rendered":"https:\/\/stem-eshop.gr\/product\/%ce%bf%ce%b9%ce%ba%ce%bf%ce%bb%ce%bf%ce%b3%ce%b9%ce%ba%ce%ae-%ce%b5%cf%80%ce%b9%cf%83%cf%84%ce%ae%ce%bc%ce%b7-%ce%b1%ce%bd%cf%84%ce%bb%ce%af%ce%b1-%ce%bd%ce%b5%cf%81%ce%bf%cf%8d-%ce%bc%ce%b5-%cf%85\/"},"modified":"2025-06-24T13:58:23","modified_gmt":"2025-06-24T10:58:23","slug":"%ce%bf%ce%b9%ce%ba%ce%bf%ce%bb%ce%bf%ce%b3%ce%b9%ce%ba%ce%ae-%ce%b5%cf%80%ce%b9%cf%83%cf%84%ce%ae%ce%bc%ce%b7-%ce%b1%ce%bd%cf%84%ce%bb%ce%af%ce%b1-%ce%bd%ce%b5%cf%81%ce%bf%cf%8d-%ce%bc%ce%b5-%cf%85","status":"publish","type":"product","link":"https:\/\/stem-eshop.gr\/ro\/produs\/%ce%bf%ce%b9%ce%ba%ce%bf%ce%bb%ce%bf%ce%b3%ce%b9%ce%ba%ce%ae-%ce%b5%cf%80%ce%b9%cf%83%cf%84%ce%ae%ce%bc%ce%b7-%ce%b1%ce%bd%cf%84%ce%bb%ce%af%ce%b1-%ce%bd%ce%b5%cf%81%ce%bf%cf%8d-%ce%bc%ce%b5-%cf%85\/","title":{"rendered":"\u0218tiin\u021ba ecologic\u0103: Pomp\u0103 de ap\u0103 cu panou hibrid"},"content":{"rendered":"<p style=\"margin: 0px 0px 10px;padding: 0px;font-family: 'Open Sans', sans-serif;font-size: 15px;line-height: 1.3;letter-spacing: 0.7px;background-color: #ffffff\">CUM FUNC\u021aIONEAZ\u0102: Lumina soarelui este o form\u0103 de energie. C\u00e2nd lumina soarelui atinge celula solar\u0103, aceasta transform\u0103 o cantitate de fotoni (particule de lumin\u0103) \u00een electricitate. Curentul electric curge de la celule la motor, aliment\u00e2ndu-l. Pe m\u0103sur\u0103 ce se rote\u0219te pentru a alimenta bateria, permite curentului electric s\u0103 curg\u0103 de la baterie la motor \u00een sens invers. Scopul angrenajelor din interiorul cutiei de viteze este de a reduce viteza motorului \u0219i de a produce mai mult\u0103 putere pentru ca ma\u0219ina s\u0103 pompeze apa.<\/p>\n<p style=\"margin: 0px 0px 10px;padding: 0px;font-family: 'Open Sans', sans-serif;font-size: 15px;line-height: 1.3;letter-spacing: 0.7px;background-color: #ffffff\">CON\u021aINUT: Partea A: Cutie de viteze, B: Unitate baterie, C: Partea superioar\u0103 a cilindrului, D: Leg\u0103tur\u0103 piston, E: Baza pompei, F: Cadru principal, G: Leg\u0103tur\u0103 panou solar, H: Piston, I: Baza cilindrului, I1: Cilindru mijlociu, I2: Leg\u0103tur\u0103 cilindru, K: \u0218tifturi, L: Leg\u0103tur\u0103 angrenaj mic\u0103, M: Ace figurine, N: Picioare figurine, X: Leg\u0103turi figurine, O: Corp \u0219i cap figurine, P: Leg\u0103tur\u0103 angrenaj mare, P: Baza panoului solar, S: Panou solar, T: Capac baterie, Y: Capac motor, F: Manechine, X: Motor, Y: Cabluri panou solar, \u03a9: Capace terminale, \u03a91: \u0218uruburi mici.<\/p>\n<p style=\"margin: 0px 0px 10px;padding: 0px;font-family: 'Open Sans', sans-serif;font-size: 15px;line-height: 1.3;letter-spacing: 0.7px;background-color: #ffffff\">Instruc\u021biunile sunt incluse \u00een greac\u0103.<\/p>\n<p style=\"margin: 0px 0px 10px;padding: 0px;font-family: 'Open Sans', sans-serif;font-size: 15px;font-weight: 400;line-height: 1.3;color: #000000;font-style: normal;letter-spacing: 0.7px;text-indent: 0px;text-transform: none;background-color: #ffffff\">6\/Ministerul Justi\u021biei \u2013 24\/KIB.<\/p>","protected":false},"excerpt":{"rendered":"<p><span style=\"font-family: 'Open Sans', sans-serif;font-size: 15px;letter-spacing: 0.7px;background-color: #ffffff\">Construie\u0219te o pomp\u0103 de ap\u0103 care func\u021bioneaz\u0103 cu energie solar\u0103! Poate fi alimentat\u0103 \u0219i cu baterii. Cite\u0219te informa\u021biile interesante incluse \u00een instruc\u021biuni \u0219i afl\u0103 informa\u021bii importante despre pompele de ap\u0103.<\/span><\/p>","protected":false},"featured_media":6987,"comment_status":"open","ping_status":"closed","template":"","meta":{"site-sidebar-layout":"default","site-content-layout":"","ast-site-content-layout":"default","site-content-style":"default","site-sidebar-style":"default","ast-global-header-display":"","ast-banner-title-visibility":"","ast-main-header-display":"","ast-hfb-above-header-display":"","ast-hfb-below-header-display":"","ast-hfb-mobile-header-display":"","site-post-title":"","ast-breadcrumbs-content":"","ast-featured-img":"","footer-sml-layout":"","ast-disable-related-posts":"","theme-transparent-header-meta":"default","adv-header-id-meta":"","stick-header-meta":"","header-above-stick-meta":"","header-main-stick-meta":"","header-below-stick-meta":"","astra-migrate-meta-layouts":"set","ast-page-background-enabled":"default","ast-page-background-meta":{"desktop":{"background-color":"var(--ast-global-color-5)","background-image":"","background-repeat":"repeat","background-position":"center center","background-size":"auto","background-attachment":"scroll","background-type":"","background-media":"","overlay-type":"","overlay-color":"","overlay-opacity":"","overlay-gradient":""},"tablet":{"background-color":"","background-image":"","background-repeat":"repeat","background-position":"center center","background-size":"auto","background-attachment":"scroll","background-type":"","background-media":"","overlay-type":"","overlay-color":"","overlay-opacity":"","overlay-gradient":""},"mobile":{"background-color":"","background-image":"","background-repeat":"repeat","background-position":"center center","background-size":"auto","background-attachment":"scroll","background-type":"","background-media":"","overlay-type":"","overlay-color":"","overlay-opacity":"","overlay-gradient":""}},"ast-content-background-meta":{"desktop":{"background-color":"var(--ast-global-color-4)","background-image":"","background-repeat":"repeat","background-position":"center center","background-size":"auto","background-attachment":"scroll","background-type":"","background-media":"","overlay-type":"","overlay-color":"","overlay-opacity":"","overlay-gradient":""},"tablet":{"background-color":"var(--ast-global-color-4)","background-image":"","background-repeat":"repeat","background-position":"center center","background-size":"auto","background-attachment":"scroll","background-type":"","background-media":"","overlay-type":"","overlay-color":"","overlay-opacity":"","overlay-gradient":""},"mobile":{"background-color":"var(--ast-global-color-4)","background-image":"","background-repeat":"repeat","background-position":"center center","background-size":"auto","background-attachment":"scroll","background-type":"","background-media":"","overlay-type":"","overlay-color":"","overlay-opacity":"","overlay-gradient":""}}},"product_brand":[96],"product_cat":[46,39,38,29,56,30,26,58],"product_tag":[],"class_list":{"0":"post-6986","1":"product","2":"type-product","3":"status-publish","4":"has-post-thumbnail","6":"product_brand-4m","7":"product_cat-46","8":"product_cat-39","9":"product_cat-38","10":"product_cat-29","11":"product_cat-56","12":"product_cat--6-9-","13":"product_cat-26","14":"product_cat-58","15":"desktop-align-left","16":"tablet-align-left","17":"mobile-align-left","19":"first","20":"instock","21":"taxable","22":"shipping-taxable","23":"purchasable","24":"product-type-simple"},"_links":{"self":[{"href":"https:\/\/stem-eshop.gr\/ro\/wp-json\/wp\/v2\/product\/6986","targetHints":{"allow":["GET"]}}],"collection":[{"href":"https:\/\/stem-eshop.gr\/ro\/wp-json\/wp\/v2\/product"}],"about":[{"href":"https:\/\/stem-eshop.gr\/ro\/wp-json\/wp\/v2\/types\/product"}],"replies":[{"embeddable":true,"href":"https:\/\/stem-eshop.gr\/ro\/wp-json\/wp\/v2\/comments?post=6986"}],"wp:featuredmedia":[{"embeddable":true,"href":"https:\/\/stem-eshop.gr\/ro\/wp-json\/wp\/v2\/media\/6987"}],"wp:attachment":[{"href":"https:\/\/stem-eshop.gr\/ro\/wp-json\/wp\/v2\/media?parent=6986"}],"wp:term":[{"taxonomy":"product_brand","embeddable":true,"href":"https:\/\/stem-eshop.gr\/ro\/wp-json\/wp\/v2\/product_brand?post=6986"},{"taxonomy":"product_cat","embeddable":true,"href":"https:\/\/stem-eshop.gr\/ro\/wp-json\/wp\/v2\/product_cat?post=6986"},{"taxonomy":"product_tag","embeddable":true,"href":"https:\/\/stem-eshop.gr\/ro\/wp-json\/wp\/v2\/product_tag?post=6986"}],"curies":[{"name":"wp","href":"https:\/\/api.w.org\/{rel}","templated":true}]}}