{"id":6981,"date":"2025-05-19T09:11:18","date_gmt":"2025-05-19T09:11:18","guid":{"rendered":"https:\/\/stem-eshop.gr\/product\/%ce%bf%ce%b9%ce%ba%ce%bf%ce%bb%ce%bf%ce%b3%ce%b9%ce%ba%ce%ae-%ce%b5%cf%80%ce%b9%cf%83%cf%84%ce%ae%ce%bc%ce%b7-%ce%ba%ce%b1%cf%84%ce%b1%cf%83%ce%ba%ce%b5%cf%85%ce%ae-%ce%bf%ce%b9%ce%ba%ce%bf%ce%bb\/"},"modified":"2025-10-06T10:50:18","modified_gmt":"2025-10-06T07:50:18","slug":"%ce%bf%ce%b9%ce%ba%ce%bf%ce%bb%ce%bf%ce%b3%ce%b9%ce%ba%ce%ae-%ce%b5%cf%80%ce%b9%cf%83%cf%84%ce%ae%ce%bc%ce%b7-%ce%ba%ce%b1%cf%84%ce%b1%cf%83%ce%ba%ce%b5%cf%85%ce%ae-%ce%bf%ce%b9%ce%ba%ce%bf%ce%bb","status":"publish","type":"product","link":"https:\/\/stem-eshop.gr\/ro\/produs\/%ce%bf%ce%b9%ce%ba%ce%bf%ce%bb%ce%bf%ce%b3%ce%b9%ce%ba%ce%ae-%ce%b5%cf%80%ce%b9%cf%83%cf%84%ce%ae%ce%bc%ce%b7-%ce%ba%ce%b1%cf%84%ce%b1%cf%83%ce%ba%ce%b5%cf%85%ce%ae-%ce%bf%ce%b9%ce%ba%ce%bf%ce%bb\/","title":{"rendered":"\u0218tiin\u021ba ecologic\u0103: Construc\u021bia unei lentile ecologice"},"content":{"rendered":"<p style=\"margin: 0px 0px 10px;padding: 0px;font-family: 'Open Sans', sans-serif;font-size: 15px;line-height: 1.3;letter-spacing: 0.7px;background-color: #ffffff\">CUM FUNC\u021aIONEAZ\u0102: \u00cen motorul de juc\u0103rie, firele sunt \u00eenf\u0103\u0219urate \u00een jurul arborelui central. Exist\u0103 magne\u021bi plasa\u021bi \u00een interiorul peretelui carcasei motorului. C\u00e2nd manivela sau scripetele este rotit, arborele central se rote\u0219te cu ajutorul magne\u021bilor \u0219i se genereaz\u0103 un curent suficient de puternic pentru a aprinde lampa LED. Func\u021bioneaz\u0103 cu ajutorul unui invertor \u0219i a unei perii care conecteaz\u0103 circuitul la arborele rotativ f\u0103r\u0103 a \u00eencurca firele. Acest proces este cunoscut sub numele de induc\u021bie electromagnetic\u0103, care st\u0103 la baza acestui generator electromagnetic.<\/p>\n<p style=\"margin: 0px 0px 10px;padding: 0px;font-family: 'Open Sans', sans-serif;font-size: 15px;line-height: 1.3;letter-spacing: 0.7px;background-color: #ffffff\">CON\u021aINUT: Partea A: Cutie de viteze, B: Capac cablu, C: Conector butelie (st\u00e2nga), D: Conector butelie (dreapta), E: Capac motor, F: Motor, G: Conector m\u00e2ner, H: Capac lamp\u0103, I: Lamp\u0103 LED, I: M\u00e2ner, K: \u0218tift, L: \u0218urub mic, M: \u0218aib\u0103 cu \u0219urub.<\/p>\n<p style=\"margin: 0px 0px 10px;padding: 0px;font-family: 'Open Sans', sans-serif;font-size: 15px;line-height: 1.3;letter-spacing: 0.7px;background-color: #ffffff\">Instruc\u021biunile sunt incluse \u00een greac\u0103.<\/p>\n<p style=\"margin: 0px 0px 10px;padding: 0px;font-family: 'Open Sans', sans-serif;font-size: 15px;line-height: 1.3;letter-spacing: 0.7px;background-color: #ffffff\">6\/Ministerul Justi\u021biei \u2013 24\/KIB.<\/p>","protected":false},"excerpt":{"rendered":"<p><span style=\"font-family: 'Open Sans', sans-serif;font-size: 15px;letter-spacing: 0.7px;background-color: #ffffff\">Construie\u0219te-\u021bi propria lantern\u0103 cu ajutorul gravita\u021biei! Transform-o \u00eentr-o lantern\u0103 cu dinam printr-o rotire a manetei. Cite\u0219te informa\u021biile interesante incluse \u00een instruc\u021biuni \u0219i afl\u0103 informa\u021bii utile despre electricitate.\u00a0<\/span><\/p>","protected":false},"featured_media":6982,"comment_status":"open","ping_status":"closed","template":"","meta":{"site-sidebar-layout":"default","site-content-layout":"","ast-site-content-layout":"default","site-content-style":"default","site-sidebar-style":"default","ast-global-header-display":"","ast-banner-title-visibility":"","ast-main-header-display":"","ast-hfb-above-header-display":"","ast-hfb-below-header-display":"","ast-hfb-mobile-header-display":"","site-post-title":"","ast-breadcrumbs-content":"","ast-featured-img":"","footer-sml-layout":"","ast-disable-related-posts":"","theme-transparent-header-meta":"default","adv-header-id-meta":"","stick-header-meta":"","header-above-stick-meta":"","header-main-stick-meta":"","header-below-stick-meta":"","astra-migrate-meta-layouts":"set","ast-page-background-enabled":"default","ast-page-background-meta":{"desktop":{"background-color":"var(--ast-global-color-5)","background-image":"","background-repeat":"repeat","background-position":"center center","background-size":"auto","background-attachment":"scroll","background-type":"","background-media":"","overlay-type":"","overlay-color":"","overlay-opacity":"","overlay-gradient":""},"tablet":{"background-color":"","background-image":"","background-repeat":"repeat","background-position":"center center","background-size":"auto","background-attachment":"scroll","background-type":"","background-media":"","overlay-type":"","overlay-color":"","overlay-opacity":"","overlay-gradient":""},"mobile":{"background-color":"","background-image":"","background-repeat":"repeat","background-position":"center center","background-size":"auto","background-attachment":"scroll","background-type":"","background-media":"","overlay-type":"","overlay-color":"","overlay-opacity":"","overlay-gradient":""}},"ast-content-background-meta":{"desktop":{"background-color":"var(--ast-global-color-4)","background-image":"","background-repeat":"repeat","background-position":"center center","background-size":"auto","background-attachment":"scroll","background-type":"","background-media":"","overlay-type":"","overlay-color":"","overlay-opacity":"","overlay-gradient":""},"tablet":{"background-color":"var(--ast-global-color-4)","background-image":"","background-repeat":"repeat","background-position":"center center","background-size":"auto","background-attachment":"scroll","background-type":"","background-media":"","overlay-type":"","overlay-color":"","overlay-opacity":"","overlay-gradient":""},"mobile":{"background-color":"var(--ast-global-color-4)","background-image":"","background-repeat":"repeat","background-position":"center center","background-size":"auto","background-attachment":"scroll","background-type":"","background-media":"","overlay-type":"","overlay-color":"","overlay-opacity":"","overlay-gradient":""}}},"product_brand":[96],"product_cat":[46,39,38,29,56,30,26,58],"product_tag":[],"class_list":{"0":"post-6981","1":"product","2":"type-product","3":"status-publish","4":"has-post-thumbnail","6":"product_brand-4m","7":"product_cat-46","8":"product_cat-39","9":"product_cat-38","10":"product_cat-29","11":"product_cat-56","12":"product_cat--6-9-","13":"product_cat-26","14":"product_cat-58","15":"desktop-align-left","16":"tablet-align-left","17":"mobile-align-left","19":"first","20":"instock","21":"taxable","22":"shipping-taxable","23":"purchasable","24":"product-type-simple"},"_links":{"self":[{"href":"https:\/\/stem-eshop.gr\/ro\/wp-json\/wp\/v2\/product\/6981","targetHints":{"allow":["GET"]}}],"collection":[{"href":"https:\/\/stem-eshop.gr\/ro\/wp-json\/wp\/v2\/product"}],"about":[{"href":"https:\/\/stem-eshop.gr\/ro\/wp-json\/wp\/v2\/types\/product"}],"replies":[{"embeddable":true,"href":"https:\/\/stem-eshop.gr\/ro\/wp-json\/wp\/v2\/comments?post=6981"}],"wp:featuredmedia":[{"embeddable":true,"href":"https:\/\/stem-eshop.gr\/ro\/wp-json\/wp\/v2\/media\/6982"}],"wp:attachment":[{"href":"https:\/\/stem-eshop.gr\/ro\/wp-json\/wp\/v2\/media?parent=6981"}],"wp:term":[{"taxonomy":"product_brand","embeddable":true,"href":"https:\/\/stem-eshop.gr\/ro\/wp-json\/wp\/v2\/product_brand?post=6981"},{"taxonomy":"product_cat","embeddable":true,"href":"https:\/\/stem-eshop.gr\/ro\/wp-json\/wp\/v2\/product_cat?post=6981"},{"taxonomy":"product_tag","embeddable":true,"href":"https:\/\/stem-eshop.gr\/ro\/wp-json\/wp\/v2\/product_tag?post=6981"}],"curies":[{"name":"wp","href":"https:\/\/api.w.org\/{rel}","templated":true}]}}