{"id":6930,"date":"2025-05-19T09:09:43","date_gmt":"2025-05-19T09:09:43","guid":{"rendered":"https:\/\/stem-eshop.gr\/product\/ngs-%ce%ba%ce%b1%cf%84%ce%b1%cf%83%ce%ba%ce%b5%cf%85%ce%ae-%ce%b3%cf%81%ce%b1%cf%86%ce%bf%ce%bc%ce%b7%cf%87%ce%b1%ce%bd%ce%ae%cf%82-%ce%bc%ce%b5-%cf%84%ce%bf%cf%85%ce%b2%ce%bb%ce%ac%ce%ba%ce%b9-2\/"},"modified":"2025-10-06T10:36:53","modified_gmt":"2025-10-06T07:36:53","slug":"ngs-%ce%ba%ce%b1%cf%84%ce%b1%cf%83%ce%ba%ce%b5%cf%85%ce%ae-%ce%b3%cf%81%ce%b1%cf%86%ce%bf%ce%bc%ce%b7%cf%87%ce%b1%ce%bd%ce%ae%cf%82-%ce%bc%ce%b5-%cf%84%ce%bf%cf%85%ce%b2%ce%bb%ce%ac%ce%ba%ce%b9-2","status":"publish","type":"product","link":"https:\/\/stem-eshop.gr\/ro\/produs\/ngs-%ce%ba%ce%b1%cf%84%ce%b1%cf%83%ce%ba%ce%b5%cf%85%ce%ae-%ce%b3%cf%81%ce%b1%cf%86%ce%bf%ce%bc%ce%b7%cf%87%ce%b1%ce%bd%ce%ae%cf%82-%ce%bc%ce%b5-%cf%84%ce%bf%cf%85%ce%b2%ce%bb%ce%ac%ce%ba%ce%b9-2\/","title":{"rendered":"NGS Construirea unei ma\u0219ini de scris cu c\u0103r\u0103mizi"},"content":{"rendered":"<p class=\"MsoNormal\">Caracteristici principale<\/p>\n<p class=\"MsoNormal\">Model asamblat:<\/p>\n<p class=\"MsoNormal\">Setul include multe piese care pot fi asamblate pentru a crea un model detaliat al unei ma\u0219ini de scris vechi.<\/p>\n<p class=\"MsoNormal\">Design realist:<\/p>\n<p class=\"MsoNormal\">Modelul final prezint\u0103 detalii realiste care amintesc de o ma\u0219in\u0103 de scris veche, ceea ce \u00eel face o completare interesant\u0103 pentru orice colec\u021bie.<\/p>\n<p class=\"MsoNormal\">Materiale de \u00eenalt\u0103 calitate:<\/p>\n<p class=\"MsoNormal\">Piesele sunt fabricate din plastic rezistent, asigur\u00e2nd utilizare \u00eendelungat\u0103 \u0219i durabilitate.<\/p>","protected":false},"excerpt":{"rendered":"<p class=\"MsoNormal\">Juc\u0103ria de construc\u021bie NGS Ma\u0219in\u0103 de scris veche le permite copiilor s\u0103 creeze un model realist al unei ma\u0219ini de scris vechi folosind blocuri de construc\u021bie.<\/p>\n<p class=\"MsoNormal\">Ofer\u0103 o experien\u021b\u0103 unic\u0103 de \u00eenv\u0103\u021bare, ajut\u00e2nd copiii s\u0103 \u00een\u021beleag\u0103 func\u021bionarea mecanic\u0103 \u0219i istoria tehnologiilor vechi.<\/p>","protected":false},"featured_media":6931,"comment_status":"open","ping_status":"closed","template":"","meta":{"site-sidebar-layout":"default","site-content-layout":"","ast-site-content-layout":"default","site-content-style":"default","site-sidebar-style":"default","ast-global-header-display":"","ast-banner-title-visibility":"","ast-main-header-display":"","ast-hfb-above-header-display":"","ast-hfb-below-header-display":"","ast-hfb-mobile-header-display":"","site-post-title":"","ast-breadcrumbs-content":"","ast-featured-img":"","footer-sml-layout":"","ast-disable-related-posts":"","theme-transparent-header-meta":"default","adv-header-id-meta":"","stick-header-meta":"","header-above-stick-meta":"","header-main-stick-meta":"","header-below-stick-meta":"","astra-migrate-meta-layouts":"set","ast-page-background-enabled":"default","ast-page-background-meta":{"desktop":{"background-color":"var(--ast-global-color-5)","background-image":"","background-repeat":"repeat","background-position":"center center","background-size":"auto","background-attachment":"scroll","background-type":"","background-media":"","overlay-type":"","overlay-color":"","overlay-opacity":"","overlay-gradient":""},"tablet":{"background-color":"","background-image":"","background-repeat":"repeat","background-position":"center center","background-size":"auto","background-attachment":"scroll","background-type":"","background-media":"","overlay-type":"","overlay-color":"","overlay-opacity":"","overlay-gradient":""},"mobile":{"background-color":"","background-image":"","background-repeat":"repeat","background-position":"center center","background-size":"auto","background-attachment":"scroll","background-type":"","background-media":"","overlay-type":"","overlay-color":"","overlay-opacity":"","overlay-gradient":""}},"ast-content-background-meta":{"desktop":{"background-color":"var(--ast-global-color-4)","background-image":"","background-repeat":"repeat","background-position":"center center","background-size":"auto","background-attachment":"scroll","background-type":"","background-media":"","overlay-type":"","overlay-color":"","overlay-opacity":"","overlay-gradient":""},"tablet":{"background-color":"var(--ast-global-color-4)","background-image":"","background-repeat":"repeat","background-position":"center center","background-size":"auto","background-attachment":"scroll","background-type":"","background-media":"","overlay-type":"","overlay-color":"","overlay-opacity":"","overlay-gradient":""},"mobile":{"background-color":"var(--ast-global-color-4)","background-image":"","background-repeat":"repeat","background-position":"center center","background-size":"auto","background-attachment":"scroll","background-type":"","background-media":"","overlay-type":"","overlay-color":"","overlay-opacity":"","overlay-gradient":""}}},"product_brand":[107],"product_cat":[43,49,38,29,32,57,30],"product_tag":[],"class_list":{"0":"post-6930","1":"product","2":"type-product","3":"status-publish","4":"has-post-thumbnail","6":"product_brand-ngs","7":"product_cat-43","8":"product_cat-49","9":"product_cat-38","10":"product_cat-29","11":"product_cat-32","12":"product_cat-57","13":"product_cat--6-9-","14":"desktop-align-left","15":"tablet-align-left","16":"mobile-align-left","18":"first","19":"instock","20":"taxable","21":"shipping-taxable","22":"purchasable","23":"product-type-simple"},"_links":{"self":[{"href":"https:\/\/stem-eshop.gr\/ro\/wp-json\/wp\/v2\/product\/6930","targetHints":{"allow":["GET"]}}],"collection":[{"href":"https:\/\/stem-eshop.gr\/ro\/wp-json\/wp\/v2\/product"}],"about":[{"href":"https:\/\/stem-eshop.gr\/ro\/wp-json\/wp\/v2\/types\/product"}],"replies":[{"embeddable":true,"href":"https:\/\/stem-eshop.gr\/ro\/wp-json\/wp\/v2\/comments?post=6930"}],"wp:featuredmedia":[{"embeddable":true,"href":"https:\/\/stem-eshop.gr\/ro\/wp-json\/wp\/v2\/media\/6931"}],"wp:attachment":[{"href":"https:\/\/stem-eshop.gr\/ro\/wp-json\/wp\/v2\/media?parent=6930"}],"wp:term":[{"taxonomy":"product_brand","embeddable":true,"href":"https:\/\/stem-eshop.gr\/ro\/wp-json\/wp\/v2\/product_brand?post=6930"},{"taxonomy":"product_cat","embeddable":true,"href":"https:\/\/stem-eshop.gr\/ro\/wp-json\/wp\/v2\/product_cat?post=6930"},{"taxonomy":"product_tag","embeddable":true,"href":"https:\/\/stem-eshop.gr\/ro\/wp-json\/wp\/v2\/product_tag?post=6930"}],"curies":[{"name":"wp","href":"https:\/\/api.w.org\/{rel}","templated":true}]}}